{"id":2966,"date":"2021-02-02T15:00:07","date_gmt":"2021-02-02T15:00:07","guid":{"rendered":"https:\/\/dinfante.com\/rechtliche-hinweise\/"},"modified":"2025-07-08T17:52:21","modified_gmt":"2025-07-08T17:52:21","slug":"rechtliche-hinweise","status":"publish","type":"page","link":"https:\/\/dinfante.com\/de\/rechtliche-hinweise\/","title":{"rendered":"Rechtliche Hinweise"},"content":{"rendered":"&#13;\n<p>Bodegas Infante, S.L., ein spanisches Unternehmen mit der Steuernummer B-21254974 und Sitz in C\/ Hinojos, 41 \u00b7 21700 La Palma del Condado, Huelva, eingetragen im Handelsregister von Huelva unter Band 453, Buch 0, Blatt 184, Blatt H-6456, informiert \u00fcber die allgemeinen Bedingungen, die die Nutzung von https:\/\/dinfante.com regeln, die Bodegas Infante, S.L. den Internetnutzern kostenlos zur Verf\u00fcgung stellt. <\/p>&#13;\n&#13;\n<h3 class=\"wp-block-heading\"><strong>1. ALLGEMEINE BEDINGUNGEN UND IHRE ANNAHME<\/strong><\/h3>&#13;\n&#13;\n<p>Die Nutzung unserer Website (https:\/\/dinfante.com) setzt voraus, dass der Nutzer diese Bedingungen akzeptiert und dass er die Allgemeinen Gesch\u00e4ftsbedingungen in der von Bodegas Infante, S.L. ver\u00f6ffentlichten Fassung zum Zeitpunkt des Zugriffs auf unsere Website vollst\u00e4ndig und ohne Vorbehalt akzeptiert. Daher sollte der Nutzer die Allgemeinen Gesch\u00e4ftsbedingungen bei jeder Nutzung unserer Website sorgf\u00e4ltig lesen. <\/p>&#13;\n&#13;\n<p>Ebenso unterliegt die Nutzung des Dienstes allen Hinweisen, Nutzungsbestimmungen und Anweisungen, die Bodegas Infante, S.L. dem Nutzer zur Kenntnis bringt und die die Bestimmungen dieser Allgemeinen Gesch\u00e4ftsbedingungen erg\u00e4nzen, sofern sie ihnen nicht widersprechen.<\/p>&#13;\n&#13;\n<p>Bodegas Infante, S.L. beh\u00e4lt sich das Recht vor, den Zugang zu ihrer Website jederzeit und ohne Vorank\u00fcndigung denjenigen Nutzern zu verweigern oder zu entziehen, die gegen diese Allgemeinen Gesch\u00e4ftsbedingungen oder die geltenden Besonderen Bedingungen versto\u00dfen.<\/p>&#13;\n&#13;\n<h3 class=\"wp-block-heading\"><strong>2. ZUGANGSBEDINGUNGEN ZUR WEBSITE<\/strong><\/h3>&#13;\n&#13;\n<p>Der Nutzer \u00fcbernimmt die Verantwortung f\u00fcr die Nutzung des Portals. Diese Verantwortung erstreckt sich auf die Registrierung, die f\u00fcr den Zugriff auf bestimmte Dienste oder Inhalte erforderlich ist; zu diesem Zweck ist der Nutzer bei dieser Registrierung daf\u00fcr verantwortlich, wahrheitsgem\u00e4\u00dfe und rechtm\u00e4\u00dfige Informationen bereitzustellen. Infolge dieser Registrierung kann dem Nutzer ein Passwort zur Verf\u00fcgung gestellt werden, f\u00fcr das er verantwortlich ist und sich verpflichtet, es sorgf\u00e4ltig und vertraulich zu behandeln.  <\/p>&#13;\n&#13;\n<h3 class=\"wp-block-heading\"><strong>3. Erkl\u00e4rungen und Nutzung im Zusammenhang mit der Website<\/strong><\/h3>&#13;\n&#13;\n<p><strong>3.1. &#8211; Erkl\u00e4rungen von Bodegas Infante und Haftungsbeschr\u00e4nkung<\/strong><\/p>&#13;\n&#13;\n<p>Bodegas Infante, S.L. haftet nicht f\u00fcr Sch\u00e4den und Nachteile informatischer oder anderer Art, die dem besuchenden Nutzer durch den Zugriff auf die Inhalte dieser Website entstehen k\u00f6nnen, wie z. B. Fehler oder Auslassungen in den Inhalten, mangelnde Verf\u00fcgbarkeit des Portals und Kontinuit\u00e4t des Betriebs der Website und\/oder ihrer Dienste oder die \u00dcbertragung von Viren oder b\u00f6sartigen oder sch\u00e4dlichen Programmen in den Inhalten, obwohl alle notwendigen technologischen Ma\u00dfnahmen ergriffen wurden, um dies zu verhindern. Unbeschadet dessen und soweit dies zumutbar ist, wird Bodegas Infante, S.L. im Voraus auf Unterbrechungen des Betriebs unserer Website und der Dienste hinweisen. <\/p>&#13;\n&#13;\n<p>Bodegas Infante, S.L. garantiert nicht das Fehlen von Viren oder anderen sch\u00e4dlichen Elementen, die Sch\u00e4den oder Ver\u00e4nderungen am Computersystem, an den elektronischen Dokumenten oder an den Dateien des Nutzers dieser Website verursachen k\u00f6nnen. Folglich haftet unser Unternehmen nicht f\u00fcr Sch\u00e4den und Nachteile, die diese Elemente dem Nutzer oder Dritten zuf\u00fcgen k\u00f6nnen. <\/p>&#13;\n&#13;\n<p><strong>3.2. &#8211; Verpflichtung des Nutzers<\/strong><\/p>&#13;\n&#13;\n<p>Der Nutzer verpflichtet sich, die Website sorgf\u00e4ltig, korrekt und rechtm\u00e4\u00dfig zu nutzen und verpflichtet sich insbesondere, die Inhalte und Dienste, die Bodegas Infante, S.L. \u00fcber ihr Portal anbietet, angemessen zu nutzen und sie, ohne Anspruch auf Vollst\u00e4ndigkeit, nicht f\u00fcr die folgenden Handlungen zu verwenden:<\/p>&#13;\n&#13;\n<p><strong>(a) <\/strong>Den \u201eCopyright\u201c, die Marken und andere Kennzeichen der Rechte von Bodegas Infante, S.L. oder ihrer Inhaber, die in die Inhalte und\/oder Produkte, die von unserer Website aus vermarktet werden, aufgenommen wurden, sowie die technischen Schutzvorrichtungen, digitalen Wasserzeichen oder sonstige Informationsmechanismen, die diese enthalten k\u00f6nnten, zu unterdr\u00fccken, zu umgehen oder zu manipulieren.<\/p>&#13;\n&#13;\n<p><strong>(b) <\/strong>Die Inhalte und insbesondere Informationen jeglicher Art, die \u00fcber unsere Website bezogen werden, zu verwenden, um Werbung, Mitteilungen f\u00fcr Zwecke des Direktverkaufs oder f\u00fcr andere kommerzielle Zwecke, unaufgeforderte Nachrichten an eine Vielzahl von Personen zu versenden.<\/p>&#13;\n&#13;\n<p><strong>(c) <\/strong>Die Inhalte zu vervielf\u00e4ltigen oder zu kopieren, zu verbreiten, den \u00f6ffentlichen Zugang durch jegliche Form der \u00f6ffentlichen Kommunikation zu erm\u00f6glichen, die Inhalte zu ver\u00e4ndern oder zu modifizieren, es sei denn, dies ist mit Genehmigung des Inhabers der entsprechenden Rechte oder gesetzlich zul\u00e4ssig.<\/p>&#13;\n&#13;\n<p><strong>(d) <\/strong>Im Allgemeinen die Inhalte in einer Art und Weise, zu Zwecken oder mit Auswirkungen zu verwenden, die gegen das Gesetz, die Moral und die allgemein anerkannten guten Sitten oder die \u00f6ffentliche Ordnung versto\u00dfen. Insbesondere Aktivit\u00e4ten zu begehen, zu denen beispielsweise die Verbreitung von Inhalten oder Propaganda rassistischer, fremdenfeindlicher, pornografisch-illegaler Natur, die Verherrlichung des Terrorismus oder die Verletzung der Menschenrechte geh\u00f6ren, die den Respekt vor der W\u00fcrde des Menschen verletzen, die diskriminierend, fremdenfeindlich, rassistisch, pornografisch sind, die die Jugend oder die Kindheit, die Ordnung oder die \u00f6ffentliche Sicherheit gef\u00e4hrden oder die nach ihrem Ermessen nicht f\u00fcr die Ver\u00f6ffentlichung geeignet sind. <\/p>&#13;\n&#13;\n<p><strong>(e) <\/strong>Sch\u00e4den an den physischen und logischen Systemen von Bodegas Infante, S.L., ihren Lieferanten oder Dritten zu verursachen, Computerviren oder andere physische oder logische Systeme, die Sch\u00e4den verursachen k\u00f6nnen, in das Netzwerk einzuf\u00fchren oder zu verbreiten.<\/p>&#13;\n&#13;\n<p><strong>(f) <\/strong>Zu versuchen, auf die E-Mail-Konten anderer Nutzer zuzugreifen und diese gegebenenfalls zu nutzen und ihre Nachrichten zu \u00e4ndern oder zu manipulieren.<\/p>&#13;\n&#13;\n<p>Bodegas Infante, S.L. ist nicht verantwortlich f\u00fcr die Meinungen, die von den Nutzern \u00fcber die gegebenenfalls eingerichteten Beteiligungskan\u00e4le ge\u00e4u\u00dfert werden, und beh\u00e4lt sich das Recht vor, alle Kommentare und Beitr\u00e4ge zu entfernen, die nach den vorstehenden Erw\u00e4gungen nicht f\u00fcr die Ver\u00f6ffentlichung geeignet sind.<\/p>&#13;\n&#13;\n<p>Bodegas Infante, S.L. beh\u00e4lt sich das Recht vor, den Zugang zum Portal und\/oder den angebotenen Diensten ohne Vorank\u00fcndigung nach eigenem Ermessen oder auf Veranlassung Dritter denjenigen Nutzern zu verweigern oder zu entziehen, die gegen diese Allgemeinen Nutzungsbedingungen versto\u00dfen.<\/p>&#13;\n&#13;\n<p>Bodegas Infante, S.L. wird die rechtlichen Schritte einleiten, die sich aus der Nichteinhaltung dieser Bedingungen sowie aus jeder missbr\u00e4uchlichen Nutzung ihres Portals ergeben k\u00f6nnen.<\/p>&#13;\n&#13;\n<p><strong>3.3. &#8211;  <\/strong><strong>Nutzung von Inhalten der Website aus der Perspektive des geistigen Eigentums<\/strong><\/p>&#13;\n&#13;\n<p>Bodegas Infante, S.L. ist das Unternehmen, dem diese Website geh\u00f6rt. Sofern nicht ausdr\u00fccklich anders angegeben, liegt das Eigentum an allen Rechten des geistigen und gewerblichen Eigentums an den Inhalten dieser Website bei Bodegas Infante, S.L., einschlie\u00dflich, aber nicht beschr\u00e4nkt auf Datenbanken, Marken, Schilder, Logos, Bilder, Zeichnungen, Grafiken, Texte, Zeichnungen, Fotografien, Unterscheidungszeichen, HTML-Code, Audio, Video, musikalische Kreationen, T\u00f6ne, Bilder und Software) und im Allgemeinen alle Kreationen, die durch jegliches Mittel oder Medium, ob materiell oder immateriell, das derzeit bekannt ist oder in Zukunft erfunden wird, ausgedr\u00fcckt werden und durch nationale und internationale Gesetze \u00fcber geistiges und gewerbliches Eigentum gesch\u00fctzt sind. <\/p>&#13;\n&#13;\n<p>Daher darf ihr Inhalt von dem Nutzer oder Dritten weder ganz noch teilweise ohne die ausdr\u00fcckliche Genehmigung von Bodegas Infante, S.L. manipuliert werden (Modifizierung, Kopie, Ver\u00e4nderung, Reproduktion, \u00dcbertragung, Anpassung, \u00dcbersetzung oder jede andere Manipulation).<\/p>&#13;\n&#13;\n<p>Die Erbringung der Dienstleistungen und die Ver\u00f6ffentlichung der Inhalte \u00fcber die Website implizieren in keinem Fall die Abtretung, den Verzicht oder die \u00dcbertragung, ganz oder teilweise, des Eigentums an den entsprechenden Rechten des geistigen und gewerblichen Eigentums.<\/p>&#13;\n&#13;\n<p>Kein Teil dieser Website darf ohne vorherige schriftliche Genehmigung von Bodegas Infante, S.L. reproduziert, verbreitet, \u00fcbertragen, kopiert, \u00f6ffentlich kommuniziert oder ganz oder teilweise durch ein manuelles, elektronisches oder mechanisches System oder Verfahren (einschlie\u00dflich Fotokopieren, Aufzeichnen oder jedes andere System zur R\u00fcckgewinnung und Speicherung von Informationen) \u00fcber ein derzeit bekanntes oder in Zukunft erfundenes Medium ver\u00e4ndert werden.<\/p>&#13;\n&#13;\n<p>Bodegas Infante, S.L. gew\u00e4hrt keine Lizenz oder Genehmigung zur Nutzung ihrer gewerblichen und geistigen Eigentumsrechte oder anderer Eigentumsrechte oder Rechte im Zusammenhang mit der Website.<\/p>&#13;\n&#13;\n<p>Der Nutzer darf die auf der Seite vorhandenen Dienste und Inhalte nur f\u00fcr den pers\u00f6nlichen Gebrauch nutzen, mit Ausnahme der in diesen besonderen Bedingungen festgelegten Ausnahmen, die Bodegas Infante, S.L. gegebenenfalls zur Regelung der Nutzung eines bestimmten Dienstes und\/oder Inhalts, der \u00fcber die Website angeboten wird, festgelegt hat.<\/p>&#13;\n&#13;\n<p>Wenn die schuldhafte oder fahrl\u00e4ssige Handlung oder Unterlassung, die dem Nutzer der Website direkt oder indirekt zuzurechnen ist und die eine Verletzung der Rechte des geistigen und gewerblichen Eigentums von Bodegas Infante, S.L. verursacht, unabh\u00e4ngig davon, ob sie f\u00fcr diesen von Vorteil ist oder nicht, Bodegas Infante, S.L. Sch\u00e4den, Verluste, gesamtschuldnerische Verpflichtungen, Ausgaben jeglicher Art, Sanktionen, Zwangsma\u00dfnahmen, Bu\u00dfgelder und andere Betr\u00e4ge verursacht, die aus einer Klage, einem Anspruch, einer Handlung, einem Rechtsstreit oder einem Verfahren, sei es zivil-, straf- oder verwaltungsrechtlicher Natur, entstehen oder sich daraus ergeben, ist Bodegas Infante, S.L. berechtigt, sich mit allen ihr zur Verf\u00fcgung stehenden Rechtsmitteln an den Nutzer zu wenden und Schadenersatz in beliebiger H\u00f6he zu fordern, einschlie\u00dflich, aber nicht beschr\u00e4nkt auf immaterielle Sch\u00e4den und Imagesch\u00e4den, unmittelbare Sch\u00e4den und entgangenen Gewinn, Werbekosten oder Kosten anderer Art, die f\u00fcr ihre Wiedergutmachung entstehen k\u00f6nnten, Betr\u00e4ge von Sanktionen oder Verurteilungen, die H\u00f6he der Verzugszinsen, die Kosten der Finanzierung beider Betr\u00e4ge, die f\u00fcr die Gegenpartei entstehen k\u00f6nnten, die Gerichtskosten und die Kosten der Verteidigung in jedem Verfahren, in dem sie aus den oben genannten Gr\u00fcnden verklagt werden k\u00f6nnte, f\u00fcr die Sch\u00e4den und Nachteile, die durch ihre Handlung oder Unterlassung verursacht wurden, unbeschadet der Aus\u00fcbung aller anderen Rechte, die ihr von Rechts wegen zustehen.<\/p>&#13;\n&#13;\n<p><strong>3.4. Verfahren im Falle einer Verletzung von Rechten des geistigen Eigentums<\/strong><\/p>&#13;\n&#13;\n<p>Falls ein Nutzer oder ein Dritter der Ansicht ist, dass Inhalte unter Verletzung seiner Rechte des geistigen Eigentums auf die Website gestellt wurden, muss er eine Mitteilung an Bodegas Infante, S.L. senden, in der er seine Daten und die angeblich verletzten Rechte des geistigen Eigentums sowie die Website vollst\u00e4ndig und genau angibt.<\/p>&#13;\n&#13;\n<p><strong>3.5. Zul\u00e4ssigkeit von Links und Hyperlinks und Haftungsbeschr\u00e4nkung f\u00fcr Websites Dritter<\/strong><\/p>&#13;\n&#13;\n<p>Bodegas Infante, S.L. haftet weder direkt noch subsidi\u00e4r f\u00fcr Links, wie z. B. Links, Banner oder Buttons, die es dem Nutzer \u00fcber die Website erm\u00f6glichen, auf Websites, Leistungen und Dienste zuzugreifen, die von Dritten angeboten werden, die nicht zu Bodegas Infante, S.L. geh\u00f6ren oder sich unter deren Kontrolle befinden, und haftet nicht f\u00fcr die darin enthaltenen Informationen oder f\u00fcr Auswirkungen, die sich aus diesen Informationen ergeben k\u00f6nnten.<\/p>&#13;\n&#13;\n<h3 class=\"wp-block-heading\"><strong>4. Schutz personenbezogener Daten<\/strong><\/h3>&#13;\n&#13;\n<p>In \u00dcbereinstimmung mit den Bestimmungen der Allgemeinen Datenschutzverordnung 2016\/679 des Europ\u00e4ischen Parlaments und des Rates vom 27. April 2016 informiert Bodegas Infante, S.L. Sie dar\u00fcber, dass die von Ihnen ordnungsgem\u00e4\u00df bereitgestellten personenbezogenen Daten in Dateien erfasst werden, die der Verantwortung von Bodegas Infante, S.L. unterliegen. Weitere Informationen \u00fcber die Verarbeitung Ihrer personenbezogenen Daten finden Sie in der folgenden <a href=\"https:\/\/www.osborne.es\/politica-de-privacidad\">Allgemeine Datenschutzerkl\u00e4rung<\/a>. <\/p>&#13;\n&#13;\n<h3 class=\"wp-block-heading\"><strong>5. Anwendbares Recht und Gerichtsstand<\/strong><\/h3>&#13;\n&#13;\n<p>Diese Website wurde in \u00dcbereinstimmung mit den in Spanien geltenden Gesetzen und Werberichtlinien erstellt, so dass das spanische Recht Anwendung findet.<\/p>&#13;\n&#13;\n<p>Bodegas Infante, S.L. und der Nutzer unterwerfen sich unter ausdr\u00fccklichem Verzicht auf jeden anderen Gerichtsstand dem der Gerichte der Stadt Huelva f\u00fcr alle Streitigkeiten, die sich aus der Erbringung der Dienstleistungen ergeben k\u00f6nnen, die Gegenstand dieser Allgemeinen Bedingungen sind.<\/p>&#13;\n<p>[vc_row el_class=&#8220;cont_noresp&#8220; css=&#8220;.vc_custom_1686833440359{margin-bottom: 0px !important;padding-top: 70px !important;padding-bottom: 0px !important;}&#8220;][vc_column][vc_single_image image=&#8220;2036&#8243; img_size=&#8220;full&#8220; alignment=&#8220;center&#8220; css_animation=&#8220;none&#8220;]\n\t<div class=\"title-subtitle-box  wpb_animate_when_almost_visible wpb_fadeIn fadeIn vc_custom_1686832014268 \" style=\" text-align: center;\">\n\t\t<h4 style=\" font-size:21px; line-height: normal; color:#f1cd7f;  text-transform: uppercase; font-weight: 400; letter-spacing: 0px;\" >apoyamos la cultura de calidad<\/h4>\n\t<\/div> [vc_row_inner][vc_column_inner width=&#8220;1\/6&#8243;][\/vc_column_inner][vc_column_inner width=&#8220;2\/6&#8243;][vc_single_image image=&#8220;2042&#8243; img_size=&#8220;full&#8220; alignment=&#8220;center&#8220; onclick=&#8220;custom_link&#8220; img_link_target=&#8220;_blank&#8220; css_animation=&#8220;fadeInUp&#8220; link=&#8220;https:\/\/www.newurium.com&#8220;][\/vc_column_inner][vc_column_inner width=&#8220;2\/6&#8243;][vc_single_image image=&#8220;2043&#8243; img_size=&#8220;full&#8220; alignment=&#8220;center&#8220; css_animation=&#8220;fadeInUp&#8220;][\/vc_column_inner][vc_column_inner width=&#8220;1\/6&#8243;][\/vc_column_inner][\/vc_row_inner][vc_single_image image=&#8220;2037&#8243; img_size=&#8220;full&#8220; alignment=&#8220;center&#8220; css_animation=&#8220;none&#8220; css=&#8220;.vc_custom_1686832962313{margin-bottom: 0px !important;}&#8220;][\/vc_column][\/vc_row][vc_row el_class=&#8220;cont_resp&#8220; css=&#8220;.vc_custom_1686833449976{margin-bottom: 0px !important;padding-top: 70px !important;padding-bottom: 0px !important;}&#8220;][vc_column][vc_single_image image=&#8220;2046&#8243; img_size=&#8220;full&#8220; alignment=&#8220;center&#8220; css_animation=&#8220;none&#8220;]\n\t<div class=\"title-subtitle-box  wpb_animate_when_almost_visible wpb_fadeIn fadeIn vc_custom_1686832014268 \" style=\" text-align: center;\">\n\t\t<h4 style=\" font-size:21px; line-height: normal; color:#f1cd7f;  text-transform: uppercase; font-weight: 400; letter-spacing: 0px;\" >apoyamos la cultura de calidad<\/h4>\n\t<\/div> [vc_row_inner css=&#8220;.vc_custom_1686846556833{padding-right: 10% !important;padding-left: 10% !important;}&#8220;][vc_column_inner width=&#8220;1\/6&#8243;][\/vc_column_inner][vc_column_inner width=&#8220;2\/6&#8243;][vc_single_image image=&#8220;2042&#8243; img_size=&#8220;full&#8220; alignment=&#8220;center&#8220; onclick=&#8220;custom_link&#8220; img_link_target=&#8220;_blank&#8220; css_animation=&#8220;fadeInUp&#8220; link=&#8220;https:\/\/www.newurium.com&#8220;][\/vc_column_inner][vc_column_inner width=&#8220;2\/6&#8243;][vc_single_image image=&#8220;2043&#8243; img_size=&#8220;full&#8220; alignment=&#8220;center&#8220; css_animation=&#8220;fadeInUp&#8220;][\/vc_column_inner][vc_column_inner width=&#8220;1\/6&#8243;][\/vc_column_inner][\/vc_row_inner][vc_single_image image=&#8220;2047&#8243; img_size=&#8220;full&#8220; alignment=&#8220;center&#8220; css_animation=&#8220;none&#8220; css=&#8220;.vc_custom_1686832972067{margin-bottom: 0px !important;}&#8220;][\/vc_column][\/vc_row]<\/p>\n","protected":false},"excerpt":{"rendered":"<p>&#13; Bodegas Infante, S.L., ein spanisches Unternehmen mit der Steuernummer B-21254974 und Sitz in C\/ Hinojos, 41 \u00b7 21700 La Palma del Condado, Huelva, eingetragen im Handelsregister von Huelva unter Band 453, Buch 0, Blatt 184, Blatt H-6456, informiert \u00fcber die allgemeinen Bedingungen, die die Nutzung von https:\/\/dinfante.com regeln, die Bodegas Infante, S.L. den Internetnutzern<br class=\"read-more-spacer\"> <a class=\"more-link\" href=\"https:\/\/dinfante.com\/de\/rechtliche-hinweise\/\">Read More<\/a><\/p>\n","protected":false},"author":1,"featured_media":0,"parent":0,"menu_order":0,"comment_status":"closed","ping_status":"closed","template":"","meta":{"footnotes":""},"class_list":["post-2966","page","type-page","status-publish","hentry"],"acf":[],"yoast_head":"<!-- This site is optimized with the Yoast SEO plugin v27.1.1 - https:\/\/yoast.com\/product\/yoast-seo-wordpress\/ -->\n<title>Rechtliche Hinweise - Bodegas Infante<\/title>\n<meta name=\"description\" content=\"In unseren rechtlichen Hinweisen finden Sie Informationen zu Ihren Rechten, Pflichten und wie wir die Integrit\u00e4t unserer Website sch\u00fctzen.\" \/>\n<meta name=\"robots\" content=\"index, follow, max-snippet:-1, max-image-preview:large, max-video-preview:-1\" \/>\n<link rel=\"canonical\" href=\"https:\/\/dinfante.com\/de\/rechtliche-hinweise\/\" \/>\n<meta property=\"og:locale\" content=\"de_DE\" \/>\n<meta property=\"og:type\" content=\"article\" \/>\n<meta property=\"og:title\" content=\"Rechtliche Hinweise - Bodegas Infante\" \/>\n<meta property=\"og:description\" content=\"In unseren rechtlichen Hinweisen finden Sie Informationen zu Ihren Rechten, Pflichten und wie wir die Integrit\u00e4t unserer Website sch\u00fctzen.\" \/>\n<meta property=\"og:url\" content=\"https:\/\/dinfante.com\/de\/rechtliche-hinweise\/\" \/>\n<meta property=\"og:site_name\" content=\"Bodegas Infante\" \/>\n<meta property=\"article:modified_time\" content=\"2025-07-08T17:52:21+00:00\" \/>\n<meta name=\"twitter:card\" content=\"summary_large_image\" \/>\n<meta name=\"twitter:label1\" content=\"Gesch\u00e4tzte Lesezeit\" \/>\n\t<meta name=\"twitter:data1\" content=\"11\u00a0Minuten\" \/>\n<script type=\"application\/ld+json\" class=\"yoast-schema-graph\">{\"@context\":\"https:\/\/schema.org\",\"@graph\":[{\"@type\":\"WebPage\",\"@id\":\"https:\/\/dinfante.com\/de\/rechtliche-hinweise\/\",\"url\":\"https:\/\/dinfante.com\/de\/rechtliche-hinweise\/\",\"name\":\"Rechtliche Hinweise - Bodegas Infante\",\"isPartOf\":{\"@id\":\"https:\/\/dinfante.com\/de\/#website\"},\"datePublished\":\"2021-02-02T15:00:07+00:00\",\"dateModified\":\"2025-07-08T17:52:21+00:00\",\"description\":\"In unseren rechtlichen Hinweisen finden Sie Informationen zu Ihren Rechten, Pflichten und wie wir die Integrit\u00e4t unserer Website sch\u00fctzen.\",\"breadcrumb\":{\"@id\":\"https:\/\/dinfante.com\/de\/rechtliche-hinweise\/#breadcrumb\"},\"inLanguage\":\"de\",\"potentialAction\":[{\"@type\":\"ReadAction\",\"target\":[\"https:\/\/dinfante.com\/de\/rechtliche-hinweise\/\"]}]},{\"@type\":\"BreadcrumbList\",\"@id\":\"https:\/\/dinfante.com\/de\/rechtliche-hinweise\/#breadcrumb\",\"itemListElement\":[{\"@type\":\"ListItem\",\"position\":1,\"name\":\"Portada\",\"item\":\"https:\/\/dinfante.com\/de\/\"},{\"@type\":\"ListItem\",\"position\":2,\"name\":\"Rechtliche Hinweise\"}]},{\"@type\":\"WebSite\",\"@id\":\"https:\/\/dinfante.com\/de\/#website\",\"url\":\"https:\/\/dinfante.com\/de\/\",\"name\":\"Bodegas Infante\",\"description\":\"Artesanos del Brandy y vinos\",\"publisher\":{\"@id\":\"https:\/\/dinfante.com\/de\/#organization\"},\"potentialAction\":[{\"@type\":\"SearchAction\",\"target\":{\"@type\":\"EntryPoint\",\"urlTemplate\":\"https:\/\/dinfante.com\/de\/?s={search_term_string}\"},\"query-input\":{\"@type\":\"PropertyValueSpecification\",\"valueRequired\":true,\"valueName\":\"search_term_string\"}}],\"inLanguage\":\"de\"},{\"@type\":\"Organization\",\"@id\":\"https:\/\/dinfante.com\/de\/#organization\",\"name\":\"Bodegas Infante\",\"url\":\"https:\/\/dinfante.com\/de\/\",\"logo\":{\"@type\":\"ImageObject\",\"inLanguage\":\"de\",\"@id\":\"https:\/\/dinfante.com\/de\/#\/schema\/logo\/image\/\",\"url\":\"https:\/\/dinfante.com\/wp-content\/uploads\/2021\/04\/cabecera_tienda.jpg\",\"contentUrl\":\"https:\/\/dinfante.com\/wp-content\/uploads\/2021\/04\/cabecera_tienda.jpg\",\"width\":600,\"height\":151,\"caption\":\"Bodegas Infante\"},\"image\":{\"@id\":\"https:\/\/dinfante.com\/de\/#\/schema\/logo\/image\/\"}}]}<\/script>\n<!-- \/ Yoast SEO plugin. -->","yoast_head_json":{"title":"Rechtliche Hinweise - Bodegas Infante","description":"In unseren rechtlichen Hinweisen finden Sie Informationen zu Ihren Rechten, Pflichten und wie wir die Integrit\u00e4t unserer Website sch\u00fctzen.","robots":{"index":"index","follow":"follow","max-snippet":"max-snippet:-1","max-image-preview":"max-image-preview:large","max-video-preview":"max-video-preview:-1"},"canonical":"https:\/\/dinfante.com\/de\/rechtliche-hinweise\/","og_locale":"de_DE","og_type":"article","og_title":"Rechtliche Hinweise - Bodegas Infante","og_description":"In unseren rechtlichen Hinweisen finden Sie Informationen zu Ihren Rechten, Pflichten und wie wir die Integrit\u00e4t unserer Website sch\u00fctzen.","og_url":"https:\/\/dinfante.com\/de\/rechtliche-hinweise\/","og_site_name":"Bodegas Infante","article_modified_time":"2025-07-08T17:52:21+00:00","twitter_card":"summary_large_image","twitter_misc":{"Gesch\u00e4tzte Lesezeit":"11\u00a0Minuten"},"schema":{"@context":"https:\/\/schema.org","@graph":[{"@type":"WebPage","@id":"https:\/\/dinfante.com\/de\/rechtliche-hinweise\/","url":"https:\/\/dinfante.com\/de\/rechtliche-hinweise\/","name":"Rechtliche Hinweise - Bodegas Infante","isPartOf":{"@id":"https:\/\/dinfante.com\/de\/#website"},"datePublished":"2021-02-02T15:00:07+00:00","dateModified":"2025-07-08T17:52:21+00:00","description":"In unseren rechtlichen Hinweisen finden Sie Informationen zu Ihren Rechten, Pflichten und wie wir die Integrit\u00e4t unserer Website sch\u00fctzen.","breadcrumb":{"@id":"https:\/\/dinfante.com\/de\/rechtliche-hinweise\/#breadcrumb"},"inLanguage":"de","potentialAction":[{"@type":"ReadAction","target":["https:\/\/dinfante.com\/de\/rechtliche-hinweise\/"]}]},{"@type":"BreadcrumbList","@id":"https:\/\/dinfante.com\/de\/rechtliche-hinweise\/#breadcrumb","itemListElement":[{"@type":"ListItem","position":1,"name":"Portada","item":"https:\/\/dinfante.com\/de\/"},{"@type":"ListItem","position":2,"name":"Rechtliche Hinweise"}]},{"@type":"WebSite","@id":"https:\/\/dinfante.com\/de\/#website","url":"https:\/\/dinfante.com\/de\/","name":"Bodegas Infante","description":"Artesanos del Brandy y vinos","publisher":{"@id":"https:\/\/dinfante.com\/de\/#organization"},"potentialAction":[{"@type":"SearchAction","target":{"@type":"EntryPoint","urlTemplate":"https:\/\/dinfante.com\/de\/?s={search_term_string}"},"query-input":{"@type":"PropertyValueSpecification","valueRequired":true,"valueName":"search_term_string"}}],"inLanguage":"de"},{"@type":"Organization","@id":"https:\/\/dinfante.com\/de\/#organization","name":"Bodegas Infante","url":"https:\/\/dinfante.com\/de\/","logo":{"@type":"ImageObject","inLanguage":"de","@id":"https:\/\/dinfante.com\/de\/#\/schema\/logo\/image\/","url":"https:\/\/dinfante.com\/wp-content\/uploads\/2021\/04\/cabecera_tienda.jpg","contentUrl":"https:\/\/dinfante.com\/wp-content\/uploads\/2021\/04\/cabecera_tienda.jpg","width":600,"height":151,"caption":"Bodegas Infante"},"image":{"@id":"https:\/\/dinfante.com\/de\/#\/schema\/logo\/image\/"}}]}},"_links":{"self":[{"href":"https:\/\/dinfante.com\/de\/wp-json\/wp\/v2\/pages\/2966","targetHints":{"allow":["GET"]}}],"collection":[{"href":"https:\/\/dinfante.com\/de\/wp-json\/wp\/v2\/pages"}],"about":[{"href":"https:\/\/dinfante.com\/de\/wp-json\/wp\/v2\/types\/page"}],"author":[{"embeddable":true,"href":"https:\/\/dinfante.com\/de\/wp-json\/wp\/v2\/users\/1"}],"replies":[{"embeddable":true,"href":"https:\/\/dinfante.com\/de\/wp-json\/wp\/v2\/comments?post=2966"}],"version-history":[{"count":1,"href":"https:\/\/dinfante.com\/de\/wp-json\/wp\/v2\/pages\/2966\/revisions"}],"predecessor-version":[{"id":2967,"href":"https:\/\/dinfante.com\/de\/wp-json\/wp\/v2\/pages\/2966\/revisions\/2967"}],"wp:attachment":[{"href":"https:\/\/dinfante.com\/de\/wp-json\/wp\/v2\/media?parent=2966"}],"curies":[{"name":"wp","href":"https:\/\/api.w.org\/{rel}","templated":true}]}}