{"id":2977,"date":"2024-02-06T12:18:07","date_gmt":"2024-02-06T12:18:07","guid":{"rendered":"https:\/\/dinfante.com\/newsletter-%c2%b7-dankeschoen\/"},"modified":"2025-07-08T17:52:55","modified_gmt":"2025-07-08T17:52:55","slug":"newsletter-%c2%b7-dankeschoen","status":"publish","type":"page","link":"https:\/\/dinfante.com\/de\/newsletter-%c2%b7-dankeschoen\/","title":{"rendered":"Newsletter \u00b7 Dankesch\u00f6n"},"content":{"rendered":"<p>[vc_row][vc_column width=&#8220;1\/6&#8243;][\/vc_column][vc_column width=&#8220;2\/3&#8243;][vc_single_image image=&#8220;1132&#8243; img_size=&#8220;100&#215;78&#8243; alignment=&#8220;center&#8220;][vc_column_text]<\/p>\n<h2 style=\"text-align: center;\">Willkommen in der \u201eInfante Lovers\u201c-Familie!<\/h2>\n<p>[\/vc_column_text][vc_column_text]<\/p>\n<p style=\"text-align: center;\">Wir m\u00f6chten Ihnen unseren aufrichtigen Dank daf\u00fcr aussprechen, dass Sie unserer exklusiven Community von Liebhabern guter Weine und Premium-Spirituosen beigetreten sind. Ihr Interesse an unseren Produkten erf\u00fcllt uns mit Freude und spornt uns an, weiterhin das Beste aus unserem Infante-Universum mit Ihnen zu teilen. <\/p>\n<p style=\"text-align: center;\">Von nun an erhalten Sie in Ihrem Posteingang alle unsere Neuheiten, exklusiven Rabatte, aktuellen Nachrichten und bevorstehenden Veranstaltungen. Wir freuen uns, Sie bei uns zu haben, und sind zuversichtlich, dass Sie jede Mitteilung genauso genie\u00dfen werden wie wir es genie\u00dfen, sie mit Ihnen zu teilen. <\/p>\n<p style=\"text-align: center;\">Wenn Sie Ihr Abonnement irgendwann k\u00fcndigen m\u00f6chten, k\u00f6nnen Sie dies ganz einfach tun, indem Sie auf folgenden Link klicken: <a style=\"color: #f1cd75;\" href=\"https:\/\/dinfante.com\/newsletter-form-cancelacion\/\" rel=\"noopener\">ABMELDEN<\/a>. Wir hoffen jedoch, dass Sie sich entscheiden, zu bleiben und weiterhin alle aufregenden Neuigkeiten und Aktionen zu genie\u00dfen, die wir f\u00fcr Sie vorbereitet haben. <\/p>\n<p style=\"text-align: center;\"><strong>Vielen Dank, dass Sie Teil unserer Familie sind!<\/strong> Wir freuen uns darauf, mit Ihnen neue Erfahrungen zu teilen und Ihnen die Welt der besten Spirituosen und Premiumweine zu zeigen.<\/p>\n<p>[\/vc_column_text]\n\t<div class=\"title-subtitle-box   \" style=\" text-align: center;\">\n\t\t<div class=\"subtitle\" style=\" color:#f1cd75; \"><p><strong>Salud y buenos brindis.<\/strong><\/p>\n<\/div>\n\t<\/div> [vc_empty_space][\/vc_column][vc_column width=&#8220;1\/6&#8243;][\/vc_column][\/vc_row]<\/p>\n","protected":false},"excerpt":{"rendered":"<p>[vc_row][vc_column width=&#8220;1\/6&#8243;][\/vc_column][vc_column width=&#8220;2\/3&#8243;][vc_single_image image=&#8220;1132&#8243; img_size=&#8220;100&#215;78&#8243; alignment=&#8220;center&#8220;][vc_column_text] Willkommen in der \u201eInfante Lovers\u201c-Familie! [\/vc_column_text][vc_column_text] Wir m\u00f6chten Ihnen unseren aufrichtigen Dank daf\u00fcr aussprechen, dass Sie unserer exklusiven Community von Liebhabern guter Weine und Premium-Spirituosen beigetreten sind. Ihr Interesse an unseren Produkten erf\u00fcllt uns mit Freude und spornt uns an, weiterhin das Beste aus unserem Infante-Universum mit Ihnen zu<br class=\"read-more-spacer\"> <a class=\"more-link\" href=\"https:\/\/dinfante.com\/de\/newsletter-%c2%b7-dankeschoen\/\">Read More<\/a><\/p>\n","protected":false},"author":1,"featured_media":2847,"parent":0,"menu_order":0,"comment_status":"closed","ping_status":"closed","template":"","meta":{"footnotes":""},"class_list":["post-2977","page","type-page","status-publish","has-post-thumbnail","hentry"],"acf":[],"yoast_head":"<!-- This site is optimized with the Yoast SEO plugin v27.1.1 - https:\/\/yoast.com\/product\/yoast-seo-wordpress\/ -->\n<title>Newsletter \u00b7 Dankesch\u00f6n - Bodegas Infante<\/title>\n<meta name=\"robots\" content=\"index, follow, max-snippet:-1, max-image-preview:large, max-video-preview:-1\" \/>\n<link rel=\"canonical\" href=\"https:\/\/dinfante.com\/de\/newsletter-%c2%b7-dankeschoen\/\" \/>\n<meta property=\"og:locale\" content=\"de_DE\" \/>\n<meta property=\"og:type\" content=\"article\" \/>\n<meta property=\"og:title\" content=\"Newsletter \u00b7 Dankesch\u00f6n - Bodegas Infante\" \/>\n<meta property=\"og:description\" content=\"[vc_row][vc_column width=&#8220;1\/6&#8243;][\/vc_column][vc_column width=&#8220;2\/3&#8243;][vc_single_image image=&#8220;1132&#8243; img_size=&#8220;100&#215;78&#8243; alignment=&#8220;center&#8220;][vc_column_text] Willkommen in der \u201eInfante Lovers\u201c-Familie! [\/vc_column_text][vc_column_text] Wir m\u00f6chten Ihnen unseren aufrichtigen Dank daf\u00fcr aussprechen, dass Sie unserer exklusiven Community von Liebhabern guter Weine und Premium-Spirituosen beigetreten sind. Ihr Interesse an unseren Produkten erf\u00fcllt uns mit Freude und spornt uns an, weiterhin das Beste aus unserem Infante-Universum mit Ihnen zu Read More\" \/>\n<meta property=\"og:url\" content=\"https:\/\/dinfante.com\/de\/newsletter-%c2%b7-dankeschoen\/\" \/>\n<meta property=\"og:site_name\" content=\"Bodegas Infante\" \/>\n<meta property=\"article:modified_time\" content=\"2025-07-08T17:52:55+00:00\" \/>\n<meta property=\"og:image\" content=\"https:\/\/dinfante.com\/wp-content\/uploads\/2021\/01\/slider1_4.jpg\" \/>\n\t<meta property=\"og:image:width\" content=\"1872\" \/>\n\t<meta property=\"og:image:height\" content=\"1094\" \/>\n\t<meta property=\"og:image:type\" content=\"image\/jpeg\" \/>\n<meta name=\"twitter:card\" content=\"summary_large_image\" \/>\n<meta name=\"twitter:label1\" content=\"Gesch\u00e4tzte Lesezeit\" \/>\n\t<meta name=\"twitter:data1\" content=\"1\u00a0Minute\" \/>\n<script type=\"application\/ld+json\" class=\"yoast-schema-graph\">{\"@context\":\"https:\/\/schema.org\",\"@graph\":[{\"@type\":\"WebPage\",\"@id\":\"https:\/\/dinfante.com\/de\/newsletter-%c2%b7-dankeschoen\/\",\"url\":\"https:\/\/dinfante.com\/de\/newsletter-%c2%b7-dankeschoen\/\",\"name\":\"Newsletter \u00b7 Dankesch\u00f6n - Bodegas Infante\",\"isPartOf\":{\"@id\":\"https:\/\/dinfante.com\/de\/#website\"},\"primaryImageOfPage\":{\"@id\":\"https:\/\/dinfante.com\/de\/newsletter-%c2%b7-dankeschoen\/#primaryimage\"},\"image\":{\"@id\":\"https:\/\/dinfante.com\/de\/newsletter-%c2%b7-dankeschoen\/#primaryimage\"},\"thumbnailUrl\":\"https:\/\/dinfante.com\/wp-content\/uploads\/2021\/01\/slider1_4.jpg\",\"datePublished\":\"2024-02-06T12:18:07+00:00\",\"dateModified\":\"2025-07-08T17:52:55+00:00\",\"breadcrumb\":{\"@id\":\"https:\/\/dinfante.com\/de\/newsletter-%c2%b7-dankeschoen\/#breadcrumb\"},\"inLanguage\":\"de\",\"potentialAction\":[{\"@type\":\"ReadAction\",\"target\":[\"https:\/\/dinfante.com\/de\/newsletter-%c2%b7-dankeschoen\/\"]}]},{\"@type\":\"ImageObject\",\"inLanguage\":\"de\",\"@id\":\"https:\/\/dinfante.com\/de\/newsletter-%c2%b7-dankeschoen\/#primaryimage\",\"url\":\"https:\/\/dinfante.com\/wp-content\/uploads\/2021\/01\/slider1_4.jpg\",\"contentUrl\":\"https:\/\/dinfante.com\/wp-content\/uploads\/2021\/01\/slider1_4.jpg\",\"width\":1872,\"height\":1094},{\"@type\":\"BreadcrumbList\",\"@id\":\"https:\/\/dinfante.com\/de\/newsletter-%c2%b7-dankeschoen\/#breadcrumb\",\"itemListElement\":[{\"@type\":\"ListItem\",\"position\":1,\"name\":\"Portada\",\"item\":\"https:\/\/dinfante.com\/de\/\"},{\"@type\":\"ListItem\",\"position\":2,\"name\":\"Newsletter \u00b7 Dankesch\u00f6n\"}]},{\"@type\":\"WebSite\",\"@id\":\"https:\/\/dinfante.com\/de\/#website\",\"url\":\"https:\/\/dinfante.com\/de\/\",\"name\":\"Bodegas Infante\",\"description\":\"Artesanos del Brandy y vinos\",\"publisher\":{\"@id\":\"https:\/\/dinfante.com\/de\/#organization\"},\"potentialAction\":[{\"@type\":\"SearchAction\",\"target\":{\"@type\":\"EntryPoint\",\"urlTemplate\":\"https:\/\/dinfante.com\/de\/?s={search_term_string}\"},\"query-input\":{\"@type\":\"PropertyValueSpecification\",\"valueRequired\":true,\"valueName\":\"search_term_string\"}}],\"inLanguage\":\"de\"},{\"@type\":\"Organization\",\"@id\":\"https:\/\/dinfante.com\/de\/#organization\",\"name\":\"Bodegas Infante\",\"url\":\"https:\/\/dinfante.com\/de\/\",\"logo\":{\"@type\":\"ImageObject\",\"inLanguage\":\"de\",\"@id\":\"https:\/\/dinfante.com\/de\/#\/schema\/logo\/image\/\",\"url\":\"https:\/\/dinfante.com\/wp-content\/uploads\/2021\/04\/cabecera_tienda.jpg\",\"contentUrl\":\"https:\/\/dinfante.com\/wp-content\/uploads\/2021\/04\/cabecera_tienda.jpg\",\"width\":600,\"height\":151,\"caption\":\"Bodegas Infante\"},\"image\":{\"@id\":\"https:\/\/dinfante.com\/de\/#\/schema\/logo\/image\/\"}}]}<\/script>\n<!-- \/ Yoast SEO plugin. -->","yoast_head_json":{"title":"Newsletter \u00b7 Dankesch\u00f6n - Bodegas Infante","robots":{"index":"index","follow":"follow","max-snippet":"max-snippet:-1","max-image-preview":"max-image-preview:large","max-video-preview":"max-video-preview:-1"},"canonical":"https:\/\/dinfante.com\/de\/newsletter-%c2%b7-dankeschoen\/","og_locale":"de_DE","og_type":"article","og_title":"Newsletter \u00b7 Dankesch\u00f6n - Bodegas Infante","og_description":"[vc_row][vc_column width=&#8220;1\/6&#8243;][\/vc_column][vc_column width=&#8220;2\/3&#8243;][vc_single_image image=&#8220;1132&#8243; img_size=&#8220;100&#215;78&#8243; alignment=&#8220;center&#8220;][vc_column_text] Willkommen in der \u201eInfante Lovers\u201c-Familie! [\/vc_column_text][vc_column_text] Wir m\u00f6chten Ihnen unseren aufrichtigen Dank daf\u00fcr aussprechen, dass Sie unserer exklusiven Community von Liebhabern guter Weine und Premium-Spirituosen beigetreten sind. Ihr Interesse an unseren Produkten erf\u00fcllt uns mit Freude und spornt uns an, weiterhin das Beste aus unserem Infante-Universum mit Ihnen zu Read More","og_url":"https:\/\/dinfante.com\/de\/newsletter-%c2%b7-dankeschoen\/","og_site_name":"Bodegas Infante","article_modified_time":"2025-07-08T17:52:55+00:00","og_image":[{"width":1872,"height":1094,"url":"https:\/\/dinfante.com\/wp-content\/uploads\/2021\/01\/slider1_4.jpg","type":"image\/jpeg"}],"twitter_card":"summary_large_image","twitter_misc":{"Gesch\u00e4tzte Lesezeit":"1\u00a0Minute"},"schema":{"@context":"https:\/\/schema.org","@graph":[{"@type":"WebPage","@id":"https:\/\/dinfante.com\/de\/newsletter-%c2%b7-dankeschoen\/","url":"https:\/\/dinfante.com\/de\/newsletter-%c2%b7-dankeschoen\/","name":"Newsletter \u00b7 Dankesch\u00f6n - Bodegas Infante","isPartOf":{"@id":"https:\/\/dinfante.com\/de\/#website"},"primaryImageOfPage":{"@id":"https:\/\/dinfante.com\/de\/newsletter-%c2%b7-dankeschoen\/#primaryimage"},"image":{"@id":"https:\/\/dinfante.com\/de\/newsletter-%c2%b7-dankeschoen\/#primaryimage"},"thumbnailUrl":"https:\/\/dinfante.com\/wp-content\/uploads\/2021\/01\/slider1_4.jpg","datePublished":"2024-02-06T12:18:07+00:00","dateModified":"2025-07-08T17:52:55+00:00","breadcrumb":{"@id":"https:\/\/dinfante.com\/de\/newsletter-%c2%b7-dankeschoen\/#breadcrumb"},"inLanguage":"de","potentialAction":[{"@type":"ReadAction","target":["https:\/\/dinfante.com\/de\/newsletter-%c2%b7-dankeschoen\/"]}]},{"@type":"ImageObject","inLanguage":"de","@id":"https:\/\/dinfante.com\/de\/newsletter-%c2%b7-dankeschoen\/#primaryimage","url":"https:\/\/dinfante.com\/wp-content\/uploads\/2021\/01\/slider1_4.jpg","contentUrl":"https:\/\/dinfante.com\/wp-content\/uploads\/2021\/01\/slider1_4.jpg","width":1872,"height":1094},{"@type":"BreadcrumbList","@id":"https:\/\/dinfante.com\/de\/newsletter-%c2%b7-dankeschoen\/#breadcrumb","itemListElement":[{"@type":"ListItem","position":1,"name":"Portada","item":"https:\/\/dinfante.com\/de\/"},{"@type":"ListItem","position":2,"name":"Newsletter \u00b7 Dankesch\u00f6n"}]},{"@type":"WebSite","@id":"https:\/\/dinfante.com\/de\/#website","url":"https:\/\/dinfante.com\/de\/","name":"Bodegas Infante","description":"Artesanos del Brandy y vinos","publisher":{"@id":"https:\/\/dinfante.com\/de\/#organization"},"potentialAction":[{"@type":"SearchAction","target":{"@type":"EntryPoint","urlTemplate":"https:\/\/dinfante.com\/de\/?s={search_term_string}"},"query-input":{"@type":"PropertyValueSpecification","valueRequired":true,"valueName":"search_term_string"}}],"inLanguage":"de"},{"@type":"Organization","@id":"https:\/\/dinfante.com\/de\/#organization","name":"Bodegas Infante","url":"https:\/\/dinfante.com\/de\/","logo":{"@type":"ImageObject","inLanguage":"de","@id":"https:\/\/dinfante.com\/de\/#\/schema\/logo\/image\/","url":"https:\/\/dinfante.com\/wp-content\/uploads\/2021\/04\/cabecera_tienda.jpg","contentUrl":"https:\/\/dinfante.com\/wp-content\/uploads\/2021\/04\/cabecera_tienda.jpg","width":600,"height":151,"caption":"Bodegas Infante"},"image":{"@id":"https:\/\/dinfante.com\/de\/#\/schema\/logo\/image\/"}}]}},"_links":{"self":[{"href":"https:\/\/dinfante.com\/de\/wp-json\/wp\/v2\/pages\/2977","targetHints":{"allow":["GET"]}}],"collection":[{"href":"https:\/\/dinfante.com\/de\/wp-json\/wp\/v2\/pages"}],"about":[{"href":"https:\/\/dinfante.com\/de\/wp-json\/wp\/v2\/types\/page"}],"author":[{"embeddable":true,"href":"https:\/\/dinfante.com\/de\/wp-json\/wp\/v2\/users\/1"}],"replies":[{"embeddable":true,"href":"https:\/\/dinfante.com\/de\/wp-json\/wp\/v2\/comments?post=2977"}],"version-history":[{"count":1,"href":"https:\/\/dinfante.com\/de\/wp-json\/wp\/v2\/pages\/2977\/revisions"}],"predecessor-version":[{"id":2978,"href":"https:\/\/dinfante.com\/de\/wp-json\/wp\/v2\/pages\/2977\/revisions\/2978"}],"wp:featuredmedia":[{"embeddable":true,"href":"https:\/\/dinfante.com\/de\/wp-json\/wp\/v2\/media\/2847"}],"wp:attachment":[{"href":"https:\/\/dinfante.com\/de\/wp-json\/wp\/v2\/media?parent=2977"}],"curies":[{"name":"wp","href":"https:\/\/api.w.org\/{rel}","templated":true}]}}