{"id":3015,"date":"2024-02-06T13:40:12","date_gmt":"2024-02-06T13:40:12","guid":{"rendered":"https:\/\/dinfante.com\/newsletter-%c2%b7-abmeldung\/"},"modified":"2025-07-08T17:53:15","modified_gmt":"2025-07-08T17:53:15","slug":"newsletter-%c2%b7-abmeldung","status":"publish","type":"page","link":"https:\/\/dinfante.com\/de\/newsletter-%c2%b7-abmeldung\/","title":{"rendered":"Newsletter \u00b7 Abmeldung"},"content":{"rendered":"<p>[vc_row css=&#8220;.vc_custom_1707228989434{padding-bottom: 40px !important;}&#8220;][vc_column width=&#8220;1\/6&#8243;][\/vc_column][vc_column width=&#8220;2\/3&#8243;][vc_single_image image=&#8220;1132&#8243; img_size=&#8220;100&#215;78&#8243; alignment=&#8220;center&#8220;][vc_column_text]<\/p>\n<h2 style=\"text-align: center;\">Hallo, Infante Lovers!<\/h2>\n<p>[\/vc_column_text][vc_column_text]<\/p>\n<p style=\"text-align: center;\">Wir verstehen, dass Sie vielleicht eine kleine Pause von unseren Nachrichten und Updates einlegen m\u00f6chten. Wenn Sie Ihr Abonnement unseres Newsletters f\u00fcr Infante Lovers k\u00fcndigen m\u00f6chten, k\u00f6nnen Sie dies einfach tun, indem Sie das folgende Formular ausf\u00fcllen. <\/p>\n<p style=\"text-align: center;\">Wir sind traurig, Sie gehen zu sehen, da wir Ihre Anwesenheit und Ihr Vertrauen in uns sehr sch\u00e4tzen. Wenn Sie sich jemals entscheiden, zur\u00fcckzukehren, freuen wir uns, Sie wieder bei uns zu haben. <\/p>\n<p style=\"text-align: center;\"><strong>Vielen Dank, dass Sie Teil unserer Familie sind und mit uns ansto\u00dfen! Bis zum n\u00e4chsten Mal! <\/strong><\/p>\n<p>[\/vc_column_text][\/vc_column][vc_column width=&#8220;1\/6&#8243;][\/vc_column][\/vc_row][vc_row full_width=&#8220;stretch_row_content&#8220; el_class=&#8220;form_cancelacion&#8220; css=&#8220;.vc_custom_1707228908555{margin-top: 0px !important;margin-bottom: 0px !important;padding-top: 0px !important;padding-bottom: 0px !important;}&#8220;][vc_column][vc_raw_html]PGlmcmFtZSB3aWR0aD0iMTAwJSIgaGVpZ2h0PSI0MjBweCIgc3JjPSJodHRwczovLzMxMDZjODg5LnNpYmZvcm1zLmNvbS9zZXJ2ZS9NVUlGQUJCOWdkZUFGWUxDQl8tMHZwNkRtcXItMnFoTGdOY2ZCMFlqV2VEeVh2dVNSN3R1d0lkeU9tOTJMc1FhRngtUENnUEZBdGJ4TzZSYi05aHZ4WVMtSjRjdE1qZndjc0lEYnlJa0x2Yl9zSEYxZmZ4Y3NHRVh6X1BGX19uVk9QS1VSWGx4RlZldnpoZElVWWtMSER3c3hhc2VPd0E4TEJaWlB3UGpTbWpXME9vWUxvWVN1dFdFVWJIZnlvRFVmVWFyallZM0hLUUxkSnFHIiBmcmFtZWJvcmRlcj0iMCIgc2Nyb2xsaW5nPSJhdXRvIiBhbGxvd2Z1bGxzY3JlZW49IiIgc3R5bGU9ImRpc3BsYXk6IGJsb2NrO21hcmdpbi1sZWZ0OiBhdXRvO21hcmdpbi1yaWdodDogYXV0bzttYXgtd2lkdGg6IDEwMCU7Ij48L2lmcmFtZT4=[\/vc_raw_html][\/vc_column][\/vc_row]<\/p>\n","protected":false},"excerpt":{"rendered":"<p>[vc_row css=&#8220;.vc_custom_1707228989434{padding-bottom: 40px !important;}&#8220;][vc_column width=&#8220;1\/6&#8243;][\/vc_column][vc_column width=&#8220;2\/3&#8243;][vc_single_image image=&#8220;1132&#8243; img_size=&#8220;100&#215;78&#8243; alignment=&#8220;center&#8220;][vc_column_text] Hallo, Infante Lovers! [\/vc_column_text][vc_column_text] Wir verstehen, dass Sie vielleicht eine kleine Pause von unseren Nachrichten und Updates einlegen m\u00f6chten. Wenn Sie Ihr Abonnement unseres Newsletters f\u00fcr Infante Lovers k\u00fcndigen m\u00f6chten, k\u00f6nnen Sie dies einfach tun, indem Sie das folgende Formular ausf\u00fcllen. Wir sind traurig, Sie gehen<br class=\"read-more-spacer\"> <a class=\"more-link\" href=\"https:\/\/dinfante.com\/de\/newsletter-%c2%b7-abmeldung\/\">Read More<\/a><\/p>\n","protected":false},"author":1,"featured_media":0,"parent":0,"menu_order":0,"comment_status":"closed","ping_status":"closed","template":"","meta":{"footnotes":""},"class_list":["post-3015","page","type-page","status-publish","hentry"],"acf":[],"yoast_head":"<!-- This site is optimized with the Yoast SEO plugin v27.1.1 - https:\/\/yoast.com\/product\/yoast-seo-wordpress\/ -->\n<title>Newsletter \u00b7 Abmeldung - Bodegas Infante<\/title>\n<meta name=\"robots\" content=\"index, follow, max-snippet:-1, max-image-preview:large, max-video-preview:-1\" \/>\n<link rel=\"canonical\" href=\"https:\/\/dinfante.com\/de\/newsletter-%c2%b7-abmeldung\/\" \/>\n<meta property=\"og:locale\" content=\"de_DE\" \/>\n<meta property=\"og:type\" content=\"article\" \/>\n<meta property=\"og:title\" content=\"Newsletter \u00b7 Abmeldung - Bodegas Infante\" \/>\n<meta property=\"og:description\" content=\"[vc_row css=&#8220;.vc_custom_1707228989434{padding-bottom: 40px !important;}&#8220;][vc_column width=&#8220;1\/6&#8243;][\/vc_column][vc_column width=&#8220;2\/3&#8243;][vc_single_image image=&#8220;1132&#8243; img_size=&#8220;100&#215;78&#8243; alignment=&#8220;center&#8220;][vc_column_text] Hallo, Infante Lovers! [\/vc_column_text][vc_column_text] Wir verstehen, dass Sie vielleicht eine kleine Pause von unseren Nachrichten und Updates einlegen m\u00f6chten. Wenn Sie Ihr Abonnement unseres Newsletters f\u00fcr Infante Lovers k\u00fcndigen m\u00f6chten, k\u00f6nnen Sie dies einfach tun, indem Sie das folgende Formular ausf\u00fcllen. Wir sind traurig, Sie gehen Read More\" \/>\n<meta property=\"og:url\" content=\"https:\/\/dinfante.com\/de\/newsletter-%c2%b7-abmeldung\/\" \/>\n<meta property=\"og:site_name\" content=\"Bodegas Infante\" \/>\n<meta property=\"article:modified_time\" content=\"2025-07-08T17:53:15+00:00\" \/>\n<meta name=\"twitter:card\" content=\"summary_large_image\" \/>\n<meta name=\"twitter:label1\" content=\"Gesch\u00e4tzte Lesezeit\" \/>\n\t<meta name=\"twitter:data1\" content=\"1\u00a0Minute\" \/>\n<script type=\"application\/ld+json\" class=\"yoast-schema-graph\">{\"@context\":\"https:\/\/schema.org\",\"@graph\":[{\"@type\":\"WebPage\",\"@id\":\"https:\/\/dinfante.com\/de\/newsletter-%c2%b7-abmeldung\/\",\"url\":\"https:\/\/dinfante.com\/de\/newsletter-%c2%b7-abmeldung\/\",\"name\":\"Newsletter \u00b7 Abmeldung - Bodegas Infante\",\"isPartOf\":{\"@id\":\"https:\/\/dinfante.com\/de\/#website\"},\"datePublished\":\"2024-02-06T13:40:12+00:00\",\"dateModified\":\"2025-07-08T17:53:15+00:00\",\"breadcrumb\":{\"@id\":\"https:\/\/dinfante.com\/de\/newsletter-%c2%b7-abmeldung\/#breadcrumb\"},\"inLanguage\":\"de\",\"potentialAction\":[{\"@type\":\"ReadAction\",\"target\":[\"https:\/\/dinfante.com\/de\/newsletter-%c2%b7-abmeldung\/\"]}]},{\"@type\":\"BreadcrumbList\",\"@id\":\"https:\/\/dinfante.com\/de\/newsletter-%c2%b7-abmeldung\/#breadcrumb\",\"itemListElement\":[{\"@type\":\"ListItem\",\"position\":1,\"name\":\"Portada\",\"item\":\"https:\/\/dinfante.com\/de\/\"},{\"@type\":\"ListItem\",\"position\":2,\"name\":\"Newsletter \u00b7 Abmeldung\"}]},{\"@type\":\"WebSite\",\"@id\":\"https:\/\/dinfante.com\/de\/#website\",\"url\":\"https:\/\/dinfante.com\/de\/\",\"name\":\"Bodegas Infante\",\"description\":\"Artesanos del Brandy y vinos\",\"publisher\":{\"@id\":\"https:\/\/dinfante.com\/de\/#organization\"},\"potentialAction\":[{\"@type\":\"SearchAction\",\"target\":{\"@type\":\"EntryPoint\",\"urlTemplate\":\"https:\/\/dinfante.com\/de\/?s={search_term_string}\"},\"query-input\":{\"@type\":\"PropertyValueSpecification\",\"valueRequired\":true,\"valueName\":\"search_term_string\"}}],\"inLanguage\":\"de\"},{\"@type\":\"Organization\",\"@id\":\"https:\/\/dinfante.com\/de\/#organization\",\"name\":\"Bodegas Infante\",\"url\":\"https:\/\/dinfante.com\/de\/\",\"logo\":{\"@type\":\"ImageObject\",\"inLanguage\":\"de\",\"@id\":\"https:\/\/dinfante.com\/de\/#\/schema\/logo\/image\/\",\"url\":\"https:\/\/dinfante.com\/wp-content\/uploads\/2021\/04\/cabecera_tienda.jpg\",\"contentUrl\":\"https:\/\/dinfante.com\/wp-content\/uploads\/2021\/04\/cabecera_tienda.jpg\",\"width\":600,\"height\":151,\"caption\":\"Bodegas Infante\"},\"image\":{\"@id\":\"https:\/\/dinfante.com\/de\/#\/schema\/logo\/image\/\"}}]}<\/script>\n<!-- \/ Yoast SEO plugin. -->","yoast_head_json":{"title":"Newsletter \u00b7 Abmeldung - Bodegas Infante","robots":{"index":"index","follow":"follow","max-snippet":"max-snippet:-1","max-image-preview":"max-image-preview:large","max-video-preview":"max-video-preview:-1"},"canonical":"https:\/\/dinfante.com\/de\/newsletter-%c2%b7-abmeldung\/","og_locale":"de_DE","og_type":"article","og_title":"Newsletter \u00b7 Abmeldung - Bodegas Infante","og_description":"[vc_row css=&#8220;.vc_custom_1707228989434{padding-bottom: 40px !important;}&#8220;][vc_column width=&#8220;1\/6&#8243;][\/vc_column][vc_column width=&#8220;2\/3&#8243;][vc_single_image image=&#8220;1132&#8243; img_size=&#8220;100&#215;78&#8243; alignment=&#8220;center&#8220;][vc_column_text] Hallo, Infante Lovers! [\/vc_column_text][vc_column_text] Wir verstehen, dass Sie vielleicht eine kleine Pause von unseren Nachrichten und Updates einlegen m\u00f6chten. Wenn Sie Ihr Abonnement unseres Newsletters f\u00fcr Infante Lovers k\u00fcndigen m\u00f6chten, k\u00f6nnen Sie dies einfach tun, indem Sie das folgende Formular ausf\u00fcllen. Wir sind traurig, Sie gehen Read More","og_url":"https:\/\/dinfante.com\/de\/newsletter-%c2%b7-abmeldung\/","og_site_name":"Bodegas Infante","article_modified_time":"2025-07-08T17:53:15+00:00","twitter_card":"summary_large_image","twitter_misc":{"Gesch\u00e4tzte Lesezeit":"1\u00a0Minute"},"schema":{"@context":"https:\/\/schema.org","@graph":[{"@type":"WebPage","@id":"https:\/\/dinfante.com\/de\/newsletter-%c2%b7-abmeldung\/","url":"https:\/\/dinfante.com\/de\/newsletter-%c2%b7-abmeldung\/","name":"Newsletter \u00b7 Abmeldung - Bodegas Infante","isPartOf":{"@id":"https:\/\/dinfante.com\/de\/#website"},"datePublished":"2024-02-06T13:40:12+00:00","dateModified":"2025-07-08T17:53:15+00:00","breadcrumb":{"@id":"https:\/\/dinfante.com\/de\/newsletter-%c2%b7-abmeldung\/#breadcrumb"},"inLanguage":"de","potentialAction":[{"@type":"ReadAction","target":["https:\/\/dinfante.com\/de\/newsletter-%c2%b7-abmeldung\/"]}]},{"@type":"BreadcrumbList","@id":"https:\/\/dinfante.com\/de\/newsletter-%c2%b7-abmeldung\/#breadcrumb","itemListElement":[{"@type":"ListItem","position":1,"name":"Portada","item":"https:\/\/dinfante.com\/de\/"},{"@type":"ListItem","position":2,"name":"Newsletter \u00b7 Abmeldung"}]},{"@type":"WebSite","@id":"https:\/\/dinfante.com\/de\/#website","url":"https:\/\/dinfante.com\/de\/","name":"Bodegas Infante","description":"Artesanos del Brandy y vinos","publisher":{"@id":"https:\/\/dinfante.com\/de\/#organization"},"potentialAction":[{"@type":"SearchAction","target":{"@type":"EntryPoint","urlTemplate":"https:\/\/dinfante.com\/de\/?s={search_term_string}"},"query-input":{"@type":"PropertyValueSpecification","valueRequired":true,"valueName":"search_term_string"}}],"inLanguage":"de"},{"@type":"Organization","@id":"https:\/\/dinfante.com\/de\/#organization","name":"Bodegas Infante","url":"https:\/\/dinfante.com\/de\/","logo":{"@type":"ImageObject","inLanguage":"de","@id":"https:\/\/dinfante.com\/de\/#\/schema\/logo\/image\/","url":"https:\/\/dinfante.com\/wp-content\/uploads\/2021\/04\/cabecera_tienda.jpg","contentUrl":"https:\/\/dinfante.com\/wp-content\/uploads\/2021\/04\/cabecera_tienda.jpg","width":600,"height":151,"caption":"Bodegas Infante"},"image":{"@id":"https:\/\/dinfante.com\/de\/#\/schema\/logo\/image\/"}}]}},"_links":{"self":[{"href":"https:\/\/dinfante.com\/de\/wp-json\/wp\/v2\/pages\/3015","targetHints":{"allow":["GET"]}}],"collection":[{"href":"https:\/\/dinfante.com\/de\/wp-json\/wp\/v2\/pages"}],"about":[{"href":"https:\/\/dinfante.com\/de\/wp-json\/wp\/v2\/types\/page"}],"author":[{"embeddable":true,"href":"https:\/\/dinfante.com\/de\/wp-json\/wp\/v2\/users\/1"}],"replies":[{"embeddable":true,"href":"https:\/\/dinfante.com\/de\/wp-json\/wp\/v2\/comments?post=3015"}],"version-history":[{"count":4,"href":"https:\/\/dinfante.com\/de\/wp-json\/wp\/v2\/pages\/3015\/revisions"}],"predecessor-version":[{"id":3028,"href":"https:\/\/dinfante.com\/de\/wp-json\/wp\/v2\/pages\/3015\/revisions\/3028"}],"wp:attachment":[{"href":"https:\/\/dinfante.com\/de\/wp-json\/wp\/v2\/media?parent=3015"}],"curies":[{"name":"wp","href":"https:\/\/api.w.org\/{rel}","templated":true}]}}