{"id":3056,"date":"2021-01-13T11:59:35","date_gmt":"2021-01-13T11:59:35","guid":{"rendered":"https:\/\/dinfante.com\/producto\/ron-heredero-d-infante\/"},"modified":"2025-07-08T17:53:44","modified_gmt":"2025-07-08T17:53:44","slug":"ron-heredero-d-infante","status":"publish","type":"product","link":"https:\/\/dinfante.com\/de\/producto\/ron-heredero-d-infante\/","title":{"rendered":"RON HEREDERO D.INFANTE"},"content":{"rendered":"<p>[vc_row css=&#8220;.vc_custom_1610395611398{padding-top: 5% !important;padding-right: 5% !important;padding-bottom: 5% !important;padding-left: 5% !important;background-color: #106f64 !important;}&#8220;][vc_column][vc_tta_tabs style=&#8220;theme&#8220; alignment=&#8220;center&#8220; active_section=&#8220;1&#8243;][vc_tta_section title=&#8220;HERSTELLUNG&#8220; tab_id=&#8220;elaboraci\u00f3n&#8220;][vc_column_text]Die Herstellung unseres Ron Heredero D.Infante erfolgt aus Zuckerrohrschnaps, zusammen mit dem Karamellrum, der ihm eine subtile Note verleiht. Anschlie\u00dfend verbringen sie mehr als 15 Jahre in den Bocoys aus franz\u00f6sischer Eiche, die zuvor Olorosos und Brandy enthielten, wodurch der Rum eine sehr spezifische Farbe, einen Geruch und einen Geschmack erh\u00e4lt, wobei man sich f\u00fcr die Verkostung einen Moment der Feier oder Herzlichkeit f\u00fcr diese antologische Verkostung reservieren sollte.  <a href=\"https:\/\/gemabur.com\/fotografia-de-producto-en-huelva\/\">Fotokredit f\u00fcr Produktfoto.<\/a>[\/vc_column_text][\/vc_tta_section][vc_tta_section title=&#8220;VERKOSTUNGSNOTIZEN&#8220; tab_id=&#8220;cata&#8220;][vc_column_text]<span style=\"color: #f1cd7f;\"><strong>AUSSEHEN:<\/strong><\/span> Er zeichnet sich durch seine dunkle, bernsteinfarbene Farbe aus, die hell und sauber ist.<\/p>\n<p><span style=\"color: #f1cd7f;\"><strong>NASE:<\/strong><\/span> In der Nase sind sein Aroma und sein Bouquet exquisit, ein Symbol f\u00fcr seine Entwicklung im Laufe der Zeit durch eine ruhige Reifung. Er besitzt eine faszinierende Komplexit\u00e4t mit w\u00fcrzigen Noten, einem Hauch von Schokolade, ger\u00f6stetem Kaffee, Zimt und anderen Trockenfr\u00fcchten. <\/p>\n<p><span style=\"color: #f1cd7f;\"><strong>MUND:<\/strong><\/span> Am Gaumen pr\u00e4sentiert er sich angenehm, weich und vollmundig. Er bietet uns einen Abgang mit Noten von Holz und Lakritz. Er hinterl\u00e4sst einen anhaltenden Nachgeschmack und einen erhabenen Geschmack, der die Perfektion dieses Rums erkennen l\u00e4sst.[\/vc_column_text][\/vc_tta_section][vc_tta_section title=&#8220;MOMENTE DES GENIESSENS&#8220; tab_id=&#8220;maridaje&#8220;][vc_column_text]Ron Heredero D.Infante ist ein komplexer und nuancenreicher Rum, der pur oder mit Eis genossen werden kann, oder in den \u00fcberraschendsten und exklusivsten Cocktails.[\/vc_column_text][\/vc_tta_section][\/vc_tta_tabs][\/vc_column][\/vc_row][vc_row full_width=&#8220;stretch_row_content&#8220; css=&#8220;.vc_custom_1611343624005{padding-right: 15px !important;padding-left: 15px !important;}&#8220;][vc_column]\n\t<div class=\" img_shop_productos\">\n\t<div class=\"gg_images_slider\">\n\t<div  data-slick='{  \"slidesToShow\": 3,  \"arrows\": false,  \"dots\": true,  \"autoplay\": true,  \"infinite\": true,  \"slidesToScroll\": 1,  \"responsive\": [{\"breakpoint\": 1024, \"settings\": {\"slidesToShow\": 3, \"slidesToScroll\": 1}}, {\"breakpoint\": 600, \"settings\": {\"slidesToShow\": 2, \"slidesToScroll\": 1}}, {\"breakpoint\": 480, \"settings\": {\"slidesToShow\": 1, \"slidesToScroll\": 1}}]  }'  class=\"el-grid no_magnific products row gg-slick-carousel \" data-layout-mode=\"fitRows\" data-pagination=\"\"><div class=\"3\"><img loading=\"lazy\" decoding=\"async\" width=\"1024\" height=\"768\" src=\"https:\/\/dinfante.com\/wp-content\/uploads\/2021\/01\/Ron-Heredero-01.jpg\" class=\"attachment-full\" alt=\"Fotograf\u00eda de producto, gemabur fotograf\u00eda\" title=\"Ron-Heredero-01\" srcset=\"https:\/\/dinfante.com\/wp-content\/uploads\/2021\/01\/Ron-Heredero-01.jpg 1024w, https:\/\/dinfante.com\/wp-content\/uploads\/2021\/01\/Ron-Heredero-01-300x225.jpg 300w, https:\/\/dinfante.com\/wp-content\/uploads\/2021\/01\/Ron-Heredero-01-768x576.jpg 768w\" sizes=\"auto, (max-width: 1024px) 100vw, 1024px\" \/><\/div><div class=\"3\"><img loading=\"lazy\" decoding=\"async\" width=\"1024\" height=\"768\" src=\"https:\/\/dinfante.com\/wp-content\/uploads\/2021\/01\/Ron-Heredero-02.jpg\" class=\"attachment-full\" alt=\"Fotograf\u00eda de producto, gemabur fotograf\u00eda\" title=\"Ron-Heredero-02\" srcset=\"https:\/\/dinfante.com\/wp-content\/uploads\/2021\/01\/Ron-Heredero-02.jpg 1024w, https:\/\/dinfante.com\/wp-content\/uploads\/2021\/01\/Ron-Heredero-02-300x225.jpg 300w, https:\/\/dinfante.com\/wp-content\/uploads\/2021\/01\/Ron-Heredero-02-768x576.jpg 768w\" sizes=\"auto, (max-width: 1024px) 100vw, 1024px\" \/><\/div><div class=\"3\"><img loading=\"lazy\" decoding=\"async\" width=\"1024\" height=\"768\" src=\"https:\/\/dinfante.com\/wp-content\/uploads\/2021\/01\/Ron-Heredero-03.jpg\" class=\"attachment-full\" alt=\"Fotograf\u00eda de producto, gemabur fotograf\u00eda\" title=\"Ron-Heredero-03\" srcset=\"https:\/\/dinfante.com\/wp-content\/uploads\/2021\/01\/Ron-Heredero-03.jpg 1024w, https:\/\/dinfante.com\/wp-content\/uploads\/2021\/01\/Ron-Heredero-03-300x225.jpg 300w, https:\/\/dinfante.com\/wp-content\/uploads\/2021\/01\/Ron-Heredero-03-768x576.jpg 768w\" sizes=\"auto, (max-width: 1024px) 100vw, 1024px\" \/><\/div><div class=\"3\"><img loading=\"lazy\" decoding=\"async\" width=\"1024\" height=\"768\" src=\"https:\/\/dinfante.com\/wp-content\/uploads\/2021\/01\/Ron-Heredero-04.jpg\" class=\"attachment-full\" alt=\"Fotograf\u00eda de producto, gemabur fotograf\u00eda\" title=\"Ron-Heredero-04\" srcset=\"https:\/\/dinfante.com\/wp-content\/uploads\/2021\/01\/Ron-Heredero-04.jpg 1024w, https:\/\/dinfante.com\/wp-content\/uploads\/2021\/01\/Ron-Heredero-04-300x225.jpg 300w, https:\/\/dinfante.com\/wp-content\/uploads\/2021\/01\/Ron-Heredero-04-768x576.jpg 768w\" sizes=\"auto, (max-width: 1024px) 100vw, 1024px\" \/><\/div><div class=\"3\"><img loading=\"lazy\" decoding=\"async\" width=\"1024\" height=\"768\" src=\"https:\/\/dinfante.com\/wp-content\/uploads\/2021\/01\/Ron-Heredero-05.jpg\" class=\"attachment-full\" alt=\"gemabur fotograf\u00eda\" title=\"Ron-Heredero-05\" srcset=\"https:\/\/dinfante.com\/wp-content\/uploads\/2021\/01\/Ron-Heredero-05.jpg 1024w, https:\/\/dinfante.com\/wp-content\/uploads\/2021\/01\/Ron-Heredero-05-300x225.jpg 300w, https:\/\/dinfante.com\/wp-content\/uploads\/2021\/01\/Ron-Heredero-05-768x576.jpg 768w\" sizes=\"auto, (max-width: 1024px) 100vw, 1024px\" \/><\/div>\n\t<\/div>\n\t<\/div>\n\t<\/div>[\/vc_column][\/vc_row]<\/p>\n","protected":false},"excerpt":{"rendered":"<p>Ausgezeichneter alter Rum, gereift in unseren amerikanischen Eichenf\u00e4ssern, die Oloroso und Brandy enthielten, was unseren Rum einzigartig und anders macht.<\/p>\n","protected":false},"featured_media":3062,"template":"","meta":[],"product_brand":[],"product_cat":[61],"product_tag":[],"class_list":{"0":"post-3056","1":"product","2":"type-product","3":"status-publish","4":"has-post-thumbnail","6":"product_cat-premium-de","8":"first","9":"instock","10":"taxable","11":"shipping-taxable","12":"purchasable","13":"product-type-simple"},"acf":[],"yoast_head":"<!-- This site is optimized with the Yoast SEO plugin v27.1.1 - https:\/\/yoast.com\/product\/yoast-seo-wordpress\/ -->\n<title>RON HEREDERO D.INFANTE - Bodegas Infante<\/title>\n<meta name=\"description\" content=\"Genie\u00dfen Sie Ron Heredero D.Infante. Gereift in Eichenf\u00e4ssern, dunkle, bernsteinfarbene Farbe.\" \/>\n<meta name=\"robots\" content=\"index, follow, max-snippet:-1, max-image-preview:large, max-video-preview:-1\" \/>\n<link rel=\"canonical\" href=\"https:\/\/dinfante.com\/de\/producto\/ron-heredero-d-infante\/\" \/>\n<meta property=\"og:locale\" content=\"de_DE\" \/>\n<meta property=\"og:type\" content=\"article\" \/>\n<meta property=\"og:title\" content=\"RON HEREDERO D.INFANTE - Bodegas Infante\" \/>\n<meta property=\"og:description\" content=\"Genie\u00dfen Sie Ron Heredero D.Infante. Gereift in Eichenf\u00e4ssern, dunkle, bernsteinfarbene Farbe.\" \/>\n<meta property=\"og:url\" content=\"https:\/\/dinfante.com\/de\/producto\/ron-heredero-d-infante\/\" \/>\n<meta property=\"og:site_name\" content=\"Bodegas Infante\" \/>\n<meta property=\"article:modified_time\" content=\"2025-07-08T17:53:44+00:00\" \/>\n<meta property=\"og:image\" content=\"https:\/\/dinfante.com\/wp-content\/uploads\/2021\/01\/prod-ron-heredero-infante4-1.png\" \/>\n\t<meta property=\"og:image:width\" content=\"500\" \/>\n\t<meta property=\"og:image:height\" content=\"828\" \/>\n\t<meta property=\"og:image:type\" content=\"image\/png\" \/>\n<meta name=\"twitter:card\" content=\"summary_large_image\" \/>\n<meta name=\"twitter:label1\" content=\"Gesch\u00e4tzte Lesezeit\" \/>\n\t<meta name=\"twitter:data1\" content=\"2\u00a0Minuten\" \/>\n<script type=\"application\/ld+json\" class=\"yoast-schema-graph\">{\"@context\":\"https:\/\/schema.org\",\"@graph\":[{\"@type\":\"WebPage\",\"@id\":\"https:\/\/dinfante.com\/de\/producto\/ron-heredero-d-infante\/\",\"url\":\"https:\/\/dinfante.com\/de\/producto\/ron-heredero-d-infante\/\",\"name\":\"RON HEREDERO D.INFANTE - Bodegas Infante\",\"isPartOf\":{\"@id\":\"https:\/\/dinfante.com\/de\/#website\"},\"primaryImageOfPage\":{\"@id\":\"https:\/\/dinfante.com\/de\/producto\/ron-heredero-d-infante\/#primaryimage\"},\"image\":{\"@id\":\"https:\/\/dinfante.com\/de\/producto\/ron-heredero-d-infante\/#primaryimage\"},\"thumbnailUrl\":\"https:\/\/dinfante.com\/wp-content\/uploads\/2021\/01\/prod-ron-heredero-infante4-1.png\",\"datePublished\":\"2021-01-13T11:59:35+00:00\",\"dateModified\":\"2025-07-08T17:53:44+00:00\",\"description\":\"Genie\u00dfen Sie Ron Heredero D.Infante. Gereift in Eichenf\u00e4ssern, dunkle, bernsteinfarbene Farbe.\",\"breadcrumb\":{\"@id\":\"https:\/\/dinfante.com\/de\/producto\/ron-heredero-d-infante\/#breadcrumb\"},\"inLanguage\":\"de\",\"potentialAction\":[{\"@type\":\"ReadAction\",\"target\":[\"https:\/\/dinfante.com\/de\/producto\/ron-heredero-d-infante\/\"]}]},{\"@type\":\"ImageObject\",\"inLanguage\":\"de\",\"@id\":\"https:\/\/dinfante.com\/de\/producto\/ron-heredero-d-infante\/#primaryimage\",\"url\":\"https:\/\/dinfante.com\/wp-content\/uploads\/2021\/01\/prod-ron-heredero-infante4-1.png\",\"contentUrl\":\"https:\/\/dinfante.com\/wp-content\/uploads\/2021\/01\/prod-ron-heredero-infante4-1.png\",\"width\":500,\"height\":828,\"caption\":\"Ron Premium Herdero by Infante\"},{\"@type\":\"BreadcrumbList\",\"@id\":\"https:\/\/dinfante.com\/de\/producto\/ron-heredero-d-infante\/#breadcrumb\",\"itemListElement\":[{\"@type\":\"ListItem\",\"position\":1,\"name\":\"Portada\",\"item\":\"https:\/\/dinfante.com\/de\/\"},{\"@type\":\"ListItem\",\"position\":2,\"name\":\"Tienda\",\"item\":\"https:\/\/dinfante.com\/en\/shop\/\"},{\"@type\":\"ListItem\",\"position\":3,\"name\":\"RON HEREDERO D.INFANTE\"}]},{\"@type\":\"WebSite\",\"@id\":\"https:\/\/dinfante.com\/de\/#website\",\"url\":\"https:\/\/dinfante.com\/de\/\",\"name\":\"Bodegas Infante\",\"description\":\"Artesanos del Brandy y vinos\",\"publisher\":{\"@id\":\"https:\/\/dinfante.com\/de\/#organization\"},\"potentialAction\":[{\"@type\":\"SearchAction\",\"target\":{\"@type\":\"EntryPoint\",\"urlTemplate\":\"https:\/\/dinfante.com\/de\/?s={search_term_string}\"},\"query-input\":{\"@type\":\"PropertyValueSpecification\",\"valueRequired\":true,\"valueName\":\"search_term_string\"}}],\"inLanguage\":\"de\"},{\"@type\":\"Organization\",\"@id\":\"https:\/\/dinfante.com\/de\/#organization\",\"name\":\"Bodegas Infante\",\"url\":\"https:\/\/dinfante.com\/de\/\",\"logo\":{\"@type\":\"ImageObject\",\"inLanguage\":\"de\",\"@id\":\"https:\/\/dinfante.com\/de\/#\/schema\/logo\/image\/\",\"url\":\"https:\/\/dinfante.com\/wp-content\/uploads\/2021\/04\/cabecera_tienda.jpg\",\"contentUrl\":\"https:\/\/dinfante.com\/wp-content\/uploads\/2021\/04\/cabecera_tienda.jpg\",\"width\":600,\"height\":151,\"caption\":\"Bodegas Infante\"},\"image\":{\"@id\":\"https:\/\/dinfante.com\/de\/#\/schema\/logo\/image\/\"}}]}<\/script>\n<!-- \/ Yoast SEO plugin. -->","yoast_head_json":{"title":"RON HEREDERO D.INFANTE - Bodegas Infante","description":"Genie\u00dfen Sie Ron Heredero D.Infante. Gereift in Eichenf\u00e4ssern, dunkle, bernsteinfarbene Farbe.","robots":{"index":"index","follow":"follow","max-snippet":"max-snippet:-1","max-image-preview":"max-image-preview:large","max-video-preview":"max-video-preview:-1"},"canonical":"https:\/\/dinfante.com\/de\/producto\/ron-heredero-d-infante\/","og_locale":"de_DE","og_type":"article","og_title":"RON HEREDERO D.INFANTE - Bodegas Infante","og_description":"Genie\u00dfen Sie Ron Heredero D.Infante. Gereift in Eichenf\u00e4ssern, dunkle, bernsteinfarbene Farbe.","og_url":"https:\/\/dinfante.com\/de\/producto\/ron-heredero-d-infante\/","og_site_name":"Bodegas Infante","article_modified_time":"2025-07-08T17:53:44+00:00","og_image":[{"width":500,"height":828,"url":"https:\/\/dinfante.com\/wp-content\/uploads\/2021\/01\/prod-ron-heredero-infante4-1.png","type":"image\/png"}],"twitter_card":"summary_large_image","twitter_misc":{"Gesch\u00e4tzte Lesezeit":"2\u00a0Minuten"},"schema":{"@context":"https:\/\/schema.org","@graph":[{"@type":"WebPage","@id":"https:\/\/dinfante.com\/de\/producto\/ron-heredero-d-infante\/","url":"https:\/\/dinfante.com\/de\/producto\/ron-heredero-d-infante\/","name":"RON HEREDERO D.INFANTE - Bodegas Infante","isPartOf":{"@id":"https:\/\/dinfante.com\/de\/#website"},"primaryImageOfPage":{"@id":"https:\/\/dinfante.com\/de\/producto\/ron-heredero-d-infante\/#primaryimage"},"image":{"@id":"https:\/\/dinfante.com\/de\/producto\/ron-heredero-d-infante\/#primaryimage"},"thumbnailUrl":"https:\/\/dinfante.com\/wp-content\/uploads\/2021\/01\/prod-ron-heredero-infante4-1.png","datePublished":"2021-01-13T11:59:35+00:00","dateModified":"2025-07-08T17:53:44+00:00","description":"Genie\u00dfen Sie Ron Heredero D.Infante. Gereift in Eichenf\u00e4ssern, dunkle, bernsteinfarbene Farbe.","breadcrumb":{"@id":"https:\/\/dinfante.com\/de\/producto\/ron-heredero-d-infante\/#breadcrumb"},"inLanguage":"de","potentialAction":[{"@type":"ReadAction","target":["https:\/\/dinfante.com\/de\/producto\/ron-heredero-d-infante\/"]}]},{"@type":"ImageObject","inLanguage":"de","@id":"https:\/\/dinfante.com\/de\/producto\/ron-heredero-d-infante\/#primaryimage","url":"https:\/\/dinfante.com\/wp-content\/uploads\/2021\/01\/prod-ron-heredero-infante4-1.png","contentUrl":"https:\/\/dinfante.com\/wp-content\/uploads\/2021\/01\/prod-ron-heredero-infante4-1.png","width":500,"height":828,"caption":"Ron Premium Herdero by Infante"},{"@type":"BreadcrumbList","@id":"https:\/\/dinfante.com\/de\/producto\/ron-heredero-d-infante\/#breadcrumb","itemListElement":[{"@type":"ListItem","position":1,"name":"Portada","item":"https:\/\/dinfante.com\/de\/"},{"@type":"ListItem","position":2,"name":"Tienda","item":"https:\/\/dinfante.com\/en\/shop\/"},{"@type":"ListItem","position":3,"name":"RON HEREDERO D.INFANTE"}]},{"@type":"WebSite","@id":"https:\/\/dinfante.com\/de\/#website","url":"https:\/\/dinfante.com\/de\/","name":"Bodegas Infante","description":"Artesanos del Brandy y vinos","publisher":{"@id":"https:\/\/dinfante.com\/de\/#organization"},"potentialAction":[{"@type":"SearchAction","target":{"@type":"EntryPoint","urlTemplate":"https:\/\/dinfante.com\/de\/?s={search_term_string}"},"query-input":{"@type":"PropertyValueSpecification","valueRequired":true,"valueName":"search_term_string"}}],"inLanguage":"de"},{"@type":"Organization","@id":"https:\/\/dinfante.com\/de\/#organization","name":"Bodegas Infante","url":"https:\/\/dinfante.com\/de\/","logo":{"@type":"ImageObject","inLanguage":"de","@id":"https:\/\/dinfante.com\/de\/#\/schema\/logo\/image\/","url":"https:\/\/dinfante.com\/wp-content\/uploads\/2021\/04\/cabecera_tienda.jpg","contentUrl":"https:\/\/dinfante.com\/wp-content\/uploads\/2021\/04\/cabecera_tienda.jpg","width":600,"height":151,"caption":"Bodegas Infante"},"image":{"@id":"https:\/\/dinfante.com\/de\/#\/schema\/logo\/image\/"}}]}},"_links":{"self":[{"href":"https:\/\/dinfante.com\/de\/wp-json\/wp\/v2\/product\/3056","targetHints":{"allow":["GET"]}}],"collection":[{"href":"https:\/\/dinfante.com\/de\/wp-json\/wp\/v2\/product"}],"about":[{"href":"https:\/\/dinfante.com\/de\/wp-json\/wp\/v2\/types\/product"}],"wp:featuredmedia":[{"embeddable":true,"href":"https:\/\/dinfante.com\/de\/wp-json\/wp\/v2\/media\/3062"}],"wp:attachment":[{"href":"https:\/\/dinfante.com\/de\/wp-json\/wp\/v2\/media?parent=3056"}],"wp:term":[{"taxonomy":"product_brand","embeddable":true,"href":"https:\/\/dinfante.com\/de\/wp-json\/wp\/v2\/product_brand?post=3056"},{"taxonomy":"product_cat","embeddable":true,"href":"https:\/\/dinfante.com\/de\/wp-json\/wp\/v2\/product_cat?post=3056"},{"taxonomy":"product_tag","embeddable":true,"href":"https:\/\/dinfante.com\/de\/wp-json\/wp\/v2\/product_tag?post=3056"}],"curies":[{"name":"wp","href":"https:\/\/api.w.org\/{rel}","templated":true}]}}