{"id":3089,"date":"2021-01-11T20:34:44","date_gmt":"2021-01-11T20:34:44","guid":{"rendered":"https:\/\/dinfante.com\/producto\/infante-dorange-3er-pack\/"},"modified":"2025-07-08T17:54:03","modified_gmt":"2025-07-08T17:54:03","slug":"infante-dorange-3er-pack","status":"publish","type":"product","link":"https:\/\/dinfante.com\/de\/producto\/infante-dorange-3er-pack\/","title":{"rendered":"INFANTE D&#8217;ORANGE <br> 3er-Pack"},"content":{"rendered":"<p>[vc_row css=&#8220;.vc_custom_1610395611398{padding-top: 5% !important;padding-right: 5% !important;padding-bottom: 5% !important;padding-left: 5% !important;background-color: #106f64 !important;}&#8220;][vc_column][vc_tta_tabs style=&#8220;theme&#8220; alignment=&#8220;center&#8220; active_section=&#8220;1&#8243;][vc_tta_section title=&#8220;HERSTELLUNG&#8220; tab_id=&#8220;elaboraci\u00f3n&#8220;][vc_column_text]Infante D&#8217;Orange ist ein Wein, der nach einer von den ehemaligen Besitzern der <a href=\"https:\/\/dinfante.com\/de\/unsere-geschichte\/\">Bodega<\/a> geerbten Formel hergestellt wird. Ein einzigartiger Lik\u00f6rwein aus dieser Region Andalusiens und Spaniens.<br \/>\nDer Pedro Ximenez de Montilla Moriles, die Mistelas unserer Region, die Essenzen der von unserem Team ausgew\u00e4hlten und monatelang mazerierten Orangenschalen machen diesen Infante D\u00b4Orange zu einer K\u00f6stlichkeit f\u00fcr die erlesensten Gaumen, der in amerikanischen Eichenf\u00e4ssern nach dem System von Criaderas und Soleras jahrelang reift und ihn einzigartig macht.[\/vc_column_text][\/vc_tta_section][vc_tta_section title=&#8220;VERKOSTUNGSNOTIZEN&#8220; tab_id=&#8220;cata&#8220;][vc_column_text]<span style=\"color: #f1cd7f;\"><strong>AUSSEHEN:<\/strong><\/span> Sehr brillante und saubere, dunkle Mahagonifarbe.<\/p>\n<p><span style=\"color: #f1cd7f;\"><strong>NASE:<\/strong><\/span> In der Nase ist er aromatisch, besonders nach Orangen aus der Region, tief und anhaltend, mit einem ausgepr\u00e4gt blumigen Charakter (Orangenbl\u00fcte, Jasmin) und R\u00f6stnoten aus dem Barrique.<\/p>\n<p><span style=\"color: #f1cd7f;\"><strong>MUND:<\/strong><\/span> Im Mund ist er seidig, mit einer leichten S\u00fc\u00dfe, und beim Vorbeigleiten erscheinen wieder die blumigen Aromen und nat\u00fcrlich die Orange.<\/p>\n<p><span style=\"color: #f1cd7f;\"><strong>NACHGESCHMACK:<\/strong><\/span> Komplexe und lange Aromen.[\/vc_column_text][\/vc_tta_section][vc_tta_section title=&#8220;GENUSSMOMENTE&#8220; tab_id=&#8220;maridaje&#8220;][vc_column_text]<strong><span style=\"color: #f1cd7f;\">\u00b7<\/span><\/strong> Die perfekte Kombination f\u00fcr Infante D&#8217;Orange sind Desserts und S\u00fc\u00dfigkeiten.<\/p>\n<p><strong><span style=\"color: #f1cd7f;\">\u00b7<\/span><\/strong> Als Aperitif mit Eis und Trockenfr\u00fcchten genie\u00dfen.<\/p>\n<p><strong><span style=\"color: #f1cd7f;\">\u00b7<\/span><\/strong> Als Nachtisch nach dem Essen und dem Kaffee.<\/p>\n<p>Entdecken Sie diesen und andere Genussmomente in unseren <a href=\"https:\/\/www.instagram.com\/bodegasinfante\/\">sozialen Netzwerken.<\/a>[\/vc_column_text][\/vc_tta_section][\/vc_tta_tabs][\/vc_column][\/vc_row]<\/p>\n","protected":false},"excerpt":{"rendered":"<p>Dieser Wein wird als aromatisierter S\u00fc\u00dfwein durch die Mazeration von Orangenschalen klassifiziert, was ihn durch die Frische der Orange und die Reifung in amerikanischen Eichenf\u00e4ssern zu einem besonderen S\u00fc\u00dfwein macht.<\/p>\n","protected":false},"featured_media":3090,"template":"","meta":[],"product_brand":[],"product_cat":[63],"product_tag":[],"class_list":{"0":"post-3089","1":"product","2":"type-product","3":"status-publish","4":"has-post-thumbnail","6":"product_cat-suswein","8":"first","9":"instock","10":"taxable","11":"shipping-taxable","12":"purchasable","13":"product-type-simple"},"acf":[],"yoast_head":"<!-- This site is optimized with the Yoast SEO plugin v27.1.1 - https:\/\/yoast.com\/product\/yoast-seo-wordpress\/ -->\n<title>INFANTE D&#039;ORANGE  3er-Pack - Bodegas Infante<\/title>\n<meta name=\"description\" content=\"Infante D&#039;Orange: Lik\u00f6rwein nach altem Rezept aus Andalusien.\" \/>\n<meta name=\"robots\" content=\"index, follow, max-snippet:-1, max-image-preview:large, max-video-preview:-1\" \/>\n<link rel=\"canonical\" href=\"https:\/\/dinfante.com\/de\/producto\/infante-dorange-3er-pack\/\" \/>\n<meta property=\"og:locale\" content=\"de_DE\" \/>\n<meta property=\"og:type\" content=\"article\" \/>\n<meta property=\"og:title\" content=\"INFANTE D&#039;ORANGE  3er-Pack - Bodegas Infante\" \/>\n<meta property=\"og:description\" content=\"Infante D&#039;Orange: Lik\u00f6rwein nach altem Rezept aus Andalusien.\" \/>\n<meta property=\"og:url\" content=\"https:\/\/dinfante.com\/de\/producto\/infante-dorange-3er-pack\/\" \/>\n<meta property=\"og:site_name\" content=\"Bodegas Infante\" \/>\n<meta property=\"article:modified_time\" content=\"2025-07-08T17:54:03+00:00\" \/>\n<meta property=\"og:image\" content=\"https:\/\/dinfante.com\/wp-content\/uploads\/2021\/01\/prod-infante-d-orange3.png\" \/>\n\t<meta property=\"og:image:width\" content=\"500\" \/>\n\t<meta property=\"og:image:height\" content=\"828\" \/>\n\t<meta property=\"og:image:type\" content=\"image\/png\" \/>\n<meta name=\"twitter:card\" content=\"summary_large_image\" \/>\n<meta name=\"twitter:label1\" content=\"Gesch\u00e4tzte Lesezeit\" \/>\n\t<meta name=\"twitter:data1\" content=\"1\u00a0Minute\" \/>\n<script type=\"application\/ld+json\" class=\"yoast-schema-graph\">{\"@context\":\"https:\/\/schema.org\",\"@graph\":[{\"@type\":\"WebPage\",\"@id\":\"https:\/\/dinfante.com\/de\/producto\/infante-dorange-3er-pack\/\",\"url\":\"https:\/\/dinfante.com\/de\/producto\/infante-dorange-3er-pack\/\",\"name\":\"INFANTE D'ORANGE 3er-Pack - Bodegas Infante\",\"isPartOf\":{\"@id\":\"https:\/\/dinfante.com\/de\/#website\"},\"primaryImageOfPage\":{\"@id\":\"https:\/\/dinfante.com\/de\/producto\/infante-dorange-3er-pack\/#primaryimage\"},\"image\":{\"@id\":\"https:\/\/dinfante.com\/de\/producto\/infante-dorange-3er-pack\/#primaryimage\"},\"thumbnailUrl\":\"https:\/\/dinfante.com\/wp-content\/uploads\/2021\/01\/prod-infante-d-orange3.png\",\"datePublished\":\"2021-01-11T20:34:44+00:00\",\"dateModified\":\"2025-07-08T17:54:03+00:00\",\"description\":\"Infante D'Orange: Lik\u00f6rwein nach altem Rezept aus Andalusien.\",\"breadcrumb\":{\"@id\":\"https:\/\/dinfante.com\/de\/producto\/infante-dorange-3er-pack\/#breadcrumb\"},\"inLanguage\":\"de\",\"potentialAction\":[{\"@type\":\"ReadAction\",\"target\":[\"https:\/\/dinfante.com\/de\/producto\/infante-dorange-3er-pack\/\"]}]},{\"@type\":\"ImageObject\",\"inLanguage\":\"de\",\"@id\":\"https:\/\/dinfante.com\/de\/producto\/infante-dorange-3er-pack\/#primaryimage\",\"url\":\"https:\/\/dinfante.com\/wp-content\/uploads\/2021\/01\/prod-infante-d-orange3.png\",\"contentUrl\":\"https:\/\/dinfante.com\/wp-content\/uploads\/2021\/01\/prod-infante-d-orange3.png\",\"width\":500,\"height\":828,\"caption\":\"vino dulce pedro ximenez\"},{\"@type\":\"BreadcrumbList\",\"@id\":\"https:\/\/dinfante.com\/de\/producto\/infante-dorange-3er-pack\/#breadcrumb\",\"itemListElement\":[{\"@type\":\"ListItem\",\"position\":1,\"name\":\"Portada\",\"item\":\"https:\/\/dinfante.com\/de\/\"},{\"@type\":\"ListItem\",\"position\":2,\"name\":\"Tienda\",\"item\":\"https:\/\/dinfante.com\/en\/shop\/\"},{\"@type\":\"ListItem\",\"position\":3,\"name\":\"INFANTE D&#8217;ORANGE 3er-Pack\"}]},{\"@type\":\"WebSite\",\"@id\":\"https:\/\/dinfante.com\/de\/#website\",\"url\":\"https:\/\/dinfante.com\/de\/\",\"name\":\"Bodegas Infante\",\"description\":\"Artesanos del Brandy y vinos\",\"publisher\":{\"@id\":\"https:\/\/dinfante.com\/de\/#organization\"},\"potentialAction\":[{\"@type\":\"SearchAction\",\"target\":{\"@type\":\"EntryPoint\",\"urlTemplate\":\"https:\/\/dinfante.com\/de\/?s={search_term_string}\"},\"query-input\":{\"@type\":\"PropertyValueSpecification\",\"valueRequired\":true,\"valueName\":\"search_term_string\"}}],\"inLanguage\":\"de\"},{\"@type\":\"Organization\",\"@id\":\"https:\/\/dinfante.com\/de\/#organization\",\"name\":\"Bodegas Infante\",\"url\":\"https:\/\/dinfante.com\/de\/\",\"logo\":{\"@type\":\"ImageObject\",\"inLanguage\":\"de\",\"@id\":\"https:\/\/dinfante.com\/de\/#\/schema\/logo\/image\/\",\"url\":\"https:\/\/dinfante.com\/wp-content\/uploads\/2021\/04\/cabecera_tienda.jpg\",\"contentUrl\":\"https:\/\/dinfante.com\/wp-content\/uploads\/2021\/04\/cabecera_tienda.jpg\",\"width\":600,\"height\":151,\"caption\":\"Bodegas Infante\"},\"image\":{\"@id\":\"https:\/\/dinfante.com\/de\/#\/schema\/logo\/image\/\"}}]}<\/script>\n<!-- \/ Yoast SEO plugin. -->","yoast_head_json":{"title":"INFANTE D'ORANGE  3er-Pack - Bodegas Infante","description":"Infante D'Orange: Lik\u00f6rwein nach altem Rezept aus Andalusien.","robots":{"index":"index","follow":"follow","max-snippet":"max-snippet:-1","max-image-preview":"max-image-preview:large","max-video-preview":"max-video-preview:-1"},"canonical":"https:\/\/dinfante.com\/de\/producto\/infante-dorange-3er-pack\/","og_locale":"de_DE","og_type":"article","og_title":"INFANTE D'ORANGE  3er-Pack - Bodegas Infante","og_description":"Infante D'Orange: Lik\u00f6rwein nach altem Rezept aus Andalusien.","og_url":"https:\/\/dinfante.com\/de\/producto\/infante-dorange-3er-pack\/","og_site_name":"Bodegas Infante","article_modified_time":"2025-07-08T17:54:03+00:00","og_image":[{"width":500,"height":828,"url":"https:\/\/dinfante.com\/wp-content\/uploads\/2021\/01\/prod-infante-d-orange3.png","type":"image\/png"}],"twitter_card":"summary_large_image","twitter_misc":{"Gesch\u00e4tzte Lesezeit":"1\u00a0Minute"},"schema":{"@context":"https:\/\/schema.org","@graph":[{"@type":"WebPage","@id":"https:\/\/dinfante.com\/de\/producto\/infante-dorange-3er-pack\/","url":"https:\/\/dinfante.com\/de\/producto\/infante-dorange-3er-pack\/","name":"INFANTE D'ORANGE 3er-Pack - Bodegas Infante","isPartOf":{"@id":"https:\/\/dinfante.com\/de\/#website"},"primaryImageOfPage":{"@id":"https:\/\/dinfante.com\/de\/producto\/infante-dorange-3er-pack\/#primaryimage"},"image":{"@id":"https:\/\/dinfante.com\/de\/producto\/infante-dorange-3er-pack\/#primaryimage"},"thumbnailUrl":"https:\/\/dinfante.com\/wp-content\/uploads\/2021\/01\/prod-infante-d-orange3.png","datePublished":"2021-01-11T20:34:44+00:00","dateModified":"2025-07-08T17:54:03+00:00","description":"Infante D'Orange: Lik\u00f6rwein nach altem Rezept aus Andalusien.","breadcrumb":{"@id":"https:\/\/dinfante.com\/de\/producto\/infante-dorange-3er-pack\/#breadcrumb"},"inLanguage":"de","potentialAction":[{"@type":"ReadAction","target":["https:\/\/dinfante.com\/de\/producto\/infante-dorange-3er-pack\/"]}]},{"@type":"ImageObject","inLanguage":"de","@id":"https:\/\/dinfante.com\/de\/producto\/infante-dorange-3er-pack\/#primaryimage","url":"https:\/\/dinfante.com\/wp-content\/uploads\/2021\/01\/prod-infante-d-orange3.png","contentUrl":"https:\/\/dinfante.com\/wp-content\/uploads\/2021\/01\/prod-infante-d-orange3.png","width":500,"height":828,"caption":"vino dulce pedro ximenez"},{"@type":"BreadcrumbList","@id":"https:\/\/dinfante.com\/de\/producto\/infante-dorange-3er-pack\/#breadcrumb","itemListElement":[{"@type":"ListItem","position":1,"name":"Portada","item":"https:\/\/dinfante.com\/de\/"},{"@type":"ListItem","position":2,"name":"Tienda","item":"https:\/\/dinfante.com\/en\/shop\/"},{"@type":"ListItem","position":3,"name":"INFANTE D&#8217;ORANGE 3er-Pack"}]},{"@type":"WebSite","@id":"https:\/\/dinfante.com\/de\/#website","url":"https:\/\/dinfante.com\/de\/","name":"Bodegas Infante","description":"Artesanos del Brandy y vinos","publisher":{"@id":"https:\/\/dinfante.com\/de\/#organization"},"potentialAction":[{"@type":"SearchAction","target":{"@type":"EntryPoint","urlTemplate":"https:\/\/dinfante.com\/de\/?s={search_term_string}"},"query-input":{"@type":"PropertyValueSpecification","valueRequired":true,"valueName":"search_term_string"}}],"inLanguage":"de"},{"@type":"Organization","@id":"https:\/\/dinfante.com\/de\/#organization","name":"Bodegas Infante","url":"https:\/\/dinfante.com\/de\/","logo":{"@type":"ImageObject","inLanguage":"de","@id":"https:\/\/dinfante.com\/de\/#\/schema\/logo\/image\/","url":"https:\/\/dinfante.com\/wp-content\/uploads\/2021\/04\/cabecera_tienda.jpg","contentUrl":"https:\/\/dinfante.com\/wp-content\/uploads\/2021\/04\/cabecera_tienda.jpg","width":600,"height":151,"caption":"Bodegas Infante"},"image":{"@id":"https:\/\/dinfante.com\/de\/#\/schema\/logo\/image\/"}}]}},"_links":{"self":[{"href":"https:\/\/dinfante.com\/de\/wp-json\/wp\/v2\/product\/3089","targetHints":{"allow":["GET"]}}],"collection":[{"href":"https:\/\/dinfante.com\/de\/wp-json\/wp\/v2\/product"}],"about":[{"href":"https:\/\/dinfante.com\/de\/wp-json\/wp\/v2\/types\/product"}],"wp:featuredmedia":[{"embeddable":true,"href":"https:\/\/dinfante.com\/de\/wp-json\/wp\/v2\/media\/3090"}],"wp:attachment":[{"href":"https:\/\/dinfante.com\/de\/wp-json\/wp\/v2\/media?parent=3089"}],"wp:term":[{"taxonomy":"product_brand","embeddable":true,"href":"https:\/\/dinfante.com\/de\/wp-json\/wp\/v2\/product_brand?post=3089"},{"taxonomy":"product_cat","embeddable":true,"href":"https:\/\/dinfante.com\/de\/wp-json\/wp\/v2\/product_cat?post=3089"},{"taxonomy":"product_tag","embeddable":true,"href":"https:\/\/dinfante.com\/de\/wp-json\/wp\/v2\/product_tag?post=3089"}],"curies":[{"name":"wp","href":"https:\/\/api.w.org\/{rel}","templated":true}]}}