{"id":3103,"date":"2021-01-12T12:32:50","date_gmt":"2021-01-12T12:32:50","guid":{"rendered":"https:\/\/dinfante.com\/producto\/infante-gran-reserva-especial\/"},"modified":"2025-07-08T17:54:25","modified_gmt":"2025-07-08T17:54:25","slug":"infante-gran-reserva-especial","status":"publish","type":"product","link":"https:\/\/dinfante.com\/de\/producto\/infante-gran-reserva-especial\/","title":{"rendered":"INFANTE GRAN RESERVA ESPECIAL"},"content":{"rendered":"<p>[vc_row css=&#8220;.vc_custom_1610395611398{padding-top: 5% !important;padding-right: 5% !important;padding-bottom: 5% !important;padding-left: 5% !important;background-color: #106f64 !important;}&#8220;][vc_column][vc_tta_tabs style=&#8220;theme&#8220; alignment=&#8220;center&#8220; active_section=&#8220;1&#8243;][vc_tta_section title=&#8220;HERSTELLUNG&#8220; tab_id=&#8220;elaboraci\u00f3n&#8220;][vc_column_text]<\/p>\n<div class=\"flex-1 overflow-hidden\">\n<div class=\"react-scroll-to-bottom--css-eznvs-79elbk h-full\">\n<div class=\"react-scroll-to-bottom--css-eznvs-1n7m0yu\">\n<div class=\"flex flex-col pb-9 text-sm\">\n<div class=\"w-full text-token-text-primary\" data-testid=\"conversation-turn-5\">\n<div class=\"px-4 py-2 justify-center text-base md:gap-6 m-auto\">\n<div class=\"flex flex-1 text-base mx-auto gap-3 md:px-5 lg:px-1 xl:px-5 md:max-w-3xl lg:max-w-[40rem] xl:max-w-[48rem] group final-completion\">\n<div class=\"relative flex w-full flex-col lg:w-[calc(100%-115px)] agent-turn\">\n<div class=\"flex-col gap-1 md:gap-3\">\n<div class=\"flex flex-grow flex-col max-w-full\">\n<div class=\"min-h-[20px] text-message flex flex-col items-start gap-3 whitespace-pre-wrap break-words [.text-message+&amp;]:mt-5 overflow-x-auto\" data-message-author-role=\"assistant\" data-message-id=\"ff3e9111-bf2b-4608-a8ac-91f92f4714eb\">\n<div class=\"markdown prose w-full break-words dark:prose-invert light\">\n<p>Infante Gran Reserva Especial wird sorgf\u00e4ltig aus ausgew\u00e4hlten Holandas und Branntweinen hergestellt, die in amerikanischen Eichenf\u00e4ssern \u00fcber 15 Jahre lang einem oxidativen Ausbau nach dem Criaderas- und Soleras-System unterzogen werden. Diese F\u00e4sser, die zuvor mit dem unverwechselbaren Bouquet von Oloroso-Wein \u00fcber 10 Jahre lang getr\u00e4nkt wurden, tragen zum au\u00dfergew\u00f6hnlichen Geschmacksprofil dieses Elixiers bei. Die Technik von Criaderas y Soleras beinhaltet die sorgf\u00e4ltige Kombination von Lik\u00f6ren unterschiedlichen Reifegrades, was zu einem Brandy f\u00fchrt, der eine einzigartige Komplexit\u00e4t offenbart und bei jedem Schluck tiefe und reiche Noten vereint.  <\/p>\n<\/div>\n<p>Entdecken Sie mehr \u00fcber diesen Brandy <a href=\"https:\/\/dinfante.com\/espirituosos-y-vinos-premium\/\">hier<\/a>.<\/p>\n<\/div>\n<\/div>\n<\/div>\n<\/div>\n<\/div>\n<\/div>\n<\/div>\n<\/div>\n<\/div>\n<\/div>\n<\/div>\n<p>[\/vc_column_text][\/vc_tta_section][vc_tta_section title=&#8220;VERKOSTUNGSNOTIZEN&#8220; tab_id=&#8220;cata&#8220;][vc_column_text]<span style=\"color: #f1cd7f;\"><strong>AUSSEHEN:<\/strong><\/span> Dunkles Mahagoni, alte kupferfarbene Reflexe.<\/p>\n<p><span style=\"color: #f1cd7f;\"><strong>NASE:<\/strong><\/span> Gro\u00dfe Kraft und aromatische Komplexit\u00e4t, die gleichzeitig harmonisch, subtil und sehr vornehm ist. Einzigartig in seinem Aroma, mit einem Hauch von Vanille, Lakritz, Gew\u00fcrzen, Leder und Edelholz, was darauf hindeutet, dass es sich um einen Brandy mit jahrelanger Reife handelt. <\/p>\n<p><span style=\"color: #f1cd7f;\"><strong>MUND:<\/strong><\/span> Er zeichnet sich durch seine Weichheit, W\u00e4rme, Persistenz und Harmonie aus und bietet ein spektakul\u00e4res Gleichgewicht zwischen den Oloroso-Aromen und der alkoholischen St\u00e4rke, was einen au\u00dfergew\u00f6hnlich sanften Alkohol\u00fcbergang erm\u00f6glicht.<\/p>\n<p><span style=\"color: #f1cd7f;\"><strong>NACHGESCHMACK:<\/strong><\/span> Lang, kraftvoll und weich, ein sehr anhaltendes Finale aufgrund seiner gro\u00dfen Komplexit\u00e4t.[\/vc_column_text][\/vc_tta_section][vc_tta_section title=&#8220;GENUSSMOMENTE&#8220; tab_id=&#8220;maridaje&#8220;][vc_column_text]<\/p>\n<div class=\"flex-1 overflow-hidden\">\n<div class=\"react-scroll-to-bottom--css-eznvs-79elbk h-full\">\n<div class=\"react-scroll-to-bottom--css-eznvs-1n7m0yu\">\n<div class=\"flex flex-col pb-9 text-sm\">\n<div class=\"w-full text-token-text-primary\" data-testid=\"conversation-turn-7\">\n<div class=\"px-4 py-2 justify-center text-base md:gap-6 m-auto\">\n<div class=\"flex flex-1 text-base mx-auto gap-3 md:px-5 lg:px-1 xl:px-5 md:max-w-3xl lg:max-w-[40rem] xl:max-w-[48rem] group final-completion\">\n<div class=\"relative flex w-full flex-col lg:w-[calc(100%-115px)] agent-turn\">\n<div class=\"flex-col gap-1 md:gap-3\">\n<div class=\"flex flex-grow flex-col max-w-full\">\n<div class=\"min-h-[20px] text-message flex flex-col items-start gap-3 whitespace-pre-wrap break-words [.text-message+&amp;]:mt-5 overflow-x-auto\" data-message-author-role=\"assistant\" data-message-id=\"97f26f16-24e3-49d5-a4b6-27fffc38c353\">\n<div class=\"markdown prose w-full break-words dark:prose-invert light\">\n<p>Dieser Brandy Infante Gran Reserva Especial entfaltet seinen vollen Ausdruck bei einem angenehmen Dessert, wo seine gem\u00e4chliche Verkostung zu einem Genuss wird.<\/p>\n<p>Ob begleitet von der ruhigen Lekt\u00fcre eines Buches, beim Genie\u00dfen der warmen Sonnenunterg\u00e4nge in bester Gesellschaft oder beim Teilen mit Lieben in einem Gespr\u00e4ch, dieses Elixier wird zum perfekten Vermittler f\u00fcr besondere Momente und verleiht jeder Erfahrung einen Hauch von Raffinesse und W\u00e4rme.<\/p>\n<p>Seine Komplexit\u00e4t und sein Reichtum an Nuancen verschmelzen harmonisch mit den Freuden des Lebens und machen jeden Anlass unvergesslich.<\/p>\n<\/div>\n<\/div>\n<\/div>\n<\/div>\n<\/div>\n<\/div>\n<\/div>\n<\/div>\n<\/div>\n<\/div>\n<\/div>\n<\/div>\n<p>[\/vc_column_text][\/vc_tta_section][\/vc_tta_tabs][\/vc_column][\/vc_row][vc_row full_width=&#8220;stretch_row_content&#8220; css=&#8220;.vc_custom_1611343624005{padding-right: 15px !important;padding-left: 15px !important;}&#8220;][vc_column]\n\t<div class=\" img_shop_productos\">\n\t<div class=\"gg_images_slider\">\n\t<div  data-slick='{  \"slidesToShow\": 3,  \"arrows\": false,  \"dots\": true,  \"autoplay\": true,  \"infinite\": true,  \"slidesToScroll\": 1,  \"responsive\": [{\"breakpoint\": 1024, \"settings\": {\"slidesToShow\": 3, \"slidesToScroll\": 1}}, {\"breakpoint\": 600, \"settings\": {\"slidesToShow\": 2, \"slidesToScroll\": 1}}, {\"breakpoint\": 480, \"settings\": {\"slidesToShow\": 1, \"slidesToScroll\": 1}}]  }'  class=\"el-grid no_magnific products row gg-slick-carousel \" data-layout-mode=\"fitRows\" data-pagination=\"\"><div class=\"3\"><img loading=\"lazy\" decoding=\"async\" width=\"1024\" height=\"768\" src=\"https:\/\/dinfante.com\/wp-content\/uploads\/2021\/01\/Infante-gran-reserva-01.jpg\" class=\"attachment-full\" alt=\"Brandy Infante Gran Reserva Especial\" title=\"Infante-gran-reserva-01\" srcset=\"https:\/\/dinfante.com\/wp-content\/uploads\/2021\/01\/Infante-gran-reserva-01.jpg 1024w, https:\/\/dinfante.com\/wp-content\/uploads\/2021\/01\/Infante-gran-reserva-01-300x225.jpg 300w, https:\/\/dinfante.com\/wp-content\/uploads\/2021\/01\/Infante-gran-reserva-01-768x576.jpg 768w\" sizes=\"auto, (max-width: 1024px) 100vw, 1024px\" \/><\/div><div class=\"3\"><img loading=\"lazy\" decoding=\"async\" width=\"1024\" height=\"768\" src=\"https:\/\/dinfante.com\/wp-content\/uploads\/2021\/01\/Infante-gran-reserva-02.jpg\" class=\"attachment-full\" alt=\"Brandy Infante Gran Reserva Especial\" title=\"Infante-gran-reserva-02\" srcset=\"https:\/\/dinfante.com\/wp-content\/uploads\/2021\/01\/Infante-gran-reserva-02.jpg 1024w, https:\/\/dinfante.com\/wp-content\/uploads\/2021\/01\/Infante-gran-reserva-02-300x225.jpg 300w, https:\/\/dinfante.com\/wp-content\/uploads\/2021\/01\/Infante-gran-reserva-02-768x576.jpg 768w\" sizes=\"auto, (max-width: 1024px) 100vw, 1024px\" \/><\/div><div class=\"3\"><img loading=\"lazy\" decoding=\"async\" width=\"1024\" height=\"768\" src=\"https:\/\/dinfante.com\/wp-content\/uploads\/2021\/01\/Infante-gran-reserva-03.jpg\" class=\"attachment-full\" alt=\"Brandy Infante Gran Reserva Especial\" title=\"Infante-gran-reserva-03\" srcset=\"https:\/\/dinfante.com\/wp-content\/uploads\/2021\/01\/Infante-gran-reserva-03.jpg 1024w, https:\/\/dinfante.com\/wp-content\/uploads\/2021\/01\/Infante-gran-reserva-03-300x225.jpg 300w, https:\/\/dinfante.com\/wp-content\/uploads\/2021\/01\/Infante-gran-reserva-03-768x576.jpg 768w\" sizes=\"auto, (max-width: 1024px) 100vw, 1024px\" \/><\/div><div class=\"3\"><img loading=\"lazy\" decoding=\"async\" width=\"1024\" height=\"768\" src=\"https:\/\/dinfante.com\/wp-content\/uploads\/2021\/01\/Infante-gran-reserva-04.jpg\" class=\"attachment-full\" alt=\"Brandy Infante Gran Reserva Especial\" title=\"Infante-gran-reserva-04\" srcset=\"https:\/\/dinfante.com\/wp-content\/uploads\/2021\/01\/Infante-gran-reserva-04.jpg 1024w, https:\/\/dinfante.com\/wp-content\/uploads\/2021\/01\/Infante-gran-reserva-04-300x225.jpg 300w, https:\/\/dinfante.com\/wp-content\/uploads\/2021\/01\/Infante-gran-reserva-04-768x576.jpg 768w\" sizes=\"auto, (max-width: 1024px) 100vw, 1024px\" \/><\/div><div class=\"3\"><img loading=\"lazy\" decoding=\"async\" width=\"1024\" height=\"768\" src=\"https:\/\/dinfante.com\/wp-content\/uploads\/2021\/01\/Infante-gran-reserva-05.jpg\" class=\"attachment-full\" alt=\"Brandy Infante Gran Reserva Especial\" title=\"Infante-gran-reserva-05\" srcset=\"https:\/\/dinfante.com\/wp-content\/uploads\/2021\/01\/Infante-gran-reserva-05.jpg 1024w, https:\/\/dinfante.com\/wp-content\/uploads\/2021\/01\/Infante-gran-reserva-05-300x225.jpg 300w, https:\/\/dinfante.com\/wp-content\/uploads\/2021\/01\/Infante-gran-reserva-05-768x576.jpg 768w\" sizes=\"auto, (max-width: 1024px) 100vw, 1024px\" \/><\/div>\n\t<\/div>\n\t<\/div>\n\t<\/div>[\/vc_column][\/vc_row]<\/p>\n","protected":false},"excerpt":{"rendered":"<p>Die Eigenschaften dieses Brandys werden von klassischen Verkostern sehr gesch\u00e4tzt, die unter anderem das exquisite Aroma von gereiften Holandas hervorheben, die mit alten Weinen (50 Jahre) vermischt sind, sowie ein Kompendium von Aromen, die nur erkl\u00e4rt werden k\u00f6nnen, nachdem man die alten Weine (Color und PX) probiert hat, die bei der Herstellung hinzugef\u00fcgt werden und zusammen mit den j\u00fcngeren Alkoholen verbleiben.<\/p>\n","protected":false},"featured_media":3112,"template":"","meta":[],"product_brand":[],"product_cat":[61],"product_tag":[],"class_list":{"0":"post-3103","1":"product","2":"type-product","3":"status-publish","4":"has-post-thumbnail","6":"product_cat-premium-de","8":"first","9":"instock","10":"taxable","11":"shipping-taxable","12":"purchasable","13":"product-type-simple"},"acf":[],"yoast_head":"<!-- This site is optimized with the Yoast SEO plugin v27.1.1 - https:\/\/yoast.com\/product\/yoast-seo-wordpress\/ -->\n<title>INFANTE GRAN RESERVA ESPECIAL - Bodegas Infante<\/title>\n<meta name=\"description\" content=\"Brandy Infante Gran Reserva Especial. Genie\u00dfen Sie sein exquisites Aroma und unvergleichlichen Geschmack.\" \/>\n<meta name=\"robots\" content=\"index, follow, max-snippet:-1, max-image-preview:large, max-video-preview:-1\" \/>\n<link rel=\"canonical\" href=\"https:\/\/dinfante.com\/de\/producto\/infante-gran-reserva-especial\/\" \/>\n<meta property=\"og:locale\" content=\"de_DE\" \/>\n<meta property=\"og:type\" content=\"article\" \/>\n<meta property=\"og:title\" content=\"INFANTE GRAN RESERVA ESPECIAL - Bodegas Infante\" \/>\n<meta property=\"og:description\" content=\"Brandy Infante Gran Reserva Especial. Genie\u00dfen Sie sein exquisites Aroma und unvergleichlichen Geschmack.\" \/>\n<meta property=\"og:url\" content=\"https:\/\/dinfante.com\/de\/producto\/infante-gran-reserva-especial\/\" \/>\n<meta property=\"og:site_name\" content=\"Bodegas Infante\" \/>\n<meta property=\"article:modified_time\" content=\"2025-07-08T17:54:25+00:00\" \/>\n<meta property=\"og:image\" content=\"https:\/\/dinfante.com\/wp-content\/uploads\/2021\/01\/prod-infante-gran-reserva-especial3-1.png\" \/>\n\t<meta property=\"og:image:width\" content=\"500\" \/>\n\t<meta property=\"og:image:height\" content=\"828\" \/>\n\t<meta property=\"og:image:type\" content=\"image\/png\" \/>\n<meta name=\"twitter:card\" content=\"summary_large_image\" \/>\n<meta name=\"twitter:label1\" content=\"Gesch\u00e4tzte Lesezeit\" \/>\n\t<meta name=\"twitter:data1\" content=\"2\u00a0Minuten\" \/>\n<script type=\"application\/ld+json\" class=\"yoast-schema-graph\">{\"@context\":\"https:\/\/schema.org\",\"@graph\":[{\"@type\":\"WebPage\",\"@id\":\"https:\/\/dinfante.com\/de\/producto\/infante-gran-reserva-especial\/\",\"url\":\"https:\/\/dinfante.com\/de\/producto\/infante-gran-reserva-especial\/\",\"name\":\"INFANTE GRAN RESERVA ESPECIAL - Bodegas Infante\",\"isPartOf\":{\"@id\":\"https:\/\/dinfante.com\/de\/#website\"},\"primaryImageOfPage\":{\"@id\":\"https:\/\/dinfante.com\/de\/producto\/infante-gran-reserva-especial\/#primaryimage\"},\"image\":{\"@id\":\"https:\/\/dinfante.com\/de\/producto\/infante-gran-reserva-especial\/#primaryimage\"},\"thumbnailUrl\":\"https:\/\/dinfante.com\/wp-content\/uploads\/2021\/01\/prod-infante-gran-reserva-especial3-1.png\",\"datePublished\":\"2021-01-12T12:32:50+00:00\",\"dateModified\":\"2025-07-08T17:54:25+00:00\",\"description\":\"Brandy Infante Gran Reserva Especial. Genie\u00dfen Sie sein exquisites Aroma und unvergleichlichen Geschmack.\",\"breadcrumb\":{\"@id\":\"https:\/\/dinfante.com\/de\/producto\/infante-gran-reserva-especial\/#breadcrumb\"},\"inLanguage\":\"de\",\"potentialAction\":[{\"@type\":\"ReadAction\",\"target\":[\"https:\/\/dinfante.com\/de\/producto\/infante-gran-reserva-especial\/\"]}]},{\"@type\":\"ImageObject\",\"inLanguage\":\"de\",\"@id\":\"https:\/\/dinfante.com\/de\/producto\/infante-gran-reserva-especial\/#primaryimage\",\"url\":\"https:\/\/dinfante.com\/wp-content\/uploads\/2021\/01\/prod-infante-gran-reserva-especial3-1.png\",\"contentUrl\":\"https:\/\/dinfante.com\/wp-content\/uploads\/2021\/01\/prod-infante-gran-reserva-especial3-1.png\",\"width\":500,\"height\":828,\"caption\":\"Brandy Infante Gran Reserva Especial\"},{\"@type\":\"BreadcrumbList\",\"@id\":\"https:\/\/dinfante.com\/de\/producto\/infante-gran-reserva-especial\/#breadcrumb\",\"itemListElement\":[{\"@type\":\"ListItem\",\"position\":1,\"name\":\"Portada\",\"item\":\"https:\/\/dinfante.com\/de\/\"},{\"@type\":\"ListItem\",\"position\":2,\"name\":\"Tienda\",\"item\":\"https:\/\/dinfante.com\/en\/shop\/\"},{\"@type\":\"ListItem\",\"position\":3,\"name\":\"INFANTE GRAN RESERVA ESPECIAL\"}]},{\"@type\":\"WebSite\",\"@id\":\"https:\/\/dinfante.com\/de\/#website\",\"url\":\"https:\/\/dinfante.com\/de\/\",\"name\":\"Bodegas Infante\",\"description\":\"Artesanos del Brandy y vinos\",\"publisher\":{\"@id\":\"https:\/\/dinfante.com\/de\/#organization\"},\"potentialAction\":[{\"@type\":\"SearchAction\",\"target\":{\"@type\":\"EntryPoint\",\"urlTemplate\":\"https:\/\/dinfante.com\/de\/?s={search_term_string}\"},\"query-input\":{\"@type\":\"PropertyValueSpecification\",\"valueRequired\":true,\"valueName\":\"search_term_string\"}}],\"inLanguage\":\"de\"},{\"@type\":\"Organization\",\"@id\":\"https:\/\/dinfante.com\/de\/#organization\",\"name\":\"Bodegas Infante\",\"url\":\"https:\/\/dinfante.com\/de\/\",\"logo\":{\"@type\":\"ImageObject\",\"inLanguage\":\"de\",\"@id\":\"https:\/\/dinfante.com\/de\/#\/schema\/logo\/image\/\",\"url\":\"https:\/\/dinfante.com\/wp-content\/uploads\/2021\/04\/cabecera_tienda.jpg\",\"contentUrl\":\"https:\/\/dinfante.com\/wp-content\/uploads\/2021\/04\/cabecera_tienda.jpg\",\"width\":600,\"height\":151,\"caption\":\"Bodegas Infante\"},\"image\":{\"@id\":\"https:\/\/dinfante.com\/de\/#\/schema\/logo\/image\/\"}}]}<\/script>\n<!-- \/ Yoast SEO plugin. -->","yoast_head_json":{"title":"INFANTE GRAN RESERVA ESPECIAL - Bodegas Infante","description":"Brandy Infante Gran Reserva Especial. Genie\u00dfen Sie sein exquisites Aroma und unvergleichlichen Geschmack.","robots":{"index":"index","follow":"follow","max-snippet":"max-snippet:-1","max-image-preview":"max-image-preview:large","max-video-preview":"max-video-preview:-1"},"canonical":"https:\/\/dinfante.com\/de\/producto\/infante-gran-reserva-especial\/","og_locale":"de_DE","og_type":"article","og_title":"INFANTE GRAN RESERVA ESPECIAL - Bodegas Infante","og_description":"Brandy Infante Gran Reserva Especial. Genie\u00dfen Sie sein exquisites Aroma und unvergleichlichen Geschmack.","og_url":"https:\/\/dinfante.com\/de\/producto\/infante-gran-reserva-especial\/","og_site_name":"Bodegas Infante","article_modified_time":"2025-07-08T17:54:25+00:00","og_image":[{"width":500,"height":828,"url":"https:\/\/dinfante.com\/wp-content\/uploads\/2021\/01\/prod-infante-gran-reserva-especial3-1.png","type":"image\/png"}],"twitter_card":"summary_large_image","twitter_misc":{"Gesch\u00e4tzte Lesezeit":"2\u00a0Minuten"},"schema":{"@context":"https:\/\/schema.org","@graph":[{"@type":"WebPage","@id":"https:\/\/dinfante.com\/de\/producto\/infante-gran-reserva-especial\/","url":"https:\/\/dinfante.com\/de\/producto\/infante-gran-reserva-especial\/","name":"INFANTE GRAN RESERVA ESPECIAL - Bodegas Infante","isPartOf":{"@id":"https:\/\/dinfante.com\/de\/#website"},"primaryImageOfPage":{"@id":"https:\/\/dinfante.com\/de\/producto\/infante-gran-reserva-especial\/#primaryimage"},"image":{"@id":"https:\/\/dinfante.com\/de\/producto\/infante-gran-reserva-especial\/#primaryimage"},"thumbnailUrl":"https:\/\/dinfante.com\/wp-content\/uploads\/2021\/01\/prod-infante-gran-reserva-especial3-1.png","datePublished":"2021-01-12T12:32:50+00:00","dateModified":"2025-07-08T17:54:25+00:00","description":"Brandy Infante Gran Reserva Especial. Genie\u00dfen Sie sein exquisites Aroma und unvergleichlichen Geschmack.","breadcrumb":{"@id":"https:\/\/dinfante.com\/de\/producto\/infante-gran-reserva-especial\/#breadcrumb"},"inLanguage":"de","potentialAction":[{"@type":"ReadAction","target":["https:\/\/dinfante.com\/de\/producto\/infante-gran-reserva-especial\/"]}]},{"@type":"ImageObject","inLanguage":"de","@id":"https:\/\/dinfante.com\/de\/producto\/infante-gran-reserva-especial\/#primaryimage","url":"https:\/\/dinfante.com\/wp-content\/uploads\/2021\/01\/prod-infante-gran-reserva-especial3-1.png","contentUrl":"https:\/\/dinfante.com\/wp-content\/uploads\/2021\/01\/prod-infante-gran-reserva-especial3-1.png","width":500,"height":828,"caption":"Brandy Infante Gran Reserva Especial"},{"@type":"BreadcrumbList","@id":"https:\/\/dinfante.com\/de\/producto\/infante-gran-reserva-especial\/#breadcrumb","itemListElement":[{"@type":"ListItem","position":1,"name":"Portada","item":"https:\/\/dinfante.com\/de\/"},{"@type":"ListItem","position":2,"name":"Tienda","item":"https:\/\/dinfante.com\/en\/shop\/"},{"@type":"ListItem","position":3,"name":"INFANTE GRAN RESERVA ESPECIAL"}]},{"@type":"WebSite","@id":"https:\/\/dinfante.com\/de\/#website","url":"https:\/\/dinfante.com\/de\/","name":"Bodegas Infante","description":"Artesanos del Brandy y vinos","publisher":{"@id":"https:\/\/dinfante.com\/de\/#organization"},"potentialAction":[{"@type":"SearchAction","target":{"@type":"EntryPoint","urlTemplate":"https:\/\/dinfante.com\/de\/?s={search_term_string}"},"query-input":{"@type":"PropertyValueSpecification","valueRequired":true,"valueName":"search_term_string"}}],"inLanguage":"de"},{"@type":"Organization","@id":"https:\/\/dinfante.com\/de\/#organization","name":"Bodegas Infante","url":"https:\/\/dinfante.com\/de\/","logo":{"@type":"ImageObject","inLanguage":"de","@id":"https:\/\/dinfante.com\/de\/#\/schema\/logo\/image\/","url":"https:\/\/dinfante.com\/wp-content\/uploads\/2021\/04\/cabecera_tienda.jpg","contentUrl":"https:\/\/dinfante.com\/wp-content\/uploads\/2021\/04\/cabecera_tienda.jpg","width":600,"height":151,"caption":"Bodegas Infante"},"image":{"@id":"https:\/\/dinfante.com\/de\/#\/schema\/logo\/image\/"}}]}},"_links":{"self":[{"href":"https:\/\/dinfante.com\/de\/wp-json\/wp\/v2\/product\/3103","targetHints":{"allow":["GET"]}}],"collection":[{"href":"https:\/\/dinfante.com\/de\/wp-json\/wp\/v2\/product"}],"about":[{"href":"https:\/\/dinfante.com\/de\/wp-json\/wp\/v2\/types\/product"}],"wp:featuredmedia":[{"embeddable":true,"href":"https:\/\/dinfante.com\/de\/wp-json\/wp\/v2\/media\/3112"}],"wp:attachment":[{"href":"https:\/\/dinfante.com\/de\/wp-json\/wp\/v2\/media?parent=3103"}],"wp:term":[{"taxonomy":"product_brand","embeddable":true,"href":"https:\/\/dinfante.com\/de\/wp-json\/wp\/v2\/product_brand?post=3103"},{"taxonomy":"product_cat","embeddable":true,"href":"https:\/\/dinfante.com\/de\/wp-json\/wp\/v2\/product_cat?post=3103"},{"taxonomy":"product_tag","embeddable":true,"href":"https:\/\/dinfante.com\/de\/wp-json\/wp\/v2\/product_tag?post=3103"}],"curies":[{"name":"wp","href":"https:\/\/api.w.org\/{rel}","templated":true}]}}