{"id":3118,"date":"2021-01-13T15:36:35","date_gmt":"2021-01-13T15:36:35","guid":{"rendered":"https:\/\/dinfante.com\/producto\/albaleia-colombard-%c2%b7-jahrgang-2022-%c2%b7-3er-pack\/"},"modified":"2026-01-22T15:12:28","modified_gmt":"2026-01-22T15:12:28","slug":"albaleia-colombard-%c2%b7-jahrgang-2022-%c2%b7-3er-pack","status":"publish","type":"product","link":"https:\/\/dinfante.com\/de\/producto\/albaleia-colombard-%c2%b7-jahrgang-2022-%c2%b7-3er-pack\/","title":{"rendered":"ALBALEIA COLOMBARD \u00b7 Jahrgang 2022 \u00b7 3er-Pack"},"content":{"rendered":"<p>[vc_row css=&#8220;.vc_custom_1610395611398{padding-top: 5% !important;padding-right: 5% !important;padding-bottom: 5% !important;padding-left: 5% !important;background-color: #106f64 !important;}&#8220;][vc_column][vc_tta_tabs style=&#8220;theme&#8220; alignment=&#8220;center&#8220; active_section=&#8220;1&#8243;][vc_tta_section title=&#8220;VERKOSTUNGSNOTIZEN&#8220; tab_id=&#8220;cata&#8220;][vc_column_text]<span style=\"color: #f1cd7f;\"><strong>AUSSEHEN:<\/strong><\/span> Er hat eine gr\u00fcnliche Farbe mit goldenen R\u00e4ndern, die durch den Einfluss unseres Klimas entstehen und von unserer Meeresbrise gespeist werden.<\/p>\n<p><span style=\"color: #f1cd7f;\"><strong>NASE:<\/strong><\/span> Alle seine Prim\u00e4raromen sind wahrnehmbar, wobei die tropischen Frucht- und die zarten floralen Zitrusaromen dank seiner fr\u00fchen Ernte und seiner groben Filterung hervorstechen.<\/p>\n<p><span style=\"color: #f1cd7f;\"><strong>MUND:<\/strong><\/span> Albaleia Colombard hat einen guten Durchgang im Mund und einen angenehmen Nachgeschmack.[\/vc_column_text][\/vc_tta_section][vc_tta_section title=&#8220;HERSTELLUNG&#8220; tab_id=&#8220;elaboraci\u00f3n&#8220;][vc_column_text]Er ist der erste Wein der Bodegas MAM und die Verwirklichung eines Lebenstraums. Albaleia Colombard ist ein Wein, der von seiner Konzeption an mit Sorgfalt behandelt wird und bei dessen gesamtem Herstellungsprozess keine Maschinen zum Einsatz kamen. Sehr fr\u00fche Lese, manuelle Lese im Morgengrauen. Vergoren in Edelstahl mit Temperaturkontrolle.[\/vc_column_text][\/vc_tta_section][vc_tta_section title=&#8220;MOMENTE DES GENIESSENS&#8220; tab_id=&#8220;maridaje&#8220;][vc_column_text]Ideal zu Fisch, hellem Fleisch, Wildgefl\u00fcgel, Reisgerichten, Pasta und K\u00e4se.[\/vc_column_text][\/vc_tta_section][\/vc_tta_tabs][\/vc_column][\/vc_row][vc_row full_width=&#8220;stretch_row_content&#8220; css=&#8220;.vc_custom_1611343624005{padding-right: 15px !important;padding-left: 15px !important;}&#8220;][vc_column]\n\t<div class=\" img_shop_productos\">\n\t<div class=\"gg_images_slider\">\n\t<div  data-slick='{  \"slidesToShow\": 3,  \"arrows\": false,  \"dots\": true,  \"autoplay\": true,  \"infinite\": true,  \"slidesToScroll\": 1,  \"responsive\": [{\"breakpoint\": 1024, \"settings\": {\"slidesToShow\": 3, \"slidesToScroll\": 1}}, {\"breakpoint\": 600, \"settings\": {\"slidesToShow\": 2, \"slidesToScroll\": 1}}, {\"breakpoint\": 480, \"settings\": {\"slidesToShow\": 1, \"slidesToScroll\": 1}}]  }'  class=\"el-grid no_magnific products row gg-slick-carousel \" data-layout-mode=\"fitRows\" data-pagination=\"\"><div class=\"3\"><img loading=\"lazy\" decoding=\"async\" width=\"1024\" height=\"768\" src=\"https:\/\/dinfante.com\/wp-content\/uploads\/2021\/01\/vino_albaleia_02.jpg\" class=\"attachment-full\" alt=\"Vino de Huelva, Fotograf\u00eda de producto, gemabur fotograf\u00eda\" title=\"vino_albaleia_02\" srcset=\"https:\/\/dinfante.com\/wp-content\/uploads\/2021\/01\/vino_albaleia_02.jpg 1024w, https:\/\/dinfante.com\/wp-content\/uploads\/2021\/01\/vino_albaleia_02-300x225.jpg 300w, https:\/\/dinfante.com\/wp-content\/uploads\/2021\/01\/vino_albaleia_02-768x576.jpg 768w\" sizes=\"auto, (max-width: 1024px) 100vw, 1024px\" \/><\/div><div class=\"3\"><img loading=\"lazy\" decoding=\"async\" width=\"1024\" height=\"768\" src=\"https:\/\/dinfante.com\/wp-content\/uploads\/2021\/01\/vino_albaleia_03.jpg\" class=\"attachment-full\" alt=\"Vino de Huelva, Fotograf\u00eda de producto, gemabur fotograf\u00eda\" title=\"vino_albaleia_03\" srcset=\"https:\/\/dinfante.com\/wp-content\/uploads\/2021\/01\/vino_albaleia_03.jpg 1024w, https:\/\/dinfante.com\/wp-content\/uploads\/2021\/01\/vino_albaleia_03-300x225.jpg 300w, https:\/\/dinfante.com\/wp-content\/uploads\/2021\/01\/vino_albaleia_03-768x576.jpg 768w\" sizes=\"auto, (max-width: 1024px) 100vw, 1024px\" \/><\/div><div class=\"3\"><img loading=\"lazy\" decoding=\"async\" width=\"1024\" height=\"768\" src=\"https:\/\/dinfante.com\/wp-content\/uploads\/2021\/01\/vino_albaleia_01.jpg\" class=\"attachment-full\" alt=\"Cino Colombar, Vino de Huelva, Gemabur Fotograf\u00eda\" title=\"vino_albaleia_01\" srcset=\"https:\/\/dinfante.com\/wp-content\/uploads\/2021\/01\/vino_albaleia_01.jpg 1024w, https:\/\/dinfante.com\/wp-content\/uploads\/2021\/01\/vino_albaleia_01-300x225.jpg 300w, https:\/\/dinfante.com\/wp-content\/uploads\/2021\/01\/vino_albaleia_01-768x576.jpg 768w\" sizes=\"auto, (max-width: 1024px) 100vw, 1024px\" \/><\/div>\n\t<\/div>\n\t<\/div>\n\t<\/div>[\/vc_column][\/vc_row]<\/p>\n","protected":false},"excerpt":{"rendered":"<p>Sortenreiner Wei\u00dfwein aus der Colombard-Traube, der die f\u00fcr die Colombard-Traube charakteristischen prim\u00e4ren Aromen und Geschmacksrichtungen wie Pfirsich und tropische Fr\u00fcchte zum Ausdruck bringt.<\/p>\n","protected":false},"featured_media":3122,"template":"","meta":[],"product_brand":[],"product_cat":[77],"product_tag":[],"class_list":{"0":"post-3118","1":"product","2":"type-product","3":"status-publish","4":"has-post-thumbnail","6":"product_cat-nicht-kategorisiert","8":"first","9":"instock","10":"taxable","11":"shipping-taxable","12":"purchasable","13":"product-type-simple"},"acf":[],"yoast_head":"<!-- This site is optimized with the Yoast SEO plugin v27.1.1 - https:\/\/yoast.com\/product\/yoast-seo-wordpress\/ -->\n<title>ALBALEIA COLOMBARD \u00b7 Jahrgang 2022 \u00b7 3er-Pack - Bodegas Infante<\/title>\n<meta name=\"description\" content=\"Wei\u00dfwein D.O. Condado de Huelva. 90 Pe\u00f1\u00edn-Punkte. 100 % Colombard-Traube, in Edelstahl vergoren. Beeinflussung durch den Salzgehalt unserer Atlantikk\u00fcste\" \/>\n<meta name=\"robots\" content=\"index, follow, max-snippet:-1, max-image-preview:large, max-video-preview:-1\" \/>\n<link rel=\"canonical\" href=\"https:\/\/dinfante.com\/de\/producto\/albaleia-colombard-%c2%b7-jahrgang-2022-%c2%b7-3er-pack\/\" \/>\n<meta property=\"og:locale\" content=\"de_DE\" \/>\n<meta property=\"og:type\" content=\"article\" \/>\n<meta property=\"og:title\" content=\"ALBALEIA COLOMBARD \u00b7 Jahrgang 2022 \u00b7 3er-Pack - Bodegas Infante\" \/>\n<meta property=\"og:description\" content=\"Wei\u00dfwein D.O. Condado de Huelva. 90 Pe\u00f1\u00edn-Punkte. 100 % Colombard-Traube, in Edelstahl vergoren. Beeinflussung durch den Salzgehalt unserer Atlantikk\u00fcste\" \/>\n<meta property=\"og:url\" content=\"https:\/\/dinfante.com\/de\/producto\/albaleia-colombard-%c2%b7-jahrgang-2022-%c2%b7-3er-pack\/\" \/>\n<meta property=\"og:site_name\" content=\"Bodegas Infante\" \/>\n<meta property=\"article:modified_time\" content=\"2026-01-22T15:12:28+00:00\" \/>\n<meta property=\"og:image\" content=\"https:\/\/dinfante.com\/wp-content\/uploads\/2021\/01\/prod-albaleia-colombard-vino.png\" \/>\n\t<meta property=\"og:image:width\" content=\"500\" \/>\n\t<meta property=\"og:image:height\" content=\"828\" \/>\n\t<meta property=\"og:image:type\" content=\"image\/png\" \/>\n<meta name=\"twitter:card\" content=\"summary_large_image\" \/>\n<meta name=\"twitter:label1\" content=\"Gesch\u00e4tzte Lesezeit\" \/>\n\t<meta name=\"twitter:data1\" content=\"1\u00a0Minute\" \/>\n<script type=\"application\/ld+json\" class=\"yoast-schema-graph\">{\"@context\":\"https:\/\/schema.org\",\"@graph\":[{\"@type\":\"WebPage\",\"@id\":\"https:\/\/dinfante.com\/de\/producto\/albaleia-colombard-%c2%b7-jahrgang-2022-%c2%b7-3er-pack\/\",\"url\":\"https:\/\/dinfante.com\/de\/producto\/albaleia-colombard-%c2%b7-jahrgang-2022-%c2%b7-3er-pack\/\",\"name\":\"ALBALEIA COLOMBARD \u00b7 Jahrgang 2022 \u00b7 3er-Pack - Bodegas Infante\",\"isPartOf\":{\"@id\":\"https:\/\/dinfante.com\/de\/#website\"},\"primaryImageOfPage\":{\"@id\":\"https:\/\/dinfante.com\/de\/producto\/albaleia-colombard-%c2%b7-jahrgang-2022-%c2%b7-3er-pack\/#primaryimage\"},\"image\":{\"@id\":\"https:\/\/dinfante.com\/de\/producto\/albaleia-colombard-%c2%b7-jahrgang-2022-%c2%b7-3er-pack\/#primaryimage\"},\"thumbnailUrl\":\"https:\/\/dinfante.com\/wp-content\/uploads\/2021\/01\/prod-albaleia-colombard-vino.png\",\"datePublished\":\"2021-01-13T15:36:35+00:00\",\"dateModified\":\"2026-01-22T15:12:28+00:00\",\"description\":\"Wei\u00dfwein D.O. Condado de Huelva. 90 Pe\u00f1\u00edn-Punkte. 100 % Colombard-Traube, in Edelstahl vergoren. Beeinflussung durch den Salzgehalt unserer Atlantikk\u00fcste\",\"breadcrumb\":{\"@id\":\"https:\/\/dinfante.com\/de\/producto\/albaleia-colombard-%c2%b7-jahrgang-2022-%c2%b7-3er-pack\/#breadcrumb\"},\"inLanguage\":\"de\",\"potentialAction\":[{\"@type\":\"ReadAction\",\"target\":[\"https:\/\/dinfante.com\/de\/producto\/albaleia-colombard-%c2%b7-jahrgang-2022-%c2%b7-3er-pack\/\"]}]},{\"@type\":\"ImageObject\",\"inLanguage\":\"de\",\"@id\":\"https:\/\/dinfante.com\/de\/producto\/albaleia-colombard-%c2%b7-jahrgang-2022-%c2%b7-3er-pack\/#primaryimage\",\"url\":\"https:\/\/dinfante.com\/wp-content\/uploads\/2021\/01\/prod-albaleia-colombard-vino.png\",\"contentUrl\":\"https:\/\/dinfante.com\/wp-content\/uploads\/2021\/01\/prod-albaleia-colombard-vino.png\",\"width\":500,\"height\":828},{\"@type\":\"BreadcrumbList\",\"@id\":\"https:\/\/dinfante.com\/de\/producto\/albaleia-colombard-%c2%b7-jahrgang-2022-%c2%b7-3er-pack\/#breadcrumb\",\"itemListElement\":[{\"@type\":\"ListItem\",\"position\":1,\"name\":\"Portada\",\"item\":\"https:\/\/dinfante.com\/de\/\"},{\"@type\":\"ListItem\",\"position\":2,\"name\":\"Tienda\",\"item\":\"https:\/\/dinfante.com\/en\/shop\/\"},{\"@type\":\"ListItem\",\"position\":3,\"name\":\"ALBALEIA COLOMBARD \u00b7 Jahrgang 2022 \u00b7 3er-Pack\"}]},{\"@type\":\"WebSite\",\"@id\":\"https:\/\/dinfante.com\/de\/#website\",\"url\":\"https:\/\/dinfante.com\/de\/\",\"name\":\"Bodegas Infante\",\"description\":\"Artesanos del Brandy y vinos\",\"publisher\":{\"@id\":\"https:\/\/dinfante.com\/de\/#organization\"},\"potentialAction\":[{\"@type\":\"SearchAction\",\"target\":{\"@type\":\"EntryPoint\",\"urlTemplate\":\"https:\/\/dinfante.com\/de\/?s={search_term_string}\"},\"query-input\":{\"@type\":\"PropertyValueSpecification\",\"valueRequired\":true,\"valueName\":\"search_term_string\"}}],\"inLanguage\":\"de\"},{\"@type\":\"Organization\",\"@id\":\"https:\/\/dinfante.com\/de\/#organization\",\"name\":\"Bodegas Infante\",\"url\":\"https:\/\/dinfante.com\/de\/\",\"logo\":{\"@type\":\"ImageObject\",\"inLanguage\":\"de\",\"@id\":\"https:\/\/dinfante.com\/de\/#\/schema\/logo\/image\/\",\"url\":\"https:\/\/dinfante.com\/wp-content\/uploads\/2021\/04\/cabecera_tienda.jpg\",\"contentUrl\":\"https:\/\/dinfante.com\/wp-content\/uploads\/2021\/04\/cabecera_tienda.jpg\",\"width\":600,\"height\":151,\"caption\":\"Bodegas Infante\"},\"image\":{\"@id\":\"https:\/\/dinfante.com\/de\/#\/schema\/logo\/image\/\"}}]}<\/script>\n<!-- \/ Yoast SEO plugin. -->","yoast_head_json":{"title":"ALBALEIA COLOMBARD \u00b7 Jahrgang 2022 \u00b7 3er-Pack - Bodegas Infante","description":"Wei\u00dfwein D.O. Condado de Huelva. 90 Pe\u00f1\u00edn-Punkte. 100 % Colombard-Traube, in Edelstahl vergoren. Beeinflussung durch den Salzgehalt unserer Atlantikk\u00fcste","robots":{"index":"index","follow":"follow","max-snippet":"max-snippet:-1","max-image-preview":"max-image-preview:large","max-video-preview":"max-video-preview:-1"},"canonical":"https:\/\/dinfante.com\/de\/producto\/albaleia-colombard-%c2%b7-jahrgang-2022-%c2%b7-3er-pack\/","og_locale":"de_DE","og_type":"article","og_title":"ALBALEIA COLOMBARD \u00b7 Jahrgang 2022 \u00b7 3er-Pack - Bodegas Infante","og_description":"Wei\u00dfwein D.O. Condado de Huelva. 90 Pe\u00f1\u00edn-Punkte. 100 % Colombard-Traube, in Edelstahl vergoren. Beeinflussung durch den Salzgehalt unserer Atlantikk\u00fcste","og_url":"https:\/\/dinfante.com\/de\/producto\/albaleia-colombard-%c2%b7-jahrgang-2022-%c2%b7-3er-pack\/","og_site_name":"Bodegas Infante","article_modified_time":"2026-01-22T15:12:28+00:00","og_image":[{"width":500,"height":828,"url":"https:\/\/dinfante.com\/wp-content\/uploads\/2021\/01\/prod-albaleia-colombard-vino.png","type":"image\/png"}],"twitter_card":"summary_large_image","twitter_misc":{"Gesch\u00e4tzte Lesezeit":"1\u00a0Minute"},"schema":{"@context":"https:\/\/schema.org","@graph":[{"@type":"WebPage","@id":"https:\/\/dinfante.com\/de\/producto\/albaleia-colombard-%c2%b7-jahrgang-2022-%c2%b7-3er-pack\/","url":"https:\/\/dinfante.com\/de\/producto\/albaleia-colombard-%c2%b7-jahrgang-2022-%c2%b7-3er-pack\/","name":"ALBALEIA COLOMBARD \u00b7 Jahrgang 2022 \u00b7 3er-Pack - Bodegas Infante","isPartOf":{"@id":"https:\/\/dinfante.com\/de\/#website"},"primaryImageOfPage":{"@id":"https:\/\/dinfante.com\/de\/producto\/albaleia-colombard-%c2%b7-jahrgang-2022-%c2%b7-3er-pack\/#primaryimage"},"image":{"@id":"https:\/\/dinfante.com\/de\/producto\/albaleia-colombard-%c2%b7-jahrgang-2022-%c2%b7-3er-pack\/#primaryimage"},"thumbnailUrl":"https:\/\/dinfante.com\/wp-content\/uploads\/2021\/01\/prod-albaleia-colombard-vino.png","datePublished":"2021-01-13T15:36:35+00:00","dateModified":"2026-01-22T15:12:28+00:00","description":"Wei\u00dfwein D.O. Condado de Huelva. 90 Pe\u00f1\u00edn-Punkte. 100 % Colombard-Traube, in Edelstahl vergoren. Beeinflussung durch den Salzgehalt unserer Atlantikk\u00fcste","breadcrumb":{"@id":"https:\/\/dinfante.com\/de\/producto\/albaleia-colombard-%c2%b7-jahrgang-2022-%c2%b7-3er-pack\/#breadcrumb"},"inLanguage":"de","potentialAction":[{"@type":"ReadAction","target":["https:\/\/dinfante.com\/de\/producto\/albaleia-colombard-%c2%b7-jahrgang-2022-%c2%b7-3er-pack\/"]}]},{"@type":"ImageObject","inLanguage":"de","@id":"https:\/\/dinfante.com\/de\/producto\/albaleia-colombard-%c2%b7-jahrgang-2022-%c2%b7-3er-pack\/#primaryimage","url":"https:\/\/dinfante.com\/wp-content\/uploads\/2021\/01\/prod-albaleia-colombard-vino.png","contentUrl":"https:\/\/dinfante.com\/wp-content\/uploads\/2021\/01\/prod-albaleia-colombard-vino.png","width":500,"height":828},{"@type":"BreadcrumbList","@id":"https:\/\/dinfante.com\/de\/producto\/albaleia-colombard-%c2%b7-jahrgang-2022-%c2%b7-3er-pack\/#breadcrumb","itemListElement":[{"@type":"ListItem","position":1,"name":"Portada","item":"https:\/\/dinfante.com\/de\/"},{"@type":"ListItem","position":2,"name":"Tienda","item":"https:\/\/dinfante.com\/en\/shop\/"},{"@type":"ListItem","position":3,"name":"ALBALEIA COLOMBARD \u00b7 Jahrgang 2022 \u00b7 3er-Pack"}]},{"@type":"WebSite","@id":"https:\/\/dinfante.com\/de\/#website","url":"https:\/\/dinfante.com\/de\/","name":"Bodegas Infante","description":"Artesanos del Brandy y vinos","publisher":{"@id":"https:\/\/dinfante.com\/de\/#organization"},"potentialAction":[{"@type":"SearchAction","target":{"@type":"EntryPoint","urlTemplate":"https:\/\/dinfante.com\/de\/?s={search_term_string}"},"query-input":{"@type":"PropertyValueSpecification","valueRequired":true,"valueName":"search_term_string"}}],"inLanguage":"de"},{"@type":"Organization","@id":"https:\/\/dinfante.com\/de\/#organization","name":"Bodegas Infante","url":"https:\/\/dinfante.com\/de\/","logo":{"@type":"ImageObject","inLanguage":"de","@id":"https:\/\/dinfante.com\/de\/#\/schema\/logo\/image\/","url":"https:\/\/dinfante.com\/wp-content\/uploads\/2021\/04\/cabecera_tienda.jpg","contentUrl":"https:\/\/dinfante.com\/wp-content\/uploads\/2021\/04\/cabecera_tienda.jpg","width":600,"height":151,"caption":"Bodegas Infante"},"image":{"@id":"https:\/\/dinfante.com\/de\/#\/schema\/logo\/image\/"}}]}},"_links":{"self":[{"href":"https:\/\/dinfante.com\/de\/wp-json\/wp\/v2\/product\/3118","targetHints":{"allow":["GET"]}}],"collection":[{"href":"https:\/\/dinfante.com\/de\/wp-json\/wp\/v2\/product"}],"about":[{"href":"https:\/\/dinfante.com\/de\/wp-json\/wp\/v2\/types\/product"}],"wp:featuredmedia":[{"embeddable":true,"href":"https:\/\/dinfante.com\/de\/wp-json\/wp\/v2\/media\/3122"}],"wp:attachment":[{"href":"https:\/\/dinfante.com\/de\/wp-json\/wp\/v2\/media?parent=3118"}],"wp:term":[{"taxonomy":"product_brand","embeddable":true,"href":"https:\/\/dinfante.com\/de\/wp-json\/wp\/v2\/product_brand?post=3118"},{"taxonomy":"product_cat","embeddable":true,"href":"https:\/\/dinfante.com\/de\/wp-json\/wp\/v2\/product_cat?post=3118"},{"taxonomy":"product_tag","embeddable":true,"href":"https:\/\/dinfante.com\/de\/wp-json\/wp\/v2\/product_tag?post=3118"}],"curies":[{"name":"wp","href":"https:\/\/api.w.org\/{rel}","templated":true}]}}