{"id":3126,"date":"2021-01-21T19:09:10","date_gmt":"2021-01-21T19:09:10","guid":{"rendered":"https:\/\/dinfante.com\/producto\/nina-lola-roter-vermut-3er-pack-flaschen\/"},"modified":"2025-07-08T17:54:44","modified_gmt":"2025-07-08T17:54:44","slug":"nina-lola-roter-vermut-3er-pack-flaschen","status":"publish","type":"product","link":"https:\/\/dinfante.com\/de\/producto\/nina-lola-roter-vermut-3er-pack-flaschen\/","title":{"rendered":"NI\u00d1A LOLA <br> ROTER VERMUT <br> 3er-Pack Flaschen"},"content":{"rendered":"<p>[vc_row css=&#8220;.vc_custom_1610395611398{padding-top: 5% !important;padding-right: 5% !important;padding-bottom: 5% !important;padding-left: 5% !important;background-color: #106f64 !important;}&#8220;][vc_column][vc_tta_tabs style=&#8220;theme&#8220; alignment=&#8220;center&#8220; active_section=&#8220;1&#8243;][vc_tta_section title=&#8220;HERSTELLUNG&#8220; tab_id=&#8220;elaboraci\u00f3n&#8220;][vc_column_text]Bodegas Infante setzt die Innovation der Tradition und die Aktualisierung einer weiteren ihrer Delikatessen fort und kreiert den perfekten Aperitif, indem sie eine alte Formel wieder aufleben l\u00e4sst, die ihn besonders macht, indem sie eine Reifung von Criadera und Solera verfolgt, wo er mehr als ein Jahr in den F\u00e4ssern ruht, was unseren Vermut Ni\u00f1a Lola einzigartig macht.[\/vc_column_text][\/vc_tta_section][vc_tta_section title=&#8220;VERKOSTUNGSNOTIZEN&#8220; tab_id=&#8220;cata&#8220;][vc_column_text]<span style=\"color: #f1cd7f;\"><strong>AUSSEHEN:<\/strong><\/span> Dunkle Mahagonifarbe mit braun-kupferfarbenen Reflexen. Sauber und gl\u00e4nzend. <\/p>\n<p><span style=\"color: #f1cd7f;\"><strong>NASE:<\/strong><\/span> R\u00f6stige Aromen aus mehr als einem Jahr im Fass mit fruchtigem und w\u00fcrzigem Hintergrund. Kr\u00e4uternoten von Fenchel, roten Fr\u00fcchten, Wermut und Orangenschale. <\/p>\n<p><span style=\"color: #f1cd7f;\"><strong>MUND:<\/strong><\/span> Im Mund ist er trocken, intensiv und ausgewogen, wobei er die f\u00fcr Wermut charakteristische Bitternote hinterl\u00e4sst, ohne seine Eleganz zu verlieren, und l\u00e4dt zum Wiederholen ein.<\/p>\n<p><span style=\"color: #f1cd7f;\"><strong>NACHGESCHMACK:<\/strong><\/span> Kr\u00e4ftige retronasale Aromen.[\/vc_column_text][\/vc_tta_section][vc_tta_section title=&#8220;GENUSSMOMENTE&#8220; tab_id=&#8220;maridaje&#8220;][vc_column_text]<strong><span style=\"color: #f1cd7f;\">\u00b7<\/span><\/strong> Wein par excellence f\u00fcr den Aperitif. Perfekt in seiner traditionellen Kombination mit Oliven, jeder Art von Pickles, Lupinen oder Trockenfr\u00fcchten. <\/p>\n<p><strong><span style=\"color: #f1cd7f;\">\u00b7<\/span><\/strong> Seine Weinbasis gleicht harmonisch fetthaltigere Tapas wie Schinken oder K\u00e4se oder salzigere wie Mojama oder Sardellen aus. Da er aus einem Wein von nachgewiesener Qualit\u00e4t hergestellt wird, empfehlen wir auch seine Verkostung allein. <\/p>\n<p><strong><span style=\"color: #f1cd7f;\">\u00b7<\/span><\/strong> Als Cocktail: Glas, Eis, ein St\u00fcck Orange, 3 Teile Vermut Ni\u00f1a Lola und 1 Teil Gin Peltier (sehr zitroniger und frischer Gin aus unserem Haus). Sie machen ihn zu einem besonderen Cocktail, um die Harmonie mit einem Treffen von Freunden oder Familie zu er\u00f6ffnen. <\/p>\n<p><strong><span style=\"color: #f1cd7f;\">\u00b7<\/span><\/strong> Auch der klassische Cocktail aus Vermut Ni\u00f1a Lola zusammen mit Siphon.[\/vc_column_text][\/vc_tta_section][\/vc_tta_tabs][\/vc_column][\/vc_row]<\/p>\n","protected":false},"excerpt":{"rendered":"<p>Ni\u00f1a Lola entsteht aus einem alten Rezept, zusammen mit der Reifung macht es zu einem anderen und einzigartigen aromatisierten Wein.<\/p>\n","protected":false},"featured_media":3127,"template":"","meta":[],"product_brand":[],"product_cat":[66],"product_tag":[],"class_list":{"0":"post-3126","1":"product","2":"type-product","3":"status-publish","4":"has-post-thumbnail","6":"product_cat-wein","8":"first","9":"instock","10":"taxable","11":"shipping-taxable","12":"purchasable","13":"product-type-simple"},"acf":[],"yoast_head":"<!-- This site is optimized with the Yoast SEO plugin v27.1.1 - https:\/\/yoast.com\/product\/yoast-seo-wordpress\/ -->\n<title>NI\u00d1A LOLA  ROTER VERMUT  3er-Pack Flaschen - Bodegas Infante<\/title>\n<meta name=\"description\" content=\"Ni\u00f1a Lola Vermut: Tradition Moderne, ein Genuss!\" \/>\n<meta name=\"robots\" content=\"index, follow, max-snippet:-1, max-image-preview:large, max-video-preview:-1\" \/>\n<link rel=\"canonical\" href=\"https:\/\/dinfante.com\/de\/producto\/nina-lola-roter-vermut-3er-pack-flaschen\/\" \/>\n<meta property=\"og:locale\" content=\"de_DE\" \/>\n<meta property=\"og:type\" content=\"article\" \/>\n<meta property=\"og:title\" content=\"NI\u00d1A LOLA  ROTER VERMUT  3er-Pack Flaschen - Bodegas Infante\" \/>\n<meta property=\"og:description\" content=\"Ni\u00f1a Lola Vermut: Tradition Moderne, ein Genuss!\" \/>\n<meta property=\"og:url\" content=\"https:\/\/dinfante.com\/de\/producto\/nina-lola-roter-vermut-3er-pack-flaschen\/\" \/>\n<meta property=\"og:site_name\" content=\"Bodegas Infante\" \/>\n<meta property=\"article:modified_time\" content=\"2025-07-08T17:54:44+00:00\" \/>\n<meta property=\"og:image\" content=\"https:\/\/dinfante.com\/wp-content\/uploads\/2021\/01\/prod-vermu-nina-lola.png\" \/>\n\t<meta property=\"og:image:width\" content=\"500\" \/>\n\t<meta property=\"og:image:height\" content=\"828\" \/>\n\t<meta property=\"og:image:type\" content=\"image\/png\" \/>\n<meta name=\"twitter:card\" content=\"summary_large_image\" \/>\n<meta name=\"twitter:label1\" content=\"Gesch\u00e4tzte Lesezeit\" \/>\n\t<meta name=\"twitter:data1\" content=\"2\u00a0Minuten\" \/>\n<script type=\"application\/ld+json\" class=\"yoast-schema-graph\">{\"@context\":\"https:\/\/schema.org\",\"@graph\":[{\"@type\":\"WebPage\",\"@id\":\"https:\/\/dinfante.com\/de\/producto\/nina-lola-roter-vermut-3er-pack-flaschen\/\",\"url\":\"https:\/\/dinfante.com\/de\/producto\/nina-lola-roter-vermut-3er-pack-flaschen\/\",\"name\":\"NI\u00d1A LOLA ROTER VERMUT 3er-Pack Flaschen - Bodegas Infante\",\"isPartOf\":{\"@id\":\"https:\/\/dinfante.com\/de\/#website\"},\"primaryImageOfPage\":{\"@id\":\"https:\/\/dinfante.com\/de\/producto\/nina-lola-roter-vermut-3er-pack-flaschen\/#primaryimage\"},\"image\":{\"@id\":\"https:\/\/dinfante.com\/de\/producto\/nina-lola-roter-vermut-3er-pack-flaschen\/#primaryimage\"},\"thumbnailUrl\":\"https:\/\/dinfante.com\/wp-content\/uploads\/2021\/01\/prod-vermu-nina-lola.png\",\"datePublished\":\"2021-01-21T19:09:10+00:00\",\"dateModified\":\"2025-07-08T17:54:44+00:00\",\"description\":\"Ni\u00f1a Lola Vermut: Tradition Moderne, ein Genuss!\",\"breadcrumb\":{\"@id\":\"https:\/\/dinfante.com\/de\/producto\/nina-lola-roter-vermut-3er-pack-flaschen\/#breadcrumb\"},\"inLanguage\":\"de\",\"potentialAction\":[{\"@type\":\"ReadAction\",\"target\":[\"https:\/\/dinfante.com\/de\/producto\/nina-lola-roter-vermut-3er-pack-flaschen\/\"]}]},{\"@type\":\"ImageObject\",\"inLanguage\":\"de\",\"@id\":\"https:\/\/dinfante.com\/de\/producto\/nina-lola-roter-vermut-3er-pack-flaschen\/#primaryimage\",\"url\":\"https:\/\/dinfante.com\/wp-content\/uploads\/2021\/01\/prod-vermu-nina-lola.png\",\"contentUrl\":\"https:\/\/dinfante.com\/wp-content\/uploads\/2021\/01\/prod-vermu-nina-lola.png\",\"width\":500,\"height\":828,\"caption\":\"Ni\u00f1a Lola Verm\u00fa Rojo\"},{\"@type\":\"BreadcrumbList\",\"@id\":\"https:\/\/dinfante.com\/de\/producto\/nina-lola-roter-vermut-3er-pack-flaschen\/#breadcrumb\",\"itemListElement\":[{\"@type\":\"ListItem\",\"position\":1,\"name\":\"Portada\",\"item\":\"https:\/\/dinfante.com\/de\/\"},{\"@type\":\"ListItem\",\"position\":2,\"name\":\"Tienda\",\"item\":\"https:\/\/dinfante.com\/en\/shop\/\"},{\"@type\":\"ListItem\",\"position\":3,\"name\":\"NI\u00d1A LOLA ROTER VERMUT 3er-Pack Flaschen\"}]},{\"@type\":\"WebSite\",\"@id\":\"https:\/\/dinfante.com\/de\/#website\",\"url\":\"https:\/\/dinfante.com\/de\/\",\"name\":\"Bodegas Infante\",\"description\":\"Artesanos del Brandy y vinos\",\"publisher\":{\"@id\":\"https:\/\/dinfante.com\/de\/#organization\"},\"potentialAction\":[{\"@type\":\"SearchAction\",\"target\":{\"@type\":\"EntryPoint\",\"urlTemplate\":\"https:\/\/dinfante.com\/de\/?s={search_term_string}\"},\"query-input\":{\"@type\":\"PropertyValueSpecification\",\"valueRequired\":true,\"valueName\":\"search_term_string\"}}],\"inLanguage\":\"de\"},{\"@type\":\"Organization\",\"@id\":\"https:\/\/dinfante.com\/de\/#organization\",\"name\":\"Bodegas Infante\",\"url\":\"https:\/\/dinfante.com\/de\/\",\"logo\":{\"@type\":\"ImageObject\",\"inLanguage\":\"de\",\"@id\":\"https:\/\/dinfante.com\/de\/#\/schema\/logo\/image\/\",\"url\":\"https:\/\/dinfante.com\/wp-content\/uploads\/2021\/04\/cabecera_tienda.jpg\",\"contentUrl\":\"https:\/\/dinfante.com\/wp-content\/uploads\/2021\/04\/cabecera_tienda.jpg\",\"width\":600,\"height\":151,\"caption\":\"Bodegas Infante\"},\"image\":{\"@id\":\"https:\/\/dinfante.com\/de\/#\/schema\/logo\/image\/\"}}]}<\/script>\n<!-- \/ Yoast SEO plugin. -->","yoast_head_json":{"title":"NI\u00d1A LOLA  ROTER VERMUT  3er-Pack Flaschen - Bodegas Infante","description":"Ni\u00f1a Lola Vermut: Tradition Moderne, ein Genuss!","robots":{"index":"index","follow":"follow","max-snippet":"max-snippet:-1","max-image-preview":"max-image-preview:large","max-video-preview":"max-video-preview:-1"},"canonical":"https:\/\/dinfante.com\/de\/producto\/nina-lola-roter-vermut-3er-pack-flaschen\/","og_locale":"de_DE","og_type":"article","og_title":"NI\u00d1A LOLA  ROTER VERMUT  3er-Pack Flaschen - Bodegas Infante","og_description":"Ni\u00f1a Lola Vermut: Tradition Moderne, ein Genuss!","og_url":"https:\/\/dinfante.com\/de\/producto\/nina-lola-roter-vermut-3er-pack-flaschen\/","og_site_name":"Bodegas Infante","article_modified_time":"2025-07-08T17:54:44+00:00","og_image":[{"width":500,"height":828,"url":"https:\/\/dinfante.com\/wp-content\/uploads\/2021\/01\/prod-vermu-nina-lola.png","type":"image\/png"}],"twitter_card":"summary_large_image","twitter_misc":{"Gesch\u00e4tzte Lesezeit":"2\u00a0Minuten"},"schema":{"@context":"https:\/\/schema.org","@graph":[{"@type":"WebPage","@id":"https:\/\/dinfante.com\/de\/producto\/nina-lola-roter-vermut-3er-pack-flaschen\/","url":"https:\/\/dinfante.com\/de\/producto\/nina-lola-roter-vermut-3er-pack-flaschen\/","name":"NI\u00d1A LOLA ROTER VERMUT 3er-Pack Flaschen - Bodegas Infante","isPartOf":{"@id":"https:\/\/dinfante.com\/de\/#website"},"primaryImageOfPage":{"@id":"https:\/\/dinfante.com\/de\/producto\/nina-lola-roter-vermut-3er-pack-flaschen\/#primaryimage"},"image":{"@id":"https:\/\/dinfante.com\/de\/producto\/nina-lola-roter-vermut-3er-pack-flaschen\/#primaryimage"},"thumbnailUrl":"https:\/\/dinfante.com\/wp-content\/uploads\/2021\/01\/prod-vermu-nina-lola.png","datePublished":"2021-01-21T19:09:10+00:00","dateModified":"2025-07-08T17:54:44+00:00","description":"Ni\u00f1a Lola Vermut: Tradition Moderne, ein Genuss!","breadcrumb":{"@id":"https:\/\/dinfante.com\/de\/producto\/nina-lola-roter-vermut-3er-pack-flaschen\/#breadcrumb"},"inLanguage":"de","potentialAction":[{"@type":"ReadAction","target":["https:\/\/dinfante.com\/de\/producto\/nina-lola-roter-vermut-3er-pack-flaschen\/"]}]},{"@type":"ImageObject","inLanguage":"de","@id":"https:\/\/dinfante.com\/de\/producto\/nina-lola-roter-vermut-3er-pack-flaschen\/#primaryimage","url":"https:\/\/dinfante.com\/wp-content\/uploads\/2021\/01\/prod-vermu-nina-lola.png","contentUrl":"https:\/\/dinfante.com\/wp-content\/uploads\/2021\/01\/prod-vermu-nina-lola.png","width":500,"height":828,"caption":"Ni\u00f1a Lola Verm\u00fa Rojo"},{"@type":"BreadcrumbList","@id":"https:\/\/dinfante.com\/de\/producto\/nina-lola-roter-vermut-3er-pack-flaschen\/#breadcrumb","itemListElement":[{"@type":"ListItem","position":1,"name":"Portada","item":"https:\/\/dinfante.com\/de\/"},{"@type":"ListItem","position":2,"name":"Tienda","item":"https:\/\/dinfante.com\/en\/shop\/"},{"@type":"ListItem","position":3,"name":"NI\u00d1A LOLA ROTER VERMUT 3er-Pack Flaschen"}]},{"@type":"WebSite","@id":"https:\/\/dinfante.com\/de\/#website","url":"https:\/\/dinfante.com\/de\/","name":"Bodegas Infante","description":"Artesanos del Brandy y vinos","publisher":{"@id":"https:\/\/dinfante.com\/de\/#organization"},"potentialAction":[{"@type":"SearchAction","target":{"@type":"EntryPoint","urlTemplate":"https:\/\/dinfante.com\/de\/?s={search_term_string}"},"query-input":{"@type":"PropertyValueSpecification","valueRequired":true,"valueName":"search_term_string"}}],"inLanguage":"de"},{"@type":"Organization","@id":"https:\/\/dinfante.com\/de\/#organization","name":"Bodegas Infante","url":"https:\/\/dinfante.com\/de\/","logo":{"@type":"ImageObject","inLanguage":"de","@id":"https:\/\/dinfante.com\/de\/#\/schema\/logo\/image\/","url":"https:\/\/dinfante.com\/wp-content\/uploads\/2021\/04\/cabecera_tienda.jpg","contentUrl":"https:\/\/dinfante.com\/wp-content\/uploads\/2021\/04\/cabecera_tienda.jpg","width":600,"height":151,"caption":"Bodegas Infante"},"image":{"@id":"https:\/\/dinfante.com\/de\/#\/schema\/logo\/image\/"}}]}},"_links":{"self":[{"href":"https:\/\/dinfante.com\/de\/wp-json\/wp\/v2\/product\/3126","targetHints":{"allow":["GET"]}}],"collection":[{"href":"https:\/\/dinfante.com\/de\/wp-json\/wp\/v2\/product"}],"about":[{"href":"https:\/\/dinfante.com\/de\/wp-json\/wp\/v2\/types\/product"}],"wp:featuredmedia":[{"embeddable":true,"href":"https:\/\/dinfante.com\/de\/wp-json\/wp\/v2\/media\/3127"}],"wp:attachment":[{"href":"https:\/\/dinfante.com\/de\/wp-json\/wp\/v2\/media?parent=3126"}],"wp:term":[{"taxonomy":"product_brand","embeddable":true,"href":"https:\/\/dinfante.com\/de\/wp-json\/wp\/v2\/product_brand?post=3126"},{"taxonomy":"product_cat","embeddable":true,"href":"https:\/\/dinfante.com\/de\/wp-json\/wp\/v2\/product_cat?post=3126"},{"taxonomy":"product_tag","embeddable":true,"href":"https:\/\/dinfante.com\/de\/wp-json\/wp\/v2\/product_tag?post=3126"}],"curies":[{"name":"wp","href":"https:\/\/api.w.org\/{rel}","templated":true}]}}