{"id":3129,"date":"2021-01-12T18:11:40","date_gmt":"2021-01-12T18:11:40","guid":{"rendered":"https:\/\/dinfante.com\/producto\/brandy-gran-reserva-especial-likoer\/"},"modified":"2025-07-08T17:54:44","modified_gmt":"2025-07-08T17:54:44","slug":"brandy-gran-reserva-especial-likoer","status":"publish","type":"product","link":"https:\/\/dinfante.com\/de\/producto\/brandy-gran-reserva-especial-likoer\/","title":{"rendered":"BRANDY GRAN RESERVA ESPECIAL LIK\u00d6R"},"content":{"rendered":"<p>[vc_row css=&#8220;.vc_custom_1610395611398{padding-top: 5% !important;padding-right: 5% !important;padding-bottom: 5% !important;padding-left: 5% !important;background-color: #106f64 !important;}&#8220;][vc_column][vc_tta_tabs style=&#8220;theme&#8220; alignment=&#8220;center&#8220; active_section=&#8220;1&#8243;][vc_tta_section title=&#8220;HERSTELLUNG&#8220; tab_id=&#8220;elaboraci\u00f3n&#8220;][vc_column_text]<\/p>\n<div class=\"flex-1 overflow-hidden\">\n<div class=\"react-scroll-to-bottom--css-dzidu-79elbk h-full\">\n<div class=\"react-scroll-to-bottom--css-dzidu-1n7m0yu\">\n<div class=\"flex flex-col text-sm gizmo:pb-9 dark:bg-gray-800 gizmo:dark:bg-transparent\">\n<div class=\"w-full text-token-text-primary border-b border-black\/10 gizmo:border-0 dark:border-gray-900\/50 gizmo:dark:border-0 bg-gray-50 gizmo:bg-transparent dark:bg-[#444654] gizmo:dark:bg-transparent\" data-testid=\"conversation-turn-5\">\n<div class=\"p-4 gizmo:py-2 justify-center text-base md:gap-6 md:py-6 m-auto\">\n<div class=\"flex flex-1 gap-4 text-base mx-auto md:gap-6 gizmo:gap-3 gizmo:md:px-5 gizmo:lg:px-1 gizmo:xl:px-5 md:max-w-2xl lg:max-w-[38rem] gizmo:md:max-w-3xl gizmo:lg:max-w-[40rem] gizmo:xl:max-w-[48rem] xl:max-w-3xl } group final-completion\">\n<div class=\"relative flex w-[calc(100%-50px)] flex-col gizmo:w-full lg:w-[calc(100%-115px)] agent-turn\">\n<div class=\"flex-col gap-1 md:gap-3\">\n<div class=\"flex flex-grow flex-col max-w-full gap-3 gizmo:gap-0\">\n<div class=\"min-h-[20px] text-message flex flex-col items-start gap-3 whitespace-pre-wrap break-words [.text-message+&amp;]:mt-5 overflow-x-auto\" data-message-author-role=\"assistant\" data-message-id=\"8d09168c-14cd-44ea-9648-7d1a44b1c327\">\n<div class=\"markdown prose w-full break-words dark:prose-invert light\">\n<p>Unser Brandy Gran Reserva Especial Lik\u00f6r ist das Ergebnis einer erstaunlichen Verschmelzung unserer angesehensten <a href=\"https:\/\/dinfante.com\/de\/producto\/infante-gran-reserva-especial\/\">Brandys<\/a> und unserer Solera von <a href=\"https:\/\/dinfante.com\/producto\/infante-dximenez\/\">Infante D\u00b4Ximenez<\/a>. Diese exquisite Mischung ergibt einen \u00fcberraschend subtilen und vielseitigen Lik\u00f6r, der jedes Degustationserlebnis bereichert. Sein unverwechselbares und weiches Profil l\u00e4dt dazu ein, jedes Glas zu genie\u00dfen und Schichten von Komplexit\u00e4t und raffinierten Noten zu entdecken, die die handwerkliche Meisterschaft hinter diesem Elixier hervorheben und jeden Moment zu einem Fest f\u00fcr die Sinne machen.  <\/p>\n<\/div>\n<\/div>\n<\/div>\n<\/div>\n<\/div>\n<\/div>\n<\/div>\n<\/div>\n<\/div>\n<\/div>\n<\/div>\n<\/div>\n<p>[\/vc_column_text][\/vc_tta_section][vc_tta_section title=&#8220;VERKOSTUNGSNOTIZEN&#8220; tab_id=&#8220;cata&#8220;][vc_column_text]<span style=\"color: #f1cd7f;\"><strong>AUSSEHEN:<\/strong><\/span> Mahagonifarben mit Nuancen und Glanz von Bernstein.<\/p>\n<p><span style=\"color: #f1cd7f;\"><strong>NASE:<\/strong><\/span> Gro\u00dfe Kraft und aromatische Komplexit\u00e4t, die gleichzeitig harmonisch, subtil und sehr vornehm ist. Einzigartig in seinem Aroma, mit w\u00fcrzigen Noten, die an Aromen von Trockenfr\u00fcchten erinnern. <\/p>\n<p><span style=\"color: #f1cd7f;\"><strong>MUND:<\/strong><\/span> Er zeichnet sich durch seine Weichheit, W\u00e4rme, Persistenz und Harmonie aus und bietet ein spektakul\u00e4res Gleichgewicht zwischen den Aromen unseres Brandys und den s\u00fc\u00dfen Noten des Infante D\u00b4Ximenez.<\/p>\n<p><span style=\"color: #f1cd7f;\"><strong>NACHGESCHMACK:<\/strong><\/span> Lang, kraftvoll und weich, mit einem sehr anhaltenden Abgang aufgrund seiner gro\u00dfen Komplexit\u00e4t.[\/vc_column_text][\/vc_tta_section][vc_tta_section title=&#8220;MOMENTE DES GENIESSENS&#8220; tab_id=&#8220;maridaje&#8220;][vc_column_text]<strong><span style=\"color: #f1cd7f;\">\u00b7<\/span><\/strong> Unverzichtbarer Begleiter einer angenehmen Tafelrunde, die zum langsamen Genie\u00dfen einl\u00e4dt.<\/p>\n<p><strong><span style=\"color: #f1cd7f;\">\u00b7<\/span><\/strong> Der Brandy Gran Reserva Especial Lik\u00f6r ist pur oder mit etwas Honig als Heilmittel k\u00f6stlich.<\/p>\n<p><strong><span style=\"color: #f1cd7f;\">\u00b7<\/span><\/strong> Zu anderen Jahreszeiten kann er mit Eis als Longdrink mit einer Orangen- und Zitronenscheibe oder Mineralwasser getrunken werden.<\/p>\n<p><strong><span style=\"color: #f1cd7f;\">\u00b7<\/span><\/strong> Sie k\u00f6nnen damit raffinierte Cocktailvarianten kreieren, die mit Eis und frischer Sahne gesch\u00fcttelt werden.<\/p>\n<p><strong><span style=\"color: #f1cd7f;\">\u00b7<\/span><\/strong> In der K\u00fcche macht er fantastische Crepes Suzette und ein paar Tropfen reichen aus, um jeden Obstsalat zu verbessern.[\/vc_column_text][\/vc_tta_section][\/vc_tta_tabs][\/vc_column][\/vc_row]<\/p>\n","protected":false},"excerpt":{"rendered":"<p>Dieser Lik\u00f6r wird aus unserem Brandy Gran Reserva Especial hergestellt, dem Infante D\u00b4Ximenez zugesetzt wird, wodurch eine f\u00fcr unsere Bodega charakteristische S\u00fc\u00dfe entsteht, die auch den anspruchsvollsten Gaumen zusagt.<\/p>\n","protected":false},"featured_media":3130,"template":"","meta":[],"product_brand":[],"product_cat":[61],"product_tag":[],"class_list":{"0":"post-3129","1":"product","2":"type-product","3":"status-publish","4":"has-post-thumbnail","6":"product_cat-premium-de","8":"first","9":"instock","10":"taxable","11":"shipping-taxable","12":"purchasable","13":"product-type-simple"},"acf":[],"yoast_head":"<!-- This site is optimized with the Yoast SEO plugin v27.1.1 - https:\/\/yoast.com\/product\/yoast-seo-wordpress\/ -->\n<title>BRANDY GRAN RESERVA ESPECIAL LIK\u00d6R - Bodegas Infante<\/title>\n<meta name=\"description\" content=\"Unser Brandy Gran Reserva Especial Lik\u00f6r ist das Ergebnis der hervorragenden Kombination von Brandy Gran Reserva Especial und Infante D\u00b4Ximenez.\" \/>\n<meta name=\"robots\" content=\"index, follow, max-snippet:-1, max-image-preview:large, max-video-preview:-1\" \/>\n<link rel=\"canonical\" href=\"https:\/\/dinfante.com\/de\/producto\/brandy-gran-reserva-especial-likoer\/\" \/>\n<meta property=\"og:locale\" content=\"de_DE\" \/>\n<meta property=\"og:type\" content=\"article\" \/>\n<meta property=\"og:title\" content=\"BRANDY GRAN RESERVA ESPECIAL LIK\u00d6R - Bodegas Infante\" \/>\n<meta property=\"og:description\" content=\"Unser Brandy Gran Reserva Especial Lik\u00f6r ist das Ergebnis der hervorragenden Kombination von Brandy Gran Reserva Especial und Infante D\u00b4Ximenez.\" \/>\n<meta property=\"og:url\" content=\"https:\/\/dinfante.com\/de\/producto\/brandy-gran-reserva-especial-likoer\/\" \/>\n<meta property=\"og:site_name\" content=\"Bodegas Infante\" \/>\n<meta property=\"article:modified_time\" content=\"2025-07-08T17:54:44+00:00\" \/>\n<meta property=\"og:image\" content=\"https:\/\/dinfante.com\/wp-content\/uploads\/2021\/01\/prod-licor-brandy-infante.png\" \/>\n\t<meta property=\"og:image:width\" content=\"500\" \/>\n\t<meta property=\"og:image:height\" content=\"828\" \/>\n\t<meta property=\"og:image:type\" content=\"image\/png\" \/>\n<meta name=\"twitter:card\" content=\"summary_large_image\" \/>\n<meta name=\"twitter:label1\" content=\"Gesch\u00e4tzte Lesezeit\" \/>\n\t<meta name=\"twitter:data1\" content=\"2\u00a0Minuten\" \/>\n<script type=\"application\/ld+json\" class=\"yoast-schema-graph\">{\"@context\":\"https:\/\/schema.org\",\"@graph\":[{\"@type\":\"WebPage\",\"@id\":\"https:\/\/dinfante.com\/de\/producto\/brandy-gran-reserva-especial-likoer\/\",\"url\":\"https:\/\/dinfante.com\/de\/producto\/brandy-gran-reserva-especial-likoer\/\",\"name\":\"BRANDY GRAN RESERVA ESPECIAL LIK\u00d6R - Bodegas Infante\",\"isPartOf\":{\"@id\":\"https:\/\/dinfante.com\/de\/#website\"},\"primaryImageOfPage\":{\"@id\":\"https:\/\/dinfante.com\/de\/producto\/brandy-gran-reserva-especial-likoer\/#primaryimage\"},\"image\":{\"@id\":\"https:\/\/dinfante.com\/de\/producto\/brandy-gran-reserva-especial-likoer\/#primaryimage\"},\"thumbnailUrl\":\"https:\/\/dinfante.com\/wp-content\/uploads\/2021\/01\/prod-licor-brandy-infante.png\",\"datePublished\":\"2021-01-12T18:11:40+00:00\",\"dateModified\":\"2025-07-08T17:54:44+00:00\",\"description\":\"Unser Brandy Gran Reserva Especial Lik\u00f6r ist das Ergebnis der hervorragenden Kombination von Brandy Gran Reserva Especial und Infante D\u00b4Ximenez.\",\"breadcrumb\":{\"@id\":\"https:\/\/dinfante.com\/de\/producto\/brandy-gran-reserva-especial-likoer\/#breadcrumb\"},\"inLanguage\":\"de\",\"potentialAction\":[{\"@type\":\"ReadAction\",\"target\":[\"https:\/\/dinfante.com\/de\/producto\/brandy-gran-reserva-especial-likoer\/\"]}]},{\"@type\":\"ImageObject\",\"inLanguage\":\"de\",\"@id\":\"https:\/\/dinfante.com\/de\/producto\/brandy-gran-reserva-especial-likoer\/#primaryimage\",\"url\":\"https:\/\/dinfante.com\/wp-content\/uploads\/2021\/01\/prod-licor-brandy-infante.png\",\"contentUrl\":\"https:\/\/dinfante.com\/wp-content\/uploads\/2021\/01\/prod-licor-brandy-infante.png\",\"width\":500,\"height\":828},{\"@type\":\"BreadcrumbList\",\"@id\":\"https:\/\/dinfante.com\/de\/producto\/brandy-gran-reserva-especial-likoer\/#breadcrumb\",\"itemListElement\":[{\"@type\":\"ListItem\",\"position\":1,\"name\":\"Portada\",\"item\":\"https:\/\/dinfante.com\/de\/\"},{\"@type\":\"ListItem\",\"position\":2,\"name\":\"Tienda\",\"item\":\"https:\/\/dinfante.com\/en\/shop\/\"},{\"@type\":\"ListItem\",\"position\":3,\"name\":\"BRANDY GRAN RESERVA ESPECIAL LIK\u00d6R\"}]},{\"@type\":\"WebSite\",\"@id\":\"https:\/\/dinfante.com\/de\/#website\",\"url\":\"https:\/\/dinfante.com\/de\/\",\"name\":\"Bodegas Infante\",\"description\":\"Artesanos del Brandy y vinos\",\"publisher\":{\"@id\":\"https:\/\/dinfante.com\/de\/#organization\"},\"potentialAction\":[{\"@type\":\"SearchAction\",\"target\":{\"@type\":\"EntryPoint\",\"urlTemplate\":\"https:\/\/dinfante.com\/de\/?s={search_term_string}\"},\"query-input\":{\"@type\":\"PropertyValueSpecification\",\"valueRequired\":true,\"valueName\":\"search_term_string\"}}],\"inLanguage\":\"de\"},{\"@type\":\"Organization\",\"@id\":\"https:\/\/dinfante.com\/de\/#organization\",\"name\":\"Bodegas Infante\",\"url\":\"https:\/\/dinfante.com\/de\/\",\"logo\":{\"@type\":\"ImageObject\",\"inLanguage\":\"de\",\"@id\":\"https:\/\/dinfante.com\/de\/#\/schema\/logo\/image\/\",\"url\":\"https:\/\/dinfante.com\/wp-content\/uploads\/2021\/04\/cabecera_tienda.jpg\",\"contentUrl\":\"https:\/\/dinfante.com\/wp-content\/uploads\/2021\/04\/cabecera_tienda.jpg\",\"width\":600,\"height\":151,\"caption\":\"Bodegas Infante\"},\"image\":{\"@id\":\"https:\/\/dinfante.com\/de\/#\/schema\/logo\/image\/\"}}]}<\/script>\n<!-- \/ Yoast SEO plugin. -->","yoast_head_json":{"title":"BRANDY GRAN RESERVA ESPECIAL LIK\u00d6R - Bodegas Infante","description":"Unser Brandy Gran Reserva Especial Lik\u00f6r ist das Ergebnis der hervorragenden Kombination von Brandy Gran Reserva Especial und Infante D\u00b4Ximenez.","robots":{"index":"index","follow":"follow","max-snippet":"max-snippet:-1","max-image-preview":"max-image-preview:large","max-video-preview":"max-video-preview:-1"},"canonical":"https:\/\/dinfante.com\/de\/producto\/brandy-gran-reserva-especial-likoer\/","og_locale":"de_DE","og_type":"article","og_title":"BRANDY GRAN RESERVA ESPECIAL LIK\u00d6R - Bodegas Infante","og_description":"Unser Brandy Gran Reserva Especial Lik\u00f6r ist das Ergebnis der hervorragenden Kombination von Brandy Gran Reserva Especial und Infante D\u00b4Ximenez.","og_url":"https:\/\/dinfante.com\/de\/producto\/brandy-gran-reserva-especial-likoer\/","og_site_name":"Bodegas Infante","article_modified_time":"2025-07-08T17:54:44+00:00","og_image":[{"width":500,"height":828,"url":"https:\/\/dinfante.com\/wp-content\/uploads\/2021\/01\/prod-licor-brandy-infante.png","type":"image\/png"}],"twitter_card":"summary_large_image","twitter_misc":{"Gesch\u00e4tzte Lesezeit":"2\u00a0Minuten"},"schema":{"@context":"https:\/\/schema.org","@graph":[{"@type":"WebPage","@id":"https:\/\/dinfante.com\/de\/producto\/brandy-gran-reserva-especial-likoer\/","url":"https:\/\/dinfante.com\/de\/producto\/brandy-gran-reserva-especial-likoer\/","name":"BRANDY GRAN RESERVA ESPECIAL LIK\u00d6R - Bodegas Infante","isPartOf":{"@id":"https:\/\/dinfante.com\/de\/#website"},"primaryImageOfPage":{"@id":"https:\/\/dinfante.com\/de\/producto\/brandy-gran-reserva-especial-likoer\/#primaryimage"},"image":{"@id":"https:\/\/dinfante.com\/de\/producto\/brandy-gran-reserva-especial-likoer\/#primaryimage"},"thumbnailUrl":"https:\/\/dinfante.com\/wp-content\/uploads\/2021\/01\/prod-licor-brandy-infante.png","datePublished":"2021-01-12T18:11:40+00:00","dateModified":"2025-07-08T17:54:44+00:00","description":"Unser Brandy Gran Reserva Especial Lik\u00f6r ist das Ergebnis der hervorragenden Kombination von Brandy Gran Reserva Especial und Infante D\u00b4Ximenez.","breadcrumb":{"@id":"https:\/\/dinfante.com\/de\/producto\/brandy-gran-reserva-especial-likoer\/#breadcrumb"},"inLanguage":"de","potentialAction":[{"@type":"ReadAction","target":["https:\/\/dinfante.com\/de\/producto\/brandy-gran-reserva-especial-likoer\/"]}]},{"@type":"ImageObject","inLanguage":"de","@id":"https:\/\/dinfante.com\/de\/producto\/brandy-gran-reserva-especial-likoer\/#primaryimage","url":"https:\/\/dinfante.com\/wp-content\/uploads\/2021\/01\/prod-licor-brandy-infante.png","contentUrl":"https:\/\/dinfante.com\/wp-content\/uploads\/2021\/01\/prod-licor-brandy-infante.png","width":500,"height":828},{"@type":"BreadcrumbList","@id":"https:\/\/dinfante.com\/de\/producto\/brandy-gran-reserva-especial-likoer\/#breadcrumb","itemListElement":[{"@type":"ListItem","position":1,"name":"Portada","item":"https:\/\/dinfante.com\/de\/"},{"@type":"ListItem","position":2,"name":"Tienda","item":"https:\/\/dinfante.com\/en\/shop\/"},{"@type":"ListItem","position":3,"name":"BRANDY GRAN RESERVA ESPECIAL LIK\u00d6R"}]},{"@type":"WebSite","@id":"https:\/\/dinfante.com\/de\/#website","url":"https:\/\/dinfante.com\/de\/","name":"Bodegas Infante","description":"Artesanos del Brandy y vinos","publisher":{"@id":"https:\/\/dinfante.com\/de\/#organization"},"potentialAction":[{"@type":"SearchAction","target":{"@type":"EntryPoint","urlTemplate":"https:\/\/dinfante.com\/de\/?s={search_term_string}"},"query-input":{"@type":"PropertyValueSpecification","valueRequired":true,"valueName":"search_term_string"}}],"inLanguage":"de"},{"@type":"Organization","@id":"https:\/\/dinfante.com\/de\/#organization","name":"Bodegas Infante","url":"https:\/\/dinfante.com\/de\/","logo":{"@type":"ImageObject","inLanguage":"de","@id":"https:\/\/dinfante.com\/de\/#\/schema\/logo\/image\/","url":"https:\/\/dinfante.com\/wp-content\/uploads\/2021\/04\/cabecera_tienda.jpg","contentUrl":"https:\/\/dinfante.com\/wp-content\/uploads\/2021\/04\/cabecera_tienda.jpg","width":600,"height":151,"caption":"Bodegas Infante"},"image":{"@id":"https:\/\/dinfante.com\/de\/#\/schema\/logo\/image\/"}}]}},"_links":{"self":[{"href":"https:\/\/dinfante.com\/de\/wp-json\/wp\/v2\/product\/3129","targetHints":{"allow":["GET"]}}],"collection":[{"href":"https:\/\/dinfante.com\/de\/wp-json\/wp\/v2\/product"}],"about":[{"href":"https:\/\/dinfante.com\/de\/wp-json\/wp\/v2\/types\/product"}],"wp:featuredmedia":[{"embeddable":true,"href":"https:\/\/dinfante.com\/de\/wp-json\/wp\/v2\/media\/3130"}],"wp:attachment":[{"href":"https:\/\/dinfante.com\/de\/wp-json\/wp\/v2\/media?parent=3129"}],"wp:term":[{"taxonomy":"product_brand","embeddable":true,"href":"https:\/\/dinfante.com\/de\/wp-json\/wp\/v2\/product_brand?post=3129"},{"taxonomy":"product_cat","embeddable":true,"href":"https:\/\/dinfante.com\/de\/wp-json\/wp\/v2\/product_cat?post=3129"},{"taxonomy":"product_tag","embeddable":true,"href":"https:\/\/dinfante.com\/de\/wp-json\/wp\/v2\/product_tag?post=3129"}],"curies":[{"name":"wp","href":"https:\/\/api.w.org\/{rel}","templated":true}]}}