{"id":3133,"date":"2021-01-12T12:57:48","date_gmt":"2021-01-12T12:57:48","guid":{"rendered":"https:\/\/dinfante.com\/producto\/ginebra-peltier-%c2%b7-3er-pack\/"},"modified":"2025-07-08T17:55:03","modified_gmt":"2025-07-08T17:55:03","slug":"ginebra-peltier-%c2%b7-3er-pack","status":"publish","type":"product","link":"https:\/\/dinfante.com\/de\/producto\/ginebra-peltier-%c2%b7-3er-pack\/","title":{"rendered":"GINEBRA PELTIER \u00b7 3er-Pack"},"content":{"rendered":"<p>[vc_row css=&#8220;.vc_custom_1610395611398{padding-top: 5% !important;padding-right: 5% !important;padding-bottom: 5% !important;padding-left: 5% !important;background-color: #106f64 !important;}&#8220;][vc_column][vc_tta_tabs style=&#8220;theme&#8220; alignment=&#8220;center&#8220; active_section=&#8220;1&#8243;][vc_tta_section title=&#8220;HERSTELLUNG&#8220; tab_id=&#8220;elaboraci\u00f3n&#8220;][vc_column_text]Die Herstellung von Gin Premium Peltier Classic beginnt mit der sorgf\u00e4ltigen Fermentation der Getreidekorn-S\u00e4fte, gefolgt von einer doppelten Destillation, um einen reinen Getreidealkohol zu erhalten. Dieser Alkohol wird auf nat\u00fcrliche Weise mit Wacholderbeeren, Botanicals und ausgew\u00e4hlten Zitrusfr\u00fcchten aromatisiert, die w\u00e4hrend des Prozesses sorgf\u00e4ltig infundiert werden. Das Ergebnis ist ein Gin von Premium-Qualit\u00e4t mit einer au\u00dfergew\u00f6hnlichen Ausgewogenheit von Aromen, Geschmeidigkeit im Mund und einem unverwechselbaren Charakter, der ihn von anderen Optionen auf dem Markt abhebt. Gin Premium Peltier Classic ist die ideale Wahl f\u00fcr diejenigen, die Qualit\u00e4t und Handwerkskunst bei jedem Schluck sch\u00e4tzen.[\/vc_column_text][\/vc_tta_section][vc_tta_section title=&#8220;VERKOSTUNGSNOTIZEN&#8220; tab_id=&#8220;cata&#8220;][vc_column_text]<span style=\"color: #f1cd7f;\"><strong>AUSSEHEN:<\/strong><\/span> Kristallklar und transparent.<\/p>\n<p><span style=\"color: #f1cd7f;\"><strong>NASE:<\/strong><\/span> Klare Wacholderaromen mit Zitrust\u00f6nen als Ergebnis von mehr als 6 Zitrusfr\u00fcchten.<\/p>\n<p><span style=\"color: #f1cd7f;\"><strong>MUND:<\/strong><\/span> Fein, weich, frisch und elegant im Abgang.[\/vc_column_text][\/vc_tta_section][vc_tta_section title=&#8220;GENUSSMOMENTE&#8220; tab_id=&#8220;maridaje&#8220;][vc_column_text]Aufgrund seiner delikaten und ausgepr\u00e4gten organoleptischen Eigenschaften ist Gin Premium Peltier Classic ideal, um ihn als Gin Tonic zu kombinieren oder um Teil von Cocktails mit Gin und gelben Zitrusfr\u00fcchten zu sein.<\/p>\n<p>Auch mit <a href=\"https:\/\/dinfante.com\/de\/producto\/nina-lola-roter-vermut-3er-pack-flaschen\/\">Verm\u00fa Ni\u00f1a Lola<\/a> ergibt er einen Cocktail, um den Appetit anzuregen, oder mit unserem <a href=\"https:\/\/dinfante.com\/producto\/ponche-infante\/\">Ponche Infante<\/a>.<\/p>\n<p>Weitere originelle Kombinationen finden Sie in unserem <a href=\"https:\/\/www.instagram.com\/bodegasinfante\/\">Instagram<\/a>-Profil.[\/vc_column_text][\/vc_tta_section][\/vc_tta_tabs][\/vc_column][\/vc_row]<\/p>\n","protected":false},"excerpt":{"rendered":"<p>Unser Gin wird in unserer Destillerie mit Aromen von Wacholder und Zitrusfr\u00fcchten hergestellt.<\/p>\n","protected":false},"featured_media":3137,"template":"","meta":[],"product_brand":[],"product_cat":[68],"product_tag":[],"class_list":{"0":"post-3133","1":"product","2":"type-product","3":"status-publish","4":"has-post-thumbnail","6":"product_cat-spirituose","8":"first","9":"instock","10":"taxable","11":"shipping-taxable","12":"purchasable","13":"product-type-simple"},"acf":[],"yoast_head":"<!-- This site is optimized with the Yoast SEO plugin v27.1.1 - https:\/\/yoast.com\/product\/yoast-seo-wordpress\/ -->\n<title>GIN PREMIUM PELTIER CLASSIC - Bodegas Infante<\/title>\n<meta name=\"description\" content=\"Gin Premium Peltier Classic, doppelte Destillation von 6 Botanicals aus unserer Region. Trockener Zitrus-Gin, London Gin.\" \/>\n<meta name=\"robots\" content=\"index, follow, max-snippet:-1, max-image-preview:large, max-video-preview:-1\" \/>\n<link rel=\"canonical\" href=\"https:\/\/dinfante.com\/de\/producto\/ginebra-peltier-%c2%b7-3er-pack\/\" \/>\n<meta property=\"og:locale\" content=\"de_DE\" \/>\n<meta property=\"og:type\" content=\"article\" \/>\n<meta property=\"og:title\" content=\"GIN PREMIUM PELTIER CLASSIC - Bodegas Infante\" \/>\n<meta property=\"og:description\" content=\"Gin Premium Peltier Classic, doppelte Destillation von 6 Botanicals aus unserer Region. Trockener Zitrus-Gin, London Gin.\" \/>\n<meta property=\"og:url\" content=\"https:\/\/dinfante.com\/de\/producto\/ginebra-peltier-%c2%b7-3er-pack\/\" \/>\n<meta property=\"og:site_name\" content=\"Bodegas Infante\" \/>\n<meta property=\"article:modified_time\" content=\"2025-07-08T17:55:03+00:00\" \/>\n<meta property=\"og:image\" content=\"https:\/\/dinfante.com\/wp-content\/uploads\/2021\/01\/prod-ginebra-peltier3-1.png\" \/>\n\t<meta property=\"og:image:width\" content=\"500\" \/>\n\t<meta property=\"og:image:height\" content=\"828\" \/>\n\t<meta property=\"og:image:type\" content=\"image\/png\" \/>\n<meta name=\"twitter:card\" content=\"summary_large_image\" \/>\n<meta name=\"twitter:label1\" content=\"Gesch\u00e4tzte Lesezeit\" \/>\n\t<meta name=\"twitter:data1\" content=\"1\u00a0Minute\" \/>\n<script type=\"application\/ld+json\" class=\"yoast-schema-graph\">{\"@context\":\"https:\/\/schema.org\",\"@graph\":[{\"@type\":\"WebPage\",\"@id\":\"https:\/\/dinfante.com\/de\/producto\/ginebra-peltier-%c2%b7-3er-pack\/\",\"url\":\"https:\/\/dinfante.com\/de\/producto\/ginebra-peltier-%c2%b7-3er-pack\/\",\"name\":\"GIN PREMIUM PELTIER CLASSIC - Bodegas Infante\",\"isPartOf\":{\"@id\":\"https:\/\/dinfante.com\/de\/#website\"},\"primaryImageOfPage\":{\"@id\":\"https:\/\/dinfante.com\/de\/producto\/ginebra-peltier-%c2%b7-3er-pack\/#primaryimage\"},\"image\":{\"@id\":\"https:\/\/dinfante.com\/de\/producto\/ginebra-peltier-%c2%b7-3er-pack\/#primaryimage\"},\"thumbnailUrl\":\"https:\/\/dinfante.com\/wp-content\/uploads\/2021\/01\/prod-ginebra-peltier3-1.png\",\"datePublished\":\"2021-01-12T12:57:48+00:00\",\"dateModified\":\"2025-07-08T17:55:03+00:00\",\"description\":\"Gin Premium Peltier Classic, doppelte Destillation von 6 Botanicals aus unserer Region. Trockener Zitrus-Gin, London Gin.\",\"breadcrumb\":{\"@id\":\"https:\/\/dinfante.com\/de\/producto\/ginebra-peltier-%c2%b7-3er-pack\/#breadcrumb\"},\"inLanguage\":\"de\",\"potentialAction\":[{\"@type\":\"ReadAction\",\"target\":[\"https:\/\/dinfante.com\/de\/producto\/ginebra-peltier-%c2%b7-3er-pack\/\"]}]},{\"@type\":\"ImageObject\",\"inLanguage\":\"de\",\"@id\":\"https:\/\/dinfante.com\/de\/producto\/ginebra-peltier-%c2%b7-3er-pack\/#primaryimage\",\"url\":\"https:\/\/dinfante.com\/wp-content\/uploads\/2021\/01\/prod-ginebra-peltier3-1.png\",\"contentUrl\":\"https:\/\/dinfante.com\/wp-content\/uploads\/2021\/01\/prod-ginebra-peltier3-1.png\",\"width\":500,\"height\":828,\"caption\":\"Gin Peltier Classic by Bodeggas Infante\"},{\"@type\":\"BreadcrumbList\",\"@id\":\"https:\/\/dinfante.com\/de\/producto\/ginebra-peltier-%c2%b7-3er-pack\/#breadcrumb\",\"itemListElement\":[{\"@type\":\"ListItem\",\"position\":1,\"name\":\"Portada\",\"item\":\"https:\/\/dinfante.com\/de\/\"},{\"@type\":\"ListItem\",\"position\":2,\"name\":\"Tienda\",\"item\":\"https:\/\/dinfante.com\/en\/shop\/\"},{\"@type\":\"ListItem\",\"position\":3,\"name\":\"GINEBRA PELTIER \u00b7 3er-Pack\"}]},{\"@type\":\"WebSite\",\"@id\":\"https:\/\/dinfante.com\/de\/#website\",\"url\":\"https:\/\/dinfante.com\/de\/\",\"name\":\"Bodegas Infante\",\"description\":\"Artesanos del Brandy y vinos\",\"publisher\":{\"@id\":\"https:\/\/dinfante.com\/de\/#organization\"},\"potentialAction\":[{\"@type\":\"SearchAction\",\"target\":{\"@type\":\"EntryPoint\",\"urlTemplate\":\"https:\/\/dinfante.com\/de\/?s={search_term_string}\"},\"query-input\":{\"@type\":\"PropertyValueSpecification\",\"valueRequired\":true,\"valueName\":\"search_term_string\"}}],\"inLanguage\":\"de\"},{\"@type\":\"Organization\",\"@id\":\"https:\/\/dinfante.com\/de\/#organization\",\"name\":\"Bodegas Infante\",\"url\":\"https:\/\/dinfante.com\/de\/\",\"logo\":{\"@type\":\"ImageObject\",\"inLanguage\":\"de\",\"@id\":\"https:\/\/dinfante.com\/de\/#\/schema\/logo\/image\/\",\"url\":\"https:\/\/dinfante.com\/wp-content\/uploads\/2021\/04\/cabecera_tienda.jpg\",\"contentUrl\":\"https:\/\/dinfante.com\/wp-content\/uploads\/2021\/04\/cabecera_tienda.jpg\",\"width\":600,\"height\":151,\"caption\":\"Bodegas Infante\"},\"image\":{\"@id\":\"https:\/\/dinfante.com\/de\/#\/schema\/logo\/image\/\"}}]}<\/script>\n<!-- \/ Yoast SEO plugin. -->","yoast_head_json":{"title":"GIN PREMIUM PELTIER CLASSIC - Bodegas Infante","description":"Gin Premium Peltier Classic, doppelte Destillation von 6 Botanicals aus unserer Region. Trockener Zitrus-Gin, London Gin.","robots":{"index":"index","follow":"follow","max-snippet":"max-snippet:-1","max-image-preview":"max-image-preview:large","max-video-preview":"max-video-preview:-1"},"canonical":"https:\/\/dinfante.com\/de\/producto\/ginebra-peltier-%c2%b7-3er-pack\/","og_locale":"de_DE","og_type":"article","og_title":"GIN PREMIUM PELTIER CLASSIC - Bodegas Infante","og_description":"Gin Premium Peltier Classic, doppelte Destillation von 6 Botanicals aus unserer Region. Trockener Zitrus-Gin, London Gin.","og_url":"https:\/\/dinfante.com\/de\/producto\/ginebra-peltier-%c2%b7-3er-pack\/","og_site_name":"Bodegas Infante","article_modified_time":"2025-07-08T17:55:03+00:00","og_image":[{"width":500,"height":828,"url":"https:\/\/dinfante.com\/wp-content\/uploads\/2021\/01\/prod-ginebra-peltier3-1.png","type":"image\/png"}],"twitter_card":"summary_large_image","twitter_misc":{"Gesch\u00e4tzte Lesezeit":"1\u00a0Minute"},"schema":{"@context":"https:\/\/schema.org","@graph":[{"@type":"WebPage","@id":"https:\/\/dinfante.com\/de\/producto\/ginebra-peltier-%c2%b7-3er-pack\/","url":"https:\/\/dinfante.com\/de\/producto\/ginebra-peltier-%c2%b7-3er-pack\/","name":"GIN PREMIUM PELTIER CLASSIC - Bodegas Infante","isPartOf":{"@id":"https:\/\/dinfante.com\/de\/#website"},"primaryImageOfPage":{"@id":"https:\/\/dinfante.com\/de\/producto\/ginebra-peltier-%c2%b7-3er-pack\/#primaryimage"},"image":{"@id":"https:\/\/dinfante.com\/de\/producto\/ginebra-peltier-%c2%b7-3er-pack\/#primaryimage"},"thumbnailUrl":"https:\/\/dinfante.com\/wp-content\/uploads\/2021\/01\/prod-ginebra-peltier3-1.png","datePublished":"2021-01-12T12:57:48+00:00","dateModified":"2025-07-08T17:55:03+00:00","description":"Gin Premium Peltier Classic, doppelte Destillation von 6 Botanicals aus unserer Region. Trockener Zitrus-Gin, London Gin.","breadcrumb":{"@id":"https:\/\/dinfante.com\/de\/producto\/ginebra-peltier-%c2%b7-3er-pack\/#breadcrumb"},"inLanguage":"de","potentialAction":[{"@type":"ReadAction","target":["https:\/\/dinfante.com\/de\/producto\/ginebra-peltier-%c2%b7-3er-pack\/"]}]},{"@type":"ImageObject","inLanguage":"de","@id":"https:\/\/dinfante.com\/de\/producto\/ginebra-peltier-%c2%b7-3er-pack\/#primaryimage","url":"https:\/\/dinfante.com\/wp-content\/uploads\/2021\/01\/prod-ginebra-peltier3-1.png","contentUrl":"https:\/\/dinfante.com\/wp-content\/uploads\/2021\/01\/prod-ginebra-peltier3-1.png","width":500,"height":828,"caption":"Gin Peltier Classic by Bodeggas Infante"},{"@type":"BreadcrumbList","@id":"https:\/\/dinfante.com\/de\/producto\/ginebra-peltier-%c2%b7-3er-pack\/#breadcrumb","itemListElement":[{"@type":"ListItem","position":1,"name":"Portada","item":"https:\/\/dinfante.com\/de\/"},{"@type":"ListItem","position":2,"name":"Tienda","item":"https:\/\/dinfante.com\/en\/shop\/"},{"@type":"ListItem","position":3,"name":"GINEBRA PELTIER \u00b7 3er-Pack"}]},{"@type":"WebSite","@id":"https:\/\/dinfante.com\/de\/#website","url":"https:\/\/dinfante.com\/de\/","name":"Bodegas Infante","description":"Artesanos del Brandy y vinos","publisher":{"@id":"https:\/\/dinfante.com\/de\/#organization"},"potentialAction":[{"@type":"SearchAction","target":{"@type":"EntryPoint","urlTemplate":"https:\/\/dinfante.com\/de\/?s={search_term_string}"},"query-input":{"@type":"PropertyValueSpecification","valueRequired":true,"valueName":"search_term_string"}}],"inLanguage":"de"},{"@type":"Organization","@id":"https:\/\/dinfante.com\/de\/#organization","name":"Bodegas Infante","url":"https:\/\/dinfante.com\/de\/","logo":{"@type":"ImageObject","inLanguage":"de","@id":"https:\/\/dinfante.com\/de\/#\/schema\/logo\/image\/","url":"https:\/\/dinfante.com\/wp-content\/uploads\/2021\/04\/cabecera_tienda.jpg","contentUrl":"https:\/\/dinfante.com\/wp-content\/uploads\/2021\/04\/cabecera_tienda.jpg","width":600,"height":151,"caption":"Bodegas Infante"},"image":{"@id":"https:\/\/dinfante.com\/de\/#\/schema\/logo\/image\/"}}]}},"_links":{"self":[{"href":"https:\/\/dinfante.com\/de\/wp-json\/wp\/v2\/product\/3133","targetHints":{"allow":["GET"]}}],"collection":[{"href":"https:\/\/dinfante.com\/de\/wp-json\/wp\/v2\/product"}],"about":[{"href":"https:\/\/dinfante.com\/de\/wp-json\/wp\/v2\/types\/product"}],"wp:featuredmedia":[{"embeddable":true,"href":"https:\/\/dinfante.com\/de\/wp-json\/wp\/v2\/media\/3137"}],"wp:attachment":[{"href":"https:\/\/dinfante.com\/de\/wp-json\/wp\/v2\/media?parent=3133"}],"wp:term":[{"taxonomy":"product_brand","embeddable":true,"href":"https:\/\/dinfante.com\/de\/wp-json\/wp\/v2\/product_brand?post=3133"},{"taxonomy":"product_cat","embeddable":true,"href":"https:\/\/dinfante.com\/de\/wp-json\/wp\/v2\/product_cat?post=3133"},{"taxonomy":"product_tag","embeddable":true,"href":"https:\/\/dinfante.com\/de\/wp-json\/wp\/v2\/product_tag?post=3133"}],"curies":[{"name":"wp","href":"https:\/\/api.w.org\/{rel}","templated":true}]}}