{"id":3147,"date":"2021-01-12T17:38:35","date_gmt":"2021-01-12T17:38:35","guid":{"rendered":"https:\/\/dinfante.com\/producto\/infante-dximenez-3er-pack\/"},"modified":"2025-07-08T17:55:30","modified_gmt":"2025-07-08T17:55:30","slug":"infante-dximenez-3er-pack","status":"publish","type":"product","link":"https:\/\/dinfante.com\/de\/producto\/infante-dximenez-3er-pack\/","title":{"rendered":"INFANTE D&#8217;XIM\u00c9NEZ <br> 3er-Pack"},"content":{"rendered":"<p>[vc_row css=&#8220;.vc_custom_1610395611398{padding-top: 5% !important;padding-right: 5% !important;padding-bottom: 5% !important;padding-left: 5% !important;background-color: #106f64 !important;}&#8220;][vc_column][vc_tta_tabs style=&#8220;theme&#8220; alignment=&#8220;center&#8220; active_section=&#8220;1&#8243;][vc_tta_section title=&#8220;HERSTELLUNG&#8220; tab_id=&#8220;elaboraci\u00f3n&#8220;][vc_column_text]Infante D\u00b4Xim\u00e9nez wird aus einer Basis der Pedro Ximenez-Traube gewonnen, die dem traditionellen Verfahren des \u201eSoleo\u201c unterzogen wird, bis eine intensive Rosinenbildung der Frucht in der Hochebene unseres Andalusiens erreicht wird. Nach dem Pressen werden Moste gewonnen, die eine au\u00dfergew\u00f6hnliche Zuckerkonzentration aufweisen, anschlie\u00dfend verg\u00e4ren sie und gelangen dann in unsere amerikanischen Eichenholzf\u00e4sser, wo sie mit unseren Soleras nach dem traditionellen System der Criaderas und Soleras vermischt werden, bis sie ihre besondere Pers\u00f6nlichkeit erhalten. <\/p>\n<p>Erfahren Sie mehr \u00fcber unsere Produkte <a href=\"https:\/\/dinfante.com\/de\/ueber-uns\/\">hier.<\/a>[\/vc_column_text][\/vc_tta_section][vc_tta_section title=&#8220;VERKOSTUNGSNOTIZEN&#8220; tab_id=&#8220;cata&#8220;][vc_column_text]<span style=\"color: #f1cd7f;\"><strong>AUSSEHEN:<\/strong><\/span> Dunkles Mahagoni mit Nuancen zwischen Bernstein und Ziegelrot.<\/p>\n<p><span style=\"color: #f1cd7f;\"><strong>NASE:<\/strong><\/span> In der Nase bietet er Aromen mit einem \u00dcberwiegen von s\u00fc\u00dflichen Noten von Trockenfr\u00fcchten wie Rosinen, Feigen und Datteln, begleitet von Aromen von Honig, Arrope und Kompott- und kandierten Fr\u00fcchten. Die Integration mit dem Holz ist subtil und perfekt, wo Ankl\u00e4nge an feine Tischlerei auftauchen, die ihn komplex und intensiv machen. <\/p>\n<p><span style=\"color: #f1cd7f;\"><strong>MUND:<\/strong><\/span> Im Mund hat er eine mittlere Geschmeidigkeit, ist freundlich und warm. Genau der richtige S\u00fc\u00dfegrad mit Erinnerungen an die sanfte Vanille seiner Reifung. Langer Abgang am Gaumen mit viel Ausgewogenheit.  <\/p>\n<p><span style=\"color: #f1cd7f;\"><strong>NACHGESCHMACK:<\/strong><\/span> Ausgewogen, lang und angenehm.[\/vc_column_text][\/vc_tta_section][vc_tta_section title=&#8220;MOMENTE DES GENIESSENS&#8220; tab_id=&#8220;maridaje&#8220;][vc_column_text]<strong><span style=\"color: #f1cd7f;\">\u00b7<\/span><\/strong> Infante D&#8217;Xim\u00e9nez sollte leicht gek\u00fchlt, zwischen 12 und 14 \u00b0C, serviert werden.<\/p>\n<p><strong><span style=\"color: #f1cd7f;\">\u00b7<\/span><\/strong> Er ist ein Dessert f\u00fcr sich, passt aber hervorragend zu Desserts auf der Basis von leicht bitterer Schokolade, zu Eis oder zu Blauschimmelk\u00e4se von gro\u00dfer Intensit\u00e4t, wie Cabrales oder Roquefort..<\/p>\n<p>Entdecken Sie weitere Momente des Genusses in unseren <a href=\"https:\/\/www.instagram.com\/bodegasinfante\/\">sozialen Netzwerken<\/a>.[\/vc_column_text][\/vc_tta_section][\/vc_tta_tabs][\/vc_column][\/vc_row]<\/p>\n","protected":false},"excerpt":{"rendered":"<p>Unser D \u201eXimenez-Wein stammt aus Mischungen von PX- und Zalema-Trauben und reift in amerikanischen Eichenf\u00e4ssern, die zuvor Olorosos und Brandys enthielten, was ihm eine besondere Note aus vergangenen Zeiten verleiht und ihn zu einem besonderen D\u201c Ximenez-Wein macht.<\/p>\n","protected":false},"featured_media":3149,"template":"","meta":[],"product_brand":[],"product_cat":[63],"product_tag":[],"class_list":{"0":"post-3147","1":"product","2":"type-product","3":"status-publish","4":"has-post-thumbnail","6":"product_cat-suswein","8":"first","9":"instock","10":"taxable","11":"shipping-taxable","12":"purchasable","13":"product-type-simple"},"acf":[],"yoast_head":"<!-- This site is optimized with the Yoast SEO plugin v27.1.1 - https:\/\/yoast.com\/product\/yoast-seo-wordpress\/ -->\n<title>INFANTE D&#039;XIM\u00c9NEZ  3er-Pack - Bodegas Infante<\/title>\n<meta name=\"description\" content=\"Infante D&#039;Xim\u00e9nez bezaubert durch S\u00fc\u00dfe und tiefen Geschmack dank &quot;Soleo&quot; und Reifung. Mehr hier.\" \/>\n<meta name=\"robots\" content=\"index, follow, max-snippet:-1, max-image-preview:large, max-video-preview:-1\" \/>\n<link rel=\"canonical\" href=\"https:\/\/dinfante.com\/de\/producto\/infante-dximenez-3er-pack\/\" \/>\n<meta property=\"og:locale\" content=\"de_DE\" \/>\n<meta property=\"og:type\" content=\"article\" \/>\n<meta property=\"og:title\" content=\"INFANTE D&#039;XIM\u00c9NEZ  3er-Pack - Bodegas Infante\" \/>\n<meta property=\"og:description\" content=\"Infante D&#039;Xim\u00e9nez bezaubert durch S\u00fc\u00dfe und tiefen Geschmack dank &quot;Soleo&quot; und Reifung. Mehr hier.\" \/>\n<meta property=\"og:url\" content=\"https:\/\/dinfante.com\/de\/producto\/infante-dximenez-3er-pack\/\" \/>\n<meta property=\"og:site_name\" content=\"Bodegas Infante\" \/>\n<meta property=\"article:modified_time\" content=\"2025-07-08T17:55:30+00:00\" \/>\n<meta property=\"og:image\" content=\"https:\/\/dinfante.com\/wp-content\/uploads\/2021\/01\/prod-infante-d-ximenez2.png\" \/>\n\t<meta property=\"og:image:width\" content=\"500\" \/>\n\t<meta property=\"og:image:height\" content=\"828\" \/>\n\t<meta property=\"og:image:type\" content=\"image\/png\" \/>\n<meta name=\"twitter:card\" content=\"summary_large_image\" \/>\n<meta name=\"twitter:label1\" content=\"Gesch\u00e4tzte Lesezeit\" \/>\n\t<meta name=\"twitter:data1\" content=\"2\u00a0Minuten\" \/>\n<script type=\"application\/ld+json\" class=\"yoast-schema-graph\">{\"@context\":\"https:\/\/schema.org\",\"@graph\":[{\"@type\":\"WebPage\",\"@id\":\"https:\/\/dinfante.com\/de\/producto\/infante-dximenez-3er-pack\/\",\"url\":\"https:\/\/dinfante.com\/de\/producto\/infante-dximenez-3er-pack\/\",\"name\":\"INFANTE D'XIM\u00c9NEZ 3er-Pack - Bodegas Infante\",\"isPartOf\":{\"@id\":\"https:\/\/dinfante.com\/de\/#website\"},\"primaryImageOfPage\":{\"@id\":\"https:\/\/dinfante.com\/de\/producto\/infante-dximenez-3er-pack\/#primaryimage\"},\"image\":{\"@id\":\"https:\/\/dinfante.com\/de\/producto\/infante-dximenez-3er-pack\/#primaryimage\"},\"thumbnailUrl\":\"https:\/\/dinfante.com\/wp-content\/uploads\/2021\/01\/prod-infante-d-ximenez2.png\",\"datePublished\":\"2021-01-12T17:38:35+00:00\",\"dateModified\":\"2025-07-08T17:55:30+00:00\",\"description\":\"Infante D'Xim\u00e9nez bezaubert durch S\u00fc\u00dfe und tiefen Geschmack dank \\\"Soleo\\\" und Reifung. Mehr hier.\",\"breadcrumb\":{\"@id\":\"https:\/\/dinfante.com\/de\/producto\/infante-dximenez-3er-pack\/#breadcrumb\"},\"inLanguage\":\"de\",\"potentialAction\":[{\"@type\":\"ReadAction\",\"target\":[\"https:\/\/dinfante.com\/de\/producto\/infante-dximenez-3er-pack\/\"]}]},{\"@type\":\"ImageObject\",\"inLanguage\":\"de\",\"@id\":\"https:\/\/dinfante.com\/de\/producto\/infante-dximenez-3er-pack\/#primaryimage\",\"url\":\"https:\/\/dinfante.com\/wp-content\/uploads\/2021\/01\/prod-infante-d-ximenez2.png\",\"contentUrl\":\"https:\/\/dinfante.com\/wp-content\/uploads\/2021\/01\/prod-infante-d-ximenez2.png\",\"width\":500,\"height\":828,\"caption\":\"Infante D'Ximenez\"},{\"@type\":\"BreadcrumbList\",\"@id\":\"https:\/\/dinfante.com\/de\/producto\/infante-dximenez-3er-pack\/#breadcrumb\",\"itemListElement\":[{\"@type\":\"ListItem\",\"position\":1,\"name\":\"Portada\",\"item\":\"https:\/\/dinfante.com\/de\/\"},{\"@type\":\"ListItem\",\"position\":2,\"name\":\"Tienda\",\"item\":\"https:\/\/dinfante.com\/en\/shop\/\"},{\"@type\":\"ListItem\",\"position\":3,\"name\":\"INFANTE D&#8217;XIM\u00c9NEZ 3er-Pack\"}]},{\"@type\":\"WebSite\",\"@id\":\"https:\/\/dinfante.com\/de\/#website\",\"url\":\"https:\/\/dinfante.com\/de\/\",\"name\":\"Bodegas Infante\",\"description\":\"Artesanos del Brandy y vinos\",\"publisher\":{\"@id\":\"https:\/\/dinfante.com\/de\/#organization\"},\"potentialAction\":[{\"@type\":\"SearchAction\",\"target\":{\"@type\":\"EntryPoint\",\"urlTemplate\":\"https:\/\/dinfante.com\/de\/?s={search_term_string}\"},\"query-input\":{\"@type\":\"PropertyValueSpecification\",\"valueRequired\":true,\"valueName\":\"search_term_string\"}}],\"inLanguage\":\"de\"},{\"@type\":\"Organization\",\"@id\":\"https:\/\/dinfante.com\/de\/#organization\",\"name\":\"Bodegas Infante\",\"url\":\"https:\/\/dinfante.com\/de\/\",\"logo\":{\"@type\":\"ImageObject\",\"inLanguage\":\"de\",\"@id\":\"https:\/\/dinfante.com\/de\/#\/schema\/logo\/image\/\",\"url\":\"https:\/\/dinfante.com\/wp-content\/uploads\/2021\/04\/cabecera_tienda.jpg\",\"contentUrl\":\"https:\/\/dinfante.com\/wp-content\/uploads\/2021\/04\/cabecera_tienda.jpg\",\"width\":600,\"height\":151,\"caption\":\"Bodegas Infante\"},\"image\":{\"@id\":\"https:\/\/dinfante.com\/de\/#\/schema\/logo\/image\/\"}}]}<\/script>\n<!-- \/ Yoast SEO plugin. -->","yoast_head_json":{"title":"INFANTE D'XIM\u00c9NEZ  3er-Pack - Bodegas Infante","description":"Infante D'Xim\u00e9nez bezaubert durch S\u00fc\u00dfe und tiefen Geschmack dank \"Soleo\" und Reifung. Mehr hier.","robots":{"index":"index","follow":"follow","max-snippet":"max-snippet:-1","max-image-preview":"max-image-preview:large","max-video-preview":"max-video-preview:-1"},"canonical":"https:\/\/dinfante.com\/de\/producto\/infante-dximenez-3er-pack\/","og_locale":"de_DE","og_type":"article","og_title":"INFANTE D'XIM\u00c9NEZ  3er-Pack - Bodegas Infante","og_description":"Infante D'Xim\u00e9nez bezaubert durch S\u00fc\u00dfe und tiefen Geschmack dank \"Soleo\" und Reifung. Mehr hier.","og_url":"https:\/\/dinfante.com\/de\/producto\/infante-dximenez-3er-pack\/","og_site_name":"Bodegas Infante","article_modified_time":"2025-07-08T17:55:30+00:00","og_image":[{"width":500,"height":828,"url":"https:\/\/dinfante.com\/wp-content\/uploads\/2021\/01\/prod-infante-d-ximenez2.png","type":"image\/png"}],"twitter_card":"summary_large_image","twitter_misc":{"Gesch\u00e4tzte Lesezeit":"2\u00a0Minuten"},"schema":{"@context":"https:\/\/schema.org","@graph":[{"@type":"WebPage","@id":"https:\/\/dinfante.com\/de\/producto\/infante-dximenez-3er-pack\/","url":"https:\/\/dinfante.com\/de\/producto\/infante-dximenez-3er-pack\/","name":"INFANTE D'XIM\u00c9NEZ 3er-Pack - Bodegas Infante","isPartOf":{"@id":"https:\/\/dinfante.com\/de\/#website"},"primaryImageOfPage":{"@id":"https:\/\/dinfante.com\/de\/producto\/infante-dximenez-3er-pack\/#primaryimage"},"image":{"@id":"https:\/\/dinfante.com\/de\/producto\/infante-dximenez-3er-pack\/#primaryimage"},"thumbnailUrl":"https:\/\/dinfante.com\/wp-content\/uploads\/2021\/01\/prod-infante-d-ximenez2.png","datePublished":"2021-01-12T17:38:35+00:00","dateModified":"2025-07-08T17:55:30+00:00","description":"Infante D'Xim\u00e9nez bezaubert durch S\u00fc\u00dfe und tiefen Geschmack dank \"Soleo\" und Reifung. Mehr hier.","breadcrumb":{"@id":"https:\/\/dinfante.com\/de\/producto\/infante-dximenez-3er-pack\/#breadcrumb"},"inLanguage":"de","potentialAction":[{"@type":"ReadAction","target":["https:\/\/dinfante.com\/de\/producto\/infante-dximenez-3er-pack\/"]}]},{"@type":"ImageObject","inLanguage":"de","@id":"https:\/\/dinfante.com\/de\/producto\/infante-dximenez-3er-pack\/#primaryimage","url":"https:\/\/dinfante.com\/wp-content\/uploads\/2021\/01\/prod-infante-d-ximenez2.png","contentUrl":"https:\/\/dinfante.com\/wp-content\/uploads\/2021\/01\/prod-infante-d-ximenez2.png","width":500,"height":828,"caption":"Infante D'Ximenez"},{"@type":"BreadcrumbList","@id":"https:\/\/dinfante.com\/de\/producto\/infante-dximenez-3er-pack\/#breadcrumb","itemListElement":[{"@type":"ListItem","position":1,"name":"Portada","item":"https:\/\/dinfante.com\/de\/"},{"@type":"ListItem","position":2,"name":"Tienda","item":"https:\/\/dinfante.com\/en\/shop\/"},{"@type":"ListItem","position":3,"name":"INFANTE D&#8217;XIM\u00c9NEZ 3er-Pack"}]},{"@type":"WebSite","@id":"https:\/\/dinfante.com\/de\/#website","url":"https:\/\/dinfante.com\/de\/","name":"Bodegas Infante","description":"Artesanos del Brandy y vinos","publisher":{"@id":"https:\/\/dinfante.com\/de\/#organization"},"potentialAction":[{"@type":"SearchAction","target":{"@type":"EntryPoint","urlTemplate":"https:\/\/dinfante.com\/de\/?s={search_term_string}"},"query-input":{"@type":"PropertyValueSpecification","valueRequired":true,"valueName":"search_term_string"}}],"inLanguage":"de"},{"@type":"Organization","@id":"https:\/\/dinfante.com\/de\/#organization","name":"Bodegas Infante","url":"https:\/\/dinfante.com\/de\/","logo":{"@type":"ImageObject","inLanguage":"de","@id":"https:\/\/dinfante.com\/de\/#\/schema\/logo\/image\/","url":"https:\/\/dinfante.com\/wp-content\/uploads\/2021\/04\/cabecera_tienda.jpg","contentUrl":"https:\/\/dinfante.com\/wp-content\/uploads\/2021\/04\/cabecera_tienda.jpg","width":600,"height":151,"caption":"Bodegas Infante"},"image":{"@id":"https:\/\/dinfante.com\/de\/#\/schema\/logo\/image\/"}}]}},"_links":{"self":[{"href":"https:\/\/dinfante.com\/de\/wp-json\/wp\/v2\/product\/3147","targetHints":{"allow":["GET"]}}],"collection":[{"href":"https:\/\/dinfante.com\/de\/wp-json\/wp\/v2\/product"}],"about":[{"href":"https:\/\/dinfante.com\/de\/wp-json\/wp\/v2\/types\/product"}],"wp:featuredmedia":[{"embeddable":true,"href":"https:\/\/dinfante.com\/de\/wp-json\/wp\/v2\/media\/3149"}],"wp:attachment":[{"href":"https:\/\/dinfante.com\/de\/wp-json\/wp\/v2\/media?parent=3147"}],"wp:term":[{"taxonomy":"product_brand","embeddable":true,"href":"https:\/\/dinfante.com\/de\/wp-json\/wp\/v2\/product_brand?post=3147"},{"taxonomy":"product_cat","embeddable":true,"href":"https:\/\/dinfante.com\/de\/wp-json\/wp\/v2\/product_cat?post=3147"},{"taxonomy":"product_tag","embeddable":true,"href":"https:\/\/dinfante.com\/de\/wp-json\/wp\/v2\/product_tag?post=3147"}],"curies":[{"name":"wp","href":"https:\/\/api.w.org\/{rel}","templated":true}]}}