{"id":3155,"date":"2021-01-17T19:20:43","date_gmt":"2021-01-17T19:20:43","guid":{"rendered":"https:\/\/dinfante.com\/producto\/tragantia-zalema-%c2%b7-jahrgang-2021-%c2%b7-packung-mit-3-flaschen\/"},"modified":"2026-01-26T08:37:44","modified_gmt":"2026-01-26T08:37:44","slug":"tragantia-zalema-%c2%b7-jahrgang-2021-%c2%b7-packung-mit-3-flaschen","status":"publish","type":"product","link":"https:\/\/dinfante.com\/de\/producto\/tragantia-zalema-%c2%b7-jahrgang-2021-%c2%b7-packung-mit-3-flaschen\/","title":{"rendered":"TRAGANTIA ZALEMA <br> \u00b7 Jahrgang 2021 \u00b7 <br> Packung mit <br> 3 Flaschen"},"content":{"rendered":"<p>[vc_row css=&#8220;.vc_custom_1610395611398{padding-top: 5% !important;padding-right: 5% !important;padding-bottom: 5% !important;padding-left: 5% !important;background-color: #106f64 !important;}&#8220;][vc_column][vc_tta_tabs style=&#8220;theme&#8220; alignment=&#8220;center&#8220; active_section=&#8220;1&#8243;][vc_tta_section title=&#8220;VERKOSTUNGSNOTIZEN&#8220; tab_id=&#8220;caracter\u00edsticas&#8220;][vc_column_text]<span style=\"color: #f1cd7f;\"><strong>AUSSEHEN:<\/strong><\/span> Sauber, blassgelbe Farbe mit gr\u00fcnlichen und leuchtenden Reflexen.<\/p>\n<p><span style=\"color: #f1cd7f;\"><strong>NASE:<\/strong><\/span> Noten von gr\u00fcnen und gelben Fr\u00fcchten wie Birne, Erinnerungen an wei\u00dfe Bl\u00fcten, subtile Aromen von Grapefruitschale und alle Aromen umh\u00fcllt von einem Duft und einer krautigen Frische, die durch den Reifegrad bei der Weinlese im August erzielt wird.<\/p>\n<p><span style=\"color: #f1cd7f;\"><strong>MUND:<\/strong><\/span> Es ist ein frischer Wein mit Volumen und guter Ausgewogenheit, der im Abgang Noten von Fenchel und tropischen Fr\u00fcchten liefert.[\/vc_column_text][\/vc_tta_section][vc_tta_section title=&#8220;HERSTELLUNG&#8220; tab_id=&#8220;elaboraci\u00f3n&#8220;][vc_column_text]Mit einer sorgf\u00e4ltigen, manuellen Lese in den fr\u00fchen Morgenstunden des August wird jede Traube sorgf\u00e4ltig ausgew\u00e4hlt, um ihre Qualit\u00e4t zu gew\u00e4hrleisten. Die Magie von Tragant\u00eda Zalema entfaltet sich w\u00e4hrend der G\u00e4rung in Edelstahltanks, die temperaturkontrolliert sind. Dieser Prozess gipfelt in einem Wei\u00dfwein, der die Frische der fr\u00fchen Lese mit dem G\u00e4rungsprozess verbindet und ein einzigartiges sensorisches Erlebnis bietet.  <\/p>\n<p>&nbsp;<\/p>\n<p>Um mehr \u00fcber die Herstellung dieses oder eines anderen unserer Weine zu erfahren, <a href=\"https:\/\/dinfante.com\/de\/besuchen-sie-bodegas-infante\/\">besuchen<\/a> Sie uns. Wir erwarten Sie![\/vc_column_text][\/vc_tta_section][vc_tta_section title=&#8220;MOMENTE DES GENIESSENS&#8220; tab_id=&#8220;maridaje&#8220;][vc_column_text]Tauchen Sie ein in das perfekte kulinarische Erlebnis mit Tragant\u00eda Zalema, einem au\u00dfergew\u00f6hnlich vielseitigen Wei\u00dfwein. Dieses Elixier ist der ideale Begleiter f\u00fcr Ihre gastronomischen Momente und unterstreicht seine perfekte Harmonie mit Aperitifs, Foie Gras, Fisch, Reisgerichten und Meeresfr\u00fcchten. Die Frische und Eleganz von Tragant\u00eda Zalema veredeln jeden Bissen und verst\u00e4rken die Aromen Ihrer Lieblingsgerichte. Lassen Sie diesen au\u00dfergew\u00f6hnlichen Qualit\u00e4tswei\u00dfwein Ihre Momente am Tisch in ein unvergleichliches sensorisches Erlebnis verwandeln.[\/vc_column_text][\/vc_tta_section][\/vc_tta_tabs][\/vc_column][\/vc_row][vc_row full_width=&#8220;stretch_row_content&#8220; css=&#8220;.vc_custom_1611343624005{padding-right: 15px !important;padding-left: 15px !important;}&#8220;][vc_column]\n\t<div class=\" img_shop_productos\">\n\t<div class=\"gg_images_slider\">\n\t<div  data-slick='{  \"slidesToShow\": 3,  \"arrows\": false,  \"dots\": true,  \"autoplay\": true,  \"infinite\": true,  \"slidesToScroll\": 1,  \"responsive\": [{\"breakpoint\": 1024, \"settings\": {\"slidesToShow\": 3, \"slidesToScroll\": 1}}, {\"breakpoint\": 600, \"settings\": {\"slidesToShow\": 2, \"slidesToScroll\": 1}}, {\"breakpoint\": 480, \"settings\": {\"slidesToShow\": 1, \"slidesToScroll\": 1}}]  }'  class=\"el-grid no_magnific products row gg-slick-carousel \" data-layout-mode=\"fitRows\" data-pagination=\"\"><div class=\"3\"><img loading=\"lazy\" decoding=\"async\" width=\"1024\" height=\"768\" src=\"https:\/\/dinfante.com\/wp-content\/uploads\/2021\/02\/vino_tragantia_03.jpg\" class=\"attachment-full\" alt=\"Vino Zalema, Vino de autor, Fotograf\u00eda de producto, gemabur fotograf\u00eda\" title=\"vino_tragantia_03\" srcset=\"https:\/\/dinfante.com\/wp-content\/uploads\/2021\/02\/vino_tragantia_03.jpg 1024w, https:\/\/dinfante.com\/wp-content\/uploads\/2021\/02\/vino_tragantia_03-300x225.jpg 300w, https:\/\/dinfante.com\/wp-content\/uploads\/2021\/02\/vino_tragantia_03-768x576.jpg 768w\" sizes=\"auto, (max-width: 1024px) 100vw, 1024px\" \/><\/div><div class=\"3\"><img loading=\"lazy\" decoding=\"async\" width=\"1024\" height=\"768\" src=\"https:\/\/dinfante.com\/wp-content\/uploads\/2021\/02\/vino_tragantia_01.jpg\" class=\"attachment-full\" alt=\"Vino blanco Huelva, Fotograf\u00eda de producto, gemabur fotograf\u00eda\" title=\"vino_tragantia_01\" srcset=\"https:\/\/dinfante.com\/wp-content\/uploads\/2021\/02\/vino_tragantia_01.jpg 1024w, https:\/\/dinfante.com\/wp-content\/uploads\/2021\/02\/vino_tragantia_01-300x225.jpg 300w, https:\/\/dinfante.com\/wp-content\/uploads\/2021\/02\/vino_tragantia_01-768x576.jpg 768w\" sizes=\"auto, (max-width: 1024px) 100vw, 1024px\" \/><\/div><div class=\"3\"><img loading=\"lazy\" decoding=\"async\" width=\"1024\" height=\"768\" src=\"https:\/\/dinfante.com\/wp-content\/uploads\/2021\/02\/vino_tragantia_02.jpg\" class=\"attachment-full\" alt=\"Vino Huelva, Fotograf\u00eda de producto, gemabur fotograf\u00eda\" title=\"vino_tragantia_02\" srcset=\"https:\/\/dinfante.com\/wp-content\/uploads\/2021\/02\/vino_tragantia_02.jpg 1024w, https:\/\/dinfante.com\/wp-content\/uploads\/2021\/02\/vino_tragantia_02-300x225.jpg 300w, https:\/\/dinfante.com\/wp-content\/uploads\/2021\/02\/vino_tragantia_02-768x576.jpg 768w\" sizes=\"auto, (max-width: 1024px) 100vw, 1024px\" \/><\/div>\n\t<\/div>\n\t<\/div>\n\t<\/div>[\/vc_column][\/vc_row]<\/p>\n","protected":false},"excerpt":{"rendered":"<p>Tragantia Zalema ist ein sortenreiner Wei\u00dfwein aus der Zalema-Traube, typisch f\u00fcr die Gegend von Huelva, mit einem unverwechselbaren aromatischen und trockenen Charakter.<\/p>\n","protected":false},"featured_media":3161,"template":"","meta":[],"product_brand":[],"product_cat":[77],"product_tag":[],"class_list":{"0":"post-3155","1":"product","2":"type-product","3":"status-publish","4":"has-post-thumbnail","6":"product_cat-nicht-kategorisiert","8":"first","9":"instock","10":"taxable","11":"shipping-taxable","12":"purchasable","13":"product-type-simple"},"acf":[],"yoast_head":"<!-- This site is optimized with the Yoast SEO plugin v27.1.1 - https:\/\/yoast.com\/product\/yoast-seo-wordpress\/ -->\n<title>TRAGANTIA ZALEMA  \u00b7 Jahrgang 2021 \u00b7  Packung mit  3 Flaschen - Bodegas Infante<\/title>\n<meta name=\"description\" content=\"Tragant\u00eda Zalema. Rebsortenreiner Wei\u00dfwein aus Zalema, Huelva. Genie\u00dfen Sie sein Aroma und Geschmack.\" \/>\n<meta name=\"robots\" content=\"index, follow, max-snippet:-1, max-image-preview:large, max-video-preview:-1\" \/>\n<link rel=\"canonical\" href=\"https:\/\/dinfante.com\/de\/producto\/tragantia-zalema-%c2%b7-jahrgang-2021-%c2%b7-packung-mit-3-flaschen\/\" \/>\n<meta property=\"og:locale\" content=\"de_DE\" \/>\n<meta property=\"og:type\" content=\"article\" \/>\n<meta property=\"og:title\" content=\"TRAGANTIA ZALEMA  \u00b7 Jahrgang 2021 \u00b7  Packung mit  3 Flaschen - Bodegas Infante\" \/>\n<meta property=\"og:description\" content=\"Tragant\u00eda Zalema. Rebsortenreiner Wei\u00dfwein aus Zalema, Huelva. Genie\u00dfen Sie sein Aroma und Geschmack.\" \/>\n<meta property=\"og:url\" content=\"https:\/\/dinfante.com\/de\/producto\/tragantia-zalema-%c2%b7-jahrgang-2021-%c2%b7-packung-mit-3-flaschen\/\" \/>\n<meta property=\"og:site_name\" content=\"Bodegas Infante\" \/>\n<meta property=\"article:modified_time\" content=\"2026-01-26T08:37:44+00:00\" \/>\n<meta property=\"og:image\" content=\"https:\/\/dinfante.com\/wp-content\/uploads\/2021\/02\/prod-tragantia-zalema-vino-blanco3.png\" \/>\n\t<meta property=\"og:image:width\" content=\"500\" \/>\n\t<meta property=\"og:image:height\" content=\"828\" \/>\n\t<meta property=\"og:image:type\" content=\"image\/png\" \/>\n<meta name=\"twitter:card\" content=\"summary_large_image\" \/>\n<meta name=\"twitter:label1\" content=\"Gesch\u00e4tzte Lesezeit\" \/>\n\t<meta name=\"twitter:data1\" content=\"2\u00a0Minuten\" \/>\n<script type=\"application\/ld+json\" class=\"yoast-schema-graph\">{\"@context\":\"https:\/\/schema.org\",\"@graph\":[{\"@type\":\"WebPage\",\"@id\":\"https:\/\/dinfante.com\/de\/producto\/tragantia-zalema-%c2%b7-jahrgang-2021-%c2%b7-packung-mit-3-flaschen\/\",\"url\":\"https:\/\/dinfante.com\/de\/producto\/tragantia-zalema-%c2%b7-jahrgang-2021-%c2%b7-packung-mit-3-flaschen\/\",\"name\":\"TRAGANTIA ZALEMA \u00b7 Jahrgang 2021 \u00b7 Packung mit 3 Flaschen - Bodegas Infante\",\"isPartOf\":{\"@id\":\"https:\/\/dinfante.com\/de\/#website\"},\"primaryImageOfPage\":{\"@id\":\"https:\/\/dinfante.com\/de\/producto\/tragantia-zalema-%c2%b7-jahrgang-2021-%c2%b7-packung-mit-3-flaschen\/#primaryimage\"},\"image\":{\"@id\":\"https:\/\/dinfante.com\/de\/producto\/tragantia-zalema-%c2%b7-jahrgang-2021-%c2%b7-packung-mit-3-flaschen\/#primaryimage\"},\"thumbnailUrl\":\"https:\/\/dinfante.com\/wp-content\/uploads\/2021\/02\/prod-tragantia-zalema-vino-blanco3.png\",\"datePublished\":\"2021-01-17T19:20:43+00:00\",\"dateModified\":\"2026-01-26T08:37:44+00:00\",\"description\":\"Tragant\u00eda Zalema. Rebsortenreiner Wei\u00dfwein aus Zalema, Huelva. Genie\u00dfen Sie sein Aroma und Geschmack.\",\"breadcrumb\":{\"@id\":\"https:\/\/dinfante.com\/de\/producto\/tragantia-zalema-%c2%b7-jahrgang-2021-%c2%b7-packung-mit-3-flaschen\/#breadcrumb\"},\"inLanguage\":\"de\",\"potentialAction\":[{\"@type\":\"ReadAction\",\"target\":[\"https:\/\/dinfante.com\/de\/producto\/tragantia-zalema-%c2%b7-jahrgang-2021-%c2%b7-packung-mit-3-flaschen\/\"]}]},{\"@type\":\"ImageObject\",\"inLanguage\":\"de\",\"@id\":\"https:\/\/dinfante.com\/de\/producto\/tragantia-zalema-%c2%b7-jahrgang-2021-%c2%b7-packung-mit-3-flaschen\/#primaryimage\",\"url\":\"https:\/\/dinfante.com\/wp-content\/uploads\/2021\/02\/prod-tragantia-zalema-vino-blanco3.png\",\"contentUrl\":\"https:\/\/dinfante.com\/wp-content\/uploads\/2021\/02\/prod-tragantia-zalema-vino-blanco3.png\",\"width\":500,\"height\":828},{\"@type\":\"BreadcrumbList\",\"@id\":\"https:\/\/dinfante.com\/de\/producto\/tragantia-zalema-%c2%b7-jahrgang-2021-%c2%b7-packung-mit-3-flaschen\/#breadcrumb\",\"itemListElement\":[{\"@type\":\"ListItem\",\"position\":1,\"name\":\"Portada\",\"item\":\"https:\/\/dinfante.com\/de\/\"},{\"@type\":\"ListItem\",\"position\":2,\"name\":\"Tienda\",\"item\":\"https:\/\/dinfante.com\/en\/shop\/\"},{\"@type\":\"ListItem\",\"position\":3,\"name\":\"TRAGANTIA ZALEMA \u00b7 Jahrgang 2021 \u00b7 Packung mit 3 Flaschen\"}]},{\"@type\":\"WebSite\",\"@id\":\"https:\/\/dinfante.com\/de\/#website\",\"url\":\"https:\/\/dinfante.com\/de\/\",\"name\":\"Bodegas Infante\",\"description\":\"Artesanos del Brandy y vinos\",\"publisher\":{\"@id\":\"https:\/\/dinfante.com\/de\/#organization\"},\"potentialAction\":[{\"@type\":\"SearchAction\",\"target\":{\"@type\":\"EntryPoint\",\"urlTemplate\":\"https:\/\/dinfante.com\/de\/?s={search_term_string}\"},\"query-input\":{\"@type\":\"PropertyValueSpecification\",\"valueRequired\":true,\"valueName\":\"search_term_string\"}}],\"inLanguage\":\"de\"},{\"@type\":\"Organization\",\"@id\":\"https:\/\/dinfante.com\/de\/#organization\",\"name\":\"Bodegas Infante\",\"url\":\"https:\/\/dinfante.com\/de\/\",\"logo\":{\"@type\":\"ImageObject\",\"inLanguage\":\"de\",\"@id\":\"https:\/\/dinfante.com\/de\/#\/schema\/logo\/image\/\",\"url\":\"https:\/\/dinfante.com\/wp-content\/uploads\/2021\/04\/cabecera_tienda.jpg\",\"contentUrl\":\"https:\/\/dinfante.com\/wp-content\/uploads\/2021\/04\/cabecera_tienda.jpg\",\"width\":600,\"height\":151,\"caption\":\"Bodegas Infante\"},\"image\":{\"@id\":\"https:\/\/dinfante.com\/de\/#\/schema\/logo\/image\/\"}}]}<\/script>\n<!-- \/ Yoast SEO plugin. -->","yoast_head_json":{"title":"TRAGANTIA ZALEMA  \u00b7 Jahrgang 2021 \u00b7  Packung mit  3 Flaschen - Bodegas Infante","description":"Tragant\u00eda Zalema. Rebsortenreiner Wei\u00dfwein aus Zalema, Huelva. Genie\u00dfen Sie sein Aroma und Geschmack.","robots":{"index":"index","follow":"follow","max-snippet":"max-snippet:-1","max-image-preview":"max-image-preview:large","max-video-preview":"max-video-preview:-1"},"canonical":"https:\/\/dinfante.com\/de\/producto\/tragantia-zalema-%c2%b7-jahrgang-2021-%c2%b7-packung-mit-3-flaschen\/","og_locale":"de_DE","og_type":"article","og_title":"TRAGANTIA ZALEMA  \u00b7 Jahrgang 2021 \u00b7  Packung mit  3 Flaschen - Bodegas Infante","og_description":"Tragant\u00eda Zalema. Rebsortenreiner Wei\u00dfwein aus Zalema, Huelva. Genie\u00dfen Sie sein Aroma und Geschmack.","og_url":"https:\/\/dinfante.com\/de\/producto\/tragantia-zalema-%c2%b7-jahrgang-2021-%c2%b7-packung-mit-3-flaschen\/","og_site_name":"Bodegas Infante","article_modified_time":"2026-01-26T08:37:44+00:00","og_image":[{"width":500,"height":828,"url":"https:\/\/dinfante.com\/wp-content\/uploads\/2021\/02\/prod-tragantia-zalema-vino-blanco3.png","type":"image\/png"}],"twitter_card":"summary_large_image","twitter_misc":{"Gesch\u00e4tzte Lesezeit":"2\u00a0Minuten"},"schema":{"@context":"https:\/\/schema.org","@graph":[{"@type":"WebPage","@id":"https:\/\/dinfante.com\/de\/producto\/tragantia-zalema-%c2%b7-jahrgang-2021-%c2%b7-packung-mit-3-flaschen\/","url":"https:\/\/dinfante.com\/de\/producto\/tragantia-zalema-%c2%b7-jahrgang-2021-%c2%b7-packung-mit-3-flaschen\/","name":"TRAGANTIA ZALEMA \u00b7 Jahrgang 2021 \u00b7 Packung mit 3 Flaschen - Bodegas Infante","isPartOf":{"@id":"https:\/\/dinfante.com\/de\/#website"},"primaryImageOfPage":{"@id":"https:\/\/dinfante.com\/de\/producto\/tragantia-zalema-%c2%b7-jahrgang-2021-%c2%b7-packung-mit-3-flaschen\/#primaryimage"},"image":{"@id":"https:\/\/dinfante.com\/de\/producto\/tragantia-zalema-%c2%b7-jahrgang-2021-%c2%b7-packung-mit-3-flaschen\/#primaryimage"},"thumbnailUrl":"https:\/\/dinfante.com\/wp-content\/uploads\/2021\/02\/prod-tragantia-zalema-vino-blanco3.png","datePublished":"2021-01-17T19:20:43+00:00","dateModified":"2026-01-26T08:37:44+00:00","description":"Tragant\u00eda Zalema. Rebsortenreiner Wei\u00dfwein aus Zalema, Huelva. Genie\u00dfen Sie sein Aroma und Geschmack.","breadcrumb":{"@id":"https:\/\/dinfante.com\/de\/producto\/tragantia-zalema-%c2%b7-jahrgang-2021-%c2%b7-packung-mit-3-flaschen\/#breadcrumb"},"inLanguage":"de","potentialAction":[{"@type":"ReadAction","target":["https:\/\/dinfante.com\/de\/producto\/tragantia-zalema-%c2%b7-jahrgang-2021-%c2%b7-packung-mit-3-flaschen\/"]}]},{"@type":"ImageObject","inLanguage":"de","@id":"https:\/\/dinfante.com\/de\/producto\/tragantia-zalema-%c2%b7-jahrgang-2021-%c2%b7-packung-mit-3-flaschen\/#primaryimage","url":"https:\/\/dinfante.com\/wp-content\/uploads\/2021\/02\/prod-tragantia-zalema-vino-blanco3.png","contentUrl":"https:\/\/dinfante.com\/wp-content\/uploads\/2021\/02\/prod-tragantia-zalema-vino-blanco3.png","width":500,"height":828},{"@type":"BreadcrumbList","@id":"https:\/\/dinfante.com\/de\/producto\/tragantia-zalema-%c2%b7-jahrgang-2021-%c2%b7-packung-mit-3-flaschen\/#breadcrumb","itemListElement":[{"@type":"ListItem","position":1,"name":"Portada","item":"https:\/\/dinfante.com\/de\/"},{"@type":"ListItem","position":2,"name":"Tienda","item":"https:\/\/dinfante.com\/en\/shop\/"},{"@type":"ListItem","position":3,"name":"TRAGANTIA ZALEMA \u00b7 Jahrgang 2021 \u00b7 Packung mit 3 Flaschen"}]},{"@type":"WebSite","@id":"https:\/\/dinfante.com\/de\/#website","url":"https:\/\/dinfante.com\/de\/","name":"Bodegas Infante","description":"Artesanos del Brandy y vinos","publisher":{"@id":"https:\/\/dinfante.com\/de\/#organization"},"potentialAction":[{"@type":"SearchAction","target":{"@type":"EntryPoint","urlTemplate":"https:\/\/dinfante.com\/de\/?s={search_term_string}"},"query-input":{"@type":"PropertyValueSpecification","valueRequired":true,"valueName":"search_term_string"}}],"inLanguage":"de"},{"@type":"Organization","@id":"https:\/\/dinfante.com\/de\/#organization","name":"Bodegas Infante","url":"https:\/\/dinfante.com\/de\/","logo":{"@type":"ImageObject","inLanguage":"de","@id":"https:\/\/dinfante.com\/de\/#\/schema\/logo\/image\/","url":"https:\/\/dinfante.com\/wp-content\/uploads\/2021\/04\/cabecera_tienda.jpg","contentUrl":"https:\/\/dinfante.com\/wp-content\/uploads\/2021\/04\/cabecera_tienda.jpg","width":600,"height":151,"caption":"Bodegas Infante"},"image":{"@id":"https:\/\/dinfante.com\/de\/#\/schema\/logo\/image\/"}}]}},"_links":{"self":[{"href":"https:\/\/dinfante.com\/de\/wp-json\/wp\/v2\/product\/3155","targetHints":{"allow":["GET"]}}],"collection":[{"href":"https:\/\/dinfante.com\/de\/wp-json\/wp\/v2\/product"}],"about":[{"href":"https:\/\/dinfante.com\/de\/wp-json\/wp\/v2\/types\/product"}],"wp:featuredmedia":[{"embeddable":true,"href":"https:\/\/dinfante.com\/de\/wp-json\/wp\/v2\/media\/3161"}],"wp:attachment":[{"href":"https:\/\/dinfante.com\/de\/wp-json\/wp\/v2\/media?parent=3155"}],"wp:term":[{"taxonomy":"product_brand","embeddable":true,"href":"https:\/\/dinfante.com\/de\/wp-json\/wp\/v2\/product_brand?post=3155"},{"taxonomy":"product_cat","embeddable":true,"href":"https:\/\/dinfante.com\/de\/wp-json\/wp\/v2\/product_cat?post=3155"},{"taxonomy":"product_tag","embeddable":true,"href":"https:\/\/dinfante.com\/de\/wp-json\/wp\/v2\/product_tag?post=3155"}],"curies":[{"name":"wp","href":"https:\/\/api.w.org\/{rel}","templated":true}]}}