{"id":3177,"date":"2021-01-12T13:21:11","date_gmt":"2021-01-12T13:21:11","guid":{"rendered":"https:\/\/dinfante.com\/producto\/brandy-infante-r25\/"},"modified":"2025-07-08T17:56:15","modified_gmt":"2025-07-08T17:56:15","slug":"brandy-infante-r25","status":"publish","type":"product","link":"https:\/\/dinfante.com\/de\/producto\/brandy-infante-r25\/","title":{"rendered":"BRANDY INFANTE R25"},"content":{"rendered":"<p>[vc_row css=&#8220;.vc_custom_1610395611398{padding-top: 5% !important;padding-right: 5% !important;padding-bottom: 5% !important;padding-left: 5% !important;background-color: #106f64 !important;}&#8220;][vc_column][vc_tta_tabs style=&#8220;theme&#8220; alignment=&#8220;center&#8220; active_section=&#8220;1&#8243;][vc_tta_section title=&#8220;HERSTELLUNG&#8220; tab_id=&#8220;elaboraci\u00f3n&#8220;][vc_column_text]Die sorgf\u00e4ltige Herstellung unseres au\u00dfergew\u00f6hnlichen Brandy Infante R25 beginnt mit einer sorgf\u00e4ltigen Auswahl der besten Weine, die durch die handwerkliche Methode destilliert werden, und der Zugabe von alten Weinen und Pedro Ximenez, die jahrelang in Eichen- oder Kastanienf\u00e4ssern reifen, wo sich seine Pers\u00f6nlichkeit bildet. Mit einer fabelhaften Reife entsteht eine einzigartige und raffinierte Pers\u00f6nlichkeit, die die Sinne bei jedem Schluck fesselt.[\/vc_column_text][\/vc_tta_section][vc_tta_section title=&#8220;VERKOSTUNGSNOTIZEN&#8220; tab_id=&#8220;cata&#8220;][vc_column_text]<span style=\"color: #f1cd7f;\"><strong>AUSSEHEN:<\/strong> <\/span>Dunkles Mahagoni, mit Ankl\u00e4ngen von altem Gold.<\/p>\n<p><span style=\"color: #f1cd7f;\"><strong>NASE:<\/strong><\/span> Leicht stechend, weich, mit Noten von Vanille und Holz.<\/p>\n<p><span style=\"color: #f1cd7f;\"><strong>MUND:<\/strong><\/span> Guter Auftakt, warm, etwas s\u00fc\u00df und samtig, mit einem langen und komplexen Nachgeschmack, der auf mehr als 20 Jahre in F\u00e4ssern zur\u00fcckzuf\u00fchren ist, in denen das ganze Jahr \u00fcber auf die Luftfeuchtigkeit, Temperatur, das Licht und die Stille der Umgebung geachtet wird, um die Harmonie seiner Aromen nicht zu beeintr\u00e4chtigen.[\/vc_column_text][\/vc_tta_section][vc_tta_section title=&#8220;MOMENTE DES GENIESSENS&#8220; tab_id=&#8220;maridaje&#8220;][vc_column_text]<strong><span style=\"color: #f1cd7f;\">\u00b7<\/span> <\/strong>Bei Zimmertemperatur servieren, vorzugsweise in einem Brandyglas. Langsam, gen\u00fcsslich und ohne Eile trinken. Sehr geeignet, um nach dem Essen, zum Kaffee oder als Nachmittags-\/Abendgetr\u00e4nk zu trinken.  <\/p>\n<p><strong><span style=\"color: #f1cd7f;\">\u00b7<\/span> <\/strong>Das Glas sollte, wenn m\u00f6glich, erw\u00e4rmt werden, damit das gesamte Potenzial seiner Aromen dem Geruchs- und Geschmackssinn des Verbrauchers zur Verf\u00fcgung steht.<\/p>\n<p><strong><span style=\"color: #f1cd7f;\">\u00b7<\/span> <\/strong>Auch f\u00fcr Desserts und besondere Mahlzeiten als Dressing; wie z. B. Mousse al Infante, Pastete mit Brandy R25, Wildfleisch mit Brandy usw.<\/p>\n<p>&nbsp;<\/p>\n<p><span style=\"color: #f1cd7f;\"><strong>COCKTAILS:<\/strong><\/span><\/p>\n<p><strong><span style=\"color: #f1cd7f;\">\u00b7<\/span> <\/strong>Glas mit Eis, Infante R25 und Orange.<\/p>\n<p><strong><span style=\"color: #f1cd7f;\">\u00b7<\/span> <\/strong>40 ml R25 und 200 ml Cocacola.[\/vc_column_text][\/vc_tta_section][\/vc_tta_tabs][\/vc_column][\/vc_row][vc_row full_width=&#8220;stretch_row_content&#8220; css=&#8220;.vc_custom_1611343624005{padding-right: 15px !important;padding-left: 15px !important;}&#8220;][vc_column]\n\t<div class=\" img_shop_productos\">\n\t<div class=\"gg_images_slider\">\n\t<div  data-slick='{  \"slidesToShow\": 3,  \"arrows\": false,  \"dots\": true,  \"autoplay\": true,  \"infinite\": true,  \"slidesToScroll\": 1,  \"responsive\": [{\"breakpoint\": 1024, \"settings\": {\"slidesToShow\": 3, \"slidesToScroll\": 1}}, {\"breakpoint\": 600, \"settings\": {\"slidesToShow\": 2, \"slidesToScroll\": 1}}, {\"breakpoint\": 480, \"settings\": {\"slidesToShow\": 1, \"slidesToScroll\": 1}}]  }'  class=\"el-grid no_magnific products row gg-slick-carousel \" data-layout-mode=\"fitRows\" data-pagination=\"\"><div class=\"3\"><img loading=\"lazy\" decoding=\"async\" width=\"1024\" height=\"768\" src=\"https:\/\/dinfante.com\/wp-content\/uploads\/2021\/01\/R25-04.jpg\" class=\"attachment-full\" alt=\"gemabur fotograf\u00eda\" title=\"R25-04\" srcset=\"https:\/\/dinfante.com\/wp-content\/uploads\/2021\/01\/R25-04.jpg 1024w, https:\/\/dinfante.com\/wp-content\/uploads\/2021\/01\/R25-04-300x225.jpg 300w, https:\/\/dinfante.com\/wp-content\/uploads\/2021\/01\/R25-04-768x576.jpg 768w\" sizes=\"auto, (max-width: 1024px) 100vw, 1024px\" \/><\/div><div class=\"3\"><img loading=\"lazy\" decoding=\"async\" width=\"1024\" height=\"768\" src=\"https:\/\/dinfante.com\/wp-content\/uploads\/2021\/01\/R25-02.jpg\" class=\"attachment-full\" alt=\"\" title=\"R25-02\" srcset=\"https:\/\/dinfante.com\/wp-content\/uploads\/2021\/01\/R25-02.jpg 1024w, https:\/\/dinfante.com\/wp-content\/uploads\/2021\/01\/R25-02-300x225.jpg 300w, https:\/\/dinfante.com\/wp-content\/uploads\/2021\/01\/R25-02-768x576.jpg 768w\" sizes=\"auto, (max-width: 1024px) 100vw, 1024px\" \/><\/div><div class=\"3\"><img loading=\"lazy\" decoding=\"async\" width=\"1024\" height=\"768\" src=\"https:\/\/dinfante.com\/wp-content\/uploads\/2021\/01\/R25-03.jpg\" class=\"attachment-full\" alt=\"\" title=\"R25-03\" srcset=\"https:\/\/dinfante.com\/wp-content\/uploads\/2021\/01\/R25-03.jpg 1024w, https:\/\/dinfante.com\/wp-content\/uploads\/2021\/01\/R25-03-300x225.jpg 300w, https:\/\/dinfante.com\/wp-content\/uploads\/2021\/01\/R25-03-768x576.jpg 768w\" sizes=\"auto, (max-width: 1024px) 100vw, 1024px\" \/><\/div><div class=\"3\"><img loading=\"lazy\" decoding=\"async\" width=\"1024\" height=\"768\" src=\"https:\/\/dinfante.com\/wp-content\/uploads\/2021\/01\/R25-01.jpg\" class=\"attachment-full\" alt=\"\" title=\"R25-01\" srcset=\"https:\/\/dinfante.com\/wp-content\/uploads\/2021\/01\/R25-01.jpg 1024w, https:\/\/dinfante.com\/wp-content\/uploads\/2021\/01\/R25-01-300x225.jpg 300w, https:\/\/dinfante.com\/wp-content\/uploads\/2021\/01\/R25-01-768x576.jpg 768w\" sizes=\"auto, (max-width: 1024px) 100vw, 1024px\" \/><\/div>\n\t<\/div>\n\t<\/div>\n\t<\/div>[\/vc_column][\/vc_row]<\/p>\n","protected":false},"excerpt":{"rendered":"<p>Dieser Brandy kommt mit einer fabelhaften Reife auf den Markt (im j\u00fcngsten Alkohol), die ausreicht, um die Eigenschaften zu erreichen, die selbst Nicht-Brandy-Trinker sch\u00e4tzen, aufgrund der leichten S\u00fc\u00dfe und Weichheit in Aromen und Bouquet, die ihm die alten Weine verleihen, die bei der Herstellung hinzugef\u00fcgt werden (25 Jahre alter Pedro Xim\u00e9nez, 40 Jahre alter Color de Almonte Wein und 50 Jahre alter Oloroso).<\/p>\n","protected":false},"featured_media":3186,"template":"","meta":[],"product_brand":[],"product_cat":[61],"product_tag":[],"class_list":{"0":"post-3177","1":"product","2":"type-product","3":"status-publish","4":"has-post-thumbnail","6":"product_cat-premium-de","8":"first","9":"instock","10":"taxable","11":"shipping-taxable","12":"purchasable","13":"product-type-simple"},"acf":[],"yoast_head":"<!-- This site is optimized with the Yoast SEO plugin v27.1.1 - https:\/\/yoast.com\/product\/yoast-seo-wordpress\/ -->\n<title>BRANDY INFANTE R25 - Bodegas Infante<\/title>\n<meta name=\"description\" content=\"Entdecken Sie Infante R25, jahrelang in Eichenf\u00e4ssern gereift.\" \/>\n<meta name=\"robots\" content=\"index, follow, max-snippet:-1, max-image-preview:large, max-video-preview:-1\" \/>\n<link rel=\"canonical\" href=\"https:\/\/dinfante.com\/de\/producto\/brandy-infante-r25\/\" \/>\n<meta property=\"og:locale\" content=\"de_DE\" \/>\n<meta property=\"og:type\" content=\"article\" \/>\n<meta property=\"og:title\" content=\"BRANDY INFANTE R25 - Bodegas Infante\" \/>\n<meta property=\"og:description\" content=\"Entdecken Sie Infante R25, jahrelang in Eichenf\u00e4ssern gereift.\" \/>\n<meta property=\"og:url\" content=\"https:\/\/dinfante.com\/de\/producto\/brandy-infante-r25\/\" \/>\n<meta property=\"og:site_name\" content=\"Bodegas Infante\" \/>\n<meta property=\"article:modified_time\" content=\"2025-07-08T17:56:15+00:00\" \/>\n<meta property=\"og:image\" content=\"https:\/\/dinfante.com\/wp-content\/uploads\/2021\/01\/prod-infante-25-brandy3-1.png\" \/>\n\t<meta property=\"og:image:width\" content=\"500\" \/>\n\t<meta property=\"og:image:height\" content=\"828\" \/>\n\t<meta property=\"og:image:type\" content=\"image\/png\" \/>\n<meta name=\"twitter:card\" content=\"summary_large_image\" \/>\n<meta name=\"twitter:label1\" content=\"Gesch\u00e4tzte Lesezeit\" \/>\n\t<meta name=\"twitter:data1\" content=\"2\u00a0Minuten\" \/>\n<script type=\"application\/ld+json\" class=\"yoast-schema-graph\">{\"@context\":\"https:\/\/schema.org\",\"@graph\":[{\"@type\":\"WebPage\",\"@id\":\"https:\/\/dinfante.com\/de\/producto\/brandy-infante-r25\/\",\"url\":\"https:\/\/dinfante.com\/de\/producto\/brandy-infante-r25\/\",\"name\":\"BRANDY INFANTE R25 - Bodegas Infante\",\"isPartOf\":{\"@id\":\"https:\/\/dinfante.com\/de\/#website\"},\"primaryImageOfPage\":{\"@id\":\"https:\/\/dinfante.com\/de\/producto\/brandy-infante-r25\/#primaryimage\"},\"image\":{\"@id\":\"https:\/\/dinfante.com\/de\/producto\/brandy-infante-r25\/#primaryimage\"},\"thumbnailUrl\":\"https:\/\/dinfante.com\/wp-content\/uploads\/2021\/01\/prod-infante-25-brandy3-1.png\",\"datePublished\":\"2021-01-12T13:21:11+00:00\",\"dateModified\":\"2025-07-08T17:56:15+00:00\",\"description\":\"Entdecken Sie Infante R25, jahrelang in Eichenf\u00e4ssern gereift.\",\"breadcrumb\":{\"@id\":\"https:\/\/dinfante.com\/de\/producto\/brandy-infante-r25\/#breadcrumb\"},\"inLanguage\":\"de\",\"potentialAction\":[{\"@type\":\"ReadAction\",\"target\":[\"https:\/\/dinfante.com\/de\/producto\/brandy-infante-r25\/\"]}]},{\"@type\":\"ImageObject\",\"inLanguage\":\"de\",\"@id\":\"https:\/\/dinfante.com\/de\/producto\/brandy-infante-r25\/#primaryimage\",\"url\":\"https:\/\/dinfante.com\/wp-content\/uploads\/2021\/01\/prod-infante-25-brandy3-1.png\",\"contentUrl\":\"https:\/\/dinfante.com\/wp-content\/uploads\/2021\/01\/prod-infante-25-brandy3-1.png\",\"width\":500,\"height\":828,\"caption\":\"Brandy Infante Reserva 25 R25\"},{\"@type\":\"BreadcrumbList\",\"@id\":\"https:\/\/dinfante.com\/de\/producto\/brandy-infante-r25\/#breadcrumb\",\"itemListElement\":[{\"@type\":\"ListItem\",\"position\":1,\"name\":\"Portada\",\"item\":\"https:\/\/dinfante.com\/de\/\"},{\"@type\":\"ListItem\",\"position\":2,\"name\":\"Tienda\",\"item\":\"https:\/\/dinfante.com\/en\/shop\/\"},{\"@type\":\"ListItem\",\"position\":3,\"name\":\"BRANDY INFANTE R25\"}]},{\"@type\":\"WebSite\",\"@id\":\"https:\/\/dinfante.com\/de\/#website\",\"url\":\"https:\/\/dinfante.com\/de\/\",\"name\":\"Bodegas Infante\",\"description\":\"Artesanos del Brandy y vinos\",\"publisher\":{\"@id\":\"https:\/\/dinfante.com\/de\/#organization\"},\"potentialAction\":[{\"@type\":\"SearchAction\",\"target\":{\"@type\":\"EntryPoint\",\"urlTemplate\":\"https:\/\/dinfante.com\/de\/?s={search_term_string}\"},\"query-input\":{\"@type\":\"PropertyValueSpecification\",\"valueRequired\":true,\"valueName\":\"search_term_string\"}}],\"inLanguage\":\"de\"},{\"@type\":\"Organization\",\"@id\":\"https:\/\/dinfante.com\/de\/#organization\",\"name\":\"Bodegas Infante\",\"url\":\"https:\/\/dinfante.com\/de\/\",\"logo\":{\"@type\":\"ImageObject\",\"inLanguage\":\"de\",\"@id\":\"https:\/\/dinfante.com\/de\/#\/schema\/logo\/image\/\",\"url\":\"https:\/\/dinfante.com\/wp-content\/uploads\/2021\/04\/cabecera_tienda.jpg\",\"contentUrl\":\"https:\/\/dinfante.com\/wp-content\/uploads\/2021\/04\/cabecera_tienda.jpg\",\"width\":600,\"height\":151,\"caption\":\"Bodegas Infante\"},\"image\":{\"@id\":\"https:\/\/dinfante.com\/de\/#\/schema\/logo\/image\/\"}}]}<\/script>\n<!-- \/ Yoast SEO plugin. -->","yoast_head_json":{"title":"BRANDY INFANTE R25 - Bodegas Infante","description":"Entdecken Sie Infante R25, jahrelang in Eichenf\u00e4ssern gereift.","robots":{"index":"index","follow":"follow","max-snippet":"max-snippet:-1","max-image-preview":"max-image-preview:large","max-video-preview":"max-video-preview:-1"},"canonical":"https:\/\/dinfante.com\/de\/producto\/brandy-infante-r25\/","og_locale":"de_DE","og_type":"article","og_title":"BRANDY INFANTE R25 - Bodegas Infante","og_description":"Entdecken Sie Infante R25, jahrelang in Eichenf\u00e4ssern gereift.","og_url":"https:\/\/dinfante.com\/de\/producto\/brandy-infante-r25\/","og_site_name":"Bodegas Infante","article_modified_time":"2025-07-08T17:56:15+00:00","og_image":[{"width":500,"height":828,"url":"https:\/\/dinfante.com\/wp-content\/uploads\/2021\/01\/prod-infante-25-brandy3-1.png","type":"image\/png"}],"twitter_card":"summary_large_image","twitter_misc":{"Gesch\u00e4tzte Lesezeit":"2\u00a0Minuten"},"schema":{"@context":"https:\/\/schema.org","@graph":[{"@type":"WebPage","@id":"https:\/\/dinfante.com\/de\/producto\/brandy-infante-r25\/","url":"https:\/\/dinfante.com\/de\/producto\/brandy-infante-r25\/","name":"BRANDY INFANTE R25 - Bodegas Infante","isPartOf":{"@id":"https:\/\/dinfante.com\/de\/#website"},"primaryImageOfPage":{"@id":"https:\/\/dinfante.com\/de\/producto\/brandy-infante-r25\/#primaryimage"},"image":{"@id":"https:\/\/dinfante.com\/de\/producto\/brandy-infante-r25\/#primaryimage"},"thumbnailUrl":"https:\/\/dinfante.com\/wp-content\/uploads\/2021\/01\/prod-infante-25-brandy3-1.png","datePublished":"2021-01-12T13:21:11+00:00","dateModified":"2025-07-08T17:56:15+00:00","description":"Entdecken Sie Infante R25, jahrelang in Eichenf\u00e4ssern gereift.","breadcrumb":{"@id":"https:\/\/dinfante.com\/de\/producto\/brandy-infante-r25\/#breadcrumb"},"inLanguage":"de","potentialAction":[{"@type":"ReadAction","target":["https:\/\/dinfante.com\/de\/producto\/brandy-infante-r25\/"]}]},{"@type":"ImageObject","inLanguage":"de","@id":"https:\/\/dinfante.com\/de\/producto\/brandy-infante-r25\/#primaryimage","url":"https:\/\/dinfante.com\/wp-content\/uploads\/2021\/01\/prod-infante-25-brandy3-1.png","contentUrl":"https:\/\/dinfante.com\/wp-content\/uploads\/2021\/01\/prod-infante-25-brandy3-1.png","width":500,"height":828,"caption":"Brandy Infante Reserva 25 R25"},{"@type":"BreadcrumbList","@id":"https:\/\/dinfante.com\/de\/producto\/brandy-infante-r25\/#breadcrumb","itemListElement":[{"@type":"ListItem","position":1,"name":"Portada","item":"https:\/\/dinfante.com\/de\/"},{"@type":"ListItem","position":2,"name":"Tienda","item":"https:\/\/dinfante.com\/en\/shop\/"},{"@type":"ListItem","position":3,"name":"BRANDY INFANTE R25"}]},{"@type":"WebSite","@id":"https:\/\/dinfante.com\/de\/#website","url":"https:\/\/dinfante.com\/de\/","name":"Bodegas Infante","description":"Artesanos del Brandy y vinos","publisher":{"@id":"https:\/\/dinfante.com\/de\/#organization"},"potentialAction":[{"@type":"SearchAction","target":{"@type":"EntryPoint","urlTemplate":"https:\/\/dinfante.com\/de\/?s={search_term_string}"},"query-input":{"@type":"PropertyValueSpecification","valueRequired":true,"valueName":"search_term_string"}}],"inLanguage":"de"},{"@type":"Organization","@id":"https:\/\/dinfante.com\/de\/#organization","name":"Bodegas Infante","url":"https:\/\/dinfante.com\/de\/","logo":{"@type":"ImageObject","inLanguage":"de","@id":"https:\/\/dinfante.com\/de\/#\/schema\/logo\/image\/","url":"https:\/\/dinfante.com\/wp-content\/uploads\/2021\/04\/cabecera_tienda.jpg","contentUrl":"https:\/\/dinfante.com\/wp-content\/uploads\/2021\/04\/cabecera_tienda.jpg","width":600,"height":151,"caption":"Bodegas Infante"},"image":{"@id":"https:\/\/dinfante.com\/de\/#\/schema\/logo\/image\/"}}]}},"_links":{"self":[{"href":"https:\/\/dinfante.com\/de\/wp-json\/wp\/v2\/product\/3177","targetHints":{"allow":["GET"]}}],"collection":[{"href":"https:\/\/dinfante.com\/de\/wp-json\/wp\/v2\/product"}],"about":[{"href":"https:\/\/dinfante.com\/de\/wp-json\/wp\/v2\/types\/product"}],"wp:featuredmedia":[{"embeddable":true,"href":"https:\/\/dinfante.com\/de\/wp-json\/wp\/v2\/media\/3186"}],"wp:attachment":[{"href":"https:\/\/dinfante.com\/de\/wp-json\/wp\/v2\/media?parent=3177"}],"wp:term":[{"taxonomy":"product_brand","embeddable":true,"href":"https:\/\/dinfante.com\/de\/wp-json\/wp\/v2\/product_brand?post=3177"},{"taxonomy":"product_cat","embeddable":true,"href":"https:\/\/dinfante.com\/de\/wp-json\/wp\/v2\/product_cat?post=3177"},{"taxonomy":"product_tag","embeddable":true,"href":"https:\/\/dinfante.com\/de\/wp-json\/wp\/v2\/product_tag?post=3177"}],"curies":[{"name":"wp","href":"https:\/\/api.w.org\/{rel}","templated":true}]}}