{"id":3195,"date":"2021-01-09T11:10:49","date_gmt":"2021-01-09T11:10:49","guid":{"rendered":"https:\/\/dinfante.com\/producto\/anis-onuba-%c2%b7-3er-pack-flaschen\/"},"modified":"2025-07-08T17:56:33","modified_gmt":"2025-07-08T17:56:33","slug":"anis-onuba-%c2%b7-3er-pack-flaschen","status":"publish","type":"product","link":"https:\/\/dinfante.com\/de\/producto\/anis-onuba-%c2%b7-3er-pack-flaschen\/","title":{"rendered":"AN\u00cdS ONUBA \u00b7 3er-Pack Flaschen"},"content":{"rendered":"<p>[vc_row css=&#8220;.vc_custom_1610395611398{padding-top: 5% !important;padding-right: 5% !important;padding-bottom: 5% !important;padding-left: 5% !important;background-color: #106f64 !important;}&#8220;][vc_column][vc_tta_tabs style=&#8220;theme&#8220; alignment=&#8220;center&#8220; active_section=&#8220;1&#8243;][vc_tta_section title=&#8220;HERSTELLUNG&#8220; tab_id=&#8220;elaboraci\u00f3n&#8220;][vc_column_text]An\u00eds Onuba ist mehr als nur ein Getr\u00e4nk, es ist ein Klassiker, der in der Tradition und dem Feiern verwurzelt ist. Er ist ein unverzichtbares Element auf jeder Party oder Zusammenkunft und bringt den unverwechselbaren Geschmack und das Aroma mit, die ihn zum bekanntesten Anis von Huelva machen. Sein Herstellungsprozess ist sorgf\u00e4ltig und handwerklich: Nat\u00fcrliche Anissaat und andere Pflanzen werden sorgf\u00e4ltig in Kupferbrennblasen destilliert, um die wertvollen \u00e4therischen \u00d6le zu extrahieren. Diese werden dann mit Rohrzucker, entmineralisiertem Wasser und erstklassigem neutralem Alkohol kombiniert, um diesem exquisiten Getr\u00e4nk Leben einzuhauchen.   <\/p>\n<p>Jeder Schritt des Prozesses ist von der Hingabe und dem Savoir-faire von Generationen durchdrungen, was ein Endprodukt von h\u00f6chster Qualit\u00e4t und Authentizit\u00e4t garantiert. Sobald die Mischung ihren perfekten Punkt erreicht hat, wird sie sanft gesch\u00fcttelt, pr\u00e4zise gefiltert und sorgf\u00e4ltig abgef\u00fcllt, bereit, von allen genossen zu werden, die die Exzellenz in jedem Schluck sch\u00e4tzen. <\/p>\n<p>Tauchen Sie ein in die Geschichte und den Geschmack von Huelva mit An\u00eds Onuba und schaffen Sie unvergessliche Erinnerungen mit jedem Ansto\u00dfen. Entdecken Sie weitere Klassiker, die Sie mit Ihren Lieben teilen k\u00f6nnen <a href=\"https:\/\/dinfante.com\/productos-premium\/\">hier<\/a>.[\/vc_column_text][\/vc_tta_section][vc_tta_section title=&#8220;VERKOSTUNGSNOTIZEN&#8220; tab_id=&#8220;cata&#8220;][vc_column_text]<span style=\"color: #f1cd7f;\"><strong>AUSSEHEN:<\/strong><\/span> Im Aussehen ist er farblos, transparent und gl\u00e4nzend.<\/p>\n<p><span style=\"color: #f1cd7f;\"><strong>NASE:<\/strong><\/span> In der Nase hat er ein weiches und volles Aroma.<\/p>\n<p><span style=\"color: #f1cd7f;\"><strong>MUND:<\/strong><\/span> Fein, s\u00fc\u00df und anhaltend.[\/vc_column_text][\/vc_tta_section][vc_tta_section title=&#8220;GENUSSMOMENTE&#8220; tab_id=&#8220;maridaje&#8220;][vc_column_text]<strong><span style=\"color: #f1cd7f;\">\u00b7<\/span><\/strong> Pur, mit Eis und kurz vor dem Fr\u00fchst\u00fcck.<\/p>\n<p><strong><span style=\"color: #f1cd7f;\">\u00b7<\/span><\/strong> Gemischt mit Zitronensaft, Wasser und Eis.<\/p>\n<p><strong><span style=\"color: #f1cd7f;\">\u00b7<\/span><\/strong> Kombiniert mit unserem Brandy Infante R25 oder zum S\u00fc\u00dfen dem Kaffee hinzugef\u00fcgt.<\/p>\n<p>Entdecken Sie weitere Genussmomente in unseren <a href=\"https:\/\/www.instagram.com\/bodegasinfante\/\">sozialen Netzwerken<\/a>.[\/vc_column_text][\/vc_tta_section][\/vc_tta_tabs][\/vc_column][\/vc_row]<\/p>\n","protected":false},"excerpt":{"rendered":"<p>Ein Klassiker zum Genie\u00dfen, unverzichtbar zum Feiern. Der ganze traditionelle Geschmack und das Aroma, damit der ikonischste Anis von Huelva auf dem Tisch nicht fehlt. <\/p>\n","protected":false},"featured_media":3196,"template":"","meta":[],"product_brand":[],"product_cat":[68],"product_tag":[],"class_list":{"0":"post-3195","1":"product","2":"type-product","3":"status-publish","4":"has-post-thumbnail","6":"product_cat-spirituose","8":"first","9":"instock","10":"taxable","11":"shipping-taxable","12":"purchasable","13":"product-type-simple"},"acf":[],"yoast_head":"<!-- This site is optimized with the Yoast SEO plugin v27.1.1 - https:\/\/yoast.com\/product\/yoast-seo-wordpress\/ -->\n<title>AN\u00cdS ONUBA \u00b7 3er-Pack Flaschen - Bodegas Infante<\/title>\n<meta name=\"description\" content=\"An\u00eds Onuba: Ein Huelva-Klassiker f\u00fcr gem\u00fctliche Stunden.\" \/>\n<meta name=\"robots\" content=\"index, follow, max-snippet:-1, max-image-preview:large, max-video-preview:-1\" \/>\n<link rel=\"canonical\" href=\"https:\/\/dinfante.com\/de\/producto\/anis-onuba-%c2%b7-3er-pack-flaschen\/\" \/>\n<meta property=\"og:locale\" content=\"de_DE\" \/>\n<meta property=\"og:type\" content=\"article\" \/>\n<meta property=\"og:title\" content=\"AN\u00cdS ONUBA \u00b7 3er-Pack Flaschen - Bodegas Infante\" \/>\n<meta property=\"og:description\" content=\"An\u00eds Onuba: Ein Huelva-Klassiker f\u00fcr gem\u00fctliche Stunden.\" \/>\n<meta property=\"og:url\" content=\"https:\/\/dinfante.com\/de\/producto\/anis-onuba-%c2%b7-3er-pack-flaschen\/\" \/>\n<meta property=\"og:site_name\" content=\"Bodegas Infante\" \/>\n<meta property=\"article:modified_time\" content=\"2025-07-08T17:56:33+00:00\" \/>\n<meta property=\"og:image\" content=\"https:\/\/dinfante.com\/wp-content\/uploads\/2021\/01\/prod-anis-onuba.png\" \/>\n\t<meta property=\"og:image:width\" content=\"500\" \/>\n\t<meta property=\"og:image:height\" content=\"828\" \/>\n\t<meta property=\"og:image:type\" content=\"image\/png\" \/>\n<meta name=\"twitter:card\" content=\"summary_large_image\" \/>\n<meta name=\"twitter:label1\" content=\"Gesch\u00e4tzte Lesezeit\" \/>\n\t<meta name=\"twitter:data1\" content=\"2\u00a0Minuten\" \/>\n<script type=\"application\/ld+json\" class=\"yoast-schema-graph\">{\"@context\":\"https:\/\/schema.org\",\"@graph\":[{\"@type\":\"WebPage\",\"@id\":\"https:\/\/dinfante.com\/de\/producto\/anis-onuba-%c2%b7-3er-pack-flaschen\/\",\"url\":\"https:\/\/dinfante.com\/de\/producto\/anis-onuba-%c2%b7-3er-pack-flaschen\/\",\"name\":\"AN\u00cdS ONUBA \u00b7 3er-Pack Flaschen - Bodegas Infante\",\"isPartOf\":{\"@id\":\"https:\/\/dinfante.com\/de\/#website\"},\"primaryImageOfPage\":{\"@id\":\"https:\/\/dinfante.com\/de\/producto\/anis-onuba-%c2%b7-3er-pack-flaschen\/#primaryimage\"},\"image\":{\"@id\":\"https:\/\/dinfante.com\/de\/producto\/anis-onuba-%c2%b7-3er-pack-flaschen\/#primaryimage\"},\"thumbnailUrl\":\"https:\/\/dinfante.com\/wp-content\/uploads\/2021\/01\/prod-anis-onuba.png\",\"datePublished\":\"2021-01-09T11:10:49+00:00\",\"dateModified\":\"2025-07-08T17:56:33+00:00\",\"description\":\"An\u00eds Onuba: Ein Huelva-Klassiker f\u00fcr gem\u00fctliche Stunden.\",\"breadcrumb\":{\"@id\":\"https:\/\/dinfante.com\/de\/producto\/anis-onuba-%c2%b7-3er-pack-flaschen\/#breadcrumb\"},\"inLanguage\":\"de\",\"potentialAction\":[{\"@type\":\"ReadAction\",\"target\":[\"https:\/\/dinfante.com\/de\/producto\/anis-onuba-%c2%b7-3er-pack-flaschen\/\"]}]},{\"@type\":\"ImageObject\",\"inLanguage\":\"de\",\"@id\":\"https:\/\/dinfante.com\/de\/producto\/anis-onuba-%c2%b7-3er-pack-flaschen\/#primaryimage\",\"url\":\"https:\/\/dinfante.com\/wp-content\/uploads\/2021\/01\/prod-anis-onuba.png\",\"contentUrl\":\"https:\/\/dinfante.com\/wp-content\/uploads\/2021\/01\/prod-anis-onuba.png\",\"width\":500,\"height\":828},{\"@type\":\"BreadcrumbList\",\"@id\":\"https:\/\/dinfante.com\/de\/producto\/anis-onuba-%c2%b7-3er-pack-flaschen\/#breadcrumb\",\"itemListElement\":[{\"@type\":\"ListItem\",\"position\":1,\"name\":\"Portada\",\"item\":\"https:\/\/dinfante.com\/de\/\"},{\"@type\":\"ListItem\",\"position\":2,\"name\":\"Tienda\",\"item\":\"https:\/\/dinfante.com\/en\/shop\/\"},{\"@type\":\"ListItem\",\"position\":3,\"name\":\"AN\u00cdS ONUBA \u00b7 3er-Pack Flaschen\"}]},{\"@type\":\"WebSite\",\"@id\":\"https:\/\/dinfante.com\/de\/#website\",\"url\":\"https:\/\/dinfante.com\/de\/\",\"name\":\"Bodegas Infante\",\"description\":\"Artesanos del Brandy y vinos\",\"publisher\":{\"@id\":\"https:\/\/dinfante.com\/de\/#organization\"},\"potentialAction\":[{\"@type\":\"SearchAction\",\"target\":{\"@type\":\"EntryPoint\",\"urlTemplate\":\"https:\/\/dinfante.com\/de\/?s={search_term_string}\"},\"query-input\":{\"@type\":\"PropertyValueSpecification\",\"valueRequired\":true,\"valueName\":\"search_term_string\"}}],\"inLanguage\":\"de\"},{\"@type\":\"Organization\",\"@id\":\"https:\/\/dinfante.com\/de\/#organization\",\"name\":\"Bodegas Infante\",\"url\":\"https:\/\/dinfante.com\/de\/\",\"logo\":{\"@type\":\"ImageObject\",\"inLanguage\":\"de\",\"@id\":\"https:\/\/dinfante.com\/de\/#\/schema\/logo\/image\/\",\"url\":\"https:\/\/dinfante.com\/wp-content\/uploads\/2021\/04\/cabecera_tienda.jpg\",\"contentUrl\":\"https:\/\/dinfante.com\/wp-content\/uploads\/2021\/04\/cabecera_tienda.jpg\",\"width\":600,\"height\":151,\"caption\":\"Bodegas Infante\"},\"image\":{\"@id\":\"https:\/\/dinfante.com\/de\/#\/schema\/logo\/image\/\"}}]}<\/script>\n<!-- \/ Yoast SEO plugin. -->","yoast_head_json":{"title":"AN\u00cdS ONUBA \u00b7 3er-Pack Flaschen - Bodegas Infante","description":"An\u00eds Onuba: Ein Huelva-Klassiker f\u00fcr gem\u00fctliche Stunden.","robots":{"index":"index","follow":"follow","max-snippet":"max-snippet:-1","max-image-preview":"max-image-preview:large","max-video-preview":"max-video-preview:-1"},"canonical":"https:\/\/dinfante.com\/de\/producto\/anis-onuba-%c2%b7-3er-pack-flaschen\/","og_locale":"de_DE","og_type":"article","og_title":"AN\u00cdS ONUBA \u00b7 3er-Pack Flaschen - Bodegas Infante","og_description":"An\u00eds Onuba: Ein Huelva-Klassiker f\u00fcr gem\u00fctliche Stunden.","og_url":"https:\/\/dinfante.com\/de\/producto\/anis-onuba-%c2%b7-3er-pack-flaschen\/","og_site_name":"Bodegas Infante","article_modified_time":"2025-07-08T17:56:33+00:00","og_image":[{"width":500,"height":828,"url":"https:\/\/dinfante.com\/wp-content\/uploads\/2021\/01\/prod-anis-onuba.png","type":"image\/png"}],"twitter_card":"summary_large_image","twitter_misc":{"Gesch\u00e4tzte Lesezeit":"2\u00a0Minuten"},"schema":{"@context":"https:\/\/schema.org","@graph":[{"@type":"WebPage","@id":"https:\/\/dinfante.com\/de\/producto\/anis-onuba-%c2%b7-3er-pack-flaschen\/","url":"https:\/\/dinfante.com\/de\/producto\/anis-onuba-%c2%b7-3er-pack-flaschen\/","name":"AN\u00cdS ONUBA \u00b7 3er-Pack Flaschen - Bodegas Infante","isPartOf":{"@id":"https:\/\/dinfante.com\/de\/#website"},"primaryImageOfPage":{"@id":"https:\/\/dinfante.com\/de\/producto\/anis-onuba-%c2%b7-3er-pack-flaschen\/#primaryimage"},"image":{"@id":"https:\/\/dinfante.com\/de\/producto\/anis-onuba-%c2%b7-3er-pack-flaschen\/#primaryimage"},"thumbnailUrl":"https:\/\/dinfante.com\/wp-content\/uploads\/2021\/01\/prod-anis-onuba.png","datePublished":"2021-01-09T11:10:49+00:00","dateModified":"2025-07-08T17:56:33+00:00","description":"An\u00eds Onuba: Ein Huelva-Klassiker f\u00fcr gem\u00fctliche Stunden.","breadcrumb":{"@id":"https:\/\/dinfante.com\/de\/producto\/anis-onuba-%c2%b7-3er-pack-flaschen\/#breadcrumb"},"inLanguage":"de","potentialAction":[{"@type":"ReadAction","target":["https:\/\/dinfante.com\/de\/producto\/anis-onuba-%c2%b7-3er-pack-flaschen\/"]}]},{"@type":"ImageObject","inLanguage":"de","@id":"https:\/\/dinfante.com\/de\/producto\/anis-onuba-%c2%b7-3er-pack-flaschen\/#primaryimage","url":"https:\/\/dinfante.com\/wp-content\/uploads\/2021\/01\/prod-anis-onuba.png","contentUrl":"https:\/\/dinfante.com\/wp-content\/uploads\/2021\/01\/prod-anis-onuba.png","width":500,"height":828},{"@type":"BreadcrumbList","@id":"https:\/\/dinfante.com\/de\/producto\/anis-onuba-%c2%b7-3er-pack-flaschen\/#breadcrumb","itemListElement":[{"@type":"ListItem","position":1,"name":"Portada","item":"https:\/\/dinfante.com\/de\/"},{"@type":"ListItem","position":2,"name":"Tienda","item":"https:\/\/dinfante.com\/en\/shop\/"},{"@type":"ListItem","position":3,"name":"AN\u00cdS ONUBA \u00b7 3er-Pack Flaschen"}]},{"@type":"WebSite","@id":"https:\/\/dinfante.com\/de\/#website","url":"https:\/\/dinfante.com\/de\/","name":"Bodegas Infante","description":"Artesanos del Brandy y vinos","publisher":{"@id":"https:\/\/dinfante.com\/de\/#organization"},"potentialAction":[{"@type":"SearchAction","target":{"@type":"EntryPoint","urlTemplate":"https:\/\/dinfante.com\/de\/?s={search_term_string}"},"query-input":{"@type":"PropertyValueSpecification","valueRequired":true,"valueName":"search_term_string"}}],"inLanguage":"de"},{"@type":"Organization","@id":"https:\/\/dinfante.com\/de\/#organization","name":"Bodegas Infante","url":"https:\/\/dinfante.com\/de\/","logo":{"@type":"ImageObject","inLanguage":"de","@id":"https:\/\/dinfante.com\/de\/#\/schema\/logo\/image\/","url":"https:\/\/dinfante.com\/wp-content\/uploads\/2021\/04\/cabecera_tienda.jpg","contentUrl":"https:\/\/dinfante.com\/wp-content\/uploads\/2021\/04\/cabecera_tienda.jpg","width":600,"height":151,"caption":"Bodegas Infante"},"image":{"@id":"https:\/\/dinfante.com\/de\/#\/schema\/logo\/image\/"}}]}},"_links":{"self":[{"href":"https:\/\/dinfante.com\/de\/wp-json\/wp\/v2\/product\/3195","targetHints":{"allow":["GET"]}}],"collection":[{"href":"https:\/\/dinfante.com\/de\/wp-json\/wp\/v2\/product"}],"about":[{"href":"https:\/\/dinfante.com\/de\/wp-json\/wp\/v2\/types\/product"}],"wp:featuredmedia":[{"embeddable":true,"href":"https:\/\/dinfante.com\/de\/wp-json\/wp\/v2\/media\/3196"}],"wp:attachment":[{"href":"https:\/\/dinfante.com\/de\/wp-json\/wp\/v2\/media?parent=3195"}],"wp:term":[{"taxonomy":"product_brand","embeddable":true,"href":"https:\/\/dinfante.com\/de\/wp-json\/wp\/v2\/product_brand?post=3195"},{"taxonomy":"product_cat","embeddable":true,"href":"https:\/\/dinfante.com\/de\/wp-json\/wp\/v2\/product_cat?post=3195"},{"taxonomy":"product_tag","embeddable":true,"href":"https:\/\/dinfante.com\/de\/wp-json\/wp\/v2\/product_tag?post=3195"}],"curies":[{"name":"wp","href":"https:\/\/api.w.org\/{rel}","templated":true}]}}