{"id":3198,"date":"2021-01-14T16:22:31","date_gmt":"2021-01-14T16:22:31","guid":{"rendered":"https:\/\/dinfante.com\/producto\/innocence-barrica-%c2%b7-jahrgang-2022-%c2%b7-3er-pack-flaschen\/"},"modified":"2026-01-22T15:19:25","modified_gmt":"2026-01-22T15:19:25","slug":"innocence-barrica-%c2%b7-jahrgang-2022-%c2%b7-3er-pack-flaschen","status":"publish","type":"product","link":"https:\/\/dinfante.com\/de\/producto\/innocence-barrica-%c2%b7-jahrgang-2022-%c2%b7-3er-pack-flaschen\/","title":{"rendered":"INNOCENCE BARRICA \u00b7 Jahrgang 2022 \u00b7 3er-Pack Flaschen"},"content":{"rendered":"<p>[vc_row css=&#8220;.vc_custom_1619108779152{padding-top: 5% !important;padding-right: 5% !important;padding-bottom: 5% !important;padding-left: 5% !important;background-color: #106f64 !important;}&#8220; el_class=&#8220;block_none&#8220;][vc_column][vc_tta_tabs style=&#8220;theme&#8220; alignment=&#8220;center&#8220; active_section=&#8220;1&#8243;][vc_tta_section title=&#8220;VERKOSTUNGSNOTIZEN&#8220; tab_id=&#8220;cata&#8220;][vc_column_text]<span style=\"color: #f1cd7f;\"><strong>AUSSEHEN:<\/strong><\/span> Er hat eine gr\u00fcnliche Farbe mit goldenen R\u00e4ndern, die durch den Einfluss unseres Klimas entstehen und von unserer Meeresbrise gespeist werden.<\/p>\n<p><span style=\"color: #f1cd7f;\"><strong>NASE:<\/strong><\/span> Alle seine Prim\u00e4raromen sind wahrnehmbar, wobei die tropischen Frucht- und die zarten floralen Zitrusaromen dank seiner fr\u00fchen Ernte und seiner groben Filterung hervorstechen.<\/p>\n<p><span style=\"color: #f1cd7f;\"><strong>MUND:<\/strong><\/span> Albaleia Colombard hat einen guten Durchgang im Mund und einen angenehmen Nachgeschmack.[\/vc_column_text][\/vc_tta_section][vc_tta_section title=&#8220;HERSTELLUNG&#8220; tab_id=&#8220;elaboraci\u00f3n&#8220;][vc_column_text]Er ist der erste Wein der Bodegas MAM und die Verwirklichung eines Lebenstraums. Albaleia Colombard ist ein Wein, der von seiner Konzeption an mit Sorgfalt behandelt wird und bei dessen gesamtem Herstellungsprozess keine Maschinen zum Einsatz kamen. Sehr fr\u00fche Lese, manuelle Lese im Morgengrauen. Vergoren in Edelstahl mit Temperaturkontrolle.[\/vc_column_text][\/vc_tta_section][vc_tta_section title=&#8220;MOMENTE DES GENIESSENS&#8220; tab_id=&#8220;maridaje&#8220;][vc_column_text]Ideal zu Fisch, hellem Fleisch, Wildgefl\u00fcgel, Reisgerichten, Pasta und K\u00e4se.[\/vc_column_text][\/vc_tta_section][\/vc_tta_tabs][\/vc_column][\/vc_row]<\/p>\n","protected":false},"excerpt":{"rendered":"<p>Sortenreiner Wei\u00dfwein aus Colombard-Trauben mit einer ersten G\u00e4rung in Edelstahltanks und einer zweiten G\u00e4rung auf Feinhefe in neuen Barriques aus franz\u00f6sischer Eiche f\u00fcr 3 Monate. In diesem Wein genie\u00dfen Sie komplexe Aromen und Nuancen der Sorte und des Holzes, darunter Vanille und tropische Noten.  <\/p>\n","protected":false},"featured_media":3200,"template":"","meta":[],"product_brand":[],"product_cat":[77],"product_tag":[],"class_list":{"0":"post-3198","1":"product","2":"type-product","3":"status-publish","4":"has-post-thumbnail","6":"product_cat-nicht-kategorisiert","8":"first","9":"instock","10":"taxable","11":"shipping-taxable","12":"purchasable","13":"product-type-simple"},"acf":[],"yoast_head":"<!-- This site is optimized with the Yoast SEO plugin v27.1.1 - https:\/\/yoast.com\/product\/yoast-seo-wordpress\/ -->\n<title>INNOCENCE BARRICA \u00b7 Jahrgang 2022 \u00b7 3er-Pack Flaschen - Bodegas Infante<\/title>\n<meta name=\"description\" content=\"Wei\u00dfwein D.O. Condado de Huelva. 90 Pe\u00f1\u00edn-Punkte. 100 % Colombard-Traube. 3er-Pack.\" \/>\n<meta name=\"robots\" content=\"index, follow, max-snippet:-1, max-image-preview:large, max-video-preview:-1\" \/>\n<link rel=\"canonical\" href=\"https:\/\/dinfante.com\/de\/producto\/innocence-barrica-%c2%b7-jahrgang-2022-%c2%b7-3er-pack-flaschen\/\" \/>\n<meta property=\"og:locale\" content=\"de_DE\" \/>\n<meta property=\"og:type\" content=\"article\" \/>\n<meta property=\"og:title\" content=\"INNOCENCE BARRICA \u00b7 Jahrgang 2022 \u00b7 3er-Pack Flaschen - Bodegas Infante\" \/>\n<meta property=\"og:description\" content=\"Wei\u00dfwein D.O. Condado de Huelva. 90 Pe\u00f1\u00edn-Punkte. 100 % Colombard-Traube. 3er-Pack.\" \/>\n<meta property=\"og:url\" content=\"https:\/\/dinfante.com\/de\/producto\/innocence-barrica-%c2%b7-jahrgang-2022-%c2%b7-3er-pack-flaschen\/\" \/>\n<meta property=\"og:site_name\" content=\"Bodegas Infante\" \/>\n<meta property=\"article:modified_time\" content=\"2026-01-22T15:19:25+00:00\" \/>\n<meta property=\"og:image\" content=\"https:\/\/dinfante.com\/wp-content\/uploads\/2021\/04\/prod-inocence-vino-2.png\" \/>\n\t<meta property=\"og:image:width\" content=\"500\" \/>\n\t<meta property=\"og:image:height\" content=\"828\" \/>\n\t<meta property=\"og:image:type\" content=\"image\/png\" \/>\n<meta name=\"twitter:card\" content=\"summary_large_image\" \/>\n<meta name=\"twitter:label1\" content=\"Gesch\u00e4tzte Lesezeit\" \/>\n\t<meta name=\"twitter:data1\" content=\"1\u00a0Minute\" \/>\n<script type=\"application\/ld+json\" class=\"yoast-schema-graph\">{\"@context\":\"https:\/\/schema.org\",\"@graph\":[{\"@type\":\"WebPage\",\"@id\":\"https:\/\/dinfante.com\/de\/producto\/innocence-barrica-%c2%b7-jahrgang-2022-%c2%b7-3er-pack-flaschen\/\",\"url\":\"https:\/\/dinfante.com\/de\/producto\/innocence-barrica-%c2%b7-jahrgang-2022-%c2%b7-3er-pack-flaschen\/\",\"name\":\"INNOCENCE BARRICA \u00b7 Jahrgang 2022 \u00b7 3er-Pack Flaschen - Bodegas Infante\",\"isPartOf\":{\"@id\":\"https:\/\/dinfante.com\/de\/#website\"},\"primaryImageOfPage\":{\"@id\":\"https:\/\/dinfante.com\/de\/producto\/innocence-barrica-%c2%b7-jahrgang-2022-%c2%b7-3er-pack-flaschen\/#primaryimage\"},\"image\":{\"@id\":\"https:\/\/dinfante.com\/de\/producto\/innocence-barrica-%c2%b7-jahrgang-2022-%c2%b7-3er-pack-flaschen\/#primaryimage\"},\"thumbnailUrl\":\"https:\/\/dinfante.com\/wp-content\/uploads\/2021\/04\/prod-inocence-vino-2.png\",\"datePublished\":\"2021-01-14T16:22:31+00:00\",\"dateModified\":\"2026-01-22T15:19:25+00:00\",\"description\":\"Wei\u00dfwein D.O. Condado de Huelva. 90 Pe\u00f1\u00edn-Punkte. 100 % Colombard-Traube. 3er-Pack.\",\"breadcrumb\":{\"@id\":\"https:\/\/dinfante.com\/de\/producto\/innocence-barrica-%c2%b7-jahrgang-2022-%c2%b7-3er-pack-flaschen\/#breadcrumb\"},\"inLanguage\":\"de\",\"potentialAction\":[{\"@type\":\"ReadAction\",\"target\":[\"https:\/\/dinfante.com\/de\/producto\/innocence-barrica-%c2%b7-jahrgang-2022-%c2%b7-3er-pack-flaschen\/\"]}]},{\"@type\":\"ImageObject\",\"inLanguage\":\"de\",\"@id\":\"https:\/\/dinfante.com\/de\/producto\/innocence-barrica-%c2%b7-jahrgang-2022-%c2%b7-3er-pack-flaschen\/#primaryimage\",\"url\":\"https:\/\/dinfante.com\/wp-content\/uploads\/2021\/04\/prod-inocence-vino-2.png\",\"contentUrl\":\"https:\/\/dinfante.com\/wp-content\/uploads\/2021\/04\/prod-inocence-vino-2.png\",\"width\":500,\"height\":828},{\"@type\":\"BreadcrumbList\",\"@id\":\"https:\/\/dinfante.com\/de\/producto\/innocence-barrica-%c2%b7-jahrgang-2022-%c2%b7-3er-pack-flaschen\/#breadcrumb\",\"itemListElement\":[{\"@type\":\"ListItem\",\"position\":1,\"name\":\"Portada\",\"item\":\"https:\/\/dinfante.com\/de\/\"},{\"@type\":\"ListItem\",\"position\":2,\"name\":\"Tienda\",\"item\":\"https:\/\/dinfante.com\/en\/shop\/\"},{\"@type\":\"ListItem\",\"position\":3,\"name\":\"INNOCENCE BARRICA \u00b7 Jahrgang 2022 \u00b7 3er-Pack Flaschen\"}]},{\"@type\":\"WebSite\",\"@id\":\"https:\/\/dinfante.com\/de\/#website\",\"url\":\"https:\/\/dinfante.com\/de\/\",\"name\":\"Bodegas Infante\",\"description\":\"Artesanos del Brandy y vinos\",\"publisher\":{\"@id\":\"https:\/\/dinfante.com\/de\/#organization\"},\"potentialAction\":[{\"@type\":\"SearchAction\",\"target\":{\"@type\":\"EntryPoint\",\"urlTemplate\":\"https:\/\/dinfante.com\/de\/?s={search_term_string}\"},\"query-input\":{\"@type\":\"PropertyValueSpecification\",\"valueRequired\":true,\"valueName\":\"search_term_string\"}}],\"inLanguage\":\"de\"},{\"@type\":\"Organization\",\"@id\":\"https:\/\/dinfante.com\/de\/#organization\",\"name\":\"Bodegas Infante\",\"url\":\"https:\/\/dinfante.com\/de\/\",\"logo\":{\"@type\":\"ImageObject\",\"inLanguage\":\"de\",\"@id\":\"https:\/\/dinfante.com\/de\/#\/schema\/logo\/image\/\",\"url\":\"https:\/\/dinfante.com\/wp-content\/uploads\/2021\/04\/cabecera_tienda.jpg\",\"contentUrl\":\"https:\/\/dinfante.com\/wp-content\/uploads\/2021\/04\/cabecera_tienda.jpg\",\"width\":600,\"height\":151,\"caption\":\"Bodegas Infante\"},\"image\":{\"@id\":\"https:\/\/dinfante.com\/de\/#\/schema\/logo\/image\/\"}}]}<\/script>\n<!-- \/ Yoast SEO plugin. -->","yoast_head_json":{"title":"INNOCENCE BARRICA \u00b7 Jahrgang 2022 \u00b7 3er-Pack Flaschen - Bodegas Infante","description":"Wei\u00dfwein D.O. Condado de Huelva. 90 Pe\u00f1\u00edn-Punkte. 100 % Colombard-Traube. 3er-Pack.","robots":{"index":"index","follow":"follow","max-snippet":"max-snippet:-1","max-image-preview":"max-image-preview:large","max-video-preview":"max-video-preview:-1"},"canonical":"https:\/\/dinfante.com\/de\/producto\/innocence-barrica-%c2%b7-jahrgang-2022-%c2%b7-3er-pack-flaschen\/","og_locale":"de_DE","og_type":"article","og_title":"INNOCENCE BARRICA \u00b7 Jahrgang 2022 \u00b7 3er-Pack Flaschen - Bodegas Infante","og_description":"Wei\u00dfwein D.O. Condado de Huelva. 90 Pe\u00f1\u00edn-Punkte. 100 % Colombard-Traube. 3er-Pack.","og_url":"https:\/\/dinfante.com\/de\/producto\/innocence-barrica-%c2%b7-jahrgang-2022-%c2%b7-3er-pack-flaschen\/","og_site_name":"Bodegas Infante","article_modified_time":"2026-01-22T15:19:25+00:00","og_image":[{"width":500,"height":828,"url":"https:\/\/dinfante.com\/wp-content\/uploads\/2021\/04\/prod-inocence-vino-2.png","type":"image\/png"}],"twitter_card":"summary_large_image","twitter_misc":{"Gesch\u00e4tzte Lesezeit":"1\u00a0Minute"},"schema":{"@context":"https:\/\/schema.org","@graph":[{"@type":"WebPage","@id":"https:\/\/dinfante.com\/de\/producto\/innocence-barrica-%c2%b7-jahrgang-2022-%c2%b7-3er-pack-flaschen\/","url":"https:\/\/dinfante.com\/de\/producto\/innocence-barrica-%c2%b7-jahrgang-2022-%c2%b7-3er-pack-flaschen\/","name":"INNOCENCE BARRICA \u00b7 Jahrgang 2022 \u00b7 3er-Pack Flaschen - Bodegas Infante","isPartOf":{"@id":"https:\/\/dinfante.com\/de\/#website"},"primaryImageOfPage":{"@id":"https:\/\/dinfante.com\/de\/producto\/innocence-barrica-%c2%b7-jahrgang-2022-%c2%b7-3er-pack-flaschen\/#primaryimage"},"image":{"@id":"https:\/\/dinfante.com\/de\/producto\/innocence-barrica-%c2%b7-jahrgang-2022-%c2%b7-3er-pack-flaschen\/#primaryimage"},"thumbnailUrl":"https:\/\/dinfante.com\/wp-content\/uploads\/2021\/04\/prod-inocence-vino-2.png","datePublished":"2021-01-14T16:22:31+00:00","dateModified":"2026-01-22T15:19:25+00:00","description":"Wei\u00dfwein D.O. Condado de Huelva. 90 Pe\u00f1\u00edn-Punkte. 100 % Colombard-Traube. 3er-Pack.","breadcrumb":{"@id":"https:\/\/dinfante.com\/de\/producto\/innocence-barrica-%c2%b7-jahrgang-2022-%c2%b7-3er-pack-flaschen\/#breadcrumb"},"inLanguage":"de","potentialAction":[{"@type":"ReadAction","target":["https:\/\/dinfante.com\/de\/producto\/innocence-barrica-%c2%b7-jahrgang-2022-%c2%b7-3er-pack-flaschen\/"]}]},{"@type":"ImageObject","inLanguage":"de","@id":"https:\/\/dinfante.com\/de\/producto\/innocence-barrica-%c2%b7-jahrgang-2022-%c2%b7-3er-pack-flaschen\/#primaryimage","url":"https:\/\/dinfante.com\/wp-content\/uploads\/2021\/04\/prod-inocence-vino-2.png","contentUrl":"https:\/\/dinfante.com\/wp-content\/uploads\/2021\/04\/prod-inocence-vino-2.png","width":500,"height":828},{"@type":"BreadcrumbList","@id":"https:\/\/dinfante.com\/de\/producto\/innocence-barrica-%c2%b7-jahrgang-2022-%c2%b7-3er-pack-flaschen\/#breadcrumb","itemListElement":[{"@type":"ListItem","position":1,"name":"Portada","item":"https:\/\/dinfante.com\/de\/"},{"@type":"ListItem","position":2,"name":"Tienda","item":"https:\/\/dinfante.com\/en\/shop\/"},{"@type":"ListItem","position":3,"name":"INNOCENCE BARRICA \u00b7 Jahrgang 2022 \u00b7 3er-Pack Flaschen"}]},{"@type":"WebSite","@id":"https:\/\/dinfante.com\/de\/#website","url":"https:\/\/dinfante.com\/de\/","name":"Bodegas Infante","description":"Artesanos del Brandy y vinos","publisher":{"@id":"https:\/\/dinfante.com\/de\/#organization"},"potentialAction":[{"@type":"SearchAction","target":{"@type":"EntryPoint","urlTemplate":"https:\/\/dinfante.com\/de\/?s={search_term_string}"},"query-input":{"@type":"PropertyValueSpecification","valueRequired":true,"valueName":"search_term_string"}}],"inLanguage":"de"},{"@type":"Organization","@id":"https:\/\/dinfante.com\/de\/#organization","name":"Bodegas Infante","url":"https:\/\/dinfante.com\/de\/","logo":{"@type":"ImageObject","inLanguage":"de","@id":"https:\/\/dinfante.com\/de\/#\/schema\/logo\/image\/","url":"https:\/\/dinfante.com\/wp-content\/uploads\/2021\/04\/cabecera_tienda.jpg","contentUrl":"https:\/\/dinfante.com\/wp-content\/uploads\/2021\/04\/cabecera_tienda.jpg","width":600,"height":151,"caption":"Bodegas Infante"},"image":{"@id":"https:\/\/dinfante.com\/de\/#\/schema\/logo\/image\/"}}]}},"_links":{"self":[{"href":"https:\/\/dinfante.com\/de\/wp-json\/wp\/v2\/product\/3198","targetHints":{"allow":["GET"]}}],"collection":[{"href":"https:\/\/dinfante.com\/de\/wp-json\/wp\/v2\/product"}],"about":[{"href":"https:\/\/dinfante.com\/de\/wp-json\/wp\/v2\/types\/product"}],"wp:featuredmedia":[{"embeddable":true,"href":"https:\/\/dinfante.com\/de\/wp-json\/wp\/v2\/media\/3200"}],"wp:attachment":[{"href":"https:\/\/dinfante.com\/de\/wp-json\/wp\/v2\/media?parent=3198"}],"wp:term":[{"taxonomy":"product_brand","embeddable":true,"href":"https:\/\/dinfante.com\/de\/wp-json\/wp\/v2\/product_brand?post=3198"},{"taxonomy":"product_cat","embeddable":true,"href":"https:\/\/dinfante.com\/de\/wp-json\/wp\/v2\/product_cat?post=3198"},{"taxonomy":"product_tag","embeddable":true,"href":"https:\/\/dinfante.com\/de\/wp-json\/wp\/v2\/product_tag?post=3198"}],"curies":[{"name":"wp","href":"https:\/\/api.w.org\/{rel}","templated":true}]}}