{"id":3208,"date":"2021-08-03T21:26:05","date_gmt":"2021-08-03T21:26:05","guid":{"rendered":"https:\/\/dinfante.com\/producto\/ginebra-peltier-azahar-%c2%b7-3er-pack\/"},"modified":"2025-07-08T17:57:03","modified_gmt":"2025-07-08T17:57:03","slug":"ginebra-peltier-azahar-%c2%b7-3er-pack","status":"publish","type":"product","link":"https:\/\/dinfante.com\/de\/producto\/ginebra-peltier-azahar-%c2%b7-3er-pack\/","title":{"rendered":"GINEBRA PELTIER AZAHAR \u00b7 3er-Pack"},"content":{"rendered":"<p>[vc_row css=&#8220;.vc_custom_1610395611398{padding-top: 5% !important;padding-right: 5% !important;padding-bottom: 5% !important;padding-left: 5% !important;background-color: #106f64 !important;}&#8220;][vc_column][vc_tta_tabs style=&#8220;theme&#8220; alignment=&#8220;center&#8220; active_section=&#8220;1&#8243;][vc_tta_section title=&#8220;HERSTELLUNG&#8220; tab_id=&#8220;elaboraci\u00f3n&#8220;][vc_column_text]<\/p>\n<div class=\"group final-completion w-full text-token-text-primary border-b border-black\/10 gizmo:border-0 dark:border-gray-900\/50 gizmo:dark:border-0 bg-gray-50 gizmo:bg-transparent dark:bg-[#444654] gizmo:dark:bg-transparent\" data-testid=\"conversation-turn-25\">\n<div class=\"p-4 gizmo:py-2 justify-center text-base md:gap-6 md:py-6 m-auto\">\n<div class=\"flex flex-1 gap-4 text-base mx-auto md:gap-6 gizmo:gap-3 gizmo:md:px-5 gizmo:lg:px-1 gizmo:xl:px-5 md:max-w-2xl lg:max-w-[38rem] gizmo:md:max-w-3xl gizmo:lg:max-w-[40rem] gizmo:xl:max-w-[48rem] xl:max-w-3xl }\">\n<div class=\"relative flex w-[calc(100%-50px)] flex-col gizmo:w-full lg:w-[calc(100%-115px)] agent-turn\">\n<div class=\"flex-col gap-1 md:gap-3\">\n<div class=\"flex flex-grow flex-col gap-3 max-w-full\">\n<div class=\"min-h-[20px] flex flex-col items-start gap-3 whitespace-pre-wrap break-words overflow-x-auto\">\n<div class=\"markdown prose w-full break-words dark:prose-invert light\">\n<p>Die Herstellung unseres Ginebra Peltier Azahar ist ein sorgf\u00e4ltiger Prozess, der mit der Fermentierung der Getreidekorn-S\u00e4fte beginnt. Anschlie\u00dfend wird diese Fl\u00fcssigkeit einer doppelten Destillation unterzogen, wodurch ein Getreidealkohol von h\u00f6chster Qualit\u00e4t entsteht. Was den Gin so besonders macht, ist seine nat\u00fcrliche Aromatisierung. In diesem Schritt werden sorgf\u00e4ltig Wacholderbeeren und Orangenbl\u00fcten als Hauptzutaten zusammen mit einer sorgf\u00e4ltigen Auswahl an Botanicals und Zitrusfr\u00fcchten eingearbeitet. Diese einzigartige Kombination von Zutaten verleiht dem Gin seinen unverwechselbaren und k\u00f6stlichen Geschmack und schafft ein Getr\u00e4nk, das die Sinne weckt und eine wahre Freude f\u00fcr den Gaumen ist.    <\/p>\n<\/div>\n<\/div>\n<\/div>\n<\/div>\n<\/div>\n<\/div>\n<\/div>\n<\/div>\n<p>[\/vc_column_text][\/vc_tta_section][vc_tta_section title=&#8220;VERKOSTUNGSNOTIZEN&#8220; tab_id=&#8220;cata&#8220;][vc_column_text]<span style=\"color: #f1cd7f;\"><strong>AUSSEHEN:<\/strong><\/span> Kristallklar und transparent.<\/p>\n<p><span style=\"color: #f1cd7f;\"><strong>NASE:<\/strong><\/span> Klare Wacholderaromen mit Zitrust\u00f6nen als Ergebnis von mehr als 6 Zitrusfr\u00fcchten.<\/p>\n<p><span style=\"color: #f1cd7f;\"><strong>MUND:<\/strong><\/span> Feiner, weicher, frischer und eleganter Abgang im Mund.[\/vc_column_text][\/vc_tta_section][vc_tta_section title=&#8220;MOMENTE DES GENIESSENS&#8220; tab_id=&#8220;maridaje&#8220;][vc_column_text]Dank seines au\u00dfergew\u00f6hnlichen organoleptischen Profils ist unser Ginebra Peltier Azahar eine ideale Wahl f\u00fcr verschiedene Konsumoptionen. Ob Sie die Perfektion in einem Gin Tonic suchen, wo seine Feinheit und Nuancen hervorstechen, oder Ihren Cocktails mit Gin und gelben Zitrusfr\u00fcchten einen Hauch von Eleganz verleihen m\u00f6chten, dieser Gin wird Sie nicht entt\u00e4uschen. <\/p>\n<p>Dar\u00fcber hinaus geht seine Vielseitigkeit noch weiter, da er perfekt zu <a href=\"https:\/\/dinfante.com\/de\/producto\/nina-lola-roter-vermut-3er-pack-flaschen\/\">Verm\u00fa Ni\u00f1a Lola<\/a> passt und einen Cocktail kreiert, der den Appetit anregt und die Sinne stimuliert. Und f\u00fcr diejenigen, die etwas Einzigartiges suchen, ist unser Ponche Infante eine au\u00dfergew\u00f6hnliche Wahl, bei der der Premium-Gin dieser Mischung seinen unverwechselbaren Charakter verleiht und ein unvergleichliches Geschmackserlebnis schafft. Zusammenfassend l\u00e4sst sich sagen, dass dieser Gin die perfekte Begleitung ist, um jeden Anlass aufzuwerten und au\u00dfergew\u00f6hnliche Getr\u00e4nke zu kreieren, die \u00fcberraschen und begeistern.[\/vc_column_text][\/vc_tta_section][\/vc_tta_tabs][\/vc_column][\/vc_row]<\/p>\n","protected":false},"excerpt":{"rendered":"<p>Unser Gin wird in unserer Destillerie mit Aromen von Orangenbl\u00fcten, Wacholder und Zitrusfr\u00fcchten hergestellt.<\/p>\n","protected":false},"featured_media":3209,"template":"","meta":[],"product_brand":[],"product_cat":[68],"product_tag":[],"class_list":{"0":"post-3208","1":"product","2":"type-product","3":"status-publish","4":"has-post-thumbnail","6":"product_cat-spirituose","8":"first","9":"instock","10":"taxable","11":"shipping-taxable","12":"purchasable","13":"product-type-simple"},"acf":[],"yoast_head":"<!-- This site is optimized with the Yoast SEO plugin v27.1.1 - https:\/\/yoast.com\/product\/yoast-seo-wordpress\/ -->\n<title>GINEBRA PELTIER AZAHAR \u00b7 3er-Pack<\/title>\n<meta name=\"description\" content=\"Jede Flasche unseres Ginebra Peltier Azahar ist ein einzigartiges Geschmackserlebnis, eine Hommage an Exzellenz in Destillation und Qualit\u00e4t.\" \/>\n<meta name=\"robots\" content=\"index, follow, max-snippet:-1, max-image-preview:large, max-video-preview:-1\" \/>\n<link rel=\"canonical\" href=\"https:\/\/dinfante.com\/de\/producto\/ginebra-peltier-azahar-%c2%b7-3er-pack\/\" \/>\n<meta property=\"og:locale\" content=\"de_DE\" \/>\n<meta property=\"og:type\" content=\"article\" \/>\n<meta property=\"og:title\" content=\"GINEBRA PELTIER AZAHAR \u00b7 3er-Pack\" \/>\n<meta property=\"og:description\" content=\"Jede Flasche unseres Ginebra Peltier Azahar ist ein einzigartiges Geschmackserlebnis, eine Hommage an Exzellenz in Destillation und Qualit\u00e4t.\" \/>\n<meta property=\"og:url\" content=\"https:\/\/dinfante.com\/de\/producto\/ginebra-peltier-azahar-%c2%b7-3er-pack\/\" \/>\n<meta property=\"og:site_name\" content=\"Bodegas Infante\" \/>\n<meta property=\"article:modified_time\" content=\"2025-07-08T17:57:03+00:00\" \/>\n<meta property=\"og:image\" content=\"https:\/\/dinfante.com\/wp-content\/uploads\/2021\/08\/prod-gin-peltier-azahar.png\" \/>\n\t<meta property=\"og:image:width\" content=\"500\" \/>\n\t<meta property=\"og:image:height\" content=\"828\" \/>\n\t<meta property=\"og:image:type\" content=\"image\/png\" \/>\n<meta name=\"twitter:card\" content=\"summary_large_image\" \/>\n<meta name=\"twitter:label1\" content=\"Gesch\u00e4tzte Lesezeit\" \/>\n\t<meta name=\"twitter:data1\" content=\"2\u00a0Minuten\" \/>\n<script type=\"application\/ld+json\" class=\"yoast-schema-graph\">{\"@context\":\"https:\/\/schema.org\",\"@graph\":[{\"@type\":\"WebPage\",\"@id\":\"https:\/\/dinfante.com\/de\/producto\/ginebra-peltier-azahar-%c2%b7-3er-pack\/\",\"url\":\"https:\/\/dinfante.com\/de\/producto\/ginebra-peltier-azahar-%c2%b7-3er-pack\/\",\"name\":\"GINEBRA PELTIER AZAHAR \u00b7 3er-Pack\",\"isPartOf\":{\"@id\":\"https:\/\/dinfante.com\/de\/#website\"},\"primaryImageOfPage\":{\"@id\":\"https:\/\/dinfante.com\/de\/producto\/ginebra-peltier-azahar-%c2%b7-3er-pack\/#primaryimage\"},\"image\":{\"@id\":\"https:\/\/dinfante.com\/de\/producto\/ginebra-peltier-azahar-%c2%b7-3er-pack\/#primaryimage\"},\"thumbnailUrl\":\"https:\/\/dinfante.com\/wp-content\/uploads\/2021\/08\/prod-gin-peltier-azahar.png\",\"datePublished\":\"2021-08-03T21:26:05+00:00\",\"dateModified\":\"2025-07-08T17:57:03+00:00\",\"description\":\"Jede Flasche unseres Ginebra Peltier Azahar ist ein einzigartiges Geschmackserlebnis, eine Hommage an Exzellenz in Destillation und Qualit\u00e4t.\",\"breadcrumb\":{\"@id\":\"https:\/\/dinfante.com\/de\/producto\/ginebra-peltier-azahar-%c2%b7-3er-pack\/#breadcrumb\"},\"inLanguage\":\"de\",\"potentialAction\":[{\"@type\":\"ReadAction\",\"target\":[\"https:\/\/dinfante.com\/de\/producto\/ginebra-peltier-azahar-%c2%b7-3er-pack\/\"]}]},{\"@type\":\"ImageObject\",\"inLanguage\":\"de\",\"@id\":\"https:\/\/dinfante.com\/de\/producto\/ginebra-peltier-azahar-%c2%b7-3er-pack\/#primaryimage\",\"url\":\"https:\/\/dinfante.com\/wp-content\/uploads\/2021\/08\/prod-gin-peltier-azahar.png\",\"contentUrl\":\"https:\/\/dinfante.com\/wp-content\/uploads\/2021\/08\/prod-gin-peltier-azahar.png\",\"width\":500,\"height\":828,\"caption\":\"ginebra premium\"},{\"@type\":\"BreadcrumbList\",\"@id\":\"https:\/\/dinfante.com\/de\/producto\/ginebra-peltier-azahar-%c2%b7-3er-pack\/#breadcrumb\",\"itemListElement\":[{\"@type\":\"ListItem\",\"position\":1,\"name\":\"Portada\",\"item\":\"https:\/\/dinfante.com\/de\/\"},{\"@type\":\"ListItem\",\"position\":2,\"name\":\"Tienda\",\"item\":\"https:\/\/dinfante.com\/en\/shop\/\"},{\"@type\":\"ListItem\",\"position\":3,\"name\":\"GINEBRA PELTIER AZAHAR \u00b7 3er-Pack\"}]},{\"@type\":\"WebSite\",\"@id\":\"https:\/\/dinfante.com\/de\/#website\",\"url\":\"https:\/\/dinfante.com\/de\/\",\"name\":\"Bodegas Infante\",\"description\":\"Artesanos del Brandy y vinos\",\"publisher\":{\"@id\":\"https:\/\/dinfante.com\/de\/#organization\"},\"potentialAction\":[{\"@type\":\"SearchAction\",\"target\":{\"@type\":\"EntryPoint\",\"urlTemplate\":\"https:\/\/dinfante.com\/de\/?s={search_term_string}\"},\"query-input\":{\"@type\":\"PropertyValueSpecification\",\"valueRequired\":true,\"valueName\":\"search_term_string\"}}],\"inLanguage\":\"de\"},{\"@type\":\"Organization\",\"@id\":\"https:\/\/dinfante.com\/de\/#organization\",\"name\":\"Bodegas Infante\",\"url\":\"https:\/\/dinfante.com\/de\/\",\"logo\":{\"@type\":\"ImageObject\",\"inLanguage\":\"de\",\"@id\":\"https:\/\/dinfante.com\/de\/#\/schema\/logo\/image\/\",\"url\":\"https:\/\/dinfante.com\/wp-content\/uploads\/2021\/04\/cabecera_tienda.jpg\",\"contentUrl\":\"https:\/\/dinfante.com\/wp-content\/uploads\/2021\/04\/cabecera_tienda.jpg\",\"width\":600,\"height\":151,\"caption\":\"Bodegas Infante\"},\"image\":{\"@id\":\"https:\/\/dinfante.com\/de\/#\/schema\/logo\/image\/\"}}]}<\/script>\n<!-- \/ Yoast SEO plugin. -->","yoast_head_json":{"title":"GINEBRA PELTIER AZAHAR \u00b7 3er-Pack","description":"Jede Flasche unseres Ginebra Peltier Azahar ist ein einzigartiges Geschmackserlebnis, eine Hommage an Exzellenz in Destillation und Qualit\u00e4t.","robots":{"index":"index","follow":"follow","max-snippet":"max-snippet:-1","max-image-preview":"max-image-preview:large","max-video-preview":"max-video-preview:-1"},"canonical":"https:\/\/dinfante.com\/de\/producto\/ginebra-peltier-azahar-%c2%b7-3er-pack\/","og_locale":"de_DE","og_type":"article","og_title":"GINEBRA PELTIER AZAHAR \u00b7 3er-Pack","og_description":"Jede Flasche unseres Ginebra Peltier Azahar ist ein einzigartiges Geschmackserlebnis, eine Hommage an Exzellenz in Destillation und Qualit\u00e4t.","og_url":"https:\/\/dinfante.com\/de\/producto\/ginebra-peltier-azahar-%c2%b7-3er-pack\/","og_site_name":"Bodegas Infante","article_modified_time":"2025-07-08T17:57:03+00:00","og_image":[{"width":500,"height":828,"url":"https:\/\/dinfante.com\/wp-content\/uploads\/2021\/08\/prod-gin-peltier-azahar.png","type":"image\/png"}],"twitter_card":"summary_large_image","twitter_misc":{"Gesch\u00e4tzte Lesezeit":"2\u00a0Minuten"},"schema":{"@context":"https:\/\/schema.org","@graph":[{"@type":"WebPage","@id":"https:\/\/dinfante.com\/de\/producto\/ginebra-peltier-azahar-%c2%b7-3er-pack\/","url":"https:\/\/dinfante.com\/de\/producto\/ginebra-peltier-azahar-%c2%b7-3er-pack\/","name":"GINEBRA PELTIER AZAHAR \u00b7 3er-Pack","isPartOf":{"@id":"https:\/\/dinfante.com\/de\/#website"},"primaryImageOfPage":{"@id":"https:\/\/dinfante.com\/de\/producto\/ginebra-peltier-azahar-%c2%b7-3er-pack\/#primaryimage"},"image":{"@id":"https:\/\/dinfante.com\/de\/producto\/ginebra-peltier-azahar-%c2%b7-3er-pack\/#primaryimage"},"thumbnailUrl":"https:\/\/dinfante.com\/wp-content\/uploads\/2021\/08\/prod-gin-peltier-azahar.png","datePublished":"2021-08-03T21:26:05+00:00","dateModified":"2025-07-08T17:57:03+00:00","description":"Jede Flasche unseres Ginebra Peltier Azahar ist ein einzigartiges Geschmackserlebnis, eine Hommage an Exzellenz in Destillation und Qualit\u00e4t.","breadcrumb":{"@id":"https:\/\/dinfante.com\/de\/producto\/ginebra-peltier-azahar-%c2%b7-3er-pack\/#breadcrumb"},"inLanguage":"de","potentialAction":[{"@type":"ReadAction","target":["https:\/\/dinfante.com\/de\/producto\/ginebra-peltier-azahar-%c2%b7-3er-pack\/"]}]},{"@type":"ImageObject","inLanguage":"de","@id":"https:\/\/dinfante.com\/de\/producto\/ginebra-peltier-azahar-%c2%b7-3er-pack\/#primaryimage","url":"https:\/\/dinfante.com\/wp-content\/uploads\/2021\/08\/prod-gin-peltier-azahar.png","contentUrl":"https:\/\/dinfante.com\/wp-content\/uploads\/2021\/08\/prod-gin-peltier-azahar.png","width":500,"height":828,"caption":"ginebra premium"},{"@type":"BreadcrumbList","@id":"https:\/\/dinfante.com\/de\/producto\/ginebra-peltier-azahar-%c2%b7-3er-pack\/#breadcrumb","itemListElement":[{"@type":"ListItem","position":1,"name":"Portada","item":"https:\/\/dinfante.com\/de\/"},{"@type":"ListItem","position":2,"name":"Tienda","item":"https:\/\/dinfante.com\/en\/shop\/"},{"@type":"ListItem","position":3,"name":"GINEBRA PELTIER AZAHAR \u00b7 3er-Pack"}]},{"@type":"WebSite","@id":"https:\/\/dinfante.com\/de\/#website","url":"https:\/\/dinfante.com\/de\/","name":"Bodegas Infante","description":"Artesanos del Brandy y vinos","publisher":{"@id":"https:\/\/dinfante.com\/de\/#organization"},"potentialAction":[{"@type":"SearchAction","target":{"@type":"EntryPoint","urlTemplate":"https:\/\/dinfante.com\/de\/?s={search_term_string}"},"query-input":{"@type":"PropertyValueSpecification","valueRequired":true,"valueName":"search_term_string"}}],"inLanguage":"de"},{"@type":"Organization","@id":"https:\/\/dinfante.com\/de\/#organization","name":"Bodegas Infante","url":"https:\/\/dinfante.com\/de\/","logo":{"@type":"ImageObject","inLanguage":"de","@id":"https:\/\/dinfante.com\/de\/#\/schema\/logo\/image\/","url":"https:\/\/dinfante.com\/wp-content\/uploads\/2021\/04\/cabecera_tienda.jpg","contentUrl":"https:\/\/dinfante.com\/wp-content\/uploads\/2021\/04\/cabecera_tienda.jpg","width":600,"height":151,"caption":"Bodegas Infante"},"image":{"@id":"https:\/\/dinfante.com\/de\/#\/schema\/logo\/image\/"}}]}},"_links":{"self":[{"href":"https:\/\/dinfante.com\/de\/wp-json\/wp\/v2\/product\/3208","targetHints":{"allow":["GET"]}}],"collection":[{"href":"https:\/\/dinfante.com\/de\/wp-json\/wp\/v2\/product"}],"about":[{"href":"https:\/\/dinfante.com\/de\/wp-json\/wp\/v2\/types\/product"}],"wp:featuredmedia":[{"embeddable":true,"href":"https:\/\/dinfante.com\/de\/wp-json\/wp\/v2\/media\/3209"}],"wp:attachment":[{"href":"https:\/\/dinfante.com\/de\/wp-json\/wp\/v2\/media?parent=3208"}],"wp:term":[{"taxonomy":"product_brand","embeddable":true,"href":"https:\/\/dinfante.com\/de\/wp-json\/wp\/v2\/product_brand?post=3208"},{"taxonomy":"product_cat","embeddable":true,"href":"https:\/\/dinfante.com\/de\/wp-json\/wp\/v2\/product_cat?post=3208"},{"taxonomy":"product_tag","embeddable":true,"href":"https:\/\/dinfante.com\/de\/wp-json\/wp\/v2\/product_tag?post=3208"}],"curies":[{"name":"wp","href":"https:\/\/api.w.org\/{rel}","templated":true}]}}