{"id":3210,"date":"2022-02-11T17:30:16","date_gmt":"2022-02-11T17:30:16","guid":{"rendered":"https:\/\/dinfante.com\/producto\/500-naechte-premium-gin\/"},"modified":"2025-07-08T17:57:11","modified_gmt":"2025-07-08T17:57:11","slug":"500-naechte-premium-gin","status":"publish","type":"product","link":"https:\/\/dinfante.com\/de\/producto\/500-naechte-premium-gin\/","title":{"rendered":"500 N\u00c4CHTE PREMIUM GIN"},"content":{"rendered":"<p>[vc_row css=&#8220;.vc_custom_1610395611398{padding-top: 5% !important;padding-right: 5% !important;padding-bottom: 5% !important;padding-left: 5% !important;background-color: #106f64 !important;}&#8220;][vc_column][vc_tta_tabs style=&#8220;theme&#8220; alignment=&#8220;center&#8220; active_section=&#8220;1&#8243;][vc_tta_section title=&#8220;HERSTELLUNG&#8220; tab_id=&#8220;elaboraci\u00f3n&#8220;][vc_column_text]Der Gin 500 Noches ist ein Premium London Dry Gin, der dreifach destilliert wird und einen Alkoholgehalt von 40,0 % aufweist. Die Verschmelzung der drei Destillationen ergibt einen einzigartigen Gin von au\u00dfergew\u00f6hnlicher Qualit\u00e4t. Ein weiteres besonderes Merkmal ist die Anzahl der verwendeten Botanicals, insgesamt elf, von denen seine blumigen Aromen und seine exotischen Nuancen wie Angelikawurzel oder Koriandersamen hervorstechen.  <\/p>\n<p>Erfahren Sie mehr \u00fcber die Herstellungsprozesse <a href=\"https:\/\/dinfante.com\/de\/ueber-uns\/\">hier<\/a>.[\/vc_column_text][\/vc_tta_section][vc_tta_section title=&#8220;VERKOSTUNGSNOTIZEN&#8220; tab_id=&#8220;cata&#8220;][vc_column_text]<\/p>\n<div class=\"page\" title=\"Seite 1\">\n<div class=\"layoutArea\">\n<div class=\"column\">\n<p>Sein Aroma und sein Geschmack sind sowohl weich als auch ausgewogen. Sauber und transparent. Ausgepr\u00e4gter Charakter von blumigen Noten, kombiniert mit Zitrusnuancen. Weich und elegant.   <\/p>\n<\/div>\n<\/div>\n<\/div>\n<p>[\/vc_column_text][\/vc_tta_section][vc_tta_section title=&#8220;MOMENTE DES GENIESSENS&#8220; tab_id=&#8220;maridaje&#8220;][vc_column_text]<\/p>\n<div class=\"page\" title=\"Seite 1\">\n<div class=\"layoutArea\">\n<div class=\"column\">\n<p><strong>Wie man 500 Noches Premium Gin trinkt<\/strong> \u00b7 Aufgrund seiner delikaten und ausgepr\u00e4gten Organoleptik ist er ein idealer Gin, um ihn als Gin Tonic zu kombinieren oder um Teil von Cocktails mit Gin zu sein.<\/p>\n<p>Genie\u00dfen Sie 500 Noches auf verantwortungsvolle Weise, obwohl ich Ihnen versichern kann, dass der Gin 500 Noches so lange h\u00e4lt <em>\u201eLo que duran dos peces de hielo en un g\u00fcisqui on the rocks\u201c<\/em>.<\/p>\n<\/div>\n<p>Weitere Empfehlungen zur Kombination finden Sie in unserem Profil auf <a href=\"https:\/\/www.instagram.com\/bodegasinfante\/\">Instagram<\/a>.<\/p>\n<\/div>\n<\/div>\n<p>[\/vc_column_text][\/vc_tta_section][\/vc_tta_tabs][\/vc_column][\/vc_row]<\/p>\n","protected":false},"excerpt":{"rendered":"<p>500 Noches ist ein neuer Gin-Vorschlag, der zudem von dem legend\u00e4ren Lied des K\u00fcnstlers Joaqu\u00edn Sabina \u201e19 d\u00edas y 500 noches\u201c inspiriert ist, mit einem ausgezeichneten Geschmack und Aromen, die an den unabh\u00e4ngigen und rebellischen Geist erinnern, der Bodegas Infante immer begleitet.<\/p>\n","protected":false},"featured_media":3215,"template":"","meta":[],"product_brand":[],"product_cat":[61],"product_tag":[],"class_list":{"0":"post-3210","1":"product","2":"type-product","3":"status-publish","4":"has-post-thumbnail","6":"product_cat-premium-de","8":"first","9":"instock","10":"taxable","11":"shipping-taxable","12":"purchasable","13":"product-type-simple"},"acf":[],"yoast_head":"<!-- This site is optimized with the Yoast SEO plugin v27.1.1 - https:\/\/yoast.com\/product\/yoast-seo-wordpress\/ -->\n<title>500 N\u00c4CHTE PREMIUM GIN - Bodegas Infante<\/title>\n<meta name=\"description\" content=\"500 Noches: Dreifach destillierter Premium London Dry Gin, weich und ausgewogen.\" \/>\n<meta name=\"robots\" content=\"index, follow, max-snippet:-1, max-image-preview:large, max-video-preview:-1\" \/>\n<link rel=\"canonical\" href=\"https:\/\/dinfante.com\/de\/producto\/500-naechte-premium-gin\/\" \/>\n<meta property=\"og:locale\" content=\"de_DE\" \/>\n<meta property=\"og:type\" content=\"article\" \/>\n<meta property=\"og:title\" content=\"500 N\u00c4CHTE PREMIUM GIN - Bodegas Infante\" \/>\n<meta property=\"og:description\" content=\"500 Noches: Dreifach destillierter Premium London Dry Gin, weich und ausgewogen.\" \/>\n<meta property=\"og:url\" content=\"https:\/\/dinfante.com\/de\/producto\/500-naechte-premium-gin\/\" \/>\n<meta property=\"og:site_name\" content=\"Bodegas Infante\" \/>\n<meta property=\"article:modified_time\" content=\"2025-07-08T17:57:11+00:00\" \/>\n<meta property=\"og:image\" content=\"https:\/\/dinfante.com\/wp-content\/uploads\/2022\/02\/500-noches-premium-gin_4-1.png\" \/>\n\t<meta property=\"og:image:width\" content=\"500\" \/>\n\t<meta property=\"og:image:height\" content=\"828\" \/>\n\t<meta property=\"og:image:type\" content=\"image\/png\" \/>\n<meta name=\"twitter:card\" content=\"summary_large_image\" \/>\n<meta name=\"twitter:label1\" content=\"Gesch\u00e4tzte Lesezeit\" \/>\n\t<meta name=\"twitter:data1\" content=\"1\u00a0Minute\" \/>\n<script type=\"application\/ld+json\" class=\"yoast-schema-graph\">{\"@context\":\"https:\/\/schema.org\",\"@graph\":[{\"@type\":\"WebPage\",\"@id\":\"https:\/\/dinfante.com\/de\/producto\/500-naechte-premium-gin\/\",\"url\":\"https:\/\/dinfante.com\/de\/producto\/500-naechte-premium-gin\/\",\"name\":\"500 N\u00c4CHTE PREMIUM GIN - Bodegas Infante\",\"isPartOf\":{\"@id\":\"https:\/\/dinfante.com\/de\/#website\"},\"primaryImageOfPage\":{\"@id\":\"https:\/\/dinfante.com\/de\/producto\/500-naechte-premium-gin\/#primaryimage\"},\"image\":{\"@id\":\"https:\/\/dinfante.com\/de\/producto\/500-naechte-premium-gin\/#primaryimage\"},\"thumbnailUrl\":\"https:\/\/dinfante.com\/wp-content\/uploads\/2022\/02\/500-noches-premium-gin_4-1.png\",\"datePublished\":\"2022-02-11T17:30:16+00:00\",\"dateModified\":\"2025-07-08T17:57:11+00:00\",\"description\":\"500 Noches: Dreifach destillierter Premium London Dry Gin, weich und ausgewogen.\",\"breadcrumb\":{\"@id\":\"https:\/\/dinfante.com\/de\/producto\/500-naechte-premium-gin\/#breadcrumb\"},\"inLanguage\":\"de\",\"potentialAction\":[{\"@type\":\"ReadAction\",\"target\":[\"https:\/\/dinfante.com\/de\/producto\/500-naechte-premium-gin\/\"]}]},{\"@type\":\"ImageObject\",\"inLanguage\":\"de\",\"@id\":\"https:\/\/dinfante.com\/de\/producto\/500-naechte-premium-gin\/#primaryimage\",\"url\":\"https:\/\/dinfante.com\/wp-content\/uploads\/2022\/02\/500-noches-premium-gin_4-1.png\",\"contentUrl\":\"https:\/\/dinfante.com\/wp-content\/uploads\/2022\/02\/500-noches-premium-gin_4-1.png\",\"width\":500,\"height\":828},{\"@type\":\"BreadcrumbList\",\"@id\":\"https:\/\/dinfante.com\/de\/producto\/500-naechte-premium-gin\/#breadcrumb\",\"itemListElement\":[{\"@type\":\"ListItem\",\"position\":1,\"name\":\"Portada\",\"item\":\"https:\/\/dinfante.com\/de\/\"},{\"@type\":\"ListItem\",\"position\":2,\"name\":\"Tienda\",\"item\":\"https:\/\/dinfante.com\/en\/shop\/\"},{\"@type\":\"ListItem\",\"position\":3,\"name\":\"500 N\u00c4CHTE PREMIUM GIN\"}]},{\"@type\":\"WebSite\",\"@id\":\"https:\/\/dinfante.com\/de\/#website\",\"url\":\"https:\/\/dinfante.com\/de\/\",\"name\":\"Bodegas Infante\",\"description\":\"Artesanos del Brandy y vinos\",\"publisher\":{\"@id\":\"https:\/\/dinfante.com\/de\/#organization\"},\"potentialAction\":[{\"@type\":\"SearchAction\",\"target\":{\"@type\":\"EntryPoint\",\"urlTemplate\":\"https:\/\/dinfante.com\/de\/?s={search_term_string}\"},\"query-input\":{\"@type\":\"PropertyValueSpecification\",\"valueRequired\":true,\"valueName\":\"search_term_string\"}}],\"inLanguage\":\"de\"},{\"@type\":\"Organization\",\"@id\":\"https:\/\/dinfante.com\/de\/#organization\",\"name\":\"Bodegas Infante\",\"url\":\"https:\/\/dinfante.com\/de\/\",\"logo\":{\"@type\":\"ImageObject\",\"inLanguage\":\"de\",\"@id\":\"https:\/\/dinfante.com\/de\/#\/schema\/logo\/image\/\",\"url\":\"https:\/\/dinfante.com\/wp-content\/uploads\/2021\/04\/cabecera_tienda.jpg\",\"contentUrl\":\"https:\/\/dinfante.com\/wp-content\/uploads\/2021\/04\/cabecera_tienda.jpg\",\"width\":600,\"height\":151,\"caption\":\"Bodegas Infante\"},\"image\":{\"@id\":\"https:\/\/dinfante.com\/de\/#\/schema\/logo\/image\/\"}}]}<\/script>\n<!-- \/ Yoast SEO plugin. -->","yoast_head_json":{"title":"500 N\u00c4CHTE PREMIUM GIN - Bodegas Infante","description":"500 Noches: Dreifach destillierter Premium London Dry Gin, weich und ausgewogen.","robots":{"index":"index","follow":"follow","max-snippet":"max-snippet:-1","max-image-preview":"max-image-preview:large","max-video-preview":"max-video-preview:-1"},"canonical":"https:\/\/dinfante.com\/de\/producto\/500-naechte-premium-gin\/","og_locale":"de_DE","og_type":"article","og_title":"500 N\u00c4CHTE PREMIUM GIN - Bodegas Infante","og_description":"500 Noches: Dreifach destillierter Premium London Dry Gin, weich und ausgewogen.","og_url":"https:\/\/dinfante.com\/de\/producto\/500-naechte-premium-gin\/","og_site_name":"Bodegas Infante","article_modified_time":"2025-07-08T17:57:11+00:00","og_image":[{"width":500,"height":828,"url":"https:\/\/dinfante.com\/wp-content\/uploads\/2022\/02\/500-noches-premium-gin_4-1.png","type":"image\/png"}],"twitter_card":"summary_large_image","twitter_misc":{"Gesch\u00e4tzte Lesezeit":"1\u00a0Minute"},"schema":{"@context":"https:\/\/schema.org","@graph":[{"@type":"WebPage","@id":"https:\/\/dinfante.com\/de\/producto\/500-naechte-premium-gin\/","url":"https:\/\/dinfante.com\/de\/producto\/500-naechte-premium-gin\/","name":"500 N\u00c4CHTE PREMIUM GIN - Bodegas Infante","isPartOf":{"@id":"https:\/\/dinfante.com\/de\/#website"},"primaryImageOfPage":{"@id":"https:\/\/dinfante.com\/de\/producto\/500-naechte-premium-gin\/#primaryimage"},"image":{"@id":"https:\/\/dinfante.com\/de\/producto\/500-naechte-premium-gin\/#primaryimage"},"thumbnailUrl":"https:\/\/dinfante.com\/wp-content\/uploads\/2022\/02\/500-noches-premium-gin_4-1.png","datePublished":"2022-02-11T17:30:16+00:00","dateModified":"2025-07-08T17:57:11+00:00","description":"500 Noches: Dreifach destillierter Premium London Dry Gin, weich und ausgewogen.","breadcrumb":{"@id":"https:\/\/dinfante.com\/de\/producto\/500-naechte-premium-gin\/#breadcrumb"},"inLanguage":"de","potentialAction":[{"@type":"ReadAction","target":["https:\/\/dinfante.com\/de\/producto\/500-naechte-premium-gin\/"]}]},{"@type":"ImageObject","inLanguage":"de","@id":"https:\/\/dinfante.com\/de\/producto\/500-naechte-premium-gin\/#primaryimage","url":"https:\/\/dinfante.com\/wp-content\/uploads\/2022\/02\/500-noches-premium-gin_4-1.png","contentUrl":"https:\/\/dinfante.com\/wp-content\/uploads\/2022\/02\/500-noches-premium-gin_4-1.png","width":500,"height":828},{"@type":"BreadcrumbList","@id":"https:\/\/dinfante.com\/de\/producto\/500-naechte-premium-gin\/#breadcrumb","itemListElement":[{"@type":"ListItem","position":1,"name":"Portada","item":"https:\/\/dinfante.com\/de\/"},{"@type":"ListItem","position":2,"name":"Tienda","item":"https:\/\/dinfante.com\/en\/shop\/"},{"@type":"ListItem","position":3,"name":"500 N\u00c4CHTE PREMIUM GIN"}]},{"@type":"WebSite","@id":"https:\/\/dinfante.com\/de\/#website","url":"https:\/\/dinfante.com\/de\/","name":"Bodegas Infante","description":"Artesanos del Brandy y vinos","publisher":{"@id":"https:\/\/dinfante.com\/de\/#organization"},"potentialAction":[{"@type":"SearchAction","target":{"@type":"EntryPoint","urlTemplate":"https:\/\/dinfante.com\/de\/?s={search_term_string}"},"query-input":{"@type":"PropertyValueSpecification","valueRequired":true,"valueName":"search_term_string"}}],"inLanguage":"de"},{"@type":"Organization","@id":"https:\/\/dinfante.com\/de\/#organization","name":"Bodegas Infante","url":"https:\/\/dinfante.com\/de\/","logo":{"@type":"ImageObject","inLanguage":"de","@id":"https:\/\/dinfante.com\/de\/#\/schema\/logo\/image\/","url":"https:\/\/dinfante.com\/wp-content\/uploads\/2021\/04\/cabecera_tienda.jpg","contentUrl":"https:\/\/dinfante.com\/wp-content\/uploads\/2021\/04\/cabecera_tienda.jpg","width":600,"height":151,"caption":"Bodegas Infante"},"image":{"@id":"https:\/\/dinfante.com\/de\/#\/schema\/logo\/image\/"}}]}},"_links":{"self":[{"href":"https:\/\/dinfante.com\/de\/wp-json\/wp\/v2\/product\/3210","targetHints":{"allow":["GET"]}}],"collection":[{"href":"https:\/\/dinfante.com\/de\/wp-json\/wp\/v2\/product"}],"about":[{"href":"https:\/\/dinfante.com\/de\/wp-json\/wp\/v2\/types\/product"}],"wp:featuredmedia":[{"embeddable":true,"href":"https:\/\/dinfante.com\/de\/wp-json\/wp\/v2\/media\/3215"}],"wp:attachment":[{"href":"https:\/\/dinfante.com\/de\/wp-json\/wp\/v2\/media?parent=3210"}],"wp:term":[{"taxonomy":"product_brand","embeddable":true,"href":"https:\/\/dinfante.com\/de\/wp-json\/wp\/v2\/product_brand?post=3210"},{"taxonomy":"product_cat","embeddable":true,"href":"https:\/\/dinfante.com\/de\/wp-json\/wp\/v2\/product_cat?post=3210"},{"taxonomy":"product_tag","embeddable":true,"href":"https:\/\/dinfante.com\/de\/wp-json\/wp\/v2\/product_tag?post=3210"}],"curies":[{"name":"wp","href":"https:\/\/api.w.org\/{rel}","templated":true}]}}