{"id":3230,"date":"2023-11-25T18:11:28","date_gmt":"2023-11-25T18:11:28","guid":{"rendered":"https:\/\/dinfante.com\/producto\/penin-paket-%c2%b7-3-weine-mam-90-penin-punkte\/"},"modified":"2026-01-26T08:44:36","modified_gmt":"2026-01-26T08:44:36","slug":"penin-paket-%c2%b7-3-weine-mam-90-penin-punkte","status":"publish","type":"product","link":"https:\/\/dinfante.com\/de\/producto\/penin-paket-%c2%b7-3-weine-mam-90-penin-punkte\/","title":{"rendered":"Pe\u00f1\u00edn-Paket \u00b7 3 Weine MAM 90 Pe\u00f1\u00edn-Punkte"},"content":{"rendered":"<p>[vc_row css=&#8220;.vc_custom_1610395611398{padding-top: 5% !important;padding-right: 5% !important;padding-bottom: 5% !important;padding-left: 5% !important;background-color: #106f64 !important;}&#8220;][vc_column][vc_tta_tabs style=&#8220;theme&#8220; alignment=&#8220;center&#8220; active_section=&#8220;1&#8243;][vc_tta_section title=&#8220;HERSTELLUNG&#8220; tab_id=&#8220;elaboraci\u00f3n&#8220;][vc_column_text]In diesem Spezialpaket k\u00f6nnen Sie unsere 3 Wei\u00dfweine probieren, die von der Gu\u00eda Pe\u00f1\u00edn mit 90 Punkten bewertet wurden. Es handelt sich um unseren Orange Wine Mar Yena, eine Hommage an die Seeleute, La Diosa de las 3 Cabezas, eine Hommage an den Vidue\u00f1o, eine nat\u00fcrliche Assemblage, die aus unserem Land stammt, und Innocence Barrica, eine Hommage an Inocencia, die Mutter unseres CEO, Manuel Astasio, die unsere in franz\u00f6sischer Eiche mit Akaziendeckeln gereifte Colombard-Traube h\u00fctet. <\/p>\n<p>Erfahren Sie mehr \u00fcber die Herstellungsprozesse <a href=\"https:\/\/dinfante.com\/de\/ueber-uns\/\">hier<\/a>.[\/vc_column_text][\/vc_tta_section][vc_tta_section title=&#8220;VERKOSTUNGSNOTIZEN&#8220; tab_id=&#8220;cata&#8220;][vc_column_text]<\/p>\n<div class=\"page\" title=\"Seite 1\">\n<div class=\"layoutArea\">\n<div class=\"column\">\n<p><strong>Pe\u00f1\u00edn-Weine:<\/strong><\/p>\n<p><strong>Mar Yena<\/strong> ist ein Wein mit einer ausgepr\u00e4gten Pers\u00f6nlichkeit, mit einem einnehmenden Auftakt, der einem langen, frischen, weichen und mineralischen Weg Platz macht. Mit viel K\u00f6rper und einer fettigen Textur, gleichzeitig einigen ausgewogenen salzigen Noten aufgrund seiner N\u00e4he zum Atlantik. <\/p>\n<p><strong>Diosa de las 3 Cabezas<\/strong>, komplex, rund und gleichzeitig mit einer vibrierenden S\u00e4ure und einigen ausgewogenen salzigen Noten aufgrund seiner N\u00e4he zum Atlantik.<\/p>\n<p><strong>Innocence Barrica<\/strong> pr\u00e4sentiert eine leuchtende, saubere, strohgelbe Farbe mit subtilen gr\u00fcnlichen Reflexen. In der Nase stechen die Aromen von reifen Fr\u00fcchten wie Pfirsich hervor, zusammen mit einigen w\u00fcrzigen Noten des Holzes. <\/p>\n<\/div>\n<\/div>\n<\/div>\n<p>[\/vc_column_text][\/vc_tta_section][vc_tta_section title=&#8220;MOMENTE DES GENIESSENS&#8220; tab_id=&#8220;maridaje&#8220;][vc_column_text]<\/p>\n<div class=\"page\" title=\"Seite 1\">\n<div class=\"layoutArea\">\n<div class=\"column\">\n<p><strong>Ideale Serviertemperatur:<\/strong> 8 \u2013 11 \u00baC<\/p>\n<p><strong>Gastronomie:<\/strong> Meeresfr\u00fcchte, Fisch, wei\u00dfes Fleisch, Reisgerichte und Frischk\u00e4se.<\/p>\n<\/div>\n<\/div>\n<\/div>\n<p>[\/vc_column_text][\/vc_tta_section][\/vc_tta_tabs][\/vc_column][\/vc_row]<\/p>\n","protected":false},"excerpt":{"rendered":"<p>Bodegas MAM pr\u00e4sentiert unser Pe\u00f1\u00edn-Paket, bestehend aus unseren 3 Weinen mit 90 Pe\u00f1\u00edn-Punkten.<\/p>\n","protected":false},"featured_media":3233,"template":"","meta":[],"product_brand":[],"product_cat":[77],"product_tag":[],"class_list":{"0":"post-3230","1":"product","2":"type-product","3":"status-publish","4":"has-post-thumbnail","6":"product_cat-nicht-kategorisiert","8":"first","9":"instock","10":"taxable","11":"shipping-taxable","12":"purchasable","13":"product-type-simple"},"acf":[],"yoast_head":"<!-- This site is optimized with the Yoast SEO plugin v27.1.1 - https:\/\/yoast.com\/product\/yoast-seo-wordpress\/ -->\n<title>Pe\u00f1\u00edn-Paket \u00b7 3 Weine MAM 90 Pe\u00f1\u00edn-Punkte - Bodegas Infante<\/title>\n<meta name=\"description\" content=\"Bodegas MAM pr\u00e4sentiert unser Pe\u00f1\u00edn-Paket, bestehend aus unseren 3 Weinen mit 90 Pe\u00f1\u00edn-Punkten. Ein ausgezeichnetes Geschenk f\u00fcr die Weihnachtszeit.\" \/>\n<meta name=\"robots\" content=\"index, follow, max-snippet:-1, max-image-preview:large, max-video-preview:-1\" \/>\n<link rel=\"canonical\" href=\"https:\/\/dinfante.com\/de\/producto\/penin-paket-%c2%b7-3-weine-mam-90-penin-punkte\/\" \/>\n<meta property=\"og:locale\" content=\"de_DE\" \/>\n<meta property=\"og:type\" content=\"article\" \/>\n<meta property=\"og:title\" content=\"Pe\u00f1\u00edn-Paket \u00b7 3 Weine MAM 90 Pe\u00f1\u00edn-Punkte - Bodegas Infante\" \/>\n<meta property=\"og:description\" content=\"Bodegas MAM pr\u00e4sentiert unser Pe\u00f1\u00edn-Paket, bestehend aus unseren 3 Weinen mit 90 Pe\u00f1\u00edn-Punkten. Ein ausgezeichnetes Geschenk f\u00fcr die Weihnachtszeit.\" \/>\n<meta property=\"og:url\" content=\"https:\/\/dinfante.com\/de\/producto\/penin-paket-%c2%b7-3-weine-mam-90-penin-punkte\/\" \/>\n<meta property=\"og:site_name\" content=\"Bodegas Infante\" \/>\n<meta property=\"article:modified_time\" content=\"2026-01-26T08:44:36+00:00\" \/>\n<meta property=\"og:image\" content=\"https:\/\/dinfante.com\/wp-content\/uploads\/2024\/10\/prod-Penin-90.png\" \/>\n\t<meta property=\"og:image:width\" content=\"500\" \/>\n\t<meta property=\"og:image:height\" content=\"828\" \/>\n\t<meta property=\"og:image:type\" content=\"image\/png\" \/>\n<meta name=\"twitter:card\" content=\"summary_large_image\" \/>\n<meta name=\"twitter:label1\" content=\"Gesch\u00e4tzte Lesezeit\" \/>\n\t<meta name=\"twitter:data1\" content=\"1\u00a0Minute\" \/>\n<script type=\"application\/ld+json\" class=\"yoast-schema-graph\">{\"@context\":\"https:\/\/schema.org\",\"@graph\":[{\"@type\":\"WebPage\",\"@id\":\"https:\/\/dinfante.com\/de\/producto\/penin-paket-%c2%b7-3-weine-mam-90-penin-punkte\/\",\"url\":\"https:\/\/dinfante.com\/de\/producto\/penin-paket-%c2%b7-3-weine-mam-90-penin-punkte\/\",\"name\":\"Pe\u00f1\u00edn-Paket \u00b7 3 Weine MAM 90 Pe\u00f1\u00edn-Punkte - Bodegas Infante\",\"isPartOf\":{\"@id\":\"https:\/\/dinfante.com\/de\/#website\"},\"primaryImageOfPage\":{\"@id\":\"https:\/\/dinfante.com\/de\/producto\/penin-paket-%c2%b7-3-weine-mam-90-penin-punkte\/#primaryimage\"},\"image\":{\"@id\":\"https:\/\/dinfante.com\/de\/producto\/penin-paket-%c2%b7-3-weine-mam-90-penin-punkte\/#primaryimage\"},\"thumbnailUrl\":\"https:\/\/dinfante.com\/wp-content\/uploads\/2024\/10\/prod-Penin-90.png\",\"datePublished\":\"2023-11-25T18:11:28+00:00\",\"dateModified\":\"2026-01-26T08:44:36+00:00\",\"description\":\"Bodegas MAM pr\u00e4sentiert unser Pe\u00f1\u00edn-Paket, bestehend aus unseren 3 Weinen mit 90 Pe\u00f1\u00edn-Punkten. Ein ausgezeichnetes Geschenk f\u00fcr die Weihnachtszeit.\",\"breadcrumb\":{\"@id\":\"https:\/\/dinfante.com\/de\/producto\/penin-paket-%c2%b7-3-weine-mam-90-penin-punkte\/#breadcrumb\"},\"inLanguage\":\"de\",\"potentialAction\":[{\"@type\":\"ReadAction\",\"target\":[\"https:\/\/dinfante.com\/de\/producto\/penin-paket-%c2%b7-3-weine-mam-90-penin-punkte\/\"]}]},{\"@type\":\"ImageObject\",\"inLanguage\":\"de\",\"@id\":\"https:\/\/dinfante.com\/de\/producto\/penin-paket-%c2%b7-3-weine-mam-90-penin-punkte\/#primaryimage\",\"url\":\"https:\/\/dinfante.com\/wp-content\/uploads\/2024\/10\/prod-Penin-90.png\",\"contentUrl\":\"https:\/\/dinfante.com\/wp-content\/uploads\/2024\/10\/prod-Penin-90.png\",\"width\":500,\"height\":828,\"caption\":\"Pack Pe\u00f1in 90 Puntos Bodegas Infante Bodegas MAM\"},{\"@type\":\"BreadcrumbList\",\"@id\":\"https:\/\/dinfante.com\/de\/producto\/penin-paket-%c2%b7-3-weine-mam-90-penin-punkte\/#breadcrumb\",\"itemListElement\":[{\"@type\":\"ListItem\",\"position\":1,\"name\":\"Portada\",\"item\":\"https:\/\/dinfante.com\/de\/\"},{\"@type\":\"ListItem\",\"position\":2,\"name\":\"Tienda\",\"item\":\"https:\/\/dinfante.com\/en\/shop\/\"},{\"@type\":\"ListItem\",\"position\":3,\"name\":\"Pe\u00f1\u00edn-Paket \u00b7 3 Weine MAM 90 Pe\u00f1\u00edn-Punkte\"}]},{\"@type\":\"WebSite\",\"@id\":\"https:\/\/dinfante.com\/de\/#website\",\"url\":\"https:\/\/dinfante.com\/de\/\",\"name\":\"Bodegas Infante\",\"description\":\"Artesanos del Brandy y vinos\",\"publisher\":{\"@id\":\"https:\/\/dinfante.com\/de\/#organization\"},\"potentialAction\":[{\"@type\":\"SearchAction\",\"target\":{\"@type\":\"EntryPoint\",\"urlTemplate\":\"https:\/\/dinfante.com\/de\/?s={search_term_string}\"},\"query-input\":{\"@type\":\"PropertyValueSpecification\",\"valueRequired\":true,\"valueName\":\"search_term_string\"}}],\"inLanguage\":\"de\"},{\"@type\":\"Organization\",\"@id\":\"https:\/\/dinfante.com\/de\/#organization\",\"name\":\"Bodegas Infante\",\"url\":\"https:\/\/dinfante.com\/de\/\",\"logo\":{\"@type\":\"ImageObject\",\"inLanguage\":\"de\",\"@id\":\"https:\/\/dinfante.com\/de\/#\/schema\/logo\/image\/\",\"url\":\"https:\/\/dinfante.com\/wp-content\/uploads\/2021\/04\/cabecera_tienda.jpg\",\"contentUrl\":\"https:\/\/dinfante.com\/wp-content\/uploads\/2021\/04\/cabecera_tienda.jpg\",\"width\":600,\"height\":151,\"caption\":\"Bodegas Infante\"},\"image\":{\"@id\":\"https:\/\/dinfante.com\/de\/#\/schema\/logo\/image\/\"}}]}<\/script>\n<!-- \/ Yoast SEO plugin. -->","yoast_head_json":{"title":"Pe\u00f1\u00edn-Paket \u00b7 3 Weine MAM 90 Pe\u00f1\u00edn-Punkte - Bodegas Infante","description":"Bodegas MAM pr\u00e4sentiert unser Pe\u00f1\u00edn-Paket, bestehend aus unseren 3 Weinen mit 90 Pe\u00f1\u00edn-Punkten. Ein ausgezeichnetes Geschenk f\u00fcr die Weihnachtszeit.","robots":{"index":"index","follow":"follow","max-snippet":"max-snippet:-1","max-image-preview":"max-image-preview:large","max-video-preview":"max-video-preview:-1"},"canonical":"https:\/\/dinfante.com\/de\/producto\/penin-paket-%c2%b7-3-weine-mam-90-penin-punkte\/","og_locale":"de_DE","og_type":"article","og_title":"Pe\u00f1\u00edn-Paket \u00b7 3 Weine MAM 90 Pe\u00f1\u00edn-Punkte - Bodegas Infante","og_description":"Bodegas MAM pr\u00e4sentiert unser Pe\u00f1\u00edn-Paket, bestehend aus unseren 3 Weinen mit 90 Pe\u00f1\u00edn-Punkten. Ein ausgezeichnetes Geschenk f\u00fcr die Weihnachtszeit.","og_url":"https:\/\/dinfante.com\/de\/producto\/penin-paket-%c2%b7-3-weine-mam-90-penin-punkte\/","og_site_name":"Bodegas Infante","article_modified_time":"2026-01-26T08:44:36+00:00","og_image":[{"width":500,"height":828,"url":"https:\/\/dinfante.com\/wp-content\/uploads\/2024\/10\/prod-Penin-90.png","type":"image\/png"}],"twitter_card":"summary_large_image","twitter_misc":{"Gesch\u00e4tzte Lesezeit":"1\u00a0Minute"},"schema":{"@context":"https:\/\/schema.org","@graph":[{"@type":"WebPage","@id":"https:\/\/dinfante.com\/de\/producto\/penin-paket-%c2%b7-3-weine-mam-90-penin-punkte\/","url":"https:\/\/dinfante.com\/de\/producto\/penin-paket-%c2%b7-3-weine-mam-90-penin-punkte\/","name":"Pe\u00f1\u00edn-Paket \u00b7 3 Weine MAM 90 Pe\u00f1\u00edn-Punkte - Bodegas Infante","isPartOf":{"@id":"https:\/\/dinfante.com\/de\/#website"},"primaryImageOfPage":{"@id":"https:\/\/dinfante.com\/de\/producto\/penin-paket-%c2%b7-3-weine-mam-90-penin-punkte\/#primaryimage"},"image":{"@id":"https:\/\/dinfante.com\/de\/producto\/penin-paket-%c2%b7-3-weine-mam-90-penin-punkte\/#primaryimage"},"thumbnailUrl":"https:\/\/dinfante.com\/wp-content\/uploads\/2024\/10\/prod-Penin-90.png","datePublished":"2023-11-25T18:11:28+00:00","dateModified":"2026-01-26T08:44:36+00:00","description":"Bodegas MAM pr\u00e4sentiert unser Pe\u00f1\u00edn-Paket, bestehend aus unseren 3 Weinen mit 90 Pe\u00f1\u00edn-Punkten. Ein ausgezeichnetes Geschenk f\u00fcr die Weihnachtszeit.","breadcrumb":{"@id":"https:\/\/dinfante.com\/de\/producto\/penin-paket-%c2%b7-3-weine-mam-90-penin-punkte\/#breadcrumb"},"inLanguage":"de","potentialAction":[{"@type":"ReadAction","target":["https:\/\/dinfante.com\/de\/producto\/penin-paket-%c2%b7-3-weine-mam-90-penin-punkte\/"]}]},{"@type":"ImageObject","inLanguage":"de","@id":"https:\/\/dinfante.com\/de\/producto\/penin-paket-%c2%b7-3-weine-mam-90-penin-punkte\/#primaryimage","url":"https:\/\/dinfante.com\/wp-content\/uploads\/2024\/10\/prod-Penin-90.png","contentUrl":"https:\/\/dinfante.com\/wp-content\/uploads\/2024\/10\/prod-Penin-90.png","width":500,"height":828,"caption":"Pack Pe\u00f1in 90 Puntos Bodegas Infante Bodegas MAM"},{"@type":"BreadcrumbList","@id":"https:\/\/dinfante.com\/de\/producto\/penin-paket-%c2%b7-3-weine-mam-90-penin-punkte\/#breadcrumb","itemListElement":[{"@type":"ListItem","position":1,"name":"Portada","item":"https:\/\/dinfante.com\/de\/"},{"@type":"ListItem","position":2,"name":"Tienda","item":"https:\/\/dinfante.com\/en\/shop\/"},{"@type":"ListItem","position":3,"name":"Pe\u00f1\u00edn-Paket \u00b7 3 Weine MAM 90 Pe\u00f1\u00edn-Punkte"}]},{"@type":"WebSite","@id":"https:\/\/dinfante.com\/de\/#website","url":"https:\/\/dinfante.com\/de\/","name":"Bodegas Infante","description":"Artesanos del Brandy y vinos","publisher":{"@id":"https:\/\/dinfante.com\/de\/#organization"},"potentialAction":[{"@type":"SearchAction","target":{"@type":"EntryPoint","urlTemplate":"https:\/\/dinfante.com\/de\/?s={search_term_string}"},"query-input":{"@type":"PropertyValueSpecification","valueRequired":true,"valueName":"search_term_string"}}],"inLanguage":"de"},{"@type":"Organization","@id":"https:\/\/dinfante.com\/de\/#organization","name":"Bodegas Infante","url":"https:\/\/dinfante.com\/de\/","logo":{"@type":"ImageObject","inLanguage":"de","@id":"https:\/\/dinfante.com\/de\/#\/schema\/logo\/image\/","url":"https:\/\/dinfante.com\/wp-content\/uploads\/2021\/04\/cabecera_tienda.jpg","contentUrl":"https:\/\/dinfante.com\/wp-content\/uploads\/2021\/04\/cabecera_tienda.jpg","width":600,"height":151,"caption":"Bodegas Infante"},"image":{"@id":"https:\/\/dinfante.com\/de\/#\/schema\/logo\/image\/"}}]}},"_links":{"self":[{"href":"https:\/\/dinfante.com\/de\/wp-json\/wp\/v2\/product\/3230","targetHints":{"allow":["GET"]}}],"collection":[{"href":"https:\/\/dinfante.com\/de\/wp-json\/wp\/v2\/product"}],"about":[{"href":"https:\/\/dinfante.com\/de\/wp-json\/wp\/v2\/types\/product"}],"wp:featuredmedia":[{"embeddable":true,"href":"https:\/\/dinfante.com\/de\/wp-json\/wp\/v2\/media\/3233"}],"wp:attachment":[{"href":"https:\/\/dinfante.com\/de\/wp-json\/wp\/v2\/media?parent=3230"}],"wp:term":[{"taxonomy":"product_brand","embeddable":true,"href":"https:\/\/dinfante.com\/de\/wp-json\/wp\/v2\/product_brand?post=3230"},{"taxonomy":"product_cat","embeddable":true,"href":"https:\/\/dinfante.com\/de\/wp-json\/wp\/v2\/product_cat?post=3230"},{"taxonomy":"product_tag","embeddable":true,"href":"https:\/\/dinfante.com\/de\/wp-json\/wp\/v2\/product_tag?post=3230"}],"curies":[{"name":"wp","href":"https:\/\/api.w.org\/{rel}","templated":true}]}}