{"id":3235,"date":"2021-01-12T19:15:53","date_gmt":"2021-01-12T19:15:53","guid":{"rendered":"https:\/\/dinfante.com\/producto\/mar-yena-%c2%b7-jahrgang-2022-%c2%b7-packung-mit-3-flaschen\/"},"modified":"2026-01-22T15:16:53","modified_gmt":"2026-01-22T15:16:53","slug":"mar-yena-%c2%b7-jahrgang-2022-%c2%b7-packung-mit-3-flaschen","status":"publish","type":"product","link":"https:\/\/dinfante.com\/de\/producto\/mar-yena-%c2%b7-jahrgang-2022-%c2%b7-packung-mit-3-flaschen\/","title":{"rendered":"MAR YENA <br> \u00b7 Jahrgang 2022 \u00b7 <br> Packung mit <br> 3 Flaschen"},"content":{"rendered":"<p>[vc_row css=&#8220;.vc_custom_1610395611398{padding-top: 5% !important;padding-right: 5% !important;padding-bottom: 5% !important;padding-left: 5% !important;background-color: #106f64 !important;}&#8220;][vc_column][vc_tta_tabs style=&#8220;theme&#8220; alignment=&#8220;center&#8220; active_section=&#8220;1&#8243;][vc_tta_section title=&#8220;VERKOSTUNGSNOTIZEN&#8220; tab_id=&#8220;cata&#8220;][vc_column_text]<span style=\"color: #f1cd7f;\"><strong>AUSSEHEN:<\/strong><\/span> Unser Mar Yena Wei\u00dfwein hat eine brillante, saubere, strohgelbe Farbe mit subtilen gr\u00fcnlichen Reflexen.<\/p>\n<p><span style=\"color: #f1cd7f;\"><strong>NASE:<\/strong><\/span> In der Nase stechen die Aromen von Pfirsich, wei\u00dfen Bl\u00fcten wie Jasmin hervor, zusammen mit einigen w\u00fcrzigen Noten des Holzes.<\/p>\n<p><span style=\"color: #f1cd7f;\"><strong>MUND:<\/strong><\/span> Es ist ein Wein mit ausgepr\u00e4gter Pers\u00f6nlichkeit, mit einem einh\u00fcllenden Auftakt, der einem langen, frischen, weichen und mineralischen Abgang weicht. Mit viel K\u00f6rper und fettiger Textur, gleichzeitig einige salzige Noten, die durch die N\u00e4he zum Atlantik ausgeglichen werden.[\/vc_column_text][\/vc_tta_section][vc_tta_section title=&#8220;HERSTELLUNG&#8220; tab_id=&#8220;elaboraci\u00f3n&#8220;][vc_column_text]Unser Mar Yena Wei\u00dfwein spiegelt die Tradition, das gute K\u00f6nnen und die Leidenschaft wider, die zusammen mit einer andalusischen Ursprungsrebe im Herzen des Nationalparks Do\u00f1ana, nur wenige Kilometer vom Atlantik entfernt, diesen Wein zu einem ausgezeichneten Wein machen.<\/p>\n<p>Was die Herstellung betrifft, so erfolgt die Weinlese im Morgengrauen und in Kisten von 20 kg, um sicherzustellen, dass die Trauben unter den besten Bedingungen in der Kellerei ankommen, wo sie verarbeitet werden. Anschlie\u00dfend wird 24 Stunden lang eine Kaltenttr\u00fcbung durchgef\u00fchrt, um m\u00f6gliche Tr\u00fcbstoffe und Verunreinigungen zu entfernen. Nach diesen 24 Stunden g\u00e4rt er in Edelstahltanks mit kontrollierter Temperatur und in der Endphase der G\u00e4rung wird er in neue Barriques aus franz\u00f6sischer Eiche und Akaziendeckel umgef\u00fcllt, was ihm eine R\u00f6stnote verleiht, aber die Frucht der Sorte respektiert, wo die G\u00e4rung endet und dann eine Reifung auf Feinhefe erfolgt.  <\/p>\n<p>Erfahren Sie mehr \u00fcber die Herstellungsprozesse <a href=\"https:\/\/dinfante.com\/de\/ueber-uns\/\">hier<\/a>.[\/vc_column_text][\/vc_tta_section][vc_tta_section title=&#8220;MOMENTE DES GENIESSENS&#8220; tab_id=&#8220;maridaje&#8220;][vc_column_text]<strong>Serviertemperatur:<\/strong> 8 \u2013 11 \u00baC<\/p>\n<p><strong>Gastronomie:<\/strong> Meeresfr\u00fcchte, Fisch, wei\u00dfes Fleisch, Reisgerichte und Frischk\u00e4se.<\/p>\n<p>Weitere Empfehlungen zur Kombination finden Sie in unserem Profil auf <a href=\"https:\/\/www.instagram.com\/bodegasinfante\/\">Instagram<\/a>.[\/vc_column_text][\/vc_tta_section][\/vc_tta_tabs][\/vc_column][\/vc_row][vc_row full_width=&#8220;stretch_row_content&#8220; css=&#8220;.vc_custom_1611343624005{padding-right: 15px !important;padding-left: 15px !important;}&#8220;][vc_column]\n\t<div class=\" img_shop_productos\">\n\t<div class=\"gg_images_slider\">\n\t<div  data-slick='{  \"slidesToShow\": 3,  \"arrows\": false,  \"dots\": true,  \"autoplay\": true,  \"infinite\": true,  \"slidesToScroll\": 1,  \"responsive\": [{\"breakpoint\": 1024, \"settings\": {\"slidesToShow\": 3, \"slidesToScroll\": 1}}, {\"breakpoint\": 600, \"settings\": {\"slidesToShow\": 2, \"slidesToScroll\": 1}}, {\"breakpoint\": 480, \"settings\": {\"slidesToShow\": 1, \"slidesToScroll\": 1}}]  }'  class=\"el-grid no_magnific products row gg-slick-carousel \" data-layout-mode=\"fitRows\" data-pagination=\"\"><div class=\"3\"><img loading=\"lazy\" decoding=\"async\" width=\"1024\" height=\"768\" src=\"https:\/\/dinfante.com\/wp-content\/uploads\/2021\/01\/vino_albaleia_02.jpg\" class=\"attachment-full\" alt=\"Vino de Huelva, Fotograf\u00eda de producto, gemabur fotograf\u00eda\" title=\"vino_albaleia_02\" srcset=\"https:\/\/dinfante.com\/wp-content\/uploads\/2021\/01\/vino_albaleia_02.jpg 1024w, https:\/\/dinfante.com\/wp-content\/uploads\/2021\/01\/vino_albaleia_02-300x225.jpg 300w, https:\/\/dinfante.com\/wp-content\/uploads\/2021\/01\/vino_albaleia_02-768x576.jpg 768w\" sizes=\"auto, (max-width: 1024px) 100vw, 1024px\" \/><\/div><div class=\"3\"><img loading=\"lazy\" decoding=\"async\" width=\"1024\" height=\"768\" src=\"https:\/\/dinfante.com\/wp-content\/uploads\/2021\/01\/vino_albaleia_03.jpg\" class=\"attachment-full\" alt=\"Vino de Huelva, Fotograf\u00eda de producto, gemabur fotograf\u00eda\" title=\"vino_albaleia_03\" srcset=\"https:\/\/dinfante.com\/wp-content\/uploads\/2021\/01\/vino_albaleia_03.jpg 1024w, https:\/\/dinfante.com\/wp-content\/uploads\/2021\/01\/vino_albaleia_03-300x225.jpg 300w, https:\/\/dinfante.com\/wp-content\/uploads\/2021\/01\/vino_albaleia_03-768x576.jpg 768w\" sizes=\"auto, (max-width: 1024px) 100vw, 1024px\" \/><\/div><div class=\"3\"><img loading=\"lazy\" decoding=\"async\" width=\"1024\" height=\"768\" src=\"https:\/\/dinfante.com\/wp-content\/uploads\/2021\/01\/vino_albaleia_01.jpg\" class=\"attachment-full\" alt=\"Cino Colombar, Vino de Huelva, Gemabur Fotograf\u00eda\" title=\"vino_albaleia_01\" srcset=\"https:\/\/dinfante.com\/wp-content\/uploads\/2021\/01\/vino_albaleia_01.jpg 1024w, https:\/\/dinfante.com\/wp-content\/uploads\/2021\/01\/vino_albaleia_01-300x225.jpg 300w, https:\/\/dinfante.com\/wp-content\/uploads\/2021\/01\/vino_albaleia_01-768x576.jpg 768w\" sizes=\"auto, (max-width: 1024px) 100vw, 1024px\" \/><\/div>\n\t<\/div>\n\t<\/div>\n\t<\/div>[\/vc_column][\/vc_row]<\/p>\n","protected":false},"excerpt":{"rendered":"<p>Etui mit 3 Flaschen dieses Orange Wine von Bodegas MAM. 90 Pe\u00edn-Punkte, die ihn zu einem ausgezeichneten Wein machen, eine Hommage an die Seeleute f\u00fcr die H\u00e4rte ihres Berufs. <\/p>\n","protected":false},"featured_media":3236,"template":"","meta":[],"product_brand":[],"product_cat":[77],"product_tag":[],"class_list":{"0":"post-3235","1":"product","2":"type-product","3":"status-publish","4":"has-post-thumbnail","6":"product_cat-nicht-kategorisiert","8":"first","9":"instock","10":"taxable","11":"shipping-taxable","12":"purchasable","13":"product-type-simple"},"acf":[],"yoast_head":"<!-- This site is optimized with the Yoast SEO plugin v27.1.1 - https:\/\/yoast.com\/product\/yoast-seo-wordpress\/ -->\n<title>MAR YENA  \u00b7 Jahrgang 2022 \u00b7  Packung mit  3 Flaschen - Bodegas Infante<\/title>\n<meta name=\"description\" content=\"Etui mit 3 Flaschen Mar Yena Wei\u00dfwein von Bodegas MAM. 90 Pe\u00f1\u00edn-Punkte, ein ausgezeichneter Wein, eine Hommage an die Seeleute f\u00fcr die H\u00e4rte ihres Berufs.\" \/>\n<meta name=\"robots\" content=\"index, follow, max-snippet:-1, max-image-preview:large, max-video-preview:-1\" \/>\n<link rel=\"canonical\" href=\"https:\/\/dinfante.com\/de\/producto\/mar-yena-%c2%b7-jahrgang-2022-%c2%b7-packung-mit-3-flaschen\/\" \/>\n<meta property=\"og:locale\" content=\"de_DE\" \/>\n<meta property=\"og:type\" content=\"article\" \/>\n<meta property=\"og:title\" content=\"MAR YENA  \u00b7 Jahrgang 2022 \u00b7  Packung mit  3 Flaschen - Bodegas Infante\" \/>\n<meta property=\"og:description\" content=\"Etui mit 3 Flaschen Mar Yena Wei\u00dfwein von Bodegas MAM. 90 Pe\u00f1\u00edn-Punkte, ein ausgezeichneter Wein, eine Hommage an die Seeleute f\u00fcr die H\u00e4rte ihres Berufs.\" \/>\n<meta property=\"og:url\" content=\"https:\/\/dinfante.com\/de\/producto\/mar-yena-%c2%b7-jahrgang-2022-%c2%b7-packung-mit-3-flaschen\/\" \/>\n<meta property=\"og:site_name\" content=\"Bodegas Infante\" \/>\n<meta property=\"article:modified_time\" content=\"2026-01-22T15:16:53+00:00\" \/>\n<meta property=\"og:image\" content=\"https:\/\/dinfante.com\/wp-content\/uploads\/2023\/11\/prod-mar-yena-vino.png\" \/>\n\t<meta property=\"og:image:width\" content=\"500\" \/>\n\t<meta property=\"og:image:height\" content=\"828\" \/>\n\t<meta property=\"og:image:type\" content=\"image\/png\" \/>\n<meta name=\"twitter:card\" content=\"summary_large_image\" \/>\n<meta name=\"twitter:label1\" content=\"Gesch\u00e4tzte Lesezeit\" \/>\n\t<meta name=\"twitter:data1\" content=\"2\u00a0Minuten\" \/>\n<script type=\"application\/ld+json\" class=\"yoast-schema-graph\">{\"@context\":\"https:\/\/schema.org\",\"@graph\":[{\"@type\":\"WebPage\",\"@id\":\"https:\/\/dinfante.com\/de\/producto\/mar-yena-%c2%b7-jahrgang-2022-%c2%b7-packung-mit-3-flaschen\/\",\"url\":\"https:\/\/dinfante.com\/de\/producto\/mar-yena-%c2%b7-jahrgang-2022-%c2%b7-packung-mit-3-flaschen\/\",\"name\":\"MAR YENA \u00b7 Jahrgang 2022 \u00b7 Packung mit 3 Flaschen - Bodegas Infante\",\"isPartOf\":{\"@id\":\"https:\/\/dinfante.com\/de\/#website\"},\"primaryImageOfPage\":{\"@id\":\"https:\/\/dinfante.com\/de\/producto\/mar-yena-%c2%b7-jahrgang-2022-%c2%b7-packung-mit-3-flaschen\/#primaryimage\"},\"image\":{\"@id\":\"https:\/\/dinfante.com\/de\/producto\/mar-yena-%c2%b7-jahrgang-2022-%c2%b7-packung-mit-3-flaschen\/#primaryimage\"},\"thumbnailUrl\":\"https:\/\/dinfante.com\/wp-content\/uploads\/2023\/11\/prod-mar-yena-vino.png\",\"datePublished\":\"2021-01-12T19:15:53+00:00\",\"dateModified\":\"2026-01-22T15:16:53+00:00\",\"description\":\"Etui mit 3 Flaschen Mar Yena Wei\u00dfwein von Bodegas MAM. 90 Pe\u00f1\u00edn-Punkte, ein ausgezeichneter Wein, eine Hommage an die Seeleute f\u00fcr die H\u00e4rte ihres Berufs.\",\"breadcrumb\":{\"@id\":\"https:\/\/dinfante.com\/de\/producto\/mar-yena-%c2%b7-jahrgang-2022-%c2%b7-packung-mit-3-flaschen\/#breadcrumb\"},\"inLanguage\":\"de\",\"potentialAction\":[{\"@type\":\"ReadAction\",\"target\":[\"https:\/\/dinfante.com\/de\/producto\/mar-yena-%c2%b7-jahrgang-2022-%c2%b7-packung-mit-3-flaschen\/\"]}]},{\"@type\":\"ImageObject\",\"inLanguage\":\"de\",\"@id\":\"https:\/\/dinfante.com\/de\/producto\/mar-yena-%c2%b7-jahrgang-2022-%c2%b7-packung-mit-3-flaschen\/#primaryimage\",\"url\":\"https:\/\/dinfante.com\/wp-content\/uploads\/2023\/11\/prod-mar-yena-vino.png\",\"contentUrl\":\"https:\/\/dinfante.com\/wp-content\/uploads\/2023\/11\/prod-mar-yena-vino.png\",\"width\":500,\"height\":828,\"caption\":\"Vino D.O Condado de Huelva Bodegas MAM\"},{\"@type\":\"BreadcrumbList\",\"@id\":\"https:\/\/dinfante.com\/de\/producto\/mar-yena-%c2%b7-jahrgang-2022-%c2%b7-packung-mit-3-flaschen\/#breadcrumb\",\"itemListElement\":[{\"@type\":\"ListItem\",\"position\":1,\"name\":\"Portada\",\"item\":\"https:\/\/dinfante.com\/de\/\"},{\"@type\":\"ListItem\",\"position\":2,\"name\":\"Tienda\",\"item\":\"https:\/\/dinfante.com\/en\/shop\/\"},{\"@type\":\"ListItem\",\"position\":3,\"name\":\"MAR YENA \u00b7 Jahrgang 2022 \u00b7 Packung mit 3 Flaschen\"}]},{\"@type\":\"WebSite\",\"@id\":\"https:\/\/dinfante.com\/de\/#website\",\"url\":\"https:\/\/dinfante.com\/de\/\",\"name\":\"Bodegas Infante\",\"description\":\"Artesanos del Brandy y vinos\",\"publisher\":{\"@id\":\"https:\/\/dinfante.com\/de\/#organization\"},\"potentialAction\":[{\"@type\":\"SearchAction\",\"target\":{\"@type\":\"EntryPoint\",\"urlTemplate\":\"https:\/\/dinfante.com\/de\/?s={search_term_string}\"},\"query-input\":{\"@type\":\"PropertyValueSpecification\",\"valueRequired\":true,\"valueName\":\"search_term_string\"}}],\"inLanguage\":\"de\"},{\"@type\":\"Organization\",\"@id\":\"https:\/\/dinfante.com\/de\/#organization\",\"name\":\"Bodegas Infante\",\"url\":\"https:\/\/dinfante.com\/de\/\",\"logo\":{\"@type\":\"ImageObject\",\"inLanguage\":\"de\",\"@id\":\"https:\/\/dinfante.com\/de\/#\/schema\/logo\/image\/\",\"url\":\"https:\/\/dinfante.com\/wp-content\/uploads\/2021\/04\/cabecera_tienda.jpg\",\"contentUrl\":\"https:\/\/dinfante.com\/wp-content\/uploads\/2021\/04\/cabecera_tienda.jpg\",\"width\":600,\"height\":151,\"caption\":\"Bodegas Infante\"},\"image\":{\"@id\":\"https:\/\/dinfante.com\/de\/#\/schema\/logo\/image\/\"}}]}<\/script>\n<!-- \/ Yoast SEO plugin. -->","yoast_head_json":{"title":"MAR YENA  \u00b7 Jahrgang 2022 \u00b7  Packung mit  3 Flaschen - Bodegas Infante","description":"Etui mit 3 Flaschen Mar Yena Wei\u00dfwein von Bodegas MAM. 90 Pe\u00f1\u00edn-Punkte, ein ausgezeichneter Wein, eine Hommage an die Seeleute f\u00fcr die H\u00e4rte ihres Berufs.","robots":{"index":"index","follow":"follow","max-snippet":"max-snippet:-1","max-image-preview":"max-image-preview:large","max-video-preview":"max-video-preview:-1"},"canonical":"https:\/\/dinfante.com\/de\/producto\/mar-yena-%c2%b7-jahrgang-2022-%c2%b7-packung-mit-3-flaschen\/","og_locale":"de_DE","og_type":"article","og_title":"MAR YENA  \u00b7 Jahrgang 2022 \u00b7  Packung mit  3 Flaschen - Bodegas Infante","og_description":"Etui mit 3 Flaschen Mar Yena Wei\u00dfwein von Bodegas MAM. 90 Pe\u00f1\u00edn-Punkte, ein ausgezeichneter Wein, eine Hommage an die Seeleute f\u00fcr die H\u00e4rte ihres Berufs.","og_url":"https:\/\/dinfante.com\/de\/producto\/mar-yena-%c2%b7-jahrgang-2022-%c2%b7-packung-mit-3-flaschen\/","og_site_name":"Bodegas Infante","article_modified_time":"2026-01-22T15:16:53+00:00","og_image":[{"width":500,"height":828,"url":"https:\/\/dinfante.com\/wp-content\/uploads\/2023\/11\/prod-mar-yena-vino.png","type":"image\/png"}],"twitter_card":"summary_large_image","twitter_misc":{"Gesch\u00e4tzte Lesezeit":"2\u00a0Minuten"},"schema":{"@context":"https:\/\/schema.org","@graph":[{"@type":"WebPage","@id":"https:\/\/dinfante.com\/de\/producto\/mar-yena-%c2%b7-jahrgang-2022-%c2%b7-packung-mit-3-flaschen\/","url":"https:\/\/dinfante.com\/de\/producto\/mar-yena-%c2%b7-jahrgang-2022-%c2%b7-packung-mit-3-flaschen\/","name":"MAR YENA \u00b7 Jahrgang 2022 \u00b7 Packung mit 3 Flaschen - Bodegas Infante","isPartOf":{"@id":"https:\/\/dinfante.com\/de\/#website"},"primaryImageOfPage":{"@id":"https:\/\/dinfante.com\/de\/producto\/mar-yena-%c2%b7-jahrgang-2022-%c2%b7-packung-mit-3-flaschen\/#primaryimage"},"image":{"@id":"https:\/\/dinfante.com\/de\/producto\/mar-yena-%c2%b7-jahrgang-2022-%c2%b7-packung-mit-3-flaschen\/#primaryimage"},"thumbnailUrl":"https:\/\/dinfante.com\/wp-content\/uploads\/2023\/11\/prod-mar-yena-vino.png","datePublished":"2021-01-12T19:15:53+00:00","dateModified":"2026-01-22T15:16:53+00:00","description":"Etui mit 3 Flaschen Mar Yena Wei\u00dfwein von Bodegas MAM. 90 Pe\u00f1\u00edn-Punkte, ein ausgezeichneter Wein, eine Hommage an die Seeleute f\u00fcr die H\u00e4rte ihres Berufs.","breadcrumb":{"@id":"https:\/\/dinfante.com\/de\/producto\/mar-yena-%c2%b7-jahrgang-2022-%c2%b7-packung-mit-3-flaschen\/#breadcrumb"},"inLanguage":"de","potentialAction":[{"@type":"ReadAction","target":["https:\/\/dinfante.com\/de\/producto\/mar-yena-%c2%b7-jahrgang-2022-%c2%b7-packung-mit-3-flaschen\/"]}]},{"@type":"ImageObject","inLanguage":"de","@id":"https:\/\/dinfante.com\/de\/producto\/mar-yena-%c2%b7-jahrgang-2022-%c2%b7-packung-mit-3-flaschen\/#primaryimage","url":"https:\/\/dinfante.com\/wp-content\/uploads\/2023\/11\/prod-mar-yena-vino.png","contentUrl":"https:\/\/dinfante.com\/wp-content\/uploads\/2023\/11\/prod-mar-yena-vino.png","width":500,"height":828,"caption":"Vino D.O Condado de Huelva Bodegas MAM"},{"@type":"BreadcrumbList","@id":"https:\/\/dinfante.com\/de\/producto\/mar-yena-%c2%b7-jahrgang-2022-%c2%b7-packung-mit-3-flaschen\/#breadcrumb","itemListElement":[{"@type":"ListItem","position":1,"name":"Portada","item":"https:\/\/dinfante.com\/de\/"},{"@type":"ListItem","position":2,"name":"Tienda","item":"https:\/\/dinfante.com\/en\/shop\/"},{"@type":"ListItem","position":3,"name":"MAR YENA \u00b7 Jahrgang 2022 \u00b7 Packung mit 3 Flaschen"}]},{"@type":"WebSite","@id":"https:\/\/dinfante.com\/de\/#website","url":"https:\/\/dinfante.com\/de\/","name":"Bodegas Infante","description":"Artesanos del Brandy y vinos","publisher":{"@id":"https:\/\/dinfante.com\/de\/#organization"},"potentialAction":[{"@type":"SearchAction","target":{"@type":"EntryPoint","urlTemplate":"https:\/\/dinfante.com\/de\/?s={search_term_string}"},"query-input":{"@type":"PropertyValueSpecification","valueRequired":true,"valueName":"search_term_string"}}],"inLanguage":"de"},{"@type":"Organization","@id":"https:\/\/dinfante.com\/de\/#organization","name":"Bodegas Infante","url":"https:\/\/dinfante.com\/de\/","logo":{"@type":"ImageObject","inLanguage":"de","@id":"https:\/\/dinfante.com\/de\/#\/schema\/logo\/image\/","url":"https:\/\/dinfante.com\/wp-content\/uploads\/2021\/04\/cabecera_tienda.jpg","contentUrl":"https:\/\/dinfante.com\/wp-content\/uploads\/2021\/04\/cabecera_tienda.jpg","width":600,"height":151,"caption":"Bodegas Infante"},"image":{"@id":"https:\/\/dinfante.com\/de\/#\/schema\/logo\/image\/"}}]}},"_links":{"self":[{"href":"https:\/\/dinfante.com\/de\/wp-json\/wp\/v2\/product\/3235","targetHints":{"allow":["GET"]}}],"collection":[{"href":"https:\/\/dinfante.com\/de\/wp-json\/wp\/v2\/product"}],"about":[{"href":"https:\/\/dinfante.com\/de\/wp-json\/wp\/v2\/types\/product"}],"wp:featuredmedia":[{"embeddable":true,"href":"https:\/\/dinfante.com\/de\/wp-json\/wp\/v2\/media\/3236"}],"wp:attachment":[{"href":"https:\/\/dinfante.com\/de\/wp-json\/wp\/v2\/media?parent=3235"}],"wp:term":[{"taxonomy":"product_brand","embeddable":true,"href":"https:\/\/dinfante.com\/de\/wp-json\/wp\/v2\/product_brand?post=3235"},{"taxonomy":"product_cat","embeddable":true,"href":"https:\/\/dinfante.com\/de\/wp-json\/wp\/v2\/product_cat?post=3235"},{"taxonomy":"product_tag","embeddable":true,"href":"https:\/\/dinfante.com\/de\/wp-json\/wp\/v2\/product_tag?post=3235"}],"curies":[{"name":"wp","href":"https:\/\/api.w.org\/{rel}","templated":true}]}}