{"id":3239,"date":"2021-01-19T19:11:50","date_gmt":"2021-01-19T19:11:50","guid":{"rendered":"https:\/\/dinfante.com\/producto\/agueita-del-querer-weisser-vermut-3er-pack-flaschen\/"},"modified":"2025-07-08T17:57:56","modified_gmt":"2025-07-08T17:57:56","slug":"agueita-del-querer-weisser-vermut-3er-pack-flaschen","status":"publish","type":"product","link":"https:\/\/dinfante.com\/de\/producto\/agueita-del-querer-weisser-vermut-3er-pack-flaschen\/","title":{"rendered":"AG\u00dcITA DEL QUERER <br> WEISSER VERMUT <br> 3er-Pack Flaschen"},"content":{"rendered":"<p>[vc_row css=&#8220;.vc_custom_1610395611398{padding-top: 5% !important;padding-right: 5% !important;padding-bottom: 5% !important;padding-left: 5% !important;background-color: #106f64 !important;}&#8220;][vc_column][vc_tta_tabs style=&#8220;theme&#8220; alignment=&#8220;center&#8220; active_section=&#8220;1&#8243;][vc_tta_section title=&#8220;HERSTELLUNG&#8220; tab_id=&#8220;elaboraci\u00f3n&#8220;][vc_column_text]Dieser Wein spiegelt Tradition, K\u00f6nnen und Leidenschaft wider, die zusammen mit einer andalusischen Ursprungsrebe, die im Herzen des Nationalparks Do\u00f1ana, nur wenige Kilometer vom Atlantik entfernt, beheimatet ist, diesen Wein zu einem exzellenten Wein machen.[\/vc_column_text][\/vc_tta_section][vc_tta_section title=&#8220;VERKOSTUNGSNOTIZEN&#8220; tab_id=&#8220;cata&#8220;][vc_column_text]<span style=\"color: #f1cd7f;\"><strong>AUSSEHEN:<\/strong><\/span> Goldgelbes Aussehen, sauber und gl\u00e4nzend.<\/p>\n<p><span style=\"color: #f1cd7f;\"><strong>NASE:<\/strong><\/span> Intensive und frische Aromen mit einem Hintergrund aus krautigen Noten und Wildkr\u00e4utern.<\/p>\n<p><span style=\"color: #f1cd7f;\"><strong>MUND:<\/strong><\/span> Zitrusaromen stechen hervor, rund, kraftvoll, dicht, mit intensiven krautigen und w\u00fcrzigen Nuancen.<\/p>\n<p><span style=\"color: #f1cd7f;\"><strong>NACHGESCHMACK:<\/strong><\/span> Langer und sehr angenehmer Abgang, zwischen bitter und s\u00fc\u00df.[\/vc_column_text][\/vc_tta_section][vc_tta_section title=&#8220;GENUSSMOMENTE&#8220; tab_id=&#8220;maridaje&#8220;][vc_column_text]<\/p>\n<div class=\"page\" title=\"Seite 1\">\n<div class=\"layoutArea\">\n<div class=\"column\">\n<p>Wein par excellence f\u00fcr den Aperitif. Perfekt in seiner traditionellen Kombination mit Oliven, jeder Art von Pickles, Lupinen oder N\u00fcssen. <\/p>\n<p>Seine Weinbasis gleicht harmonisch fetthaltigere Tapas wie Schinken oder K\u00e4se oder salzigere Tapas wie Mojama oder Sardellen aus. Da er aus einem Wein von nachgewiesener Qualit\u00e4t hergestellt wird, empfehlen wir auch seine Verkostung in der Einsamkeit. <\/p>\n<p>Als Cocktail: Glas, Eis, ein St\u00fcck Orange, 3 Teile Verm\u00fa Ni\u00f1a Lola und 1 Teil Gin Peltier (sehr zitroniger und frischer Gin aus unserem Haus). Sie machen ihn zu einem besonderen Cocktail, um die Harmonie mit einem Treffen von Freunden oder Familie zu er\u00f6ffnen. <\/p>\n<ul>\n<li>Auch der klassische Verm\u00fa-Cocktail zusammen mit dem Siphon.<\/li>\n<\/ul>\n<\/div>\n<\/div>\n<\/div>\n<p>[\/vc_column_text][\/vc_tta_section][\/vc_tta_tabs][\/vc_column][\/vc_row]<\/p>\n","protected":false},"excerpt":{"rendered":"<p>Dieser Wein spiegelt Tradition, K\u00f6nnen und Leidenschaft wider, die zusammen mit einer andalusischen Ursprungsrebe, die im Herzen des Nationalparks Do\u00f1ana, nur wenige Kilometer vom Atlantik entfernt, beheimatet ist, diesen Wein zu einem exzellenten Wein machen.<\/p>\n","protected":false},"featured_media":3240,"template":"","meta":[],"product_brand":[],"product_cat":[66],"product_tag":[],"class_list":{"0":"post-3239","1":"product","2":"type-product","3":"status-publish","4":"has-post-thumbnail","6":"product_cat-wein","8":"first","9":"instock","10":"taxable","11":"shipping-taxable","12":"purchasable","13":"product-type-simple"},"acf":[],"yoast_head":"<!-- This site is optimized with the Yoast SEO plugin v27.1.1 - https:\/\/yoast.com\/product\/yoast-seo-wordpress\/ -->\n<title>AG\u00dcITA DEL QUERER  WEISSER VERMUT  3er-Pack Flaschen - Bodegas Infante<\/title>\n<meta name=\"description\" content=\"Vermu Blanco Ag\u00fcita del Querer: Wei\u00dfer Wermut, ideal f\u00fcr Cocktails, besonders Vanilla Sky.\" \/>\n<meta name=\"robots\" content=\"index, follow, max-snippet:-1, max-image-preview:large, max-video-preview:-1\" \/>\n<link rel=\"canonical\" href=\"https:\/\/dinfante.com\/de\/producto\/agueita-del-querer-weisser-vermut-3er-pack-flaschen\/\" \/>\n<meta property=\"og:locale\" content=\"de_DE\" \/>\n<meta property=\"og:type\" content=\"article\" \/>\n<meta property=\"og:title\" content=\"AG\u00dcITA DEL QUERER  WEISSER VERMUT  3er-Pack Flaschen - Bodegas Infante\" \/>\n<meta property=\"og:description\" content=\"Vermu Blanco Ag\u00fcita del Querer: Wei\u00dfer Wermut, ideal f\u00fcr Cocktails, besonders Vanilla Sky.\" \/>\n<meta property=\"og:url\" content=\"https:\/\/dinfante.com\/de\/producto\/agueita-del-querer-weisser-vermut-3er-pack-flaschen\/\" \/>\n<meta property=\"og:site_name\" content=\"Bodegas Infante\" \/>\n<meta property=\"article:modified_time\" content=\"2025-07-08T17:57:56+00:00\" \/>\n<meta property=\"og:image\" content=\"https:\/\/dinfante.com\/wp-content\/uploads\/2023\/11\/prod-vermu-aguita-del-querer.png\" \/>\n\t<meta property=\"og:image:width\" content=\"500\" \/>\n\t<meta property=\"og:image:height\" content=\"828\" \/>\n\t<meta property=\"og:image:type\" content=\"image\/png\" \/>\n<meta name=\"twitter:card\" content=\"summary_large_image\" \/>\n<meta name=\"twitter:label1\" content=\"Gesch\u00e4tzte Lesezeit\" \/>\n\t<meta name=\"twitter:data1\" content=\"1\u00a0Minute\" \/>\n<script type=\"application\/ld+json\" class=\"yoast-schema-graph\">{\"@context\":\"https:\/\/schema.org\",\"@graph\":[{\"@type\":\"WebPage\",\"@id\":\"https:\/\/dinfante.com\/de\/producto\/agueita-del-querer-weisser-vermut-3er-pack-flaschen\/\",\"url\":\"https:\/\/dinfante.com\/de\/producto\/agueita-del-querer-weisser-vermut-3er-pack-flaschen\/\",\"name\":\"AG\u00dcITA DEL QUERER WEISSER VERMUT 3er-Pack Flaschen - Bodegas Infante\",\"isPartOf\":{\"@id\":\"https:\/\/dinfante.com\/de\/#website\"},\"primaryImageOfPage\":{\"@id\":\"https:\/\/dinfante.com\/de\/producto\/agueita-del-querer-weisser-vermut-3er-pack-flaschen\/#primaryimage\"},\"image\":{\"@id\":\"https:\/\/dinfante.com\/de\/producto\/agueita-del-querer-weisser-vermut-3er-pack-flaschen\/#primaryimage\"},\"thumbnailUrl\":\"https:\/\/dinfante.com\/wp-content\/uploads\/2023\/11\/prod-vermu-aguita-del-querer.png\",\"datePublished\":\"2021-01-19T19:11:50+00:00\",\"dateModified\":\"2025-07-08T17:57:56+00:00\",\"description\":\"Vermu Blanco Ag\u00fcita del Querer: Wei\u00dfer Wermut, ideal f\u00fcr Cocktails, besonders Vanilla Sky.\",\"breadcrumb\":{\"@id\":\"https:\/\/dinfante.com\/de\/producto\/agueita-del-querer-weisser-vermut-3er-pack-flaschen\/#breadcrumb\"},\"inLanguage\":\"de\",\"potentialAction\":[{\"@type\":\"ReadAction\",\"target\":[\"https:\/\/dinfante.com\/de\/producto\/agueita-del-querer-weisser-vermut-3er-pack-flaschen\/\"]}]},{\"@type\":\"ImageObject\",\"inLanguage\":\"de\",\"@id\":\"https:\/\/dinfante.com\/de\/producto\/agueita-del-querer-weisser-vermut-3er-pack-flaschen\/#primaryimage\",\"url\":\"https:\/\/dinfante.com\/wp-content\/uploads\/2023\/11\/prod-vermu-aguita-del-querer.png\",\"contentUrl\":\"https:\/\/dinfante.com\/wp-content\/uploads\/2023\/11\/prod-vermu-aguita-del-querer.png\",\"width\":500,\"height\":828,\"caption\":\"Bodegas MAM Vermut Blanco Ag\u00fcita del Querer\"},{\"@type\":\"BreadcrumbList\",\"@id\":\"https:\/\/dinfante.com\/de\/producto\/agueita-del-querer-weisser-vermut-3er-pack-flaschen\/#breadcrumb\",\"itemListElement\":[{\"@type\":\"ListItem\",\"position\":1,\"name\":\"Portada\",\"item\":\"https:\/\/dinfante.com\/de\/\"},{\"@type\":\"ListItem\",\"position\":2,\"name\":\"Tienda\",\"item\":\"https:\/\/dinfante.com\/en\/shop\/\"},{\"@type\":\"ListItem\",\"position\":3,\"name\":\"AG\u00dcITA DEL QUERER WEISSER VERMUT 3er-Pack Flaschen\"}]},{\"@type\":\"WebSite\",\"@id\":\"https:\/\/dinfante.com\/de\/#website\",\"url\":\"https:\/\/dinfante.com\/de\/\",\"name\":\"Bodegas Infante\",\"description\":\"Artesanos del Brandy y vinos\",\"publisher\":{\"@id\":\"https:\/\/dinfante.com\/de\/#organization\"},\"potentialAction\":[{\"@type\":\"SearchAction\",\"target\":{\"@type\":\"EntryPoint\",\"urlTemplate\":\"https:\/\/dinfante.com\/de\/?s={search_term_string}\"},\"query-input\":{\"@type\":\"PropertyValueSpecification\",\"valueRequired\":true,\"valueName\":\"search_term_string\"}}],\"inLanguage\":\"de\"},{\"@type\":\"Organization\",\"@id\":\"https:\/\/dinfante.com\/de\/#organization\",\"name\":\"Bodegas Infante\",\"url\":\"https:\/\/dinfante.com\/de\/\",\"logo\":{\"@type\":\"ImageObject\",\"inLanguage\":\"de\",\"@id\":\"https:\/\/dinfante.com\/de\/#\/schema\/logo\/image\/\",\"url\":\"https:\/\/dinfante.com\/wp-content\/uploads\/2021\/04\/cabecera_tienda.jpg\",\"contentUrl\":\"https:\/\/dinfante.com\/wp-content\/uploads\/2021\/04\/cabecera_tienda.jpg\",\"width\":600,\"height\":151,\"caption\":\"Bodegas Infante\"},\"image\":{\"@id\":\"https:\/\/dinfante.com\/de\/#\/schema\/logo\/image\/\"}}]}<\/script>\n<!-- \/ Yoast SEO plugin. -->","yoast_head_json":{"title":"AG\u00dcITA DEL QUERER  WEISSER VERMUT  3er-Pack Flaschen - Bodegas Infante","description":"Vermu Blanco Ag\u00fcita del Querer: Wei\u00dfer Wermut, ideal f\u00fcr Cocktails, besonders Vanilla Sky.","robots":{"index":"index","follow":"follow","max-snippet":"max-snippet:-1","max-image-preview":"max-image-preview:large","max-video-preview":"max-video-preview:-1"},"canonical":"https:\/\/dinfante.com\/de\/producto\/agueita-del-querer-weisser-vermut-3er-pack-flaschen\/","og_locale":"de_DE","og_type":"article","og_title":"AG\u00dcITA DEL QUERER  WEISSER VERMUT  3er-Pack Flaschen - Bodegas Infante","og_description":"Vermu Blanco Ag\u00fcita del Querer: Wei\u00dfer Wermut, ideal f\u00fcr Cocktails, besonders Vanilla Sky.","og_url":"https:\/\/dinfante.com\/de\/producto\/agueita-del-querer-weisser-vermut-3er-pack-flaschen\/","og_site_name":"Bodegas Infante","article_modified_time":"2025-07-08T17:57:56+00:00","og_image":[{"width":500,"height":828,"url":"https:\/\/dinfante.com\/wp-content\/uploads\/2023\/11\/prod-vermu-aguita-del-querer.png","type":"image\/png"}],"twitter_card":"summary_large_image","twitter_misc":{"Gesch\u00e4tzte Lesezeit":"1\u00a0Minute"},"schema":{"@context":"https:\/\/schema.org","@graph":[{"@type":"WebPage","@id":"https:\/\/dinfante.com\/de\/producto\/agueita-del-querer-weisser-vermut-3er-pack-flaschen\/","url":"https:\/\/dinfante.com\/de\/producto\/agueita-del-querer-weisser-vermut-3er-pack-flaschen\/","name":"AG\u00dcITA DEL QUERER WEISSER VERMUT 3er-Pack Flaschen - Bodegas Infante","isPartOf":{"@id":"https:\/\/dinfante.com\/de\/#website"},"primaryImageOfPage":{"@id":"https:\/\/dinfante.com\/de\/producto\/agueita-del-querer-weisser-vermut-3er-pack-flaschen\/#primaryimage"},"image":{"@id":"https:\/\/dinfante.com\/de\/producto\/agueita-del-querer-weisser-vermut-3er-pack-flaschen\/#primaryimage"},"thumbnailUrl":"https:\/\/dinfante.com\/wp-content\/uploads\/2023\/11\/prod-vermu-aguita-del-querer.png","datePublished":"2021-01-19T19:11:50+00:00","dateModified":"2025-07-08T17:57:56+00:00","description":"Vermu Blanco Ag\u00fcita del Querer: Wei\u00dfer Wermut, ideal f\u00fcr Cocktails, besonders Vanilla Sky.","breadcrumb":{"@id":"https:\/\/dinfante.com\/de\/producto\/agueita-del-querer-weisser-vermut-3er-pack-flaschen\/#breadcrumb"},"inLanguage":"de","potentialAction":[{"@type":"ReadAction","target":["https:\/\/dinfante.com\/de\/producto\/agueita-del-querer-weisser-vermut-3er-pack-flaschen\/"]}]},{"@type":"ImageObject","inLanguage":"de","@id":"https:\/\/dinfante.com\/de\/producto\/agueita-del-querer-weisser-vermut-3er-pack-flaschen\/#primaryimage","url":"https:\/\/dinfante.com\/wp-content\/uploads\/2023\/11\/prod-vermu-aguita-del-querer.png","contentUrl":"https:\/\/dinfante.com\/wp-content\/uploads\/2023\/11\/prod-vermu-aguita-del-querer.png","width":500,"height":828,"caption":"Bodegas MAM Vermut Blanco Ag\u00fcita del Querer"},{"@type":"BreadcrumbList","@id":"https:\/\/dinfante.com\/de\/producto\/agueita-del-querer-weisser-vermut-3er-pack-flaschen\/#breadcrumb","itemListElement":[{"@type":"ListItem","position":1,"name":"Portada","item":"https:\/\/dinfante.com\/de\/"},{"@type":"ListItem","position":2,"name":"Tienda","item":"https:\/\/dinfante.com\/en\/shop\/"},{"@type":"ListItem","position":3,"name":"AG\u00dcITA DEL QUERER WEISSER VERMUT 3er-Pack Flaschen"}]},{"@type":"WebSite","@id":"https:\/\/dinfante.com\/de\/#website","url":"https:\/\/dinfante.com\/de\/","name":"Bodegas Infante","description":"Artesanos del Brandy y vinos","publisher":{"@id":"https:\/\/dinfante.com\/de\/#organization"},"potentialAction":[{"@type":"SearchAction","target":{"@type":"EntryPoint","urlTemplate":"https:\/\/dinfante.com\/de\/?s={search_term_string}"},"query-input":{"@type":"PropertyValueSpecification","valueRequired":true,"valueName":"search_term_string"}}],"inLanguage":"de"},{"@type":"Organization","@id":"https:\/\/dinfante.com\/de\/#organization","name":"Bodegas Infante","url":"https:\/\/dinfante.com\/de\/","logo":{"@type":"ImageObject","inLanguage":"de","@id":"https:\/\/dinfante.com\/de\/#\/schema\/logo\/image\/","url":"https:\/\/dinfante.com\/wp-content\/uploads\/2021\/04\/cabecera_tienda.jpg","contentUrl":"https:\/\/dinfante.com\/wp-content\/uploads\/2021\/04\/cabecera_tienda.jpg","width":600,"height":151,"caption":"Bodegas Infante"},"image":{"@id":"https:\/\/dinfante.com\/de\/#\/schema\/logo\/image\/"}}]}},"_links":{"self":[{"href":"https:\/\/dinfante.com\/de\/wp-json\/wp\/v2\/product\/3239","targetHints":{"allow":["GET"]}}],"collection":[{"href":"https:\/\/dinfante.com\/de\/wp-json\/wp\/v2\/product"}],"about":[{"href":"https:\/\/dinfante.com\/de\/wp-json\/wp\/v2\/types\/product"}],"wp:featuredmedia":[{"embeddable":true,"href":"https:\/\/dinfante.com\/de\/wp-json\/wp\/v2\/media\/3240"}],"wp:attachment":[{"href":"https:\/\/dinfante.com\/de\/wp-json\/wp\/v2\/media?parent=3239"}],"wp:term":[{"taxonomy":"product_brand","embeddable":true,"href":"https:\/\/dinfante.com\/de\/wp-json\/wp\/v2\/product_brand?post=3239"},{"taxonomy":"product_cat","embeddable":true,"href":"https:\/\/dinfante.com\/de\/wp-json\/wp\/v2\/product_cat?post=3239"},{"taxonomy":"product_tag","embeddable":true,"href":"https:\/\/dinfante.com\/de\/wp-json\/wp\/v2\/product_tag?post=3239"}],"curies":[{"name":"wp","href":"https:\/\/api.w.org\/{rel}","templated":true}]}}