{"id":3245,"date":"2024-10-02T08:23:58","date_gmt":"2024-10-02T08:23:58","guid":{"rendered":"https:\/\/dinfante.com\/producto\/suenos-del-sur-oloroso-%c2%b7-3er-flaschen-pack\/"},"modified":"2025-07-08T17:58:21","modified_gmt":"2025-07-08T17:58:21","slug":"suenos-del-sur-oloroso-%c2%b7-3er-flaschen-pack","status":"publish","type":"product","link":"https:\/\/dinfante.com\/de\/producto\/suenos-del-sur-oloroso-%c2%b7-3er-flaschen-pack\/","title":{"rendered":"Sue\u00f1os del Sur Oloroso \u00b7 3er-Flaschen-Pack"},"content":{"rendered":"<p>[vc_row css=&#8220;.vc_custom_1610395611398{padding-top: 5% !important;padding-right: 5% !important;padding-bottom: 5% !important;padding-left: 5% !important;background-color: #106f64 !important;}&#8220;][vc_column][vc_tta_tabs style=&#8220;theme&#8220; alignment=&#8220;center&#8220; active_section=&#8220;1&#8243;][vc_tta_section title=&#8220;HERSTELLUNG&#8220; tab_id=&#8220;elaboraci\u00f3n&#8220;][vc_column_text]Sue\u00f1os del Sur Oloroso ist ein edler Wein, der aus der Palomino-Traube der ersten Pressung mit oxidativem Ausbau hergestellt wird.[\/vc_column_text][\/vc_tta_section][vc_tta_section title=&#8220;VERKOSTUNGSNOTIZEN&#8220; tab_id=&#8220;cata&#8220;][vc_column_text]<span style=\"color: #f1cd7f;\"><strong>AUSSEHEN:<\/strong><\/span> Klarer, gl\u00e4nzender Wein von hellbrauner Farbe mit bernsteinfarbenen Reflexen. goldener Ring, sauber und gl\u00e4nzend. <\/p>\n<p><span style=\"color: #f1cd7f;\"><strong>NASE:<\/strong><\/span> Intensive Nase mit Aromen von Trockenfr\u00fcchten wie Mandeln, Aromen von Vanille, Holz und Tabak, typisch f\u00fcr den oxidativen Ausbau.<\/p>\n<p><span style=\"color: #f1cd7f;\"><strong>MUND:<\/strong><\/span> Angenehmer Auftakt am Gaumen, ausgewogen und strukturiert, mit einem langen und anhaltenden Abgang, der an die Aromen von Trockenfr\u00fcchten aus der Nase erinnert.[\/vc_column_text][\/vc_tta_section][vc_tta_section title=&#8220;MOMENTE DES GENIESSENS&#8220; tab_id=&#8220;maridaje&#8220;][vc_column_text]<\/p>\n<h3>1. <strong>Als Aperitif<\/strong><\/h3>\n<p>Der Oloroso-Wein ist mit seinem robusten K\u00f6rper und seinen Noten von Trockenfr\u00fcchten, Holz und Gew\u00fcrzen ein idealer Aperitif. Er wird im Allgemeinen zwischen 12 und 14 \u00b0C serviert, und seine Komplexit\u00e4t macht ihn zu einer ausgezeichneten Wahl, um den Appetit vor einer Mahlzeit anzuregen. <\/p>\n<ul>\n<li><strong>Begleitet von Trockenfr\u00fcchten<\/strong>, Oliven oder gereiftem K\u00e4se wie Manchego oder Parmesan erg\u00e4nzt sein salziger und trockener Charakter diese intensiven Aromen perfekt.<\/li>\n<\/ul>\n<h3>2. <strong>Zum Essen<\/strong><\/h3>\n<p>Im Gegensatz zu anderen edlen Weinen hat der Oloroso gen\u00fcgend Struktur, um Hauptgerichte mit kr\u00e4ftigem Geschmack zu begleiten. Er ist eine au\u00dfergew\u00f6hnliche Wahl f\u00fcr die Kombination mit: <\/p>\n<ul>\n<li><strong>Rotes Fleisch<\/strong>: Seine Intensit\u00e4t gleicht sich perfekt mit Rind-, Lamm- oder Schweinebraten aus.<\/li>\n<li><strong>Eint\u00f6pfe und Schmorgerichte<\/strong>: Der Oloroso verst\u00e4rkt den Geschmack traditioneller Eintopfgerichte, wie z. B. Fleischeint\u00f6pfe oder Eint\u00f6pfe mit Gew\u00fcrzen.<\/li>\n<li><strong>Wild<\/strong>: Die rauchigen und w\u00fcrzigen Aromen von Wild (Hirsch, Wildschwein) passen gut zur Reichhaltigkeit des Weins.<\/li>\n<li><strong>Pilzgerichte<\/strong>: Besonders sautierte Pilze oder Pilze mit So\u00dfen, die die Holz- und Erdt\u00f6ne des Weins hervorheben.<\/li>\n<\/ul>\n<h3>3. <strong>Zur K\u00e4seplatte<\/strong><\/h3>\n<p>Der Oloroso-Wein ist ein hervorragender Begleiter zu einer K\u00e4seplatte, insbesondere zu solchen mit intensiven und gereiften Aromen. Blauschimmelk\u00e4se wie Cabrales oder Roquefort oder sehr gereifte K\u00e4sesorten finden ein perfektes Gleichgewicht mit der Struktur und dem anhaltenden Geschmack des Oloroso. <\/p>\n<h3>4. <strong>Zu Desserts<\/strong><\/h3>\n<p>Obwohl der trockene Oloroso nicht direkt mit s\u00fc\u00dfen Desserts in Verbindung gebracht wird, macht ihn seine Reichhaltigkeit zu einem ausgezeichneten Begleiter von Desserts, die nicht \u00fcberm\u00e4\u00dfig s\u00fc\u00df sind, wie z. B.:<\/p>\n<ul>\n<li><strong>Desserts auf der Basis von Trockenfr\u00fcchten<\/strong> wie ein Mandelkuchen oder ein Nusskuchen.<\/li>\n<li><strong>Desserts mit dunkler Schokolade<\/strong>: Die Bitterkeit der Schokolade unterstreicht die w\u00fcrzigen und nussigen Noten des Weins.<\/li>\n<\/ul>\n<p>[\/vc_column_text][\/vc_tta_section][\/vc_tta_tabs][\/vc_column][\/vc_row]<\/p>\n","protected":false},"excerpt":{"rendered":"<p>Sue\u00f1os del Sur Oloroso ist ein edler Wein, der aus der Palomino-Traube der ersten Pressung mit oxidativem Ausbau hergestellt wird.<\/p>\n","protected":false},"featured_media":3246,"template":"","meta":[],"product_brand":[],"product_cat":[72],"product_tag":[],"class_list":{"0":"post-3245","1":"product","2":"type-product","3":"status-publish","4":"has-post-thumbnail","6":"product_cat-edel","8":"first","9":"instock","10":"taxable","11":"shipping-taxable","12":"purchasable","13":"product-type-simple"},"acf":[],"yoast_head":"<!-- This site is optimized with the Yoast SEO plugin v27.1.1 - https:\/\/yoast.com\/product\/yoast-seo-wordpress\/ -->\n<title>Sue\u00f1os del Sur Oloroso \u00b7 3er-Flaschen-Pack - Bodegas Infante<\/title>\n<meta name=\"description\" content=\"Sue\u00f1os del Sur Oloroso: komplex, trocken, oxidative Reife. Passt zu Aperitifs, Fleisch.\" \/>\n<meta name=\"robots\" content=\"index, follow, max-snippet:-1, max-image-preview:large, max-video-preview:-1\" \/>\n<link rel=\"canonical\" href=\"https:\/\/dinfante.com\/de\/producto\/suenos-del-sur-oloroso-%c2%b7-3er-flaschen-pack\/\" \/>\n<meta property=\"og:locale\" content=\"de_DE\" \/>\n<meta property=\"og:type\" content=\"article\" \/>\n<meta property=\"og:title\" content=\"Sue\u00f1os del Sur Oloroso \u00b7 3er-Flaschen-Pack - Bodegas Infante\" \/>\n<meta property=\"og:description\" content=\"Sue\u00f1os del Sur Oloroso: komplex, trocken, oxidative Reife. Passt zu Aperitifs, Fleisch.\" \/>\n<meta property=\"og:url\" content=\"https:\/\/dinfante.com\/de\/producto\/suenos-del-sur-oloroso-%c2%b7-3er-flaschen-pack\/\" \/>\n<meta property=\"og:site_name\" content=\"Bodegas Infante\" \/>\n<meta property=\"article:modified_time\" content=\"2025-07-08T17:58:21+00:00\" \/>\n<meta property=\"og:image\" content=\"https:\/\/dinfante.com\/wp-content\/uploads\/2024\/10\/prod-suenos-oloroso.png\" \/>\n\t<meta property=\"og:image:width\" content=\"500\" \/>\n\t<meta property=\"og:image:height\" content=\"828\" \/>\n\t<meta property=\"og:image:type\" content=\"image\/png\" \/>\n<meta name=\"twitter:card\" content=\"summary_large_image\" \/>\n<meta name=\"twitter:label1\" content=\"Gesch\u00e4tzte Lesezeit\" \/>\n\t<meta name=\"twitter:data1\" content=\"2\u00a0Minuten\" \/>\n<script type=\"application\/ld+json\" class=\"yoast-schema-graph\">{\"@context\":\"https:\/\/schema.org\",\"@graph\":[{\"@type\":\"WebPage\",\"@id\":\"https:\/\/dinfante.com\/de\/producto\/suenos-del-sur-oloroso-%c2%b7-3er-flaschen-pack\/\",\"url\":\"https:\/\/dinfante.com\/de\/producto\/suenos-del-sur-oloroso-%c2%b7-3er-flaschen-pack\/\",\"name\":\"Sue\u00f1os del Sur Oloroso \u00b7 3er-Flaschen-Pack - Bodegas Infante\",\"isPartOf\":{\"@id\":\"https:\/\/dinfante.com\/de\/#website\"},\"primaryImageOfPage\":{\"@id\":\"https:\/\/dinfante.com\/de\/producto\/suenos-del-sur-oloroso-%c2%b7-3er-flaschen-pack\/#primaryimage\"},\"image\":{\"@id\":\"https:\/\/dinfante.com\/de\/producto\/suenos-del-sur-oloroso-%c2%b7-3er-flaschen-pack\/#primaryimage\"},\"thumbnailUrl\":\"https:\/\/dinfante.com\/wp-content\/uploads\/2024\/10\/prod-suenos-oloroso.png\",\"datePublished\":\"2024-10-02T08:23:58+00:00\",\"dateModified\":\"2025-07-08T17:58:21+00:00\",\"description\":\"Sue\u00f1os del Sur Oloroso: komplex, trocken, oxidative Reife. Passt zu Aperitifs, Fleisch.\",\"breadcrumb\":{\"@id\":\"https:\/\/dinfante.com\/de\/producto\/suenos-del-sur-oloroso-%c2%b7-3er-flaschen-pack\/#breadcrumb\"},\"inLanguage\":\"de\",\"potentialAction\":[{\"@type\":\"ReadAction\",\"target\":[\"https:\/\/dinfante.com\/de\/producto\/suenos-del-sur-oloroso-%c2%b7-3er-flaschen-pack\/\"]}]},{\"@type\":\"ImageObject\",\"inLanguage\":\"de\",\"@id\":\"https:\/\/dinfante.com\/de\/producto\/suenos-del-sur-oloroso-%c2%b7-3er-flaschen-pack\/#primaryimage\",\"url\":\"https:\/\/dinfante.com\/wp-content\/uploads\/2024\/10\/prod-suenos-oloroso.png\",\"contentUrl\":\"https:\/\/dinfante.com\/wp-content\/uploads\/2024\/10\/prod-suenos-oloroso.png\",\"width\":500,\"height\":828,\"caption\":\"Vino generoso Sue\u00f1os del Sur\"},{\"@type\":\"BreadcrumbList\",\"@id\":\"https:\/\/dinfante.com\/de\/producto\/suenos-del-sur-oloroso-%c2%b7-3er-flaschen-pack\/#breadcrumb\",\"itemListElement\":[{\"@type\":\"ListItem\",\"position\":1,\"name\":\"Portada\",\"item\":\"https:\/\/dinfante.com\/de\/\"},{\"@type\":\"ListItem\",\"position\":2,\"name\":\"Tienda\",\"item\":\"https:\/\/dinfante.com\/en\/shop\/\"},{\"@type\":\"ListItem\",\"position\":3,\"name\":\"Sue\u00f1os del Sur Oloroso \u00b7 3er-Flaschen-Pack\"}]},{\"@type\":\"WebSite\",\"@id\":\"https:\/\/dinfante.com\/de\/#website\",\"url\":\"https:\/\/dinfante.com\/de\/\",\"name\":\"Bodegas Infante\",\"description\":\"Artesanos del Brandy y vinos\",\"publisher\":{\"@id\":\"https:\/\/dinfante.com\/de\/#organization\"},\"potentialAction\":[{\"@type\":\"SearchAction\",\"target\":{\"@type\":\"EntryPoint\",\"urlTemplate\":\"https:\/\/dinfante.com\/de\/?s={search_term_string}\"},\"query-input\":{\"@type\":\"PropertyValueSpecification\",\"valueRequired\":true,\"valueName\":\"search_term_string\"}}],\"inLanguage\":\"de\"},{\"@type\":\"Organization\",\"@id\":\"https:\/\/dinfante.com\/de\/#organization\",\"name\":\"Bodegas Infante\",\"url\":\"https:\/\/dinfante.com\/de\/\",\"logo\":{\"@type\":\"ImageObject\",\"inLanguage\":\"de\",\"@id\":\"https:\/\/dinfante.com\/de\/#\/schema\/logo\/image\/\",\"url\":\"https:\/\/dinfante.com\/wp-content\/uploads\/2021\/04\/cabecera_tienda.jpg\",\"contentUrl\":\"https:\/\/dinfante.com\/wp-content\/uploads\/2021\/04\/cabecera_tienda.jpg\",\"width\":600,\"height\":151,\"caption\":\"Bodegas Infante\"},\"image\":{\"@id\":\"https:\/\/dinfante.com\/de\/#\/schema\/logo\/image\/\"}}]}<\/script>\n<!-- \/ Yoast SEO plugin. -->","yoast_head_json":{"title":"Sue\u00f1os del Sur Oloroso \u00b7 3er-Flaschen-Pack - Bodegas Infante","description":"Sue\u00f1os del Sur Oloroso: komplex, trocken, oxidative Reife. Passt zu Aperitifs, Fleisch.","robots":{"index":"index","follow":"follow","max-snippet":"max-snippet:-1","max-image-preview":"max-image-preview:large","max-video-preview":"max-video-preview:-1"},"canonical":"https:\/\/dinfante.com\/de\/producto\/suenos-del-sur-oloroso-%c2%b7-3er-flaschen-pack\/","og_locale":"de_DE","og_type":"article","og_title":"Sue\u00f1os del Sur Oloroso \u00b7 3er-Flaschen-Pack - Bodegas Infante","og_description":"Sue\u00f1os del Sur Oloroso: komplex, trocken, oxidative Reife. Passt zu Aperitifs, Fleisch.","og_url":"https:\/\/dinfante.com\/de\/producto\/suenos-del-sur-oloroso-%c2%b7-3er-flaschen-pack\/","og_site_name":"Bodegas Infante","article_modified_time":"2025-07-08T17:58:21+00:00","og_image":[{"width":500,"height":828,"url":"https:\/\/dinfante.com\/wp-content\/uploads\/2024\/10\/prod-suenos-oloroso.png","type":"image\/png"}],"twitter_card":"summary_large_image","twitter_misc":{"Gesch\u00e4tzte Lesezeit":"2\u00a0Minuten"},"schema":{"@context":"https:\/\/schema.org","@graph":[{"@type":"WebPage","@id":"https:\/\/dinfante.com\/de\/producto\/suenos-del-sur-oloroso-%c2%b7-3er-flaschen-pack\/","url":"https:\/\/dinfante.com\/de\/producto\/suenos-del-sur-oloroso-%c2%b7-3er-flaschen-pack\/","name":"Sue\u00f1os del Sur Oloroso \u00b7 3er-Flaschen-Pack - Bodegas Infante","isPartOf":{"@id":"https:\/\/dinfante.com\/de\/#website"},"primaryImageOfPage":{"@id":"https:\/\/dinfante.com\/de\/producto\/suenos-del-sur-oloroso-%c2%b7-3er-flaschen-pack\/#primaryimage"},"image":{"@id":"https:\/\/dinfante.com\/de\/producto\/suenos-del-sur-oloroso-%c2%b7-3er-flaschen-pack\/#primaryimage"},"thumbnailUrl":"https:\/\/dinfante.com\/wp-content\/uploads\/2024\/10\/prod-suenos-oloroso.png","datePublished":"2024-10-02T08:23:58+00:00","dateModified":"2025-07-08T17:58:21+00:00","description":"Sue\u00f1os del Sur Oloroso: komplex, trocken, oxidative Reife. Passt zu Aperitifs, Fleisch.","breadcrumb":{"@id":"https:\/\/dinfante.com\/de\/producto\/suenos-del-sur-oloroso-%c2%b7-3er-flaschen-pack\/#breadcrumb"},"inLanguage":"de","potentialAction":[{"@type":"ReadAction","target":["https:\/\/dinfante.com\/de\/producto\/suenos-del-sur-oloroso-%c2%b7-3er-flaschen-pack\/"]}]},{"@type":"ImageObject","inLanguage":"de","@id":"https:\/\/dinfante.com\/de\/producto\/suenos-del-sur-oloroso-%c2%b7-3er-flaschen-pack\/#primaryimage","url":"https:\/\/dinfante.com\/wp-content\/uploads\/2024\/10\/prod-suenos-oloroso.png","contentUrl":"https:\/\/dinfante.com\/wp-content\/uploads\/2024\/10\/prod-suenos-oloroso.png","width":500,"height":828,"caption":"Vino generoso Sue\u00f1os del Sur"},{"@type":"BreadcrumbList","@id":"https:\/\/dinfante.com\/de\/producto\/suenos-del-sur-oloroso-%c2%b7-3er-flaschen-pack\/#breadcrumb","itemListElement":[{"@type":"ListItem","position":1,"name":"Portada","item":"https:\/\/dinfante.com\/de\/"},{"@type":"ListItem","position":2,"name":"Tienda","item":"https:\/\/dinfante.com\/en\/shop\/"},{"@type":"ListItem","position":3,"name":"Sue\u00f1os del Sur Oloroso \u00b7 3er-Flaschen-Pack"}]},{"@type":"WebSite","@id":"https:\/\/dinfante.com\/de\/#website","url":"https:\/\/dinfante.com\/de\/","name":"Bodegas Infante","description":"Artesanos del Brandy y vinos","publisher":{"@id":"https:\/\/dinfante.com\/de\/#organization"},"potentialAction":[{"@type":"SearchAction","target":{"@type":"EntryPoint","urlTemplate":"https:\/\/dinfante.com\/de\/?s={search_term_string}"},"query-input":{"@type":"PropertyValueSpecification","valueRequired":true,"valueName":"search_term_string"}}],"inLanguage":"de"},{"@type":"Organization","@id":"https:\/\/dinfante.com\/de\/#organization","name":"Bodegas Infante","url":"https:\/\/dinfante.com\/de\/","logo":{"@type":"ImageObject","inLanguage":"de","@id":"https:\/\/dinfante.com\/de\/#\/schema\/logo\/image\/","url":"https:\/\/dinfante.com\/wp-content\/uploads\/2021\/04\/cabecera_tienda.jpg","contentUrl":"https:\/\/dinfante.com\/wp-content\/uploads\/2021\/04\/cabecera_tienda.jpg","width":600,"height":151,"caption":"Bodegas Infante"},"image":{"@id":"https:\/\/dinfante.com\/de\/#\/schema\/logo\/image\/"}}]}},"_links":{"self":[{"href":"https:\/\/dinfante.com\/de\/wp-json\/wp\/v2\/product\/3245","targetHints":{"allow":["GET"]}}],"collection":[{"href":"https:\/\/dinfante.com\/de\/wp-json\/wp\/v2\/product"}],"about":[{"href":"https:\/\/dinfante.com\/de\/wp-json\/wp\/v2\/types\/product"}],"wp:featuredmedia":[{"embeddable":true,"href":"https:\/\/dinfante.com\/de\/wp-json\/wp\/v2\/media\/3246"}],"wp:attachment":[{"href":"https:\/\/dinfante.com\/de\/wp-json\/wp\/v2\/media?parent=3245"}],"wp:term":[{"taxonomy":"product_brand","embeddable":true,"href":"https:\/\/dinfante.com\/de\/wp-json\/wp\/v2\/product_brand?post=3245"},{"taxonomy":"product_cat","embeddable":true,"href":"https:\/\/dinfante.com\/de\/wp-json\/wp\/v2\/product_cat?post=3245"},{"taxonomy":"product_tag","embeddable":true,"href":"https:\/\/dinfante.com\/de\/wp-json\/wp\/v2\/product_tag?post=3245"}],"curies":[{"name":"wp","href":"https:\/\/api.w.org\/{rel}","templated":true}]}}