{"id":3247,"date":"2024-10-02T08:37:29","date_gmt":"2024-10-02T08:37:29","guid":{"rendered":"https:\/\/dinfante.com\/producto\/suenos-del-sur-palo-cortado-%c2%b7-3er-pack-flaschen\/"},"modified":"2025-07-08T17:58:30","modified_gmt":"2025-07-08T17:58:30","slug":"suenos-del-sur-palo-cortado-%c2%b7-3er-pack-flaschen","status":"publish","type":"product","link":"https:\/\/dinfante.com\/de\/producto\/suenos-del-sur-palo-cortado-%c2%b7-3er-pack-flaschen\/","title":{"rendered":"Sue\u00f1os del Sur Palo Cortado \u00b7 3er-Pack Flaschen"},"content":{"rendered":"<p>[vc_row css=&#8220;.vc_custom_1610395611398{padding-top: 5% !important;padding-right: 5% !important;padding-bottom: 5% !important;padding-left: 5% !important;background-color: #106f64 !important;}&#8220;][vc_column][vc_tta_tabs style=&#8220;theme&#8220; alignment=&#8220;center&#8220; active_section=&#8220;1&#8243;][vc_tta_section title=&#8220;HERSTELLUNG&#8220; tab_id=&#8220;elaboraci\u00f3n&#8220;][vc_column_text]Lik\u00f6rwein aus der Rebsorte Palomino, der zwei Weine durchlaufen hat, eine biologische Reifung, gefolgt von einer oxidativen Reifung, was ihn zu einem so besonderen Wein macht.[\/vc_column_text][\/vc_tta_section][vc_tta_section title=&#8220;VERKOSTUNGSNOTIZEN&#8220; tab_id=&#8220;cata&#8220;][vc_column_text]<span style=\"color: #f1cd7f;\"><strong>AUSSEHEN:<\/strong><\/span> Brillanter Wein von hellbrauner Farbe<\/p>\n<p><span style=\"color: #f1cd7f;\"><strong>NASE:<\/strong><\/span> Harmonische Nase, in der sich die typischen Aromen der biologischen Reifung mit den Aromen der oxidativen Reifung vermischen, wobei Zitrusnoten neben Gew\u00fcrz- und Rauchnoten wahrgenommen werden.<\/p>\n<p><span style=\"color: #f1cd7f;\"><strong>MUND:<\/strong><\/span> Volumin\u00f6ser, samtiger und anhaltender Gaumen.[\/vc_column_text][\/vc_tta_section][vc_tta_section title=&#8220;MOMENTE DES GENIESSENS&#8220; tab_id=&#8220;maridaje&#8220;][vc_column_text]<\/p>\n<h3>1. <strong>Um das Unerwartete zu feiern<\/strong><\/h3>\n<p>Diese kleinen \u00dcberraschungen im Alltag? Der Palo Cortado ist perfekt, um auf diese unerwarteten Momente anzusto\u00dfen. Sein Gleichgewicht zwischen biologischer und oxidativer Reifung ist eine Erinnerung daran, dass die besten Dinge passieren, wenn wir sie am wenigsten erwarten. Eine \u00fcberraschende Bef\u00f6rderung? Holen Sie sich ein Glas!    <\/p>\n<h3>2. <strong>Wenn Sie sich kultiviert f\u00fchlen wollen<\/strong><\/h3>\n<p>Der Palo Cortado ist der James Bond unter den Lik\u00f6rweinen. Seine hellbraune Farbe und seine Mischung aus Zitrus-, Gew\u00fcrz- und Raucharomen machen ihn perfekt f\u00fcr die Momente, in denen Sie vor dem Spiegel sitzen und sich sagen: \u201eHeute werde ich die Welt erobern\u201c. Begleiten Sie ihn mit Mandeln und einem guten gereiften K\u00e4se, und Sie sind bereit f\u00fcr einen Filmabend.  <\/p>\n<h3>3. <strong>Um das Eis bei Treffen zu brechen<\/strong><\/h3>\n<p>Sie sind in einem Treffen mit Freunden oder Familie und das Gespr\u00e4ch braucht einen Schub. Zeit f\u00fcr Palo Cortado! Mit seiner Mischung aus kr\u00e4ftigen Aromen und seiner geheimnisvollen Geschichte ist dieser Wein der ideale Eisbrecher. Beginnen Sie eine improvisierte Verkostung, sprechen Sie \u00fcber seine oxidative Reifung und bald werden alle auf die Komplexit\u00e4t des Lebens ansto\u00dfen.   <\/p>\n<h3>4. <strong>Vor einem eleganten Essen<\/strong><\/h3>\n<p>Es ist dieser besondere Anlass, wenn Sie sich die Zeit nehmen, ein Abendessen zuzubereiten, das Instagram w\u00fcrdig ist. Der Palo Cortado ist Ihr idealer Verb\u00fcndeter f\u00fcr den Aperitif. Bevor Ihre G\u00e4ste ein saftiges Fleisch oder ein Wildgericht genie\u00dfen, servieren Sie es mit Oliven oder iberischem Schinken. Ihre G\u00e4ste werden vom ersten Schluck an beeindruckt sein.   <\/p>\n<h3>5. <strong>Wenn Sie eine Pause machen und den Moment genie\u00dfen wollen<\/strong><\/h3>\n<p>Ein langer Arbeitstag und alles, was Sie brauchen, ist ein Moment der Entspannung? Machen Sie eine Pause mit einem Glas Palo Cortado. Sein volumin\u00f6ser und samtiger Gaumen wird Ihnen das Gef\u00fchl geben, in eine warme Umarmung geh\u00fcllt zu sein. Es ist der perfekte Wein, um Sie in diesen Momenten von \u201eIch habe es verdient\u201c zu begleiten.   <\/p>\n<h3>6. <strong>Um die Nacht stilvoll ausklingen zu lassen<\/strong><\/h3>\n<p>Wenn Sie bereits zu Abend gegessen, gelacht und genossen haben, ist der Palo Cortado der perfekte Weg, um den Abend mit einem goldenen Abschluss zu beenden. Mit seiner Persistenz im Mund und seinen Rauchnoten hinterl\u00e4sst er Ihnen ein rundes Finale und ein L\u00e4cheln. Denn es ist immer gut, mit etwas Unvergesslichem zu enden![\/vc_column_text][\/vc_tta_section][\/vc_tta_tabs][\/vc_column][\/vc_row]<\/p>\n","protected":false},"excerpt":{"rendered":"<p>Lik\u00f6rwein aus der Rebsorte Palomino, der zwei Weine durchlaufen hat, eine biologische Reifung, gefolgt von einer oxidativen Reifung, was ihn zu einem so besonderen Wein macht.<\/p>\n","protected":false},"featured_media":3248,"template":"","meta":[],"product_brand":[],"product_cat":[72],"product_tag":[],"class_list":{"0":"post-3247","1":"product","2":"type-product","3":"status-publish","4":"has-post-thumbnail","6":"product_cat-edel","8":"first","9":"instock","10":"taxable","11":"shipping-taxable","12":"purchasable","13":"product-type-simple"},"acf":[],"yoast_head":"<!-- This site is optimized with the Yoast SEO plugin v27.1.1 - https:\/\/yoast.com\/product\/yoast-seo-wordpress\/ -->\n<title>Sue\u00f1os del Sur Palo Cortado \u00b7 3er-Pack Flaschen - Bodegas Infante<\/title>\n<meta name=\"description\" content=\"Hellbrauner Palo Cortado mit Zitrus-, Gew\u00fcrz- und Raucharomen. Volumin\u00f6ser, samtiger und anhaltender Gaumen, einzigartige Reifung.\" \/>\n<meta name=\"robots\" content=\"index, follow, max-snippet:-1, max-image-preview:large, max-video-preview:-1\" \/>\n<link rel=\"canonical\" href=\"https:\/\/dinfante.com\/de\/producto\/suenos-del-sur-palo-cortado-%c2%b7-3er-pack-flaschen\/\" \/>\n<meta property=\"og:locale\" content=\"de_DE\" \/>\n<meta property=\"og:type\" content=\"article\" \/>\n<meta property=\"og:title\" content=\"Sue\u00f1os del Sur Palo Cortado \u00b7 3er-Pack Flaschen - Bodegas Infante\" \/>\n<meta property=\"og:description\" content=\"Hellbrauner Palo Cortado mit Zitrus-, Gew\u00fcrz- und Raucharomen. Volumin\u00f6ser, samtiger und anhaltender Gaumen, einzigartige Reifung.\" \/>\n<meta property=\"og:url\" content=\"https:\/\/dinfante.com\/de\/producto\/suenos-del-sur-palo-cortado-%c2%b7-3er-pack-flaschen\/\" \/>\n<meta property=\"og:site_name\" content=\"Bodegas Infante\" \/>\n<meta property=\"article:modified_time\" content=\"2025-07-08T17:58:30+00:00\" \/>\n<meta property=\"og:image\" content=\"https:\/\/dinfante.com\/wp-content\/uploads\/2024\/10\/prod-suenos-paloo-cortado.png\" \/>\n\t<meta property=\"og:image:width\" content=\"500\" \/>\n\t<meta property=\"og:image:height\" content=\"828\" \/>\n\t<meta property=\"og:image:type\" content=\"image\/png\" \/>\n<meta name=\"twitter:card\" content=\"summary_large_image\" \/>\n<meta name=\"twitter:label1\" content=\"Gesch\u00e4tzte Lesezeit\" \/>\n\t<meta name=\"twitter:data1\" content=\"3\u00a0Minuten\" \/>\n<script type=\"application\/ld+json\" class=\"yoast-schema-graph\">{\"@context\":\"https:\/\/schema.org\",\"@graph\":[{\"@type\":\"WebPage\",\"@id\":\"https:\/\/dinfante.com\/de\/producto\/suenos-del-sur-palo-cortado-%c2%b7-3er-pack-flaschen\/\",\"url\":\"https:\/\/dinfante.com\/de\/producto\/suenos-del-sur-palo-cortado-%c2%b7-3er-pack-flaschen\/\",\"name\":\"Sue\u00f1os del Sur Palo Cortado \u00b7 3er-Pack Flaschen - Bodegas Infante\",\"isPartOf\":{\"@id\":\"https:\/\/dinfante.com\/de\/#website\"},\"primaryImageOfPage\":{\"@id\":\"https:\/\/dinfante.com\/de\/producto\/suenos-del-sur-palo-cortado-%c2%b7-3er-pack-flaschen\/#primaryimage\"},\"image\":{\"@id\":\"https:\/\/dinfante.com\/de\/producto\/suenos-del-sur-palo-cortado-%c2%b7-3er-pack-flaschen\/#primaryimage\"},\"thumbnailUrl\":\"https:\/\/dinfante.com\/wp-content\/uploads\/2024\/10\/prod-suenos-paloo-cortado.png\",\"datePublished\":\"2024-10-02T08:37:29+00:00\",\"dateModified\":\"2025-07-08T17:58:30+00:00\",\"description\":\"Hellbrauner Palo Cortado mit Zitrus-, Gew\u00fcrz- und Raucharomen. Volumin\u00f6ser, samtiger und anhaltender Gaumen, einzigartige Reifung.\",\"breadcrumb\":{\"@id\":\"https:\/\/dinfante.com\/de\/producto\/suenos-del-sur-palo-cortado-%c2%b7-3er-pack-flaschen\/#breadcrumb\"},\"inLanguage\":\"de\",\"potentialAction\":[{\"@type\":\"ReadAction\",\"target\":[\"https:\/\/dinfante.com\/de\/producto\/suenos-del-sur-palo-cortado-%c2%b7-3er-pack-flaschen\/\"]}]},{\"@type\":\"ImageObject\",\"inLanguage\":\"de\",\"@id\":\"https:\/\/dinfante.com\/de\/producto\/suenos-del-sur-palo-cortado-%c2%b7-3er-pack-flaschen\/#primaryimage\",\"url\":\"https:\/\/dinfante.com\/wp-content\/uploads\/2024\/10\/prod-suenos-paloo-cortado.png\",\"contentUrl\":\"https:\/\/dinfante.com\/wp-content\/uploads\/2024\/10\/prod-suenos-paloo-cortado.png\",\"width\":500,\"height\":828,\"caption\":\"botella de 50 cl de Sue\u00f1oos del Sur Palo Cortado\"},{\"@type\":\"BreadcrumbList\",\"@id\":\"https:\/\/dinfante.com\/de\/producto\/suenos-del-sur-palo-cortado-%c2%b7-3er-pack-flaschen\/#breadcrumb\",\"itemListElement\":[{\"@type\":\"ListItem\",\"position\":1,\"name\":\"Portada\",\"item\":\"https:\/\/dinfante.com\/de\/\"},{\"@type\":\"ListItem\",\"position\":2,\"name\":\"Tienda\",\"item\":\"https:\/\/dinfante.com\/en\/shop\/\"},{\"@type\":\"ListItem\",\"position\":3,\"name\":\"Sue\u00f1os del Sur Palo Cortado \u00b7 3er-Pack Flaschen\"}]},{\"@type\":\"WebSite\",\"@id\":\"https:\/\/dinfante.com\/de\/#website\",\"url\":\"https:\/\/dinfante.com\/de\/\",\"name\":\"Bodegas Infante\",\"description\":\"Artesanos del Brandy y vinos\",\"publisher\":{\"@id\":\"https:\/\/dinfante.com\/de\/#organization\"},\"potentialAction\":[{\"@type\":\"SearchAction\",\"target\":{\"@type\":\"EntryPoint\",\"urlTemplate\":\"https:\/\/dinfante.com\/de\/?s={search_term_string}\"},\"query-input\":{\"@type\":\"PropertyValueSpecification\",\"valueRequired\":true,\"valueName\":\"search_term_string\"}}],\"inLanguage\":\"de\"},{\"@type\":\"Organization\",\"@id\":\"https:\/\/dinfante.com\/de\/#organization\",\"name\":\"Bodegas Infante\",\"url\":\"https:\/\/dinfante.com\/de\/\",\"logo\":{\"@type\":\"ImageObject\",\"inLanguage\":\"de\",\"@id\":\"https:\/\/dinfante.com\/de\/#\/schema\/logo\/image\/\",\"url\":\"https:\/\/dinfante.com\/wp-content\/uploads\/2021\/04\/cabecera_tienda.jpg\",\"contentUrl\":\"https:\/\/dinfante.com\/wp-content\/uploads\/2021\/04\/cabecera_tienda.jpg\",\"width\":600,\"height\":151,\"caption\":\"Bodegas Infante\"},\"image\":{\"@id\":\"https:\/\/dinfante.com\/de\/#\/schema\/logo\/image\/\"}}]}<\/script>\n<!-- \/ Yoast SEO plugin. -->","yoast_head_json":{"title":"Sue\u00f1os del Sur Palo Cortado \u00b7 3er-Pack Flaschen - Bodegas Infante","description":"Hellbrauner Palo Cortado mit Zitrus-, Gew\u00fcrz- und Raucharomen. Volumin\u00f6ser, samtiger und anhaltender Gaumen, einzigartige Reifung.","robots":{"index":"index","follow":"follow","max-snippet":"max-snippet:-1","max-image-preview":"max-image-preview:large","max-video-preview":"max-video-preview:-1"},"canonical":"https:\/\/dinfante.com\/de\/producto\/suenos-del-sur-palo-cortado-%c2%b7-3er-pack-flaschen\/","og_locale":"de_DE","og_type":"article","og_title":"Sue\u00f1os del Sur Palo Cortado \u00b7 3er-Pack Flaschen - Bodegas Infante","og_description":"Hellbrauner Palo Cortado mit Zitrus-, Gew\u00fcrz- und Raucharomen. Volumin\u00f6ser, samtiger und anhaltender Gaumen, einzigartige Reifung.","og_url":"https:\/\/dinfante.com\/de\/producto\/suenos-del-sur-palo-cortado-%c2%b7-3er-pack-flaschen\/","og_site_name":"Bodegas Infante","article_modified_time":"2025-07-08T17:58:30+00:00","og_image":[{"width":500,"height":828,"url":"https:\/\/dinfante.com\/wp-content\/uploads\/2024\/10\/prod-suenos-paloo-cortado.png","type":"image\/png"}],"twitter_card":"summary_large_image","twitter_misc":{"Gesch\u00e4tzte Lesezeit":"3\u00a0Minuten"},"schema":{"@context":"https:\/\/schema.org","@graph":[{"@type":"WebPage","@id":"https:\/\/dinfante.com\/de\/producto\/suenos-del-sur-palo-cortado-%c2%b7-3er-pack-flaschen\/","url":"https:\/\/dinfante.com\/de\/producto\/suenos-del-sur-palo-cortado-%c2%b7-3er-pack-flaschen\/","name":"Sue\u00f1os del Sur Palo Cortado \u00b7 3er-Pack Flaschen - Bodegas Infante","isPartOf":{"@id":"https:\/\/dinfante.com\/de\/#website"},"primaryImageOfPage":{"@id":"https:\/\/dinfante.com\/de\/producto\/suenos-del-sur-palo-cortado-%c2%b7-3er-pack-flaschen\/#primaryimage"},"image":{"@id":"https:\/\/dinfante.com\/de\/producto\/suenos-del-sur-palo-cortado-%c2%b7-3er-pack-flaschen\/#primaryimage"},"thumbnailUrl":"https:\/\/dinfante.com\/wp-content\/uploads\/2024\/10\/prod-suenos-paloo-cortado.png","datePublished":"2024-10-02T08:37:29+00:00","dateModified":"2025-07-08T17:58:30+00:00","description":"Hellbrauner Palo Cortado mit Zitrus-, Gew\u00fcrz- und Raucharomen. Volumin\u00f6ser, samtiger und anhaltender Gaumen, einzigartige Reifung.","breadcrumb":{"@id":"https:\/\/dinfante.com\/de\/producto\/suenos-del-sur-palo-cortado-%c2%b7-3er-pack-flaschen\/#breadcrumb"},"inLanguage":"de","potentialAction":[{"@type":"ReadAction","target":["https:\/\/dinfante.com\/de\/producto\/suenos-del-sur-palo-cortado-%c2%b7-3er-pack-flaschen\/"]}]},{"@type":"ImageObject","inLanguage":"de","@id":"https:\/\/dinfante.com\/de\/producto\/suenos-del-sur-palo-cortado-%c2%b7-3er-pack-flaschen\/#primaryimage","url":"https:\/\/dinfante.com\/wp-content\/uploads\/2024\/10\/prod-suenos-paloo-cortado.png","contentUrl":"https:\/\/dinfante.com\/wp-content\/uploads\/2024\/10\/prod-suenos-paloo-cortado.png","width":500,"height":828,"caption":"botella de 50 cl de Sue\u00f1oos del Sur Palo Cortado"},{"@type":"BreadcrumbList","@id":"https:\/\/dinfante.com\/de\/producto\/suenos-del-sur-palo-cortado-%c2%b7-3er-pack-flaschen\/#breadcrumb","itemListElement":[{"@type":"ListItem","position":1,"name":"Portada","item":"https:\/\/dinfante.com\/de\/"},{"@type":"ListItem","position":2,"name":"Tienda","item":"https:\/\/dinfante.com\/en\/shop\/"},{"@type":"ListItem","position":3,"name":"Sue\u00f1os del Sur Palo Cortado \u00b7 3er-Pack Flaschen"}]},{"@type":"WebSite","@id":"https:\/\/dinfante.com\/de\/#website","url":"https:\/\/dinfante.com\/de\/","name":"Bodegas Infante","description":"Artesanos del Brandy y vinos","publisher":{"@id":"https:\/\/dinfante.com\/de\/#organization"},"potentialAction":[{"@type":"SearchAction","target":{"@type":"EntryPoint","urlTemplate":"https:\/\/dinfante.com\/de\/?s={search_term_string}"},"query-input":{"@type":"PropertyValueSpecification","valueRequired":true,"valueName":"search_term_string"}}],"inLanguage":"de"},{"@type":"Organization","@id":"https:\/\/dinfante.com\/de\/#organization","name":"Bodegas Infante","url":"https:\/\/dinfante.com\/de\/","logo":{"@type":"ImageObject","inLanguage":"de","@id":"https:\/\/dinfante.com\/de\/#\/schema\/logo\/image\/","url":"https:\/\/dinfante.com\/wp-content\/uploads\/2021\/04\/cabecera_tienda.jpg","contentUrl":"https:\/\/dinfante.com\/wp-content\/uploads\/2021\/04\/cabecera_tienda.jpg","width":600,"height":151,"caption":"Bodegas Infante"},"image":{"@id":"https:\/\/dinfante.com\/de\/#\/schema\/logo\/image\/"}}]}},"_links":{"self":[{"href":"https:\/\/dinfante.com\/de\/wp-json\/wp\/v2\/product\/3247","targetHints":{"allow":["GET"]}}],"collection":[{"href":"https:\/\/dinfante.com\/de\/wp-json\/wp\/v2\/product"}],"about":[{"href":"https:\/\/dinfante.com\/de\/wp-json\/wp\/v2\/types\/product"}],"wp:featuredmedia":[{"embeddable":true,"href":"https:\/\/dinfante.com\/de\/wp-json\/wp\/v2\/media\/3248"}],"wp:attachment":[{"href":"https:\/\/dinfante.com\/de\/wp-json\/wp\/v2\/media?parent=3247"}],"wp:term":[{"taxonomy":"product_brand","embeddable":true,"href":"https:\/\/dinfante.com\/de\/wp-json\/wp\/v2\/product_brand?post=3247"},{"taxonomy":"product_cat","embeddable":true,"href":"https:\/\/dinfante.com\/de\/wp-json\/wp\/v2\/product_cat?post=3247"},{"taxonomy":"product_tag","embeddable":true,"href":"https:\/\/dinfante.com\/de\/wp-json\/wp\/v2\/product_tag?post=3247"}],"curies":[{"name":"wp","href":"https:\/\/api.w.org\/{rel}","templated":true}]}}