{"id":3255,"date":"2024-10-02T08:56:50","date_gmt":"2024-10-02T08:56:50","guid":{"rendered":"https:\/\/dinfante.com\/producto\/suenos-del-sur-cream-%c2%b7-3er-pack-flaschen\/"},"modified":"2025-07-08T17:58:55","modified_gmt":"2025-07-08T17:58:55","slug":"suenos-del-sur-cream-%c2%b7-3er-pack-flaschen","status":"publish","type":"product","link":"https:\/\/dinfante.com\/de\/producto\/suenos-del-sur-cream-%c2%b7-3er-pack-flaschen\/","title":{"rendered":"Sue\u00f1os del Sur Cream \u00b7 3er-Pack Flaschen"},"content":{"rendered":"<p>[vc_row css=&#8220;.vc_custom_1610395611398{padding-top: 5% !important;padding-right: 5% !important;padding-bottom: 5% !important;padding-left: 5% !important;background-color: #106f64 !important;}&#8220;][vc_column][vc_tta_tabs style=&#8220;theme&#8220; alignment=&#8220;center&#8220; active_section=&#8220;1&#8243;][vc_tta_section title=&#8220;HERSTELLUNG&#8220; tab_id=&#8220;elaboraci\u00f3n&#8220;][vc_column_text]Hergestellt aus Trauben der Sorte Palomino mit oxidativem Ausbau, der f\u00fcr die harmonischen und eleganten Noten von ger\u00f6steten N\u00fcssen verantwortlich ist.[\/vc_column_text][\/vc_tta_section][vc_tta_section title=&#8220;VERKOSTUNGSNOTIZEN&#8220; tab_id=&#8220;cata&#8220;][vc_column_text]<span style=\"color: #f1cd7f;\"><strong>AUSSEHEN:<\/strong><\/span> Dunkelbrauner Wein mit Mahagoni-Reflexen.<\/p>\n<p><span style=\"color: #f1cd7f;\"><strong>NASE:<\/strong><\/span> Elegante Nase, es werden s\u00fc\u00dfe Aromen wie Feigen, Aprikosen und reife Pflaumen wahrgenommen, sowie Noten von Bitterorange, vermischt mit Aromen von ger\u00f6steten N\u00fcssen.<\/p>\n<p><span style=\"color: #f1cd7f;\"><strong>MUND:<\/strong><\/span> Am Gaumen ist er seidig und samtig, ausgewogene und strukturierte S\u00fc\u00dfe, mit einem Abgang, der an die s\u00fc\u00dfen Aromen und die N\u00fcsse erinnert.[\/vc_column_text][\/vc_tta_section][vc_tta_section title=&#8220;MOMENTE DES GENIESSENS&#8220; tab_id=&#8220;maridaje&#8220;][vc_column_text]<\/p>\n<h3>1. <strong>Lange und angenehme Nachspeisen<\/strong><\/h3>\n<p>Der Cream ist der ideale Wein, um diese Nachspeisen mit Freunden oder der Familie zu verl\u00e4ngern. Seine S\u00fc\u00dfe und seine Noten von ger\u00f6steten N\u00fcssen erg\u00e4nzen perfekt Desserts oder begleiten einfach das Gespr\u00e4ch. Kombinieren Sie ihn mit traditionellen S\u00fc\u00dfigkeiten, Obstkuchen oder dunkler Schokolade.  <\/p>\n<h3>2. <strong>Entspannte Nachmittage<\/strong><\/h3>\n<p>Ein guter Cream ist perfekt f\u00fcr einen ruhigen Nachmittag, wenn Sie einfach nur abschalten m\u00f6chten. Schenken Sie sich ein Glas ein, setzen Sie sich in Ihren Lieblingssessel und lassen Sie sich von seinen eleganten und harmonischen Noten einh\u00fcllen. Ideal, um ein Buch zu begleiten oder Musik zu h\u00f6ren.  <\/p>\n<h3>3. <strong>S\u00fc\u00dfe Aperitifs<\/strong><\/h3>\n<p>Suchen Sie etwas anderes vor dem Essen? Der Cream funktioniert \u00fcberraschend gut als Aperitif, besonders wenn Sie ihn mit ger\u00f6steten N\u00fcssen oder mildem K\u00e4se begleiten. Seine ausgewogene S\u00fc\u00dfe regt den Appetit an, ohne die Aromen zu \u00fcberladen.  <\/p>\n<h3>4. <strong>Um kleine Erfolge zu feiern<\/strong><\/h3>\n<p>Es braucht nicht immer einen riesigen Anlass, um anzusto\u00dfen. Haben Sie das Projekt abgeschlossen, das Sie noch offen hatten? Haben Sie eine pers\u00f6nliche Herausforderung gemeistert? Ein Glas Cream ist perfekt f\u00fcr diese kleinen Momente des Triumphs.   <\/p>\n<h3>5. <strong>Intime und besondere Abendessen<\/strong><\/h3>\n<p>Wenn Sie ein besonderes Abendessen mit jemandem Wichtigem haben, kann der Cream die ideale Wahl sein, um milde Gerichte zu begleiten oder den Abend mit einer s\u00fc\u00dfen Note ausklingen zu lassen. Es ist der perfekte Abschluss f\u00fcr ein romantisches Abendessen oder einen intimen Anlass. <\/p>\n<h3>6. <strong>Treffen mit Freunden<\/strong><\/h3>\n<p>Bei einem informelleren Treffen ist der Cream eine ausgezeichnete Option, um etwas anderes anzubieten. \u00dcberraschen Sie Ihre Freunde mit seiner S\u00fc\u00dfe und Eleganz, indem Sie ihn mit Geb\u00e4ck oder sogar mit N\u00fcssen servieren. <\/p>\n<h3>7. <strong>Begleitung von frischem oder getrocknetem Obst<\/strong><\/h3>\n<p>Der Cream passt besonders gut zu Fr\u00fcchten wie Feigen, Datteln oder Birnen. Wenn Sie etwas Leichtes, aber K\u00f6stliches m\u00f6chten, probieren Sie, ihn mit einer Auswahl an frischen oder getrockneten Fr\u00fcchten zu kombinieren.[\/vc_column_text][\/vc_tta_section][\/vc_tta_tabs][\/vc_column][\/vc_row]<\/p>\n","protected":false},"excerpt":{"rendered":"<p>Hergestellt aus Trauben der Sorte Palomino mit oxidativem Ausbau, der f\u00fcr die harmonischen und eleganten Noten von ger\u00f6steten N\u00fcssen verantwortlich ist.<\/p>\n","protected":false},"featured_media":3256,"template":"","meta":[],"product_brand":[],"product_cat":[72],"product_tag":[],"class_list":{"0":"post-3255","1":"product","2":"type-product","3":"status-publish","4":"has-post-thumbnail","6":"product_cat-edel","8":"first","9":"instock","10":"taxable","11":"shipping-taxable","12":"purchasable","13":"product-type-simple"},"acf":[],"yoast_head":"<!-- This site is optimized with the Yoast SEO plugin v27.1.1 - https:\/\/yoast.com\/product\/yoast-seo-wordpress\/ -->\n<title>Sue\u00f1os del Sur Cream \u00b7 3er-Pack Flaschen - Bodegas Infante<\/title>\n<meta name=\"description\" content=\"Cremiger, edler Palomino-Wein mit oxidativem Ausbau. Noten von ger\u00f6steten N\u00fcssen, elegant und harmonisch. Ideal zum Genie\u00dfen nach dem Essen.\" \/>\n<meta name=\"robots\" content=\"index, follow, max-snippet:-1, max-image-preview:large, max-video-preview:-1\" \/>\n<link rel=\"canonical\" href=\"https:\/\/dinfante.com\/de\/producto\/suenos-del-sur-cream-%c2%b7-3er-pack-flaschen\/\" \/>\n<meta property=\"og:locale\" content=\"de_DE\" \/>\n<meta property=\"og:type\" content=\"article\" \/>\n<meta property=\"og:title\" content=\"Sue\u00f1os del Sur Cream \u00b7 3er-Pack Flaschen - Bodegas Infante\" \/>\n<meta property=\"og:description\" content=\"Cremiger, edler Palomino-Wein mit oxidativem Ausbau. Noten von ger\u00f6steten N\u00fcssen, elegant und harmonisch. Ideal zum Genie\u00dfen nach dem Essen.\" \/>\n<meta property=\"og:url\" content=\"https:\/\/dinfante.com\/de\/producto\/suenos-del-sur-cream-%c2%b7-3er-pack-flaschen\/\" \/>\n<meta property=\"og:site_name\" content=\"Bodegas Infante\" \/>\n<meta property=\"article:modified_time\" content=\"2025-07-08T17:58:55+00:00\" \/>\n<meta property=\"og:image\" content=\"https:\/\/dinfante.com\/wp-content\/uploads\/2024\/10\/prod-suenos-cream.png\" \/>\n\t<meta property=\"og:image:width\" content=\"500\" \/>\n\t<meta property=\"og:image:height\" content=\"828\" \/>\n\t<meta property=\"og:image:type\" content=\"image\/png\" \/>\n<meta name=\"twitter:card\" content=\"summary_large_image\" \/>\n<meta name=\"twitter:label1\" content=\"Gesch\u00e4tzte Lesezeit\" \/>\n\t<meta name=\"twitter:data1\" content=\"2\u00a0Minuten\" \/>\n<script type=\"application\/ld+json\" class=\"yoast-schema-graph\">{\"@context\":\"https:\/\/schema.org\",\"@graph\":[{\"@type\":\"WebPage\",\"@id\":\"https:\/\/dinfante.com\/de\/producto\/suenos-del-sur-cream-%c2%b7-3er-pack-flaschen\/\",\"url\":\"https:\/\/dinfante.com\/de\/producto\/suenos-del-sur-cream-%c2%b7-3er-pack-flaschen\/\",\"name\":\"Sue\u00f1os del Sur Cream \u00b7 3er-Pack Flaschen - Bodegas Infante\",\"isPartOf\":{\"@id\":\"https:\/\/dinfante.com\/de\/#website\"},\"primaryImageOfPage\":{\"@id\":\"https:\/\/dinfante.com\/de\/producto\/suenos-del-sur-cream-%c2%b7-3er-pack-flaschen\/#primaryimage\"},\"image\":{\"@id\":\"https:\/\/dinfante.com\/de\/producto\/suenos-del-sur-cream-%c2%b7-3er-pack-flaschen\/#primaryimage\"},\"thumbnailUrl\":\"https:\/\/dinfante.com\/wp-content\/uploads\/2024\/10\/prod-suenos-cream.png\",\"datePublished\":\"2024-10-02T08:56:50+00:00\",\"dateModified\":\"2025-07-08T17:58:55+00:00\",\"description\":\"Cremiger, edler Palomino-Wein mit oxidativem Ausbau. Noten von ger\u00f6steten N\u00fcssen, elegant und harmonisch. Ideal zum Genie\u00dfen nach dem Essen.\",\"breadcrumb\":{\"@id\":\"https:\/\/dinfante.com\/de\/producto\/suenos-del-sur-cream-%c2%b7-3er-pack-flaschen\/#breadcrumb\"},\"inLanguage\":\"de\",\"potentialAction\":[{\"@type\":\"ReadAction\",\"target\":[\"https:\/\/dinfante.com\/de\/producto\/suenos-del-sur-cream-%c2%b7-3er-pack-flaschen\/\"]}]},{\"@type\":\"ImageObject\",\"inLanguage\":\"de\",\"@id\":\"https:\/\/dinfante.com\/de\/producto\/suenos-del-sur-cream-%c2%b7-3er-pack-flaschen\/#primaryimage\",\"url\":\"https:\/\/dinfante.com\/wp-content\/uploads\/2024\/10\/prod-suenos-cream.png\",\"contentUrl\":\"https:\/\/dinfante.com\/wp-content\/uploads\/2024\/10\/prod-suenos-cream.png\",\"width\":500,\"height\":828,\"caption\":\"Botella de 50 cl de Vino Generoso Sue\u00f1os del Sur Cream\"},{\"@type\":\"BreadcrumbList\",\"@id\":\"https:\/\/dinfante.com\/de\/producto\/suenos-del-sur-cream-%c2%b7-3er-pack-flaschen\/#breadcrumb\",\"itemListElement\":[{\"@type\":\"ListItem\",\"position\":1,\"name\":\"Portada\",\"item\":\"https:\/\/dinfante.com\/de\/\"},{\"@type\":\"ListItem\",\"position\":2,\"name\":\"Tienda\",\"item\":\"https:\/\/dinfante.com\/en\/shop\/\"},{\"@type\":\"ListItem\",\"position\":3,\"name\":\"Sue\u00f1os del Sur Cream \u00b7 3er-Pack Flaschen\"}]},{\"@type\":\"WebSite\",\"@id\":\"https:\/\/dinfante.com\/de\/#website\",\"url\":\"https:\/\/dinfante.com\/de\/\",\"name\":\"Bodegas Infante\",\"description\":\"Artesanos del Brandy y vinos\",\"publisher\":{\"@id\":\"https:\/\/dinfante.com\/de\/#organization\"},\"potentialAction\":[{\"@type\":\"SearchAction\",\"target\":{\"@type\":\"EntryPoint\",\"urlTemplate\":\"https:\/\/dinfante.com\/de\/?s={search_term_string}\"},\"query-input\":{\"@type\":\"PropertyValueSpecification\",\"valueRequired\":true,\"valueName\":\"search_term_string\"}}],\"inLanguage\":\"de\"},{\"@type\":\"Organization\",\"@id\":\"https:\/\/dinfante.com\/de\/#organization\",\"name\":\"Bodegas Infante\",\"url\":\"https:\/\/dinfante.com\/de\/\",\"logo\":{\"@type\":\"ImageObject\",\"inLanguage\":\"de\",\"@id\":\"https:\/\/dinfante.com\/de\/#\/schema\/logo\/image\/\",\"url\":\"https:\/\/dinfante.com\/wp-content\/uploads\/2021\/04\/cabecera_tienda.jpg\",\"contentUrl\":\"https:\/\/dinfante.com\/wp-content\/uploads\/2021\/04\/cabecera_tienda.jpg\",\"width\":600,\"height\":151,\"caption\":\"Bodegas Infante\"},\"image\":{\"@id\":\"https:\/\/dinfante.com\/de\/#\/schema\/logo\/image\/\"}}]}<\/script>\n<!-- \/ Yoast SEO plugin. -->","yoast_head_json":{"title":"Sue\u00f1os del Sur Cream \u00b7 3er-Pack Flaschen - Bodegas Infante","description":"Cremiger, edler Palomino-Wein mit oxidativem Ausbau. Noten von ger\u00f6steten N\u00fcssen, elegant und harmonisch. Ideal zum Genie\u00dfen nach dem Essen.","robots":{"index":"index","follow":"follow","max-snippet":"max-snippet:-1","max-image-preview":"max-image-preview:large","max-video-preview":"max-video-preview:-1"},"canonical":"https:\/\/dinfante.com\/de\/producto\/suenos-del-sur-cream-%c2%b7-3er-pack-flaschen\/","og_locale":"de_DE","og_type":"article","og_title":"Sue\u00f1os del Sur Cream \u00b7 3er-Pack Flaschen - Bodegas Infante","og_description":"Cremiger, edler Palomino-Wein mit oxidativem Ausbau. Noten von ger\u00f6steten N\u00fcssen, elegant und harmonisch. Ideal zum Genie\u00dfen nach dem Essen.","og_url":"https:\/\/dinfante.com\/de\/producto\/suenos-del-sur-cream-%c2%b7-3er-pack-flaschen\/","og_site_name":"Bodegas Infante","article_modified_time":"2025-07-08T17:58:55+00:00","og_image":[{"width":500,"height":828,"url":"https:\/\/dinfante.com\/wp-content\/uploads\/2024\/10\/prod-suenos-cream.png","type":"image\/png"}],"twitter_card":"summary_large_image","twitter_misc":{"Gesch\u00e4tzte Lesezeit":"2\u00a0Minuten"},"schema":{"@context":"https:\/\/schema.org","@graph":[{"@type":"WebPage","@id":"https:\/\/dinfante.com\/de\/producto\/suenos-del-sur-cream-%c2%b7-3er-pack-flaschen\/","url":"https:\/\/dinfante.com\/de\/producto\/suenos-del-sur-cream-%c2%b7-3er-pack-flaschen\/","name":"Sue\u00f1os del Sur Cream \u00b7 3er-Pack Flaschen - Bodegas Infante","isPartOf":{"@id":"https:\/\/dinfante.com\/de\/#website"},"primaryImageOfPage":{"@id":"https:\/\/dinfante.com\/de\/producto\/suenos-del-sur-cream-%c2%b7-3er-pack-flaschen\/#primaryimage"},"image":{"@id":"https:\/\/dinfante.com\/de\/producto\/suenos-del-sur-cream-%c2%b7-3er-pack-flaschen\/#primaryimage"},"thumbnailUrl":"https:\/\/dinfante.com\/wp-content\/uploads\/2024\/10\/prod-suenos-cream.png","datePublished":"2024-10-02T08:56:50+00:00","dateModified":"2025-07-08T17:58:55+00:00","description":"Cremiger, edler Palomino-Wein mit oxidativem Ausbau. Noten von ger\u00f6steten N\u00fcssen, elegant und harmonisch. Ideal zum Genie\u00dfen nach dem Essen.","breadcrumb":{"@id":"https:\/\/dinfante.com\/de\/producto\/suenos-del-sur-cream-%c2%b7-3er-pack-flaschen\/#breadcrumb"},"inLanguage":"de","potentialAction":[{"@type":"ReadAction","target":["https:\/\/dinfante.com\/de\/producto\/suenos-del-sur-cream-%c2%b7-3er-pack-flaschen\/"]}]},{"@type":"ImageObject","inLanguage":"de","@id":"https:\/\/dinfante.com\/de\/producto\/suenos-del-sur-cream-%c2%b7-3er-pack-flaschen\/#primaryimage","url":"https:\/\/dinfante.com\/wp-content\/uploads\/2024\/10\/prod-suenos-cream.png","contentUrl":"https:\/\/dinfante.com\/wp-content\/uploads\/2024\/10\/prod-suenos-cream.png","width":500,"height":828,"caption":"Botella de 50 cl de Vino Generoso Sue\u00f1os del Sur Cream"},{"@type":"BreadcrumbList","@id":"https:\/\/dinfante.com\/de\/producto\/suenos-del-sur-cream-%c2%b7-3er-pack-flaschen\/#breadcrumb","itemListElement":[{"@type":"ListItem","position":1,"name":"Portada","item":"https:\/\/dinfante.com\/de\/"},{"@type":"ListItem","position":2,"name":"Tienda","item":"https:\/\/dinfante.com\/en\/shop\/"},{"@type":"ListItem","position":3,"name":"Sue\u00f1os del Sur Cream \u00b7 3er-Pack Flaschen"}]},{"@type":"WebSite","@id":"https:\/\/dinfante.com\/de\/#website","url":"https:\/\/dinfante.com\/de\/","name":"Bodegas Infante","description":"Artesanos del Brandy y vinos","publisher":{"@id":"https:\/\/dinfante.com\/de\/#organization"},"potentialAction":[{"@type":"SearchAction","target":{"@type":"EntryPoint","urlTemplate":"https:\/\/dinfante.com\/de\/?s={search_term_string}"},"query-input":{"@type":"PropertyValueSpecification","valueRequired":true,"valueName":"search_term_string"}}],"inLanguage":"de"},{"@type":"Organization","@id":"https:\/\/dinfante.com\/de\/#organization","name":"Bodegas Infante","url":"https:\/\/dinfante.com\/de\/","logo":{"@type":"ImageObject","inLanguage":"de","@id":"https:\/\/dinfante.com\/de\/#\/schema\/logo\/image\/","url":"https:\/\/dinfante.com\/wp-content\/uploads\/2021\/04\/cabecera_tienda.jpg","contentUrl":"https:\/\/dinfante.com\/wp-content\/uploads\/2021\/04\/cabecera_tienda.jpg","width":600,"height":151,"caption":"Bodegas Infante"},"image":{"@id":"https:\/\/dinfante.com\/de\/#\/schema\/logo\/image\/"}}]}},"_links":{"self":[{"href":"https:\/\/dinfante.com\/de\/wp-json\/wp\/v2\/product\/3255","targetHints":{"allow":["GET"]}}],"collection":[{"href":"https:\/\/dinfante.com\/de\/wp-json\/wp\/v2\/product"}],"about":[{"href":"https:\/\/dinfante.com\/de\/wp-json\/wp\/v2\/types\/product"}],"wp:featuredmedia":[{"embeddable":true,"href":"https:\/\/dinfante.com\/de\/wp-json\/wp\/v2\/media\/3256"}],"wp:attachment":[{"href":"https:\/\/dinfante.com\/de\/wp-json\/wp\/v2\/media?parent=3255"}],"wp:term":[{"taxonomy":"product_brand","embeddable":true,"href":"https:\/\/dinfante.com\/de\/wp-json\/wp\/v2\/product_brand?post=3255"},{"taxonomy":"product_cat","embeddable":true,"href":"https:\/\/dinfante.com\/de\/wp-json\/wp\/v2\/product_cat?post=3255"},{"taxonomy":"product_tag","embeddable":true,"href":"https:\/\/dinfante.com\/de\/wp-json\/wp\/v2\/product_tag?post=3255"}],"curies":[{"name":"wp","href":"https:\/\/api.w.org\/{rel}","templated":true}]}}