{"id":3260,"date":"2021-01-18T09:26:39","date_gmt":"2021-01-18T09:26:39","guid":{"rendered":"https:\/\/dinfante.com\/producto\/flor-de-kaldeva-%c2%b7-jahrgang-2023-%c2%b7-packung-mit-3-flaschen\/"},"modified":"2026-01-26T08:46:54","modified_gmt":"2026-01-26T08:46:54","slug":"flor-de-kaldeva-%c2%b7-jahrgang-2023-%c2%b7-packung-mit-3-flaschen","status":"publish","type":"product","link":"https:\/\/dinfante.com\/de\/producto\/flor-de-kaldeva-%c2%b7-jahrgang-2023-%c2%b7-packung-mit-3-flaschen\/","title":{"rendered":"FLOR DE KALDEVA <br> \u00b7 Jahrgang 2023 \u00b7 <br> Packung mit <br> 3 Flaschen"},"content":{"rendered":"<p>[vc_row css=&#8220;.vc_custom_1610395611398{padding-top: 5% !important;padding-right: 5% !important;padding-bottom: 5% !important;padding-left: 5% !important;background-color: #106f64 !important;}&#8220;][vc_column][vc_tta_tabs style=&#8220;theme&#8220; alignment=&#8220;center&#8220; active_section=&#8220;1&#8243;][vc_tta_section title=&#8220;VERKOSTUNGSNOTIZEN&#8220; tab_id=&#8220;cata&#8220;][vc_column_text]<span style=\"color: #f1cd7f;\"><strong>AUSSEHEN:<\/strong><\/span> Er pr\u00e4sentiert eine brillante, saubere Farbe.<\/p>\n<p><span style=\"color: #f1cd7f;\"><strong>NASE:<\/strong><\/span> In der Nase stechen die Aromen von Zitrusfr\u00fcchten und wei\u00dfen Bl\u00fcten hervor.<\/p>\n<p><span style=\"color: #f1cd7f;\"><strong>MUND:<\/strong><\/span> Es ist ein leicht zu trinkender, eleganter Wein mit s\u00fc\u00dfen Noten, der durch seinen weichen Abgang \u00fcberrascht.[\/vc_column_text][\/vc_tta_section][vc_tta_section title=&#8220;HERSTELLUNG&#8220; tab_id=&#8220;elaboraci\u00f3n&#8220;][vc_column_text]Die Colombard-Traube wird geerntet, wenn sie einen Alkoholgehalt von etwa 12 Grad hat. Sie wird in Edelstahl vergoren, bis die alkoholische G\u00e4rung abgeschlossen ist, anschlie\u00dfend reift sie 3 Monate lang auf Feinhefe unter K\u00e4ltekontrolle, wodurch ein sanfter und eleganter halbs\u00fc\u00dfer Wein entsteht.[\/vc_column_text][\/vc_tta_section][vc_tta_section title=&#8220;GENUSSMOMENTE&#8220; tab_id=&#8220;maridaje&#8220;][vc_column_text]<\/p>\n<h3>1. <strong>Fr\u00fchlingshafter Toast<\/strong><\/h3>\n<p>Mit seinen Aromen von Zitrusfr\u00fcchten und wei\u00dfen Bl\u00fcten ist dieser halbs\u00fc\u00dfe Wein perfekt f\u00fcr einen Fr\u00fchlingsnachmittag. Stellen Sie sich vor, Sie sind im Freien, genie\u00dfen die sanfte Brise und sto\u00dfen mit Freunden auf einer Terrasse oder bei einem Picknick an. Seine Frische und leichte S\u00fc\u00dfe machen ihn zum idealen Begleiter f\u00fcr entspannte und sonnige Nachmittage.  <\/p>\n<h3>2. <strong>Perfekt f\u00fcr einen Filmnachmittag<\/strong><\/h3>\n<p>Planen Sie Sofa, Decke und Film? Dieser Wein ist Ihr bester Begleiter f\u00fcr diese Nachmittage mit Serienmarathons oder romantischen Filmen. Sein weicher und s\u00fc\u00dfer Abgang macht ihn zu einer leicht zu trinkenden Option, w\u00e4hrend Sie zu Hause entspannen.  <\/p>\n<h3>3. <strong>Begleitung zu einem leichten Abendessen<\/strong><\/h3>\n<p>Es ist ein Wein, der nicht erdr\u00fcckt, daher ist er perfekt f\u00fcr leichte Abendessen wie frische Salate, milden Fisch oder sogar Sushi. Sein eleganter Charakter unterstreicht die Aromen, ohne sie zu dominieren, und verwandelt eine einfache Mahlzeit in ein k\u00f6stliches Erlebnis. <\/p>\n<h3>4. <strong>F\u00fcr ein ruhiges Gespr\u00e4ch mit Freunden<\/strong><\/h3>\n<p>Es ist der ideale Wein f\u00fcr lange und angenehme Gespr\u00e4che mit Freunden, bei denen die Zeit wie im Flug vergeht. Seine Weichheit am Gaumen und seine erfrischenden Zitrusnoten passen perfekt zu entspannten Gespr\u00e4chen. Da er eine s\u00fc\u00dfe Note hat, ist er perfekt f\u00fcr diejenigen, die mildere Weine bevorzugen.  <\/p>\n<h3>5. <strong>F\u00fcr diese Momente, in denen man sich etwas g\u00f6nnen m\u00f6chte \u201eIch habe es verdient\u201c<\/strong><\/h3>\n<p>Nach einem langen Tag ist dieser Wein perfekt f\u00fcr die Momente, in denen Sie sich einfach nur hinsetzen und etwas Angenehmes und Leichtes trinken m\u00f6chten. Mit seinem weichen Abgang und seinen eleganten Noten erinnert er Sie daran, dass es immer ein guter Zeitpunkt f\u00fcr ein kleines Vergn\u00fcgen ist. <\/p>\n<h3>6. <strong>Auf einer Nachmittagsparty<\/strong><\/h3>\n<p>Es ist der perfekte Wein f\u00fcr ein gesellschaftliches Ereignis, bei dem die Atmosph\u00e4re fr\u00f6hlich und leicht ist, wie eine Nachmittagsparty oder eine Feier im Freien. Sein zug\u00e4nglicher Charakter und seine Frische sorgen daf\u00fcr, dass ihn jeder genie\u00dft, unabh\u00e4ngig von seinem Wissen \u00fcber Weine.[\/vc_column_text][\/vc_tta_section][\/vc_tta_tabs][\/vc_column][\/vc_row][vc_row full_width=&#8220;stretch_row_content&#8220; css=&#8220;.vc_custom_1611343624005{padding-right: 15px !important;padding-left: 15px !important;}&#8220;][vc_column]\n\t<div class=\" img_shop_productos\">\n\t<div class=\"gg_images_slider\">\n\t<div  data-slick='{  \"slidesToShow\": 3,  \"arrows\": false,  \"dots\": true,  \"autoplay\": true,  \"infinite\": true,  \"slidesToScroll\": 1,  \"responsive\": [{\"breakpoint\": 1024, \"settings\": {\"slidesToShow\": 3, \"slidesToScroll\": 1}}, {\"breakpoint\": 600, \"settings\": {\"slidesToShow\": 2, \"slidesToScroll\": 1}}, {\"breakpoint\": 480, \"settings\": {\"slidesToShow\": 1, \"slidesToScroll\": 1}}]  }'  class=\"el-grid no_magnific products row gg-slick-carousel \" data-layout-mode=\"fitRows\" data-pagination=\"\"><div class=\"3\"><img loading=\"lazy\" decoding=\"async\" width=\"1024\" height=\"768\" src=\"https:\/\/dinfante.com\/wp-content\/uploads\/2021\/01\/vino_albaleia_02.jpg\" class=\"attachment-full\" alt=\"Vino de Huelva, Fotograf\u00eda de producto, gemabur fotograf\u00eda\" title=\"vino_albaleia_02\" srcset=\"https:\/\/dinfante.com\/wp-content\/uploads\/2021\/01\/vino_albaleia_02.jpg 1024w, https:\/\/dinfante.com\/wp-content\/uploads\/2021\/01\/vino_albaleia_02-300x225.jpg 300w, https:\/\/dinfante.com\/wp-content\/uploads\/2021\/01\/vino_albaleia_02-768x576.jpg 768w\" sizes=\"auto, (max-width: 1024px) 100vw, 1024px\" \/><\/div><div class=\"3\"><img loading=\"lazy\" decoding=\"async\" width=\"1024\" height=\"768\" src=\"https:\/\/dinfante.com\/wp-content\/uploads\/2021\/01\/vino_albaleia_03.jpg\" class=\"attachment-full\" alt=\"Vino de Huelva, Fotograf\u00eda de producto, gemabur fotograf\u00eda\" title=\"vino_albaleia_03\" srcset=\"https:\/\/dinfante.com\/wp-content\/uploads\/2021\/01\/vino_albaleia_03.jpg 1024w, https:\/\/dinfante.com\/wp-content\/uploads\/2021\/01\/vino_albaleia_03-300x225.jpg 300w, https:\/\/dinfante.com\/wp-content\/uploads\/2021\/01\/vino_albaleia_03-768x576.jpg 768w\" sizes=\"auto, (max-width: 1024px) 100vw, 1024px\" \/><\/div><div class=\"3\"><img loading=\"lazy\" decoding=\"async\" width=\"1024\" height=\"768\" src=\"https:\/\/dinfante.com\/wp-content\/uploads\/2021\/01\/vino_albaleia_01.jpg\" class=\"attachment-full\" alt=\"Cino Colombar, Vino de Huelva, Gemabur Fotograf\u00eda\" title=\"vino_albaleia_01\" srcset=\"https:\/\/dinfante.com\/wp-content\/uploads\/2021\/01\/vino_albaleia_01.jpg 1024w, https:\/\/dinfante.com\/wp-content\/uploads\/2021\/01\/vino_albaleia_01-300x225.jpg 300w, https:\/\/dinfante.com\/wp-content\/uploads\/2021\/01\/vino_albaleia_01-768x576.jpg 768w\" sizes=\"auto, (max-width: 1024px) 100vw, 1024px\" \/><\/div>\n\t<\/div>\n\t<\/div>\n\t<\/div>[\/vc_column][\/vc_row]<\/p>\n","protected":false},"excerpt":{"rendered":"<p>Sanfter und eleganter halbs\u00fc\u00dfer Wei\u00dfwein, hergestellt im Herzen des Nationalparks Do\u00f1ana.<\/p>\n","protected":false},"featured_media":3262,"template":"","meta":[],"product_brand":[],"product_cat":[77],"product_tag":[],"class_list":{"0":"post-3260","1":"product","2":"type-product","3":"status-publish","4":"has-post-thumbnail","6":"product_cat-nicht-kategorisiert","8":"first","9":"instock","10":"taxable","11":"shipping-taxable","12":"purchasable","13":"product-type-simple"},"acf":[],"yoast_head":"<!-- This site is optimized with the Yoast SEO plugin v27.1.1 - https:\/\/yoast.com\/product\/yoast-seo-wordpress\/ -->\n<title>FLOR DE KALDEVA  \u00b7 Jahrgang 2023 \u00b7  Packung mit  3 Flaschen - Bodegas Infante<\/title>\n<meta name=\"description\" content=\"Wei\u00dfwein D.O. Condado de Huelva. 90 Pe\u00f1\u00edn-Punkte. 100 % Colombard-Traube, in Edelstahl vergoren. Beeinflussung durch den Salzgehalt unserer Atlantikk\u00fcste\" \/>\n<meta name=\"robots\" content=\"index, follow, max-snippet:-1, max-image-preview:large, max-video-preview:-1\" \/>\n<link rel=\"canonical\" href=\"https:\/\/dinfante.com\/de\/producto\/flor-de-kaldeva-%c2%b7-jahrgang-2023-%c2%b7-packung-mit-3-flaschen\/\" \/>\n<meta property=\"og:locale\" content=\"de_DE\" \/>\n<meta property=\"og:type\" content=\"article\" \/>\n<meta property=\"og:title\" content=\"FLOR DE KALDEVA  \u00b7 Jahrgang 2023 \u00b7  Packung mit  3 Flaschen - Bodegas Infante\" \/>\n<meta property=\"og:description\" content=\"Wei\u00dfwein D.O. Condado de Huelva. 90 Pe\u00f1\u00edn-Punkte. 100 % Colombard-Traube, in Edelstahl vergoren. Beeinflussung durch den Salzgehalt unserer Atlantikk\u00fcste\" \/>\n<meta property=\"og:url\" content=\"https:\/\/dinfante.com\/de\/producto\/flor-de-kaldeva-%c2%b7-jahrgang-2023-%c2%b7-packung-mit-3-flaschen\/\" \/>\n<meta property=\"og:site_name\" content=\"Bodegas Infante\" \/>\n<meta property=\"article:modified_time\" content=\"2026-01-26T08:46:54+00:00\" \/>\n<meta property=\"og:image\" content=\"https:\/\/dinfante.com\/wp-content\/uploads\/2021\/01\/prod-flor-kaldeva.png\" \/>\n\t<meta property=\"og:image:width\" content=\"500\" \/>\n\t<meta property=\"og:image:height\" content=\"828\" \/>\n\t<meta property=\"og:image:type\" content=\"image\/png\" \/>\n<meta name=\"twitter:card\" content=\"summary_large_image\" \/>\n<meta name=\"twitter:label1\" content=\"Gesch\u00e4tzte Lesezeit\" \/>\n\t<meta name=\"twitter:data1\" content=\"3\u00a0Minuten\" \/>\n<script type=\"application\/ld+json\" class=\"yoast-schema-graph\">{\"@context\":\"https:\/\/schema.org\",\"@graph\":[{\"@type\":\"WebPage\",\"@id\":\"https:\/\/dinfante.com\/de\/producto\/flor-de-kaldeva-%c2%b7-jahrgang-2023-%c2%b7-packung-mit-3-flaschen\/\",\"url\":\"https:\/\/dinfante.com\/de\/producto\/flor-de-kaldeva-%c2%b7-jahrgang-2023-%c2%b7-packung-mit-3-flaschen\/\",\"name\":\"FLOR DE KALDEVA \u00b7 Jahrgang 2023 \u00b7 Packung mit 3 Flaschen - Bodegas Infante\",\"isPartOf\":{\"@id\":\"https:\/\/dinfante.com\/de\/#website\"},\"primaryImageOfPage\":{\"@id\":\"https:\/\/dinfante.com\/de\/producto\/flor-de-kaldeva-%c2%b7-jahrgang-2023-%c2%b7-packung-mit-3-flaschen\/#primaryimage\"},\"image\":{\"@id\":\"https:\/\/dinfante.com\/de\/producto\/flor-de-kaldeva-%c2%b7-jahrgang-2023-%c2%b7-packung-mit-3-flaschen\/#primaryimage\"},\"thumbnailUrl\":\"https:\/\/dinfante.com\/wp-content\/uploads\/2021\/01\/prod-flor-kaldeva.png\",\"datePublished\":\"2021-01-18T09:26:39+00:00\",\"dateModified\":\"2026-01-26T08:46:54+00:00\",\"description\":\"Wei\u00dfwein D.O. Condado de Huelva. 90 Pe\u00f1\u00edn-Punkte. 100 % Colombard-Traube, in Edelstahl vergoren. Beeinflussung durch den Salzgehalt unserer Atlantikk\u00fcste\",\"breadcrumb\":{\"@id\":\"https:\/\/dinfante.com\/de\/producto\/flor-de-kaldeva-%c2%b7-jahrgang-2023-%c2%b7-packung-mit-3-flaschen\/#breadcrumb\"},\"inLanguage\":\"de\",\"potentialAction\":[{\"@type\":\"ReadAction\",\"target\":[\"https:\/\/dinfante.com\/de\/producto\/flor-de-kaldeva-%c2%b7-jahrgang-2023-%c2%b7-packung-mit-3-flaschen\/\"]}]},{\"@type\":\"ImageObject\",\"inLanguage\":\"de\",\"@id\":\"https:\/\/dinfante.com\/de\/producto\/flor-de-kaldeva-%c2%b7-jahrgang-2023-%c2%b7-packung-mit-3-flaschen\/#primaryimage\",\"url\":\"https:\/\/dinfante.com\/wp-content\/uploads\/2021\/01\/prod-flor-kaldeva.png\",\"contentUrl\":\"https:\/\/dinfante.com\/wp-content\/uploads\/2021\/01\/prod-flor-kaldeva.png\",\"width\":500,\"height\":828},{\"@type\":\"BreadcrumbList\",\"@id\":\"https:\/\/dinfante.com\/de\/producto\/flor-de-kaldeva-%c2%b7-jahrgang-2023-%c2%b7-packung-mit-3-flaschen\/#breadcrumb\",\"itemListElement\":[{\"@type\":\"ListItem\",\"position\":1,\"name\":\"Portada\",\"item\":\"https:\/\/dinfante.com\/de\/\"},{\"@type\":\"ListItem\",\"position\":2,\"name\":\"Tienda\",\"item\":\"https:\/\/dinfante.com\/en\/shop\/\"},{\"@type\":\"ListItem\",\"position\":3,\"name\":\"FLOR DE KALDEVA \u00b7 Jahrgang 2023 \u00b7 Packung mit 3 Flaschen\"}]},{\"@type\":\"WebSite\",\"@id\":\"https:\/\/dinfante.com\/de\/#website\",\"url\":\"https:\/\/dinfante.com\/de\/\",\"name\":\"Bodegas Infante\",\"description\":\"Artesanos del Brandy y vinos\",\"publisher\":{\"@id\":\"https:\/\/dinfante.com\/de\/#organization\"},\"potentialAction\":[{\"@type\":\"SearchAction\",\"target\":{\"@type\":\"EntryPoint\",\"urlTemplate\":\"https:\/\/dinfante.com\/de\/?s={search_term_string}\"},\"query-input\":{\"@type\":\"PropertyValueSpecification\",\"valueRequired\":true,\"valueName\":\"search_term_string\"}}],\"inLanguage\":\"de\"},{\"@type\":\"Organization\",\"@id\":\"https:\/\/dinfante.com\/de\/#organization\",\"name\":\"Bodegas Infante\",\"url\":\"https:\/\/dinfante.com\/de\/\",\"logo\":{\"@type\":\"ImageObject\",\"inLanguage\":\"de\",\"@id\":\"https:\/\/dinfante.com\/de\/#\/schema\/logo\/image\/\",\"url\":\"https:\/\/dinfante.com\/wp-content\/uploads\/2021\/04\/cabecera_tienda.jpg\",\"contentUrl\":\"https:\/\/dinfante.com\/wp-content\/uploads\/2021\/04\/cabecera_tienda.jpg\",\"width\":600,\"height\":151,\"caption\":\"Bodegas Infante\"},\"image\":{\"@id\":\"https:\/\/dinfante.com\/de\/#\/schema\/logo\/image\/\"}}]}<\/script>\n<!-- \/ Yoast SEO plugin. -->","yoast_head_json":{"title":"FLOR DE KALDEVA  \u00b7 Jahrgang 2023 \u00b7  Packung mit  3 Flaschen - Bodegas Infante","description":"Wei\u00dfwein D.O. Condado de Huelva. 90 Pe\u00f1\u00edn-Punkte. 100 % Colombard-Traube, in Edelstahl vergoren. Beeinflussung durch den Salzgehalt unserer Atlantikk\u00fcste","robots":{"index":"index","follow":"follow","max-snippet":"max-snippet:-1","max-image-preview":"max-image-preview:large","max-video-preview":"max-video-preview:-1"},"canonical":"https:\/\/dinfante.com\/de\/producto\/flor-de-kaldeva-%c2%b7-jahrgang-2023-%c2%b7-packung-mit-3-flaschen\/","og_locale":"de_DE","og_type":"article","og_title":"FLOR DE KALDEVA  \u00b7 Jahrgang 2023 \u00b7  Packung mit  3 Flaschen - Bodegas Infante","og_description":"Wei\u00dfwein D.O. Condado de Huelva. 90 Pe\u00f1\u00edn-Punkte. 100 % Colombard-Traube, in Edelstahl vergoren. Beeinflussung durch den Salzgehalt unserer Atlantikk\u00fcste","og_url":"https:\/\/dinfante.com\/de\/producto\/flor-de-kaldeva-%c2%b7-jahrgang-2023-%c2%b7-packung-mit-3-flaschen\/","og_site_name":"Bodegas Infante","article_modified_time":"2026-01-26T08:46:54+00:00","og_image":[{"width":500,"height":828,"url":"https:\/\/dinfante.com\/wp-content\/uploads\/2021\/01\/prod-flor-kaldeva.png","type":"image\/png"}],"twitter_card":"summary_large_image","twitter_misc":{"Gesch\u00e4tzte Lesezeit":"3\u00a0Minuten"},"schema":{"@context":"https:\/\/schema.org","@graph":[{"@type":"WebPage","@id":"https:\/\/dinfante.com\/de\/producto\/flor-de-kaldeva-%c2%b7-jahrgang-2023-%c2%b7-packung-mit-3-flaschen\/","url":"https:\/\/dinfante.com\/de\/producto\/flor-de-kaldeva-%c2%b7-jahrgang-2023-%c2%b7-packung-mit-3-flaschen\/","name":"FLOR DE KALDEVA \u00b7 Jahrgang 2023 \u00b7 Packung mit 3 Flaschen - Bodegas Infante","isPartOf":{"@id":"https:\/\/dinfante.com\/de\/#website"},"primaryImageOfPage":{"@id":"https:\/\/dinfante.com\/de\/producto\/flor-de-kaldeva-%c2%b7-jahrgang-2023-%c2%b7-packung-mit-3-flaschen\/#primaryimage"},"image":{"@id":"https:\/\/dinfante.com\/de\/producto\/flor-de-kaldeva-%c2%b7-jahrgang-2023-%c2%b7-packung-mit-3-flaschen\/#primaryimage"},"thumbnailUrl":"https:\/\/dinfante.com\/wp-content\/uploads\/2021\/01\/prod-flor-kaldeva.png","datePublished":"2021-01-18T09:26:39+00:00","dateModified":"2026-01-26T08:46:54+00:00","description":"Wei\u00dfwein D.O. Condado de Huelva. 90 Pe\u00f1\u00edn-Punkte. 100 % Colombard-Traube, in Edelstahl vergoren. Beeinflussung durch den Salzgehalt unserer Atlantikk\u00fcste","breadcrumb":{"@id":"https:\/\/dinfante.com\/de\/producto\/flor-de-kaldeva-%c2%b7-jahrgang-2023-%c2%b7-packung-mit-3-flaschen\/#breadcrumb"},"inLanguage":"de","potentialAction":[{"@type":"ReadAction","target":["https:\/\/dinfante.com\/de\/producto\/flor-de-kaldeva-%c2%b7-jahrgang-2023-%c2%b7-packung-mit-3-flaschen\/"]}]},{"@type":"ImageObject","inLanguage":"de","@id":"https:\/\/dinfante.com\/de\/producto\/flor-de-kaldeva-%c2%b7-jahrgang-2023-%c2%b7-packung-mit-3-flaschen\/#primaryimage","url":"https:\/\/dinfante.com\/wp-content\/uploads\/2021\/01\/prod-flor-kaldeva.png","contentUrl":"https:\/\/dinfante.com\/wp-content\/uploads\/2021\/01\/prod-flor-kaldeva.png","width":500,"height":828},{"@type":"BreadcrumbList","@id":"https:\/\/dinfante.com\/de\/producto\/flor-de-kaldeva-%c2%b7-jahrgang-2023-%c2%b7-packung-mit-3-flaschen\/#breadcrumb","itemListElement":[{"@type":"ListItem","position":1,"name":"Portada","item":"https:\/\/dinfante.com\/de\/"},{"@type":"ListItem","position":2,"name":"Tienda","item":"https:\/\/dinfante.com\/en\/shop\/"},{"@type":"ListItem","position":3,"name":"FLOR DE KALDEVA \u00b7 Jahrgang 2023 \u00b7 Packung mit 3 Flaschen"}]},{"@type":"WebSite","@id":"https:\/\/dinfante.com\/de\/#website","url":"https:\/\/dinfante.com\/de\/","name":"Bodegas Infante","description":"Artesanos del Brandy y vinos","publisher":{"@id":"https:\/\/dinfante.com\/de\/#organization"},"potentialAction":[{"@type":"SearchAction","target":{"@type":"EntryPoint","urlTemplate":"https:\/\/dinfante.com\/de\/?s={search_term_string}"},"query-input":{"@type":"PropertyValueSpecification","valueRequired":true,"valueName":"search_term_string"}}],"inLanguage":"de"},{"@type":"Organization","@id":"https:\/\/dinfante.com\/de\/#organization","name":"Bodegas Infante","url":"https:\/\/dinfante.com\/de\/","logo":{"@type":"ImageObject","inLanguage":"de","@id":"https:\/\/dinfante.com\/de\/#\/schema\/logo\/image\/","url":"https:\/\/dinfante.com\/wp-content\/uploads\/2021\/04\/cabecera_tienda.jpg","contentUrl":"https:\/\/dinfante.com\/wp-content\/uploads\/2021\/04\/cabecera_tienda.jpg","width":600,"height":151,"caption":"Bodegas Infante"},"image":{"@id":"https:\/\/dinfante.com\/de\/#\/schema\/logo\/image\/"}}]}},"_links":{"self":[{"href":"https:\/\/dinfante.com\/de\/wp-json\/wp\/v2\/product\/3260","targetHints":{"allow":["GET"]}}],"collection":[{"href":"https:\/\/dinfante.com\/de\/wp-json\/wp\/v2\/product"}],"about":[{"href":"https:\/\/dinfante.com\/de\/wp-json\/wp\/v2\/types\/product"}],"wp:featuredmedia":[{"embeddable":true,"href":"https:\/\/dinfante.com\/de\/wp-json\/wp\/v2\/media\/3262"}],"wp:attachment":[{"href":"https:\/\/dinfante.com\/de\/wp-json\/wp\/v2\/media?parent=3260"}],"wp:term":[{"taxonomy":"product_brand","embeddable":true,"href":"https:\/\/dinfante.com\/de\/wp-json\/wp\/v2\/product_brand?post=3260"},{"taxonomy":"product_cat","embeddable":true,"href":"https:\/\/dinfante.com\/de\/wp-json\/wp\/v2\/product_cat?post=3260"},{"taxonomy":"product_tag","embeddable":true,"href":"https:\/\/dinfante.com\/de\/wp-json\/wp\/v2\/product_tag?post=3260"}],"curies":[{"name":"wp","href":"https:\/\/api.w.org\/{rel}","templated":true}]}}