{"id":3270,"date":"2024-11-18T10:48:24","date_gmt":"2024-11-18T10:48:24","guid":{"rendered":"https:\/\/dinfante.com\/producto\/elisabeth-luz-de-cielo-%c2%b7-jahrgang-2022-%c2%b7-3er-pack-flaschen\/"},"modified":"2026-01-26T08:44:45","modified_gmt":"2026-01-26T08:44:45","slug":"elisabeth-luz-de-cielo-%c2%b7-jahrgang-2022-%c2%b7-3er-pack-flaschen","status":"publish","type":"product","link":"https:\/\/dinfante.com\/de\/producto\/elisabeth-luz-de-cielo-%c2%b7-jahrgang-2022-%c2%b7-3er-pack-flaschen\/","title":{"rendered":"Elisabeth Luz de Cielo \u00b7 Jahrgang 2022 \u00b7 3er-Pack Flaschen"},"content":{"rendered":"<p>[vc_row css=&#8220;.vc_custom_1610395611398{padding-top: 5% !important;padding-right: 5% !important;padding-bottom: 5% !important;padding-left: 5% !important;background-color: #106f64 !important;}&#8220;][vc_column][vc_tta_tabs style=&#8220;theme&#8220; alignment=&#8220;center&#8220; active_section=&#8220;1&#8243;][vc_tta_section title=&#8220;VERKOSTUNGSNOTIZEN&#8220; tab_id=&#8220;cata&#8220;][vc_column_text]<span style=\"color: #f1cd7f;\"><strong>AUSSEHEN:<\/strong><\/span> Wein von leuchtend gelber Farbe mit feinen und zarten Bl\u00e4schen.<\/p>\n<p><span style=\"color: #f1cd7f;\"><strong>NASE:<\/strong><\/span> Frische und elegante Nase, in der die Noten von Fr\u00fcchten und wei\u00dfen Bl\u00fcten hervorstechen.<\/p>\n<p><span style=\"color: #f1cd7f;\"><strong>MUND:<\/strong><\/span> Am Gaumen hat er einen frischen und ausgewogenen Durchgang mit langem Abgang und floralem Nachgeschmack.[\/vc_column_text][\/vc_tta_section][vc_tta_section title=&#8220;HERSTELLUNG&#8220; tab_id=&#8220;elaboraci\u00f3n&#8220;][vc_column_text]Einzigartiger Wein mit Pers\u00f6nlichkeit, hergestellt aus der Rebsorte Colombard, die in den Weinbergen des Condado de Huelva geboren wurde.[\/vc_column_text][\/vc_tta_section][vc_tta_section title=&#8220;MOMENTE DES GENIESSENS&#8220; tab_id=&#8220;maridaje&#8220;][vc_column_text]Meeresfr\u00fcchte und Fisch: Der Cava Colombard passt sehr gut zu Austern, Garnelen, Jakobsmuscheln und wei\u00dfem Fisch vom Grill oder aus dem Ofen, da seine Frische und S\u00e4ure die \u00d6ligkeit dieser Gerichte ausgleichen. Asiatische K\u00fcche: Die delikaten und leicht w\u00fcrzigen Aromen der asiatischen K\u00fcche, wie Sushi, Sashimi oder Fr\u00fchlingsrollen, werden durch die Lebendigkeit und Frische dieser Art von Cava verst\u00e4rkt. Leichte Desserts: Wenn Sie eine s\u00fc\u00dfe Kombination suchen, passt ein Cava Colombard gut zu Desserts auf der Basis von frischen Fr\u00fcchten, wie Obstkuchen oder Obstsalaten, aufgrund seiner Zitrus- und tropischen Noten.[\/vc_column_text][\/vc_tta_section][\/vc_tta_tabs][\/vc_column][\/vc_row][vc_row full_width=&#8220;stretch_row_content&#8220; css=&#8220;.vc_custom_1611343624005{padding-right: 15px !important;padding-left: 15px !important;}&#8220;][vc_column]\n\t<div class=\" img_shop_productos\">\n\t<div class=\"gg_images_slider\">\n\t<div  data-slick='{  \"slidesToShow\": 3,  \"arrows\": false,  \"dots\": true,  \"autoplay\": true,  \"infinite\": true,  \"slidesToScroll\": 1,  \"responsive\": [{\"breakpoint\": 1024, \"settings\": {\"slidesToShow\": 3, \"slidesToScroll\": 1}}, {\"breakpoint\": 600, \"settings\": {\"slidesToShow\": 2, \"slidesToScroll\": 1}}, {\"breakpoint\": 480, \"settings\": {\"slidesToShow\": 1, \"slidesToScroll\": 1}}]  }'  class=\"el-grid no_magnific products row gg-slick-carousel \" data-layout-mode=\"fitRows\" data-pagination=\"\"><div class=\"3\"><img loading=\"lazy\" decoding=\"async\" width=\"1024\" height=\"768\" src=\"https:\/\/dinfante.com\/wp-content\/uploads\/2021\/01\/vino_albaleia_02.jpg\" class=\"attachment-full\" alt=\"Vino de Huelva, Fotograf\u00eda de producto, gemabur fotograf\u00eda\" title=\"vino_albaleia_02\" srcset=\"https:\/\/dinfante.com\/wp-content\/uploads\/2021\/01\/vino_albaleia_02.jpg 1024w, https:\/\/dinfante.com\/wp-content\/uploads\/2021\/01\/vino_albaleia_02-300x225.jpg 300w, https:\/\/dinfante.com\/wp-content\/uploads\/2021\/01\/vino_albaleia_02-768x576.jpg 768w\" sizes=\"auto, (max-width: 1024px) 100vw, 1024px\" \/><\/div><div class=\"3\"><img loading=\"lazy\" decoding=\"async\" width=\"1024\" height=\"768\" src=\"https:\/\/dinfante.com\/wp-content\/uploads\/2021\/01\/vino_albaleia_03.jpg\" class=\"attachment-full\" alt=\"Vino de Huelva, Fotograf\u00eda de producto, gemabur fotograf\u00eda\" title=\"vino_albaleia_03\" srcset=\"https:\/\/dinfante.com\/wp-content\/uploads\/2021\/01\/vino_albaleia_03.jpg 1024w, https:\/\/dinfante.com\/wp-content\/uploads\/2021\/01\/vino_albaleia_03-300x225.jpg 300w, https:\/\/dinfante.com\/wp-content\/uploads\/2021\/01\/vino_albaleia_03-768x576.jpg 768w\" sizes=\"auto, (max-width: 1024px) 100vw, 1024px\" \/><\/div><div class=\"3\"><img loading=\"lazy\" decoding=\"async\" width=\"1024\" height=\"768\" src=\"https:\/\/dinfante.com\/wp-content\/uploads\/2021\/01\/vino_albaleia_01.jpg\" class=\"attachment-full\" alt=\"Cino Colombar, Vino de Huelva, Gemabur Fotograf\u00eda\" title=\"vino_albaleia_01\" srcset=\"https:\/\/dinfante.com\/wp-content\/uploads\/2021\/01\/vino_albaleia_01.jpg 1024w, https:\/\/dinfante.com\/wp-content\/uploads\/2021\/01\/vino_albaleia_01-300x225.jpg 300w, https:\/\/dinfante.com\/wp-content\/uploads\/2021\/01\/vino_albaleia_01-768x576.jpg 768w\" sizes=\"auto, (max-width: 1024px) 100vw, 1024px\" \/><\/div>\n\t<\/div>\n\t<\/div>\n\t<\/div>[\/vc_column][\/vc_row]<\/p>\n","protected":false},"excerpt":{"rendered":"<p>Einzigartiger, charaktervoller Schaumwein, hergestellt aus der Rebsorte Colombard, die in den Weinbergen des Condado de Huelva geboren wurde.<\/p>\n","protected":false},"featured_media":3271,"template":"","meta":[],"product_brand":[],"product_cat":[77],"product_tag":[],"class_list":{"0":"post-3270","1":"product","2":"type-product","3":"status-publish","4":"has-post-thumbnail","6":"product_cat-nicht-kategorisiert","8":"first","9":"outofstock","10":"taxable","11":"shipping-taxable","12":"purchasable","13":"product-type-simple"},"acf":[],"yoast_head":"<!-- This site is optimized with the Yoast SEO plugin v27.1.1 - https:\/\/yoast.com\/product\/yoast-seo-wordpress\/ -->\n<title>Elisabeth Luz de Cielo \u00b7 Jahrgang 2022 \u00b7 3er-Pack Flaschen - Bodegas Infante<\/title>\n<meta name=\"description\" content=\"Wei\u00dfwein D.O. Condado de Huelva. 90 Pe\u00f1\u00edn-Punkte. 100 % Colombard-Traube, in Edelstahl vergoren. Beeinflussung durch den Salzgehalt unserer Atlantikk\u00fcste\" \/>\n<meta name=\"robots\" content=\"index, follow, max-snippet:-1, max-image-preview:large, max-video-preview:-1\" \/>\n<link rel=\"canonical\" href=\"https:\/\/dinfante.com\/de\/producto\/elisabeth-luz-de-cielo-%c2%b7-jahrgang-2022-%c2%b7-3er-pack-flaschen\/\" \/>\n<meta property=\"og:locale\" content=\"de_DE\" \/>\n<meta property=\"og:type\" content=\"article\" \/>\n<meta property=\"og:title\" content=\"Elisabeth Luz de Cielo \u00b7 Jahrgang 2022 \u00b7 3er-Pack Flaschen - Bodegas Infante\" \/>\n<meta property=\"og:description\" content=\"Wei\u00dfwein D.O. Condado de Huelva. 90 Pe\u00f1\u00edn-Punkte. 100 % Colombard-Traube, in Edelstahl vergoren. Beeinflussung durch den Salzgehalt unserer Atlantikk\u00fcste\" \/>\n<meta property=\"og:url\" content=\"https:\/\/dinfante.com\/de\/producto\/elisabeth-luz-de-cielo-%c2%b7-jahrgang-2022-%c2%b7-3er-pack-flaschen\/\" \/>\n<meta property=\"og:site_name\" content=\"Bodegas Infante\" \/>\n<meta property=\"article:modified_time\" content=\"2026-01-26T08:44:45+00:00\" \/>\n<meta property=\"og:image\" content=\"https:\/\/dinfante.com\/wp-content\/uploads\/2024\/11\/prod-Elisabeth-luz-cielo-espumoso.png\" \/>\n\t<meta property=\"og:image:width\" content=\"500\" \/>\n\t<meta property=\"og:image:height\" content=\"828\" \/>\n\t<meta property=\"og:image:type\" content=\"image\/png\" \/>\n<meta name=\"twitter:card\" content=\"summary_large_image\" \/>\n<meta name=\"twitter:label1\" content=\"Gesch\u00e4tzte Lesezeit\" \/>\n\t<meta name=\"twitter:data1\" content=\"1\u00a0Minute\" \/>\n<script type=\"application\/ld+json\" class=\"yoast-schema-graph\">{\"@context\":\"https:\/\/schema.org\",\"@graph\":[{\"@type\":\"WebPage\",\"@id\":\"https:\/\/dinfante.com\/de\/producto\/elisabeth-luz-de-cielo-%c2%b7-jahrgang-2022-%c2%b7-3er-pack-flaschen\/\",\"url\":\"https:\/\/dinfante.com\/de\/producto\/elisabeth-luz-de-cielo-%c2%b7-jahrgang-2022-%c2%b7-3er-pack-flaschen\/\",\"name\":\"Elisabeth Luz de Cielo \u00b7 Jahrgang 2022 \u00b7 3er-Pack Flaschen - Bodegas Infante\",\"isPartOf\":{\"@id\":\"https:\/\/dinfante.com\/de\/#website\"},\"primaryImageOfPage\":{\"@id\":\"https:\/\/dinfante.com\/de\/producto\/elisabeth-luz-de-cielo-%c2%b7-jahrgang-2022-%c2%b7-3er-pack-flaschen\/#primaryimage\"},\"image\":{\"@id\":\"https:\/\/dinfante.com\/de\/producto\/elisabeth-luz-de-cielo-%c2%b7-jahrgang-2022-%c2%b7-3er-pack-flaschen\/#primaryimage\"},\"thumbnailUrl\":\"https:\/\/dinfante.com\/wp-content\/uploads\/2024\/11\/prod-Elisabeth-luz-cielo-espumoso.png\",\"datePublished\":\"2024-11-18T10:48:24+00:00\",\"dateModified\":\"2026-01-26T08:44:45+00:00\",\"description\":\"Wei\u00dfwein D.O. Condado de Huelva. 90 Pe\u00f1\u00edn-Punkte. 100 % Colombard-Traube, in Edelstahl vergoren. Beeinflussung durch den Salzgehalt unserer Atlantikk\u00fcste\",\"breadcrumb\":{\"@id\":\"https:\/\/dinfante.com\/de\/producto\/elisabeth-luz-de-cielo-%c2%b7-jahrgang-2022-%c2%b7-3er-pack-flaschen\/#breadcrumb\"},\"inLanguage\":\"de\",\"potentialAction\":[{\"@type\":\"ReadAction\",\"target\":[\"https:\/\/dinfante.com\/de\/producto\/elisabeth-luz-de-cielo-%c2%b7-jahrgang-2022-%c2%b7-3er-pack-flaschen\/\"]}]},{\"@type\":\"ImageObject\",\"inLanguage\":\"de\",\"@id\":\"https:\/\/dinfante.com\/de\/producto\/elisabeth-luz-de-cielo-%c2%b7-jahrgang-2022-%c2%b7-3er-pack-flaschen\/#primaryimage\",\"url\":\"https:\/\/dinfante.com\/wp-content\/uploads\/2024\/11\/prod-Elisabeth-luz-cielo-espumoso.png\",\"contentUrl\":\"https:\/\/dinfante.com\/wp-content\/uploads\/2024\/11\/prod-Elisabeth-luz-cielo-espumoso.png\",\"width\":500,\"height\":828},{\"@type\":\"BreadcrumbList\",\"@id\":\"https:\/\/dinfante.com\/de\/producto\/elisabeth-luz-de-cielo-%c2%b7-jahrgang-2022-%c2%b7-3er-pack-flaschen\/#breadcrumb\",\"itemListElement\":[{\"@type\":\"ListItem\",\"position\":1,\"name\":\"Portada\",\"item\":\"https:\/\/dinfante.com\/de\/\"},{\"@type\":\"ListItem\",\"position\":2,\"name\":\"Tienda\",\"item\":\"https:\/\/dinfante.com\/en\/shop\/\"},{\"@type\":\"ListItem\",\"position\":3,\"name\":\"Elisabeth Luz de Cielo \u00b7 Jahrgang 2022 \u00b7 3er-Pack Flaschen\"}]},{\"@type\":\"WebSite\",\"@id\":\"https:\/\/dinfante.com\/de\/#website\",\"url\":\"https:\/\/dinfante.com\/de\/\",\"name\":\"Bodegas Infante\",\"description\":\"Artesanos del Brandy y vinos\",\"publisher\":{\"@id\":\"https:\/\/dinfante.com\/de\/#organization\"},\"potentialAction\":[{\"@type\":\"SearchAction\",\"target\":{\"@type\":\"EntryPoint\",\"urlTemplate\":\"https:\/\/dinfante.com\/de\/?s={search_term_string}\"},\"query-input\":{\"@type\":\"PropertyValueSpecification\",\"valueRequired\":true,\"valueName\":\"search_term_string\"}}],\"inLanguage\":\"de\"},{\"@type\":\"Organization\",\"@id\":\"https:\/\/dinfante.com\/de\/#organization\",\"name\":\"Bodegas Infante\",\"url\":\"https:\/\/dinfante.com\/de\/\",\"logo\":{\"@type\":\"ImageObject\",\"inLanguage\":\"de\",\"@id\":\"https:\/\/dinfante.com\/de\/#\/schema\/logo\/image\/\",\"url\":\"https:\/\/dinfante.com\/wp-content\/uploads\/2021\/04\/cabecera_tienda.jpg\",\"contentUrl\":\"https:\/\/dinfante.com\/wp-content\/uploads\/2021\/04\/cabecera_tienda.jpg\",\"width\":600,\"height\":151,\"caption\":\"Bodegas Infante\"},\"image\":{\"@id\":\"https:\/\/dinfante.com\/de\/#\/schema\/logo\/image\/\"}}]}<\/script>\n<!-- \/ Yoast SEO plugin. -->","yoast_head_json":{"title":"Elisabeth Luz de Cielo \u00b7 Jahrgang 2022 \u00b7 3er-Pack Flaschen - Bodegas Infante","description":"Wei\u00dfwein D.O. Condado de Huelva. 90 Pe\u00f1\u00edn-Punkte. 100 % Colombard-Traube, in Edelstahl vergoren. Beeinflussung durch den Salzgehalt unserer Atlantikk\u00fcste","robots":{"index":"index","follow":"follow","max-snippet":"max-snippet:-1","max-image-preview":"max-image-preview:large","max-video-preview":"max-video-preview:-1"},"canonical":"https:\/\/dinfante.com\/de\/producto\/elisabeth-luz-de-cielo-%c2%b7-jahrgang-2022-%c2%b7-3er-pack-flaschen\/","og_locale":"de_DE","og_type":"article","og_title":"Elisabeth Luz de Cielo \u00b7 Jahrgang 2022 \u00b7 3er-Pack Flaschen - Bodegas Infante","og_description":"Wei\u00dfwein D.O. Condado de Huelva. 90 Pe\u00f1\u00edn-Punkte. 100 % Colombard-Traube, in Edelstahl vergoren. Beeinflussung durch den Salzgehalt unserer Atlantikk\u00fcste","og_url":"https:\/\/dinfante.com\/de\/producto\/elisabeth-luz-de-cielo-%c2%b7-jahrgang-2022-%c2%b7-3er-pack-flaschen\/","og_site_name":"Bodegas Infante","article_modified_time":"2026-01-26T08:44:45+00:00","og_image":[{"width":500,"height":828,"url":"https:\/\/dinfante.com\/wp-content\/uploads\/2024\/11\/prod-Elisabeth-luz-cielo-espumoso.png","type":"image\/png"}],"twitter_card":"summary_large_image","twitter_misc":{"Gesch\u00e4tzte Lesezeit":"1\u00a0Minute"},"schema":{"@context":"https:\/\/schema.org","@graph":[{"@type":"WebPage","@id":"https:\/\/dinfante.com\/de\/producto\/elisabeth-luz-de-cielo-%c2%b7-jahrgang-2022-%c2%b7-3er-pack-flaschen\/","url":"https:\/\/dinfante.com\/de\/producto\/elisabeth-luz-de-cielo-%c2%b7-jahrgang-2022-%c2%b7-3er-pack-flaschen\/","name":"Elisabeth Luz de Cielo \u00b7 Jahrgang 2022 \u00b7 3er-Pack Flaschen - Bodegas Infante","isPartOf":{"@id":"https:\/\/dinfante.com\/de\/#website"},"primaryImageOfPage":{"@id":"https:\/\/dinfante.com\/de\/producto\/elisabeth-luz-de-cielo-%c2%b7-jahrgang-2022-%c2%b7-3er-pack-flaschen\/#primaryimage"},"image":{"@id":"https:\/\/dinfante.com\/de\/producto\/elisabeth-luz-de-cielo-%c2%b7-jahrgang-2022-%c2%b7-3er-pack-flaschen\/#primaryimage"},"thumbnailUrl":"https:\/\/dinfante.com\/wp-content\/uploads\/2024\/11\/prod-Elisabeth-luz-cielo-espumoso.png","datePublished":"2024-11-18T10:48:24+00:00","dateModified":"2026-01-26T08:44:45+00:00","description":"Wei\u00dfwein D.O. Condado de Huelva. 90 Pe\u00f1\u00edn-Punkte. 100 % Colombard-Traube, in Edelstahl vergoren. Beeinflussung durch den Salzgehalt unserer Atlantikk\u00fcste","breadcrumb":{"@id":"https:\/\/dinfante.com\/de\/producto\/elisabeth-luz-de-cielo-%c2%b7-jahrgang-2022-%c2%b7-3er-pack-flaschen\/#breadcrumb"},"inLanguage":"de","potentialAction":[{"@type":"ReadAction","target":["https:\/\/dinfante.com\/de\/producto\/elisabeth-luz-de-cielo-%c2%b7-jahrgang-2022-%c2%b7-3er-pack-flaschen\/"]}]},{"@type":"ImageObject","inLanguage":"de","@id":"https:\/\/dinfante.com\/de\/producto\/elisabeth-luz-de-cielo-%c2%b7-jahrgang-2022-%c2%b7-3er-pack-flaschen\/#primaryimage","url":"https:\/\/dinfante.com\/wp-content\/uploads\/2024\/11\/prod-Elisabeth-luz-cielo-espumoso.png","contentUrl":"https:\/\/dinfante.com\/wp-content\/uploads\/2024\/11\/prod-Elisabeth-luz-cielo-espumoso.png","width":500,"height":828},{"@type":"BreadcrumbList","@id":"https:\/\/dinfante.com\/de\/producto\/elisabeth-luz-de-cielo-%c2%b7-jahrgang-2022-%c2%b7-3er-pack-flaschen\/#breadcrumb","itemListElement":[{"@type":"ListItem","position":1,"name":"Portada","item":"https:\/\/dinfante.com\/de\/"},{"@type":"ListItem","position":2,"name":"Tienda","item":"https:\/\/dinfante.com\/en\/shop\/"},{"@type":"ListItem","position":3,"name":"Elisabeth Luz de Cielo \u00b7 Jahrgang 2022 \u00b7 3er-Pack Flaschen"}]},{"@type":"WebSite","@id":"https:\/\/dinfante.com\/de\/#website","url":"https:\/\/dinfante.com\/de\/","name":"Bodegas Infante","description":"Artesanos del Brandy y vinos","publisher":{"@id":"https:\/\/dinfante.com\/de\/#organization"},"potentialAction":[{"@type":"SearchAction","target":{"@type":"EntryPoint","urlTemplate":"https:\/\/dinfante.com\/de\/?s={search_term_string}"},"query-input":{"@type":"PropertyValueSpecification","valueRequired":true,"valueName":"search_term_string"}}],"inLanguage":"de"},{"@type":"Organization","@id":"https:\/\/dinfante.com\/de\/#organization","name":"Bodegas Infante","url":"https:\/\/dinfante.com\/de\/","logo":{"@type":"ImageObject","inLanguage":"de","@id":"https:\/\/dinfante.com\/de\/#\/schema\/logo\/image\/","url":"https:\/\/dinfante.com\/wp-content\/uploads\/2021\/04\/cabecera_tienda.jpg","contentUrl":"https:\/\/dinfante.com\/wp-content\/uploads\/2021\/04\/cabecera_tienda.jpg","width":600,"height":151,"caption":"Bodegas Infante"},"image":{"@id":"https:\/\/dinfante.com\/de\/#\/schema\/logo\/image\/"}}]}},"_links":{"self":[{"href":"https:\/\/dinfante.com\/de\/wp-json\/wp\/v2\/product\/3270","targetHints":{"allow":["GET"]}}],"collection":[{"href":"https:\/\/dinfante.com\/de\/wp-json\/wp\/v2\/product"}],"about":[{"href":"https:\/\/dinfante.com\/de\/wp-json\/wp\/v2\/types\/product"}],"wp:featuredmedia":[{"embeddable":true,"href":"https:\/\/dinfante.com\/de\/wp-json\/wp\/v2\/media\/3271"}],"wp:attachment":[{"href":"https:\/\/dinfante.com\/de\/wp-json\/wp\/v2\/media?parent=3270"}],"wp:term":[{"taxonomy":"product_brand","embeddable":true,"href":"https:\/\/dinfante.com\/de\/wp-json\/wp\/v2\/product_brand?post=3270"},{"taxonomy":"product_cat","embeddable":true,"href":"https:\/\/dinfante.com\/de\/wp-json\/wp\/v2\/product_cat?post=3270"},{"taxonomy":"product_tag","embeddable":true,"href":"https:\/\/dinfante.com\/de\/wp-json\/wp\/v2\/product_tag?post=3270"}],"curies":[{"name":"wp","href":"https:\/\/api.w.org\/{rel}","templated":true}]}}