{"id":3272,"date":"2021-01-19T17:20:21","date_gmt":"2021-01-19T17:20:21","guid":{"rendered":"https:\/\/dinfante.com\/producto\/versus-mare-%c2%b7-jahrgang-2023-%c2%b7-3er-pack-flaschen\/"},"modified":"2026-01-26T08:46:58","modified_gmt":"2026-01-26T08:46:58","slug":"versus-mare-%c2%b7-jahrgang-2023-%c2%b7-3er-pack-flaschen","status":"publish","type":"product","link":"https:\/\/dinfante.com\/de\/producto\/versus-mare-%c2%b7-jahrgang-2023-%c2%b7-3er-pack-flaschen\/","title":{"rendered":"Versus Mare <br> \u00b7 Jahrgang 2023 \u00b7 <br> 3er-Pack Flaschen"},"content":{"rendered":"<p>[vc_row css=&#8220;.vc_custom_1610395611398{padding-top: 5% !important;padding-right: 5% !important;padding-bottom: 5% !important;padding-left: 5% !important;background-color: #106f64 !important;}&#8220;][vc_column][vc_tta_tabs style=&#8220;theme&#8220; alignment=&#8220;center&#8220; active_section=&#8220;1&#8243;][vc_tta_section title=&#8220;VERKOSTUNGSNOTIZEN&#8220; tab_id=&#8220;cata&#8220;][vc_column_text]<span style=\"color: #f1cd7f;\"><strong>AUSSEHEN:<\/strong><\/span> Der Wein hat eine intensive rote Farbe mit einer hohen Dichte und sehr ausgepr\u00e4gten violetten Reflexen.<\/p>\n<p><span style=\"color: #f1cd7f;\"><strong>NASE:<\/strong><\/span> In der Nase ist er breit, tief und komplex, mit einer perfekten Harmonie zwischen Holz und Frucht. Noten von Johannisbeere, schwarzer Pflaume und Himbeere sind zusammen mit einem floralen Hintergrund von Veilchen und einem Hauch von Vanille wahrnehmbar. <\/p>\n<p><span style=\"color: #f1cd7f;\"><strong>MUND:<\/strong><\/span> Am Gaumen ist der Wein fett, breit und frisch, mit reifen Tanninen und einem perfekten Gleichgewicht. Er hinterl\u00e4sst balsamische Erinnerungen an Minze, Eukalyptus und Kakao, die in einem vollen und sehr angenehmen Abgang gipfeln.[\/vc_column_text][\/vc_tta_section][vc_tta_section title=&#8220;HERSTELLUNG&#8220; tab_id=&#8220;elaboraci\u00f3n&#8220;][vc_column_text]Die Lese erfolgt manuell w\u00e4hrend der Nacht und in Kisten von 15 Kilo, um die Unversehrtheit der Trauben zu gew\u00e4hrleisten. Die Auswahl erfolgt sorgf\u00e4ltig in unseren Weinbergen mit \u00f6kologischer Zertifizierung. Die entrappten Trauben werden in Edelstahltanks bei einer Temperatur von 18 \u00b0C vergoren. Nach 13 Tagen wird der Wein schonend mit einer Ausbeute von 55 % gepresst. Anschlie\u00dfend wird er in franz\u00f6sische Eichenf\u00e4sser mit 3 bis 4 Weinen \u00e0 500 Liter umgef\u00fcllt und reift dort 5 Monate lang. Der Wein wird handwerklich abgef\u00fcllt, ohne K\u00e4ltestabilisierung, um die Aromen des Terroirs und die Eigenschaften der Sorte Syrah intakt zu halten.[\/vc_column_text][\/vc_tta_section][vc_tta_section title=&#8220;MOMENTE DES GENIESSENS&#8220; tab_id=&#8220;maridaje&#8220;][vc_column_text]<\/p>\n<ul>\n<li><strong>Aperitifs und Tapas<\/strong>: Seine Frische und Jugend machen ihn ideal f\u00fcr die Kombination mit Tapas, Wurstwaren und milden K\u00e4sesorten.<\/li>\n<li><strong>Informelle Treffen<\/strong>: Perfekt f\u00fcr Mahlzeiten mit Freunden oder der Familie, besonders zu gegrilltem Fleisch, Gourmet-Burgern oder Pasta-Gerichten mit roten Saucen.<\/li>\n<li><strong>Mediterrane Mahlzeiten<\/strong>: Passt perfekt zu mediterranen Gerichten wie Salaten mit Fleisch, Gerichten mit gegrillter Paprika oder Auberginen.<\/li>\n<li><strong>Nachmittage im Freien<\/strong>: Seine Leichtigkeit macht ihn zu einem ausgezeichneten Begleiter f\u00fcr einen Nachmittag im Garten oder ein Essen auf der Terrasse.<\/li>\n<li><strong>Leichte Abendessen<\/strong>: Ideal zu Gerichten wie Pizza, Reis oder Tacos, da er die Aromen nicht dominiert, sondern erg\u00e4nzt.<\/li>\n<\/ul>\n<p>[\/vc_column_text][\/vc_tta_section][\/vc_tta_tabs][\/vc_column][\/vc_row][vc_row full_width=&#8220;stretch_row_content&#8220; css=&#8220;.vc_custom_1611343624005{padding-right: 15px !important;padding-left: 15px !important;}&#8220;][vc_column]\n\t<div class=\" img_shop_productos\">\n\t<div class=\"gg_images_slider\">\n\t<div  data-slick='{  \"slidesToShow\": 3,  \"arrows\": false,  \"dots\": true,  \"autoplay\": true,  \"infinite\": true,  \"slidesToScroll\": 1,  \"responsive\": [{\"breakpoint\": 1024, \"settings\": {\"slidesToShow\": 3, \"slidesToScroll\": 1}}, {\"breakpoint\": 600, \"settings\": {\"slidesToShow\": 2, \"slidesToScroll\": 1}}, {\"breakpoint\": 480, \"settings\": {\"slidesToShow\": 1, \"slidesToScroll\": 1}}]  }'  class=\"el-grid no_magnific products row gg-slick-carousel \" data-layout-mode=\"fitRows\" data-pagination=\"\"><div class=\"3\"><img loading=\"lazy\" decoding=\"async\" width=\"1024\" height=\"768\" src=\"https:\/\/dinfante.com\/wp-content\/uploads\/2021\/01\/vino_albaleia_02.jpg\" class=\"attachment-full\" alt=\"Vino de Huelva, Fotograf\u00eda de producto, gemabur fotograf\u00eda\" title=\"vino_albaleia_02\" srcset=\"https:\/\/dinfante.com\/wp-content\/uploads\/2021\/01\/vino_albaleia_02.jpg 1024w, https:\/\/dinfante.com\/wp-content\/uploads\/2021\/01\/vino_albaleia_02-300x225.jpg 300w, https:\/\/dinfante.com\/wp-content\/uploads\/2021\/01\/vino_albaleia_02-768x576.jpg 768w\" sizes=\"auto, (max-width: 1024px) 100vw, 1024px\" \/><\/div><div class=\"3\"><img loading=\"lazy\" decoding=\"async\" width=\"1024\" height=\"768\" src=\"https:\/\/dinfante.com\/wp-content\/uploads\/2021\/01\/vino_albaleia_03.jpg\" class=\"attachment-full\" alt=\"Vino de Huelva, Fotograf\u00eda de producto, gemabur fotograf\u00eda\" title=\"vino_albaleia_03\" srcset=\"https:\/\/dinfante.com\/wp-content\/uploads\/2021\/01\/vino_albaleia_03.jpg 1024w, https:\/\/dinfante.com\/wp-content\/uploads\/2021\/01\/vino_albaleia_03-300x225.jpg 300w, https:\/\/dinfante.com\/wp-content\/uploads\/2021\/01\/vino_albaleia_03-768x576.jpg 768w\" sizes=\"auto, (max-width: 1024px) 100vw, 1024px\" \/><\/div><div class=\"3\"><img loading=\"lazy\" decoding=\"async\" width=\"1024\" height=\"768\" src=\"https:\/\/dinfante.com\/wp-content\/uploads\/2021\/01\/vino_albaleia_01.jpg\" class=\"attachment-full\" alt=\"Cino Colombar, Vino de Huelva, Gemabur Fotograf\u00eda\" title=\"vino_albaleia_01\" srcset=\"https:\/\/dinfante.com\/wp-content\/uploads\/2021\/01\/vino_albaleia_01.jpg 1024w, https:\/\/dinfante.com\/wp-content\/uploads\/2021\/01\/vino_albaleia_01-300x225.jpg 300w, https:\/\/dinfante.com\/wp-content\/uploads\/2021\/01\/vino_albaleia_01-768x576.jpg 768w\" sizes=\"auto, (max-width: 1024px) 100vw, 1024px\" \/><\/div>\n\t<\/div>\n\t<\/div>\n\t<\/div>[\/vc_column][\/vc_row]<\/p>\n","protected":false},"excerpt":{"rendered":"<p>Entdecken Sie den Rotwein 100% Syrah von Bodegas MAM, der \u00f6kologisch vor den Toren von Do\u00f1ana angebaut wird. Sein einzigartiger Charakter r\u00fchrt vom Einfluss des K\u00fcstenklimas und der N\u00e4he zum Atlantik her. Ein Wein mit der Seele von Land und Meer.  <\/p>\n","protected":false},"featured_media":3273,"template":"","meta":[],"product_brand":[],"product_cat":[77],"product_tag":[],"class_list":{"0":"post-3272","1":"product","2":"type-product","3":"status-publish","4":"has-post-thumbnail","6":"product_cat-nicht-kategorisiert","8":"first","9":"instock","10":"taxable","11":"shipping-taxable","12":"purchasable","13":"product-type-simple"},"acf":[],"yoast_head":"<!-- This site is optimized with the Yoast SEO plugin v27.1.1 - https:\/\/yoast.com\/product\/yoast-seo-wordpress\/ -->\n<title>Versus Mare  \u00b7 Jahrgang 2023 \u00b7  3er-Pack Flaschen - Bodegas Infante<\/title>\n<meta name=\"description\" content=\"Rotwein 100% Syrah von Bodegas MAM, mit einzigartigem Charakter, beeinflusst durch das K\u00fcstenklima und den \u00f6kologischen Anbau in der N\u00e4he von Do\u00f1ana.\" \/>\n<meta name=\"robots\" content=\"index, follow, max-snippet:-1, max-image-preview:large, max-video-preview:-1\" \/>\n<link rel=\"canonical\" href=\"https:\/\/dinfante.com\/de\/producto\/versus-mare-%c2%b7-jahrgang-2023-%c2%b7-3er-pack-flaschen\/\" \/>\n<meta property=\"og:locale\" content=\"de_DE\" \/>\n<meta property=\"og:type\" content=\"article\" \/>\n<meta property=\"og:title\" content=\"Versus Mare  \u00b7 Jahrgang 2023 \u00b7  3er-Pack Flaschen - Bodegas Infante\" \/>\n<meta property=\"og:description\" content=\"Rotwein 100% Syrah von Bodegas MAM, mit einzigartigem Charakter, beeinflusst durch das K\u00fcstenklima und den \u00f6kologischen Anbau in der N\u00e4he von Do\u00f1ana.\" \/>\n<meta property=\"og:url\" content=\"https:\/\/dinfante.com\/de\/producto\/versus-mare-%c2%b7-jahrgang-2023-%c2%b7-3er-pack-flaschen\/\" \/>\n<meta property=\"og:site_name\" content=\"Bodegas Infante\" \/>\n<meta property=\"article:modified_time\" content=\"2026-01-26T08:46:58+00:00\" \/>\n<meta property=\"og:image\" content=\"https:\/\/dinfante.com\/wp-content\/uploads\/2024\/10\/prod-Versus-mare.png\" \/>\n\t<meta property=\"og:image:width\" content=\"500\" \/>\n\t<meta property=\"og:image:height\" content=\"828\" \/>\n\t<meta property=\"og:image:type\" content=\"image\/png\" \/>\n<meta name=\"twitter:card\" content=\"summary_large_image\" \/>\n<meta name=\"twitter:label1\" content=\"Gesch\u00e4tzte Lesezeit\" \/>\n\t<meta name=\"twitter:data1\" content=\"2\u00a0Minuten\" \/>\n<script type=\"application\/ld+json\" class=\"yoast-schema-graph\">{\"@context\":\"https:\/\/schema.org\",\"@graph\":[{\"@type\":\"WebPage\",\"@id\":\"https:\/\/dinfante.com\/de\/producto\/versus-mare-%c2%b7-jahrgang-2023-%c2%b7-3er-pack-flaschen\/\",\"url\":\"https:\/\/dinfante.com\/de\/producto\/versus-mare-%c2%b7-jahrgang-2023-%c2%b7-3er-pack-flaschen\/\",\"name\":\"Versus Mare \u00b7 Jahrgang 2023 \u00b7 3er-Pack Flaschen - Bodegas Infante\",\"isPartOf\":{\"@id\":\"https:\/\/dinfante.com\/de\/#website\"},\"primaryImageOfPage\":{\"@id\":\"https:\/\/dinfante.com\/de\/producto\/versus-mare-%c2%b7-jahrgang-2023-%c2%b7-3er-pack-flaschen\/#primaryimage\"},\"image\":{\"@id\":\"https:\/\/dinfante.com\/de\/producto\/versus-mare-%c2%b7-jahrgang-2023-%c2%b7-3er-pack-flaschen\/#primaryimage\"},\"thumbnailUrl\":\"https:\/\/dinfante.com\/wp-content\/uploads\/2024\/10\/prod-Versus-mare.png\",\"datePublished\":\"2021-01-19T17:20:21+00:00\",\"dateModified\":\"2026-01-26T08:46:58+00:00\",\"description\":\"Rotwein 100% Syrah von Bodegas MAM, mit einzigartigem Charakter, beeinflusst durch das K\u00fcstenklima und den \u00f6kologischen Anbau in der N\u00e4he von Do\u00f1ana.\",\"breadcrumb\":{\"@id\":\"https:\/\/dinfante.com\/de\/producto\/versus-mare-%c2%b7-jahrgang-2023-%c2%b7-3er-pack-flaschen\/#breadcrumb\"},\"inLanguage\":\"de\",\"potentialAction\":[{\"@type\":\"ReadAction\",\"target\":[\"https:\/\/dinfante.com\/de\/producto\/versus-mare-%c2%b7-jahrgang-2023-%c2%b7-3er-pack-flaschen\/\"]}]},{\"@type\":\"ImageObject\",\"inLanguage\":\"de\",\"@id\":\"https:\/\/dinfante.com\/de\/producto\/versus-mare-%c2%b7-jahrgang-2023-%c2%b7-3er-pack-flaschen\/#primaryimage\",\"url\":\"https:\/\/dinfante.com\/wp-content\/uploads\/2024\/10\/prod-Versus-mare.png\",\"contentUrl\":\"https:\/\/dinfante.com\/wp-content\/uploads\/2024\/10\/prod-Versus-mare.png\",\"width\":500,\"height\":828,\"caption\":\"Boella de 75 cl de vino tinto Versus Mare a\u00f1ada 2023\"},{\"@type\":\"BreadcrumbList\",\"@id\":\"https:\/\/dinfante.com\/de\/producto\/versus-mare-%c2%b7-jahrgang-2023-%c2%b7-3er-pack-flaschen\/#breadcrumb\",\"itemListElement\":[{\"@type\":\"ListItem\",\"position\":1,\"name\":\"Portada\",\"item\":\"https:\/\/dinfante.com\/de\/\"},{\"@type\":\"ListItem\",\"position\":2,\"name\":\"Tienda\",\"item\":\"https:\/\/dinfante.com\/en\/shop\/\"},{\"@type\":\"ListItem\",\"position\":3,\"name\":\"Versus Mare \u00b7 Jahrgang 2023 \u00b7 3er-Pack Flaschen\"}]},{\"@type\":\"WebSite\",\"@id\":\"https:\/\/dinfante.com\/de\/#website\",\"url\":\"https:\/\/dinfante.com\/de\/\",\"name\":\"Bodegas Infante\",\"description\":\"Artesanos del Brandy y vinos\",\"publisher\":{\"@id\":\"https:\/\/dinfante.com\/de\/#organization\"},\"potentialAction\":[{\"@type\":\"SearchAction\",\"target\":{\"@type\":\"EntryPoint\",\"urlTemplate\":\"https:\/\/dinfante.com\/de\/?s={search_term_string}\"},\"query-input\":{\"@type\":\"PropertyValueSpecification\",\"valueRequired\":true,\"valueName\":\"search_term_string\"}}],\"inLanguage\":\"de\"},{\"@type\":\"Organization\",\"@id\":\"https:\/\/dinfante.com\/de\/#organization\",\"name\":\"Bodegas Infante\",\"url\":\"https:\/\/dinfante.com\/de\/\",\"logo\":{\"@type\":\"ImageObject\",\"inLanguage\":\"de\",\"@id\":\"https:\/\/dinfante.com\/de\/#\/schema\/logo\/image\/\",\"url\":\"https:\/\/dinfante.com\/wp-content\/uploads\/2021\/04\/cabecera_tienda.jpg\",\"contentUrl\":\"https:\/\/dinfante.com\/wp-content\/uploads\/2021\/04\/cabecera_tienda.jpg\",\"width\":600,\"height\":151,\"caption\":\"Bodegas Infante\"},\"image\":{\"@id\":\"https:\/\/dinfante.com\/de\/#\/schema\/logo\/image\/\"}}]}<\/script>\n<!-- \/ Yoast SEO plugin. -->","yoast_head_json":{"title":"Versus Mare  \u00b7 Jahrgang 2023 \u00b7  3er-Pack Flaschen - Bodegas Infante","description":"Rotwein 100% Syrah von Bodegas MAM, mit einzigartigem Charakter, beeinflusst durch das K\u00fcstenklima und den \u00f6kologischen Anbau in der N\u00e4he von Do\u00f1ana.","robots":{"index":"index","follow":"follow","max-snippet":"max-snippet:-1","max-image-preview":"max-image-preview:large","max-video-preview":"max-video-preview:-1"},"canonical":"https:\/\/dinfante.com\/de\/producto\/versus-mare-%c2%b7-jahrgang-2023-%c2%b7-3er-pack-flaschen\/","og_locale":"de_DE","og_type":"article","og_title":"Versus Mare  \u00b7 Jahrgang 2023 \u00b7  3er-Pack Flaschen - Bodegas Infante","og_description":"Rotwein 100% Syrah von Bodegas MAM, mit einzigartigem Charakter, beeinflusst durch das K\u00fcstenklima und den \u00f6kologischen Anbau in der N\u00e4he von Do\u00f1ana.","og_url":"https:\/\/dinfante.com\/de\/producto\/versus-mare-%c2%b7-jahrgang-2023-%c2%b7-3er-pack-flaschen\/","og_site_name":"Bodegas Infante","article_modified_time":"2026-01-26T08:46:58+00:00","og_image":[{"width":500,"height":828,"url":"https:\/\/dinfante.com\/wp-content\/uploads\/2024\/10\/prod-Versus-mare.png","type":"image\/png"}],"twitter_card":"summary_large_image","twitter_misc":{"Gesch\u00e4tzte Lesezeit":"2\u00a0Minuten"},"schema":{"@context":"https:\/\/schema.org","@graph":[{"@type":"WebPage","@id":"https:\/\/dinfante.com\/de\/producto\/versus-mare-%c2%b7-jahrgang-2023-%c2%b7-3er-pack-flaschen\/","url":"https:\/\/dinfante.com\/de\/producto\/versus-mare-%c2%b7-jahrgang-2023-%c2%b7-3er-pack-flaschen\/","name":"Versus Mare \u00b7 Jahrgang 2023 \u00b7 3er-Pack Flaschen - Bodegas Infante","isPartOf":{"@id":"https:\/\/dinfante.com\/de\/#website"},"primaryImageOfPage":{"@id":"https:\/\/dinfante.com\/de\/producto\/versus-mare-%c2%b7-jahrgang-2023-%c2%b7-3er-pack-flaschen\/#primaryimage"},"image":{"@id":"https:\/\/dinfante.com\/de\/producto\/versus-mare-%c2%b7-jahrgang-2023-%c2%b7-3er-pack-flaschen\/#primaryimage"},"thumbnailUrl":"https:\/\/dinfante.com\/wp-content\/uploads\/2024\/10\/prod-Versus-mare.png","datePublished":"2021-01-19T17:20:21+00:00","dateModified":"2026-01-26T08:46:58+00:00","description":"Rotwein 100% Syrah von Bodegas MAM, mit einzigartigem Charakter, beeinflusst durch das K\u00fcstenklima und den \u00f6kologischen Anbau in der N\u00e4he von Do\u00f1ana.","breadcrumb":{"@id":"https:\/\/dinfante.com\/de\/producto\/versus-mare-%c2%b7-jahrgang-2023-%c2%b7-3er-pack-flaschen\/#breadcrumb"},"inLanguage":"de","potentialAction":[{"@type":"ReadAction","target":["https:\/\/dinfante.com\/de\/producto\/versus-mare-%c2%b7-jahrgang-2023-%c2%b7-3er-pack-flaschen\/"]}]},{"@type":"ImageObject","inLanguage":"de","@id":"https:\/\/dinfante.com\/de\/producto\/versus-mare-%c2%b7-jahrgang-2023-%c2%b7-3er-pack-flaschen\/#primaryimage","url":"https:\/\/dinfante.com\/wp-content\/uploads\/2024\/10\/prod-Versus-mare.png","contentUrl":"https:\/\/dinfante.com\/wp-content\/uploads\/2024\/10\/prod-Versus-mare.png","width":500,"height":828,"caption":"Boella de 75 cl de vino tinto Versus Mare a\u00f1ada 2023"},{"@type":"BreadcrumbList","@id":"https:\/\/dinfante.com\/de\/producto\/versus-mare-%c2%b7-jahrgang-2023-%c2%b7-3er-pack-flaschen\/#breadcrumb","itemListElement":[{"@type":"ListItem","position":1,"name":"Portada","item":"https:\/\/dinfante.com\/de\/"},{"@type":"ListItem","position":2,"name":"Tienda","item":"https:\/\/dinfante.com\/en\/shop\/"},{"@type":"ListItem","position":3,"name":"Versus Mare \u00b7 Jahrgang 2023 \u00b7 3er-Pack Flaschen"}]},{"@type":"WebSite","@id":"https:\/\/dinfante.com\/de\/#website","url":"https:\/\/dinfante.com\/de\/","name":"Bodegas Infante","description":"Artesanos del Brandy y vinos","publisher":{"@id":"https:\/\/dinfante.com\/de\/#organization"},"potentialAction":[{"@type":"SearchAction","target":{"@type":"EntryPoint","urlTemplate":"https:\/\/dinfante.com\/de\/?s={search_term_string}"},"query-input":{"@type":"PropertyValueSpecification","valueRequired":true,"valueName":"search_term_string"}}],"inLanguage":"de"},{"@type":"Organization","@id":"https:\/\/dinfante.com\/de\/#organization","name":"Bodegas Infante","url":"https:\/\/dinfante.com\/de\/","logo":{"@type":"ImageObject","inLanguage":"de","@id":"https:\/\/dinfante.com\/de\/#\/schema\/logo\/image\/","url":"https:\/\/dinfante.com\/wp-content\/uploads\/2021\/04\/cabecera_tienda.jpg","contentUrl":"https:\/\/dinfante.com\/wp-content\/uploads\/2021\/04\/cabecera_tienda.jpg","width":600,"height":151,"caption":"Bodegas Infante"},"image":{"@id":"https:\/\/dinfante.com\/de\/#\/schema\/logo\/image\/"}}]}},"_links":{"self":[{"href":"https:\/\/dinfante.com\/de\/wp-json\/wp\/v2\/product\/3272","targetHints":{"allow":["GET"]}}],"collection":[{"href":"https:\/\/dinfante.com\/de\/wp-json\/wp\/v2\/product"}],"about":[{"href":"https:\/\/dinfante.com\/de\/wp-json\/wp\/v2\/types\/product"}],"wp:featuredmedia":[{"embeddable":true,"href":"https:\/\/dinfante.com\/de\/wp-json\/wp\/v2\/media\/3273"}],"wp:attachment":[{"href":"https:\/\/dinfante.com\/de\/wp-json\/wp\/v2\/media?parent=3272"}],"wp:term":[{"taxonomy":"product_brand","embeddable":true,"href":"https:\/\/dinfante.com\/de\/wp-json\/wp\/v2\/product_brand?post=3272"},{"taxonomy":"product_cat","embeddable":true,"href":"https:\/\/dinfante.com\/de\/wp-json\/wp\/v2\/product_cat?post=3272"},{"taxonomy":"product_tag","embeddable":true,"href":"https:\/\/dinfante.com\/de\/wp-json\/wp\/v2\/product_tag?post=3272"}],"curies":[{"name":"wp","href":"https:\/\/api.w.org\/{rel}","templated":true}]}}