{"id":3280,"date":"2025-06-12T08:33:18","date_gmt":"2025-06-12T08:33:18","guid":{"rendered":"https:\/\/dinfante.com\/producto\/nicht-filtriertes-bio-natives-olivenoel-extra-cortijo-de-los-dolmenes-%c2%b7-5-l-kanister\/"},"modified":"2026-01-27T08:56:49","modified_gmt":"2026-01-27T08:56:49","slug":"nicht-filtriertes-bio-natives-olivenoel-extra-cortijo-de-los-dolmenes-%c2%b7-5-l-kanister","status":"publish","type":"product","link":"https:\/\/dinfante.com\/de\/producto\/nicht-filtriertes-bio-natives-olivenoel-extra-cortijo-de-los-dolmenes-%c2%b7-5-l-kanister\/","title":{"rendered":"NICHT FILTRIERTES BIO-NATIVES OLIVEN\u00d6L EXTRA CORTIJO DE LOS D\u00d3LMENES \u00b7 5-L-KANISTER"},"content":{"rendered":"<p><span dir=\"auto\" style=\"vertical-align: inherit;\"><span dir=\"auto\" style=\"vertical-align: inherit;\">[vc_row css=&#8220;.vc_custom_1610395611398{padding-top: 5% !important;padding-right: 5% !important;padding-bottom: 5% !important;padding-left: 5% !important;background-color: #106f64 !important;}&#8220;][vc_column][vc_tta_tabs style=&#8220;theme&#8220; alignment=&#8220;center&#8220; active_section=&#8220;1&#8243;][vc_tta_section title=&#8220;HERSTELLUNG&#8220; tab_id=&#8220;elaboraci\u00f3n&#8220;][vc_column_text]<\/span><\/span><\/p>\n<div class=\"flex-1 overflow-hidden\">\n<div class=\"react-scroll-to-bottom--css-dzidu-79elbk h-full\">\n<div class=\"react-scroll-to-bottom--css-dzidu-1n7m0yu\">\n<div class=\"flex flex-col text-sm gizmo:pb-9 dark:bg-gray-800 gizmo:dark:bg-transparent\">\n<div class=\"w-full text-token-text-primary border-b border-black\/10 gizmo:border-0 dark:border-gray-900\/50 gizmo:dark:border-0 bg-gray-50 gizmo:bg-transparent dark:bg-[#444654] gizmo:dark:bg-transparent\" data-testid=\"conversation-turn-5\">\n<div class=\"p-4 gizmo:py-2 justify-center text-base md:gap-6 md:py-6 m-auto\">\n<div class=\"flex flex-1 gap-4 text-base mx-auto md:gap-6 gizmo:gap-3 gizmo:md:px-5 gizmo:lg:px-1 gizmo:xl:px-5 md:max-w-2xl lg:max-w-[38rem] gizmo:md:max-w-3xl gizmo:lg:max-w-[40rem] gizmo:xl:max-w-[48rem] xl:max-w-3xl } group final-completion\">\n<div class=\"relative flex w-[calc(100%-50px)] flex-col gizmo:w-full lg:w-[calc(100%-115px)] agent-turn\">\n<div class=\"flex-col gap-1 md:gap-3\">\n<div class=\"flex flex-grow flex-col max-w-full gap-3 gizmo:gap-0\">\n<div class=\"min-h-[20px] text-message flex flex-col items-start gap-3 whitespace-pre-wrap break-words [.text-message+&amp;]:mt-5 overflow-x-auto\" data-message-author-role=\"assistant\" data-message-id=\"8d09168c-14cd-44ea-9648-7d1a44b1c327\">\n<div class=\"markdown prose w-full break-words dark:prose-invert light\">\n<p><span dir=\"auto\" style=\"vertical-align: inherit;\"><span dir=\"auto\" style=\"vertical-align: inherit;\">Natives Oliven\u00f6l Extra Multivarietal, sorgf\u00e4ltig hergestellt aus ausgew\u00e4hlten Oliven eines Olivenhains im Umstellungsprozess auf \u00f6kologischen Anbau. \ud83c\udf31<\/span><\/span><\/p>\n<p><span dir=\"auto\" style=\"vertical-align: inherit;\"><span dir=\"auto\" style=\"vertical-align: inherit;\">Eine einzigartige Kombination von Sorten, die zu einem ausgewogenen, aromatischen und nuancenreichen Oliven\u00f6l extra vergine f\u00fchrt, perfekt f\u00fcr Ihre Gerichte. \ud83e\udd57\ud83c\udf5e <\/span><\/span><\/p>\n<\/div>\n<\/div>\n<\/div>\n<\/div>\n<\/div>\n<\/div>\n<\/div>\n<\/div>\n<\/div>\n<\/div>\n<\/div>\n<\/div>\n<p><span dir=\"auto\" style=\"vertical-align: inherit;\"><span dir=\"auto\" style=\"vertical-align: inherit;\">[\/vc_column_text][\/vc_tta_section][vc_tta_section title=&#8220;VERKOSTUNGSNOTIZEN&#8220; tab_id=&#8220;cata&#8220;][vc_column_text] <\/span><\/span><span style=\"color: #f1cd7f;\"><strong><span dir=\"auto\" style=\"vertical-align: inherit;\"><span dir=\"auto\" style=\"vertical-align: inherit;\">OPTIK:<\/span><\/span><\/strong> <\/span><span dir=\"auto\" style=\"vertical-align: inherit;\"><span dir=\"auto\" style=\"vertical-align: inherit;\"> Es pr\u00e4sentiert eine intensive gr\u00fcne Farbe mit goldenen Reflexen und einer bemerkenswerten Dichte, typisch f\u00fcr seinen ungefilterten Zustand. Sein tr\u00fcbes Aussehen offenbart die Authentizit\u00e4t des Produkts und seine minimale Bearbeitung. <\/span><\/span><\/p>\n<p><span style=\"color: #f1cd7f;\"><strong><span dir=\"auto\" style=\"vertical-align: inherit;\"><span dir=\"auto\" style=\"vertical-align: inherit;\">NASE:<\/span><\/span><\/strong><\/span><span dir=\"auto\" style=\"vertical-align: inherit;\"><span dir=\"auto\" style=\"vertical-align: inherit;\"> In der Nase ist es sehr ausdrucksstark und frisch. Es dominieren gr\u00fcne und krautige Aromen: Olivenblatt, gr\u00fcne Tomate, Artischocke und eine leichte Erinnerung an frische Mandeln. Die verschiedenen Sorten tragen zur Komplexit\u00e4t bei, mit Noten, die an Feigenbaum und gr\u00fcne Banane erinnern.  <\/span><\/span><\/p>\n<p><span style=\"color: #f1cd7f;\"><strong><span dir=\"auto\" style=\"vertical-align: inherit;\"><span dir=\"auto\" style=\"vertical-align: inherit;\">MUND:<\/span><\/span><\/strong><\/span><span dir=\"auto\" style=\"vertical-align: inherit;\"><span dir=\"auto\" style=\"vertical-align: inherit;\"> Am Gaumen zeigt es sich ausgewogen, mit einem s\u00fc\u00dfen Auftakt, gefolgt von einer mittleren Bitterkeit und einer progressiven und anhaltenden Sch\u00e4rfe. Die Textur ist dicht und seidig und hinterl\u00e4sst ein Gef\u00fchl der F\u00fclle am Gaumen. Der Nachgeschmack best\u00e4tigt die pflanzlichen Noten und das Vorhandensein von Polyphenolen, was seine hohe Qualit\u00e4t und seinen gesundheitsf\u00f6rdernden Charakter widerspiegelt.[\/vc_column_text][\/vc_tta_section][vc_tta_section title=&#8220;MOMENTE DES GENIESSENS&#8220; tab_id=&#8220;maridaje&#8220;][vc_column_text]<\/span><\/span><\/p>\n<p data-start=\"1009\" data-end=\"1245\"><strong data-start=\"1009\" data-end=\"1030\"><span dir=\"auto\" style=\"vertical-align: inherit;\"><span dir=\"auto\" style=\"vertical-align: inherit;\">Serviervorschlag<\/span><\/span><\/strong><span dir=\"auto\" style=\"vertical-align: inherit;\"><span dir=\"auto\" style=\"vertical-align: inherit;\"> : Ideal f\u00fcr den Rohverzehr auf handwerklichem Brot, Salaten, gereiftem K\u00e4se, wei\u00dfem Fisch oder als letzten Schliff in Eint\u00f6pfen. Seine Intensit\u00e4t und sein Reichtum machen es perfekt f\u00fcr einfache Zubereitungen. <\/span><\/span><\/p>\n<p data-start=\"1247\" data-end=\"1421\"><strong data-start=\"1247\" data-end=\"1264\"><span dir=\"auto\" style=\"vertical-align: inherit;\"><span dir=\"auto\" style=\"vertical-align: inherit;\">Empfehlung<\/span><\/span><\/strong><span dir=\"auto\" style=\"vertical-align: inherit;\"><span dir=\"auto\" style=\"vertical-align: inherit;\"> : Da es ungefiltert ist, wird empfohlen, es vor Gebrauch vorsichtig zu sch\u00fctteln und an einem k\u00fchlen, lichtgesch\u00fctzten Ort aufzubewahren, um seine Eigenschaften intakt zu halten.<\/span><\/span><\/p>\n<p><span dir=\"auto\" style=\"vertical-align: inherit;\"><span dir=\"auto\" style=\"vertical-align: inherit;\">[\/vc_column_text][\/vc_tta_section][\/vc_tta_tabs][\/vc_column][\/vc_row]<\/span><\/span><\/p>\n","protected":false},"excerpt":{"rendered":"<p data-start=\"160\" data-end=\"244\"><strong data-start=\"160\" data-end=\"244\"><span dir=\"auto\" style=\"vertical-align: inherit;\"><span dir=\"auto\" style=\"vertical-align: inherit;\">5-L-KANISTER \u2013 Nicht filtriertes Bio-Natives Oliven\u00f6l Extra Cortijo de los D\u00f3lmenes<\/span><\/span><\/strong><\/p>\n<p data-start=\"246\" data-end=\"573\"><span dir=\"auto\" style=\"vertical-align: inherit;\"><span dir=\"auto\" style=\"vertical-align: inherit;\">Genie\u00dfen Sie den authentischsten Geschmack mit dieser exklusiven Pr\u00e4sentation unseres ungefilterten, \u00f6kologischen nativen Oliven\u00f6ls extra. Jede Kiste enth\u00e4lt 6 Flaschen \u00e0 500 ml, die aus einer sorgf\u00e4ltigen Auswahl von Oliven der Sorten Picual, Gordal und Verdial hergestellt werden, die nachhaltig angebaut und zum optimalen Zeitpunkt geerntet werden. <\/span><\/span><\/p>\n<p data-start=\"575\" data-end=\"815\"><span dir=\"auto\" style=\"vertical-align: inherit;\"><span dir=\"auto\" style=\"vertical-align: inherit;\">Ein \u00d6l in limitierter Auflage, von robustem Charakter und voller gr\u00fcner Nuancen, ideal f\u00fcr alle, die Wert auf Qualit\u00e4t, Tradition und Gesundheit legen. Seine Form in einer halben Literflasche ist perfekt f\u00fcr den h\u00e4uslichen Gebrauch oder als Gourmet-Detail. <\/span><\/span><\/p>\n","protected":false},"featured_media":3281,"template":"","meta":[],"product_brand":[],"product_cat":[75,61],"product_tag":[],"class_list":{"0":"post-3280","1":"product","2":"type-product","3":"status-publish","4":"has-post-thumbnail","6":"product_cat-ol","7":"product_cat-premium-de","9":"first","10":"instock","11":"taxable","12":"shipping-taxable","13":"purchasable","14":"product-type-simple"},"acf":[],"yoast_head":"<!-- This site is optimized with the Yoast SEO plugin v27.1.1 - https:\/\/yoast.com\/product\/yoast-seo-wordpress\/ -->\n<title>NICHT FILTRIERTES BIO-NATIVES OLIVEN\u00d6L EXTRA CORTIJO DE LOS D\u00d3LMENES \u00b7 5-L-KANISTER - Bodegas Infante<\/title>\n<meta name=\"description\" content=\"Ungefiltertes Bio-Oliven\u00f6l Extra: Handwerklich, intensiv, nat\u00fcrlich, nuancenreich. S\u00fcdlicher Geschmack.\" \/>\n<meta name=\"robots\" content=\"index, follow, max-snippet:-1, max-image-preview:large, max-video-preview:-1\" \/>\n<link rel=\"canonical\" href=\"https:\/\/dinfante.com\/de\/producto\/nicht-filtriertes-bio-natives-olivenoel-extra-cortijo-de-los-dolmenes-%c2%b7-5-l-kanister\/\" \/>\n<meta property=\"og:locale\" content=\"de_DE\" \/>\n<meta property=\"og:type\" content=\"article\" \/>\n<meta property=\"og:title\" content=\"NICHT FILTRIERTES BIO-NATIVES OLIVEN\u00d6L EXTRA CORTIJO DE LOS D\u00d3LMENES \u00b7 5-L-KANISTER - Bodegas Infante\" \/>\n<meta property=\"og:description\" content=\"Ungefiltertes Bio-Oliven\u00f6l Extra: Handwerklich, intensiv, nat\u00fcrlich, nuancenreich. S\u00fcdlicher Geschmack.\" \/>\n<meta property=\"og:url\" content=\"https:\/\/dinfante.com\/de\/producto\/nicht-filtriertes-bio-natives-olivenoel-extra-cortijo-de-los-dolmenes-%c2%b7-5-l-kanister\/\" \/>\n<meta property=\"og:site_name\" content=\"Bodegas Infante\" \/>\n<meta property=\"article:modified_time\" content=\"2026-01-27T08:56:49+00:00\" \/>\n<meta property=\"og:image\" content=\"https:\/\/dinfante.com\/wp-content\/uploads\/2025\/06\/prod-infante-Aceite-Garrafa-5L.png\" \/>\n\t<meta property=\"og:image:width\" content=\"500\" \/>\n\t<meta property=\"og:image:height\" content=\"828\" \/>\n\t<meta property=\"og:image:type\" content=\"image\/png\" \/>\n<meta name=\"twitter:card\" content=\"summary_large_image\" \/>\n<meta name=\"twitter:label1\" content=\"Gesch\u00e4tzte Lesezeit\" \/>\n\t<meta name=\"twitter:data1\" content=\"2\u00a0Minuten\" \/>\n<script type=\"application\/ld+json\" class=\"yoast-schema-graph\">{\"@context\":\"https:\/\/schema.org\",\"@graph\":[{\"@type\":\"WebPage\",\"@id\":\"https:\/\/dinfante.com\/de\/producto\/nicht-filtriertes-bio-natives-olivenoel-extra-cortijo-de-los-dolmenes-%c2%b7-5-l-kanister\/\",\"url\":\"https:\/\/dinfante.com\/de\/producto\/nicht-filtriertes-bio-natives-olivenoel-extra-cortijo-de-los-dolmenes-%c2%b7-5-l-kanister\/\",\"name\":\"NICHT FILTRIERTES BIO-NATIVES OLIVEN\u00d6L EXTRA CORTIJO DE LOS D\u00d3LMENES \u00b7 5-L-KANISTER - Bodegas Infante\",\"isPartOf\":{\"@id\":\"https:\/\/dinfante.com\/de\/#website\"},\"primaryImageOfPage\":{\"@id\":\"https:\/\/dinfante.com\/de\/producto\/nicht-filtriertes-bio-natives-olivenoel-extra-cortijo-de-los-dolmenes-%c2%b7-5-l-kanister\/#primaryimage\"},\"image\":{\"@id\":\"https:\/\/dinfante.com\/de\/producto\/nicht-filtriertes-bio-natives-olivenoel-extra-cortijo-de-los-dolmenes-%c2%b7-5-l-kanister\/#primaryimage\"},\"thumbnailUrl\":\"https:\/\/dinfante.com\/wp-content\/uploads\/2025\/06\/prod-infante-Aceite-Garrafa-5L.png\",\"datePublished\":\"2025-06-12T08:33:18+00:00\",\"dateModified\":\"2026-01-27T08:56:49+00:00\",\"description\":\"Ungefiltertes Bio-Oliven\u00f6l Extra: Handwerklich, intensiv, nat\u00fcrlich, nuancenreich. S\u00fcdlicher Geschmack.\",\"breadcrumb\":{\"@id\":\"https:\/\/dinfante.com\/de\/producto\/nicht-filtriertes-bio-natives-olivenoel-extra-cortijo-de-los-dolmenes-%c2%b7-5-l-kanister\/#breadcrumb\"},\"inLanguage\":\"de\",\"potentialAction\":[{\"@type\":\"ReadAction\",\"target\":[\"https:\/\/dinfante.com\/de\/producto\/nicht-filtriertes-bio-natives-olivenoel-extra-cortijo-de-los-dolmenes-%c2%b7-5-l-kanister\/\"]}]},{\"@type\":\"ImageObject\",\"inLanguage\":\"de\",\"@id\":\"https:\/\/dinfante.com\/de\/producto\/nicht-filtriertes-bio-natives-olivenoel-extra-cortijo-de-los-dolmenes-%c2%b7-5-l-kanister\/#primaryimage\",\"url\":\"https:\/\/dinfante.com\/wp-content\/uploads\/2025\/06\/prod-infante-Aceite-Garrafa-5L.png\",\"contentUrl\":\"https:\/\/dinfante.com\/wp-content\/uploads\/2025\/06\/prod-infante-Aceite-Garrafa-5L.png\",\"width\":500,\"height\":828},{\"@type\":\"BreadcrumbList\",\"@id\":\"https:\/\/dinfante.com\/de\/producto\/nicht-filtriertes-bio-natives-olivenoel-extra-cortijo-de-los-dolmenes-%c2%b7-5-l-kanister\/#breadcrumb\",\"itemListElement\":[{\"@type\":\"ListItem\",\"position\":1,\"name\":\"Portada\",\"item\":\"https:\/\/dinfante.com\/de\/\"},{\"@type\":\"ListItem\",\"position\":2,\"name\":\"Tienda\",\"item\":\"https:\/\/dinfante.com\/en\/shop\/\"},{\"@type\":\"ListItem\",\"position\":3,\"name\":\"NICHT FILTRIERTES BIO-NATIVES OLIVEN\u00d6L EXTRA CORTIJO DE LOS D\u00d3LMENES \u00b7 5-L-KANISTER\"}]},{\"@type\":\"WebSite\",\"@id\":\"https:\/\/dinfante.com\/de\/#website\",\"url\":\"https:\/\/dinfante.com\/de\/\",\"name\":\"Bodegas Infante\",\"description\":\"Artesanos del Brandy y vinos\",\"publisher\":{\"@id\":\"https:\/\/dinfante.com\/de\/#organization\"},\"potentialAction\":[{\"@type\":\"SearchAction\",\"target\":{\"@type\":\"EntryPoint\",\"urlTemplate\":\"https:\/\/dinfante.com\/de\/?s={search_term_string}\"},\"query-input\":{\"@type\":\"PropertyValueSpecification\",\"valueRequired\":true,\"valueName\":\"search_term_string\"}}],\"inLanguage\":\"de\"},{\"@type\":\"Organization\",\"@id\":\"https:\/\/dinfante.com\/de\/#organization\",\"name\":\"Bodegas Infante\",\"url\":\"https:\/\/dinfante.com\/de\/\",\"logo\":{\"@type\":\"ImageObject\",\"inLanguage\":\"de\",\"@id\":\"https:\/\/dinfante.com\/de\/#\/schema\/logo\/image\/\",\"url\":\"https:\/\/dinfante.com\/wp-content\/uploads\/2021\/04\/cabecera_tienda.jpg\",\"contentUrl\":\"https:\/\/dinfante.com\/wp-content\/uploads\/2021\/04\/cabecera_tienda.jpg\",\"width\":600,\"height\":151,\"caption\":\"Bodegas Infante\"},\"image\":{\"@id\":\"https:\/\/dinfante.com\/de\/#\/schema\/logo\/image\/\"}}]}<\/script>\n<!-- \/ Yoast SEO plugin. -->","yoast_head_json":{"title":"NICHT FILTRIERTES BIO-NATIVES OLIVEN\u00d6L EXTRA CORTIJO DE LOS D\u00d3LMENES \u00b7 5-L-KANISTER - Bodegas Infante","description":"Ungefiltertes Bio-Oliven\u00f6l Extra: Handwerklich, intensiv, nat\u00fcrlich, nuancenreich. S\u00fcdlicher Geschmack.","robots":{"index":"index","follow":"follow","max-snippet":"max-snippet:-1","max-image-preview":"max-image-preview:large","max-video-preview":"max-video-preview:-1"},"canonical":"https:\/\/dinfante.com\/de\/producto\/nicht-filtriertes-bio-natives-olivenoel-extra-cortijo-de-los-dolmenes-%c2%b7-5-l-kanister\/","og_locale":"de_DE","og_type":"article","og_title":"NICHT FILTRIERTES BIO-NATIVES OLIVEN\u00d6L EXTRA CORTIJO DE LOS D\u00d3LMENES \u00b7 5-L-KANISTER - Bodegas Infante","og_description":"Ungefiltertes Bio-Oliven\u00f6l Extra: Handwerklich, intensiv, nat\u00fcrlich, nuancenreich. S\u00fcdlicher Geschmack.","og_url":"https:\/\/dinfante.com\/de\/producto\/nicht-filtriertes-bio-natives-olivenoel-extra-cortijo-de-los-dolmenes-%c2%b7-5-l-kanister\/","og_site_name":"Bodegas Infante","article_modified_time":"2026-01-27T08:56:49+00:00","og_image":[{"width":500,"height":828,"url":"https:\/\/dinfante.com\/wp-content\/uploads\/2025\/06\/prod-infante-Aceite-Garrafa-5L.png","type":"image\/png"}],"twitter_card":"summary_large_image","twitter_misc":{"Gesch\u00e4tzte Lesezeit":"2\u00a0Minuten"},"schema":{"@context":"https:\/\/schema.org","@graph":[{"@type":"WebPage","@id":"https:\/\/dinfante.com\/de\/producto\/nicht-filtriertes-bio-natives-olivenoel-extra-cortijo-de-los-dolmenes-%c2%b7-5-l-kanister\/","url":"https:\/\/dinfante.com\/de\/producto\/nicht-filtriertes-bio-natives-olivenoel-extra-cortijo-de-los-dolmenes-%c2%b7-5-l-kanister\/","name":"NICHT FILTRIERTES BIO-NATIVES OLIVEN\u00d6L EXTRA CORTIJO DE LOS D\u00d3LMENES \u00b7 5-L-KANISTER - Bodegas Infante","isPartOf":{"@id":"https:\/\/dinfante.com\/de\/#website"},"primaryImageOfPage":{"@id":"https:\/\/dinfante.com\/de\/producto\/nicht-filtriertes-bio-natives-olivenoel-extra-cortijo-de-los-dolmenes-%c2%b7-5-l-kanister\/#primaryimage"},"image":{"@id":"https:\/\/dinfante.com\/de\/producto\/nicht-filtriertes-bio-natives-olivenoel-extra-cortijo-de-los-dolmenes-%c2%b7-5-l-kanister\/#primaryimage"},"thumbnailUrl":"https:\/\/dinfante.com\/wp-content\/uploads\/2025\/06\/prod-infante-Aceite-Garrafa-5L.png","datePublished":"2025-06-12T08:33:18+00:00","dateModified":"2026-01-27T08:56:49+00:00","description":"Ungefiltertes Bio-Oliven\u00f6l Extra: Handwerklich, intensiv, nat\u00fcrlich, nuancenreich. S\u00fcdlicher Geschmack.","breadcrumb":{"@id":"https:\/\/dinfante.com\/de\/producto\/nicht-filtriertes-bio-natives-olivenoel-extra-cortijo-de-los-dolmenes-%c2%b7-5-l-kanister\/#breadcrumb"},"inLanguage":"de","potentialAction":[{"@type":"ReadAction","target":["https:\/\/dinfante.com\/de\/producto\/nicht-filtriertes-bio-natives-olivenoel-extra-cortijo-de-los-dolmenes-%c2%b7-5-l-kanister\/"]}]},{"@type":"ImageObject","inLanguage":"de","@id":"https:\/\/dinfante.com\/de\/producto\/nicht-filtriertes-bio-natives-olivenoel-extra-cortijo-de-los-dolmenes-%c2%b7-5-l-kanister\/#primaryimage","url":"https:\/\/dinfante.com\/wp-content\/uploads\/2025\/06\/prod-infante-Aceite-Garrafa-5L.png","contentUrl":"https:\/\/dinfante.com\/wp-content\/uploads\/2025\/06\/prod-infante-Aceite-Garrafa-5L.png","width":500,"height":828},{"@type":"BreadcrumbList","@id":"https:\/\/dinfante.com\/de\/producto\/nicht-filtriertes-bio-natives-olivenoel-extra-cortijo-de-los-dolmenes-%c2%b7-5-l-kanister\/#breadcrumb","itemListElement":[{"@type":"ListItem","position":1,"name":"Portada","item":"https:\/\/dinfante.com\/de\/"},{"@type":"ListItem","position":2,"name":"Tienda","item":"https:\/\/dinfante.com\/en\/shop\/"},{"@type":"ListItem","position":3,"name":"NICHT FILTRIERTES BIO-NATIVES OLIVEN\u00d6L EXTRA CORTIJO DE LOS D\u00d3LMENES \u00b7 5-L-KANISTER"}]},{"@type":"WebSite","@id":"https:\/\/dinfante.com\/de\/#website","url":"https:\/\/dinfante.com\/de\/","name":"Bodegas Infante","description":"Artesanos del Brandy y vinos","publisher":{"@id":"https:\/\/dinfante.com\/de\/#organization"},"potentialAction":[{"@type":"SearchAction","target":{"@type":"EntryPoint","urlTemplate":"https:\/\/dinfante.com\/de\/?s={search_term_string}"},"query-input":{"@type":"PropertyValueSpecification","valueRequired":true,"valueName":"search_term_string"}}],"inLanguage":"de"},{"@type":"Organization","@id":"https:\/\/dinfante.com\/de\/#organization","name":"Bodegas Infante","url":"https:\/\/dinfante.com\/de\/","logo":{"@type":"ImageObject","inLanguage":"de","@id":"https:\/\/dinfante.com\/de\/#\/schema\/logo\/image\/","url":"https:\/\/dinfante.com\/wp-content\/uploads\/2021\/04\/cabecera_tienda.jpg","contentUrl":"https:\/\/dinfante.com\/wp-content\/uploads\/2021\/04\/cabecera_tienda.jpg","width":600,"height":151,"caption":"Bodegas Infante"},"image":{"@id":"https:\/\/dinfante.com\/de\/#\/schema\/logo\/image\/"}}]}},"_links":{"self":[{"href":"https:\/\/dinfante.com\/de\/wp-json\/wp\/v2\/product\/3280","targetHints":{"allow":["GET"]}}],"collection":[{"href":"https:\/\/dinfante.com\/de\/wp-json\/wp\/v2\/product"}],"about":[{"href":"https:\/\/dinfante.com\/de\/wp-json\/wp\/v2\/types\/product"}],"wp:featuredmedia":[{"embeddable":true,"href":"https:\/\/dinfante.com\/de\/wp-json\/wp\/v2\/media\/3281"}],"wp:attachment":[{"href":"https:\/\/dinfante.com\/de\/wp-json\/wp\/v2\/media?parent=3280"}],"wp:term":[{"taxonomy":"product_brand","embeddable":true,"href":"https:\/\/dinfante.com\/de\/wp-json\/wp\/v2\/product_brand?post=3280"},{"taxonomy":"product_cat","embeddable":true,"href":"https:\/\/dinfante.com\/de\/wp-json\/wp\/v2\/product_cat?post=3280"},{"taxonomy":"product_tag","embeddable":true,"href":"https:\/\/dinfante.com\/de\/wp-json\/wp\/v2\/product_tag?post=3280"}],"curies":[{"name":"wp","href":"https:\/\/api.w.org\/{rel}","templated":true}]}}