{"id":2987,"date":"2024-02-06T13:32:25","date_gmt":"2024-02-06T13:32:25","guid":{"rendered":"https:\/\/dinfante.com\/newsletter-%c2%b7-see-you-soon\/"},"modified":"2025-07-08T17:53:05","modified_gmt":"2025-07-08T17:53:05","slug":"newsletter-%c2%b7-see-you-soon","status":"publish","type":"page","link":"https:\/\/dinfante.com\/en\/newsletter-%c2%b7-see-you-soon\/","title":{"rendered":"Newsletter \u00b7 See You Soon"},"content":{"rendered":"<p>[vc_row][vc_column width=&#8221;1\/6&#8243;][\/vc_column][vc_column width=&#8221;2\/3&#8243;][vc_single_image image=&#8221;1132&#8243; img_size=&#8221;100&#215;78&#8243; alignment=&#8221;center&#8221;][vc_column_text]<\/p>\n<h2 style=\"text-align: center;\">See You, Infante Lovers!<\/h2>\n<p>[\/vc_column_text][vc_column_text]<\/p>\n<p style=\"text-align: center;\">We confirm that you have canceled your subscription and want to take a little break from our news. No problem! We understand that sometimes you need to take a breather.  <\/p>\n<p style=\"text-align: center;\">We want to thank you from the bottom of our hearts for joining our Infante Lovers family. We hope to have added a touch of joy to your day with our stories about the most fabulous vineyards and the mysteries of our winery. <\/p>\n<p style=\"text-align: center;\">If you ever miss the aroma of oak barrels or the soft whisper of vineyard leaves in the wind, you know you can resubscribe <a href=\"https:\/\/dinfante.com\/#suscripcion\">here<\/a>. We&#8217;ll be waiting with a glass of your favorite wine in hand and lots of new stories to share. <\/p>\n<p>[\/vc_column_text]\n\t<div class=\"title-subtitle-box   \" style=\" text-align: center;\">\n\t\t<div class=\"subtitle\" style=\" color:#f1cd75; \"><p><strong>\u00a1Hasta pronto, Infante Lovers!<\/strong><\/p>\n<\/div>\n\t<\/div> [vc_empty_space][\/vc_column][vc_column width=&#8221;1\/6&#8243;][\/vc_column][\/vc_row][vc_row full_width=&#8221;stretch_row&#8221; el_class=&#8221;secc_subc&#8221; css=&#8221;.vc_custom_1707226235596{margin-top: 50px !important;border-top-width: 2px !important;padding-top: 70px !important;padding-bottom: 50px !important;background-color: #116f65 !important;border-top-color: #f1cd7f !important;border-top-style: solid !important;}&#8221; el_id=&#8221;subscription&#8221;][vc_column]\n\t<div class=\"title-subtitle-box  vc_custom_1706883923142 \" style=\" text-align: center;\">\n\t\t<h1 style=\" color:#f1cd7f;  text-transform: uppercase; font-weight: 400; letter-spacing: 0px;\" >Suscr\u00edbete<\/h1>\n\t\t<div class=\"subtitle\" style=\" color:#ffffff; \"><p>\u00danete a nuestra newsletter y recibe noticias, eventos y mucho m\u00e1s en tu e-mail.<\/p>\n<\/div>\n\t<\/div> [vc_column_text]<i>\t\t\t\t\t<script type=\"text\/javascript\">\n\t\t\t\t\t\tvar gCaptchaSibWidget;\n                        var onloadSibCallbackInvisible = function () {\n\n                            var element = document.getElementsByClassName('sib-default-btn');\n                            var countInvisible = 0;\n                            var indexArray = [];\n                            jQuery('.sib-default-btn').each(function (index, el) {\n                                if ((jQuery(el).attr('id') == \"invisible\")) {\n                                    indexArray[countInvisible] = index;\n                                    countInvisible++\n                                }\n                            });\n\n                            jQuery('.invi-recaptcha').each(function (index, el) {\n                                grecaptcha.render(element[indexArray[index]], {\n                                    'sitekey': jQuery(el).attr('data-sitekey'),\n                                    'callback': sibVerifyCallback,\n                                });\n                            });\n                        };\n\t\t\t\t\t<\/script>\n\t\t\t\t\t                <script src=\"https:\/\/www.google.com\/recaptcha\/api.js?onload=onloadSibCallbackInvisible&render=explicit\" async defer><\/script>\n\t\t\t\t\n\t\t\t<form id=\"sib_signup_form_2\" method=\"post\" class=\"sib_signup_form\">\n\t\t\t\t<div class=\"sib_loader\" style=\"display:none;\"><img\n\t\t\t\t\t\t\tsrc=\"https:\/\/dinfante.com\/wp-includes\/images\/spinner.gif\" alt=\"loader\"><\/div>\n\t\t\t\t<input type=\"hidden\" name=\"sib_form_action\" value=\"subscribe_form_submit\">\n\t\t\t\t<input type=\"hidden\" name=\"sib_form_id\" value=\"2\">\n                <input type=\"hidden\" name=\"sib_form_alert_notice\" value=\"Por favor, rellene todos los campo.\">\n                <input type=\"hidden\" name=\"sib_form_invalid_email_notice\" value=\"Tu direcci\u00f3n de correo electr\u00f3nico no es v\u00e1lida.\">\n                <input type=\"hidden\" name=\"sib_security\" value=\"bb7aac747c\">\n\t\t\t\t<div class=\"sib_signup_box_inside_2\">\n\t\t\t\t\t<div style=\"\/*display:none*\/\" class=\"sib_msg_disp\">\n\t\t\t\t\t<\/div>\n                                            <div id=\"sib_captcha_invisible\" class=\"invi-recaptcha\" data-sitekey=\"6LfWOmMpAAAAAJI4neuNH4-T0EbAl2-1_aUOD7uq\"><\/div>\n                    \t\t\t\t\t<p class=\"sib-email-area\">\r\n    Email*\r\n    <input type=\"email\" class=\"sib-email-area\" name=\"email\" required=\"required\">\r\n<\/p>\r\n<p class=\"sib-NAME-area\">\r\n    Nombre*\r\n    <input type=\"text\" class=\"sib-NAME-area\" name=\"NAME\" required=\"required\">\r\n<\/p>\r\n<p class=\"sib-term\"><input type=\"checkbox\" name=\"terms\" required=\"required\">Marque aqu\u00ed para indicar que ha le\u00eddo y est\u00e1 de acuerdo con los t\u00e9rminos de la <a class=\"a-term\" href=\"https:\/\/dinfante.com\/politica-privacidad\/\">Pol\u00edtica de Privacidad<\/a>.<\/p>\r\n<p>\r\n    <input type=\"submit\" id=\"invisible\" class=\"sib-default-btn\" value=\"Subscribe\">\r\n<\/p>\r\n\t\t\t\t<\/div>\n\t\t\t<\/form>\n\t\t\t<style>\n\t\t\t\tform#sib_signup_form_2 p.sib-alert-message {\n    padding: 6px 12px;\n    margin-bottom: 20px;\n    border: 1px solid transparent;\n    border-radius: 4px;\n    -webkit-box-sizing: border-box;\n    -moz-box-sizing: border-box;\n    box-sizing: border-box;\n}\nform#sib_signup_form_2 p.sib-alert-message-error {\n    background-color: #f2dede;\n    border-color: #ebccd1;\n    color: #a94442;\n}\nform#sib_signup_form_2 p.sib-alert-message-success {\n    background-color: #dff0d8;\n    border-color: #d6e9c6;\n    color: #3c763d;\n}\nform#sib_signup_form_2 p.sib-alert-message-warning {\n    background-color: #fcf8e3;\n    border-color: #faebcc;\n    color: #8a6d3b;\n}\n\t\t\t<\/style>\n\t\t\t<\/i>[\/vc_column_text][\/vc_column][\/vc_row]<\/p>\n","protected":false},"excerpt":{"rendered":"<p>[vc_row][vc_column width=&#8221;1\/6&#8243;][\/vc_column][vc_column width=&#8221;2\/3&#8243;][vc_single_image image=&#8221;1132&#8243; img_size=&#8221;100&#215;78&#8243; alignment=&#8221;center&#8221;][vc_column_text] See You, Infante Lovers! [\/vc_column_text][vc_column_text] We confirm that you have canceled your subscription and want to take a little break from our news. No problem! We understand that sometimes you need to take a breather. We want to thank you from the bottom of our hearts for joining our<br class=\"read-more-spacer\"> <a class=\"more-link\" href=\"https:\/\/dinfante.com\/en\/newsletter-%c2%b7-see-you-soon\/\">Read More<\/a><\/p>\n","protected":false},"author":1,"featured_media":2485,"parent":0,"menu_order":0,"comment_status":"closed","ping_status":"closed","template":"","meta":{"footnotes":""},"class_list":["post-2987","page","type-page","status-publish","has-post-thumbnail","hentry"],"acf":[],"yoast_head":"<!-- This site is optimized with the Yoast SEO plugin v27.1.1 - https:\/\/yoast.com\/product\/yoast-seo-wordpress\/ -->\n<title>Newsletter \u00b7 See You Soon - Bodegas Infante<\/title>\n<meta name=\"robots\" content=\"index, follow, max-snippet:-1, max-image-preview:large, max-video-preview:-1\" \/>\n<link rel=\"canonical\" href=\"https:\/\/dinfante.com\/en\/newsletter-%c2%b7-see-you-soon\/\" \/>\n<meta property=\"og:locale\" content=\"en_US\" \/>\n<meta property=\"og:type\" content=\"article\" \/>\n<meta property=\"og:title\" content=\"Newsletter \u00b7 See You Soon - Bodegas Infante\" \/>\n<meta property=\"og:description\" content=\"[vc_row][vc_column width=&#8221;1\/6&#8243;][\/vc_column][vc_column width=&#8221;2\/3&#8243;][vc_single_image image=&#8221;1132&#8243; img_size=&#8221;100&#215;78&#8243; alignment=&#8221;center&#8221;][vc_column_text] See You, Infante Lovers! [\/vc_column_text][vc_column_text] We confirm that you have canceled your subscription and want to take a little break from our news. No problem! We understand that sometimes you need to take a breather. We want to thank you from the bottom of our hearts for joining our Read More\" \/>\n<meta property=\"og:url\" content=\"https:\/\/dinfante.com\/en\/newsletter-%c2%b7-see-you-soon\/\" \/>\n<meta property=\"og:site_name\" content=\"Bodegas Infante\" \/>\n<meta property=\"article:modified_time\" content=\"2025-07-08T17:53:05+00:00\" \/>\n<meta property=\"og:image\" content=\"https:\/\/dinfante.com\/wp-content\/uploads\/2021\/01\/slider1_4.jpg\" \/>\n\t<meta property=\"og:image:width\" content=\"1872\" \/>\n\t<meta property=\"og:image:height\" content=\"1094\" \/>\n\t<meta property=\"og:image:type\" content=\"image\/jpeg\" \/>\n<meta name=\"twitter:card\" content=\"summary_large_image\" \/>\n<meta name=\"twitter:label1\" content=\"Est. reading time\" \/>\n\t<meta name=\"twitter:data1\" content=\"1 minute\" \/>\n<script type=\"application\/ld+json\" class=\"yoast-schema-graph\">{\"@context\":\"https:\/\/schema.org\",\"@graph\":[{\"@type\":\"WebPage\",\"@id\":\"https:\/\/dinfante.com\/en\/newsletter-%c2%b7-see-you-soon\/\",\"url\":\"https:\/\/dinfante.com\/en\/newsletter-%c2%b7-see-you-soon\/\",\"name\":\"Newsletter \u00b7 See You Soon - Bodegas Infante\",\"isPartOf\":{\"@id\":\"https:\/\/dinfante.com\/en\/#website\"},\"primaryImageOfPage\":{\"@id\":\"https:\/\/dinfante.com\/en\/newsletter-%c2%b7-see-you-soon\/#primaryimage\"},\"image\":{\"@id\":\"https:\/\/dinfante.com\/en\/newsletter-%c2%b7-see-you-soon\/#primaryimage\"},\"thumbnailUrl\":\"https:\/\/dinfante.com\/wp-content\/uploads\/2021\/01\/slider1_4.jpg\",\"datePublished\":\"2024-02-06T13:32:25+00:00\",\"dateModified\":\"2025-07-08T17:53:05+00:00\",\"breadcrumb\":{\"@id\":\"https:\/\/dinfante.com\/en\/newsletter-%c2%b7-see-you-soon\/#breadcrumb\"},\"inLanguage\":\"en-US\",\"potentialAction\":[{\"@type\":\"ReadAction\",\"target\":[\"https:\/\/dinfante.com\/en\/newsletter-%c2%b7-see-you-soon\/\"]}]},{\"@type\":\"ImageObject\",\"inLanguage\":\"en-US\",\"@id\":\"https:\/\/dinfante.com\/en\/newsletter-%c2%b7-see-you-soon\/#primaryimage\",\"url\":\"https:\/\/dinfante.com\/wp-content\/uploads\/2021\/01\/slider1_4.jpg\",\"contentUrl\":\"https:\/\/dinfante.com\/wp-content\/uploads\/2021\/01\/slider1_4.jpg\",\"width\":1872,\"height\":1094},{\"@type\":\"BreadcrumbList\",\"@id\":\"https:\/\/dinfante.com\/en\/newsletter-%c2%b7-see-you-soon\/#breadcrumb\",\"itemListElement\":[{\"@type\":\"ListItem\",\"position\":1,\"name\":\"Portada\",\"item\":\"https:\/\/dinfante.com\/en\/\"},{\"@type\":\"ListItem\",\"position\":2,\"name\":\"Newsletter \u00b7 See You Soon\"}]},{\"@type\":\"WebSite\",\"@id\":\"https:\/\/dinfante.com\/en\/#website\",\"url\":\"https:\/\/dinfante.com\/en\/\",\"name\":\"Bodegas Infante\",\"description\":\"Artesanos del Brandy y vinos\",\"publisher\":{\"@id\":\"https:\/\/dinfante.com\/en\/#organization\"},\"potentialAction\":[{\"@type\":\"SearchAction\",\"target\":{\"@type\":\"EntryPoint\",\"urlTemplate\":\"https:\/\/dinfante.com\/en\/?s={search_term_string}\"},\"query-input\":{\"@type\":\"PropertyValueSpecification\",\"valueRequired\":true,\"valueName\":\"search_term_string\"}}],\"inLanguage\":\"en-US\"},{\"@type\":\"Organization\",\"@id\":\"https:\/\/dinfante.com\/en\/#organization\",\"name\":\"Bodegas Infante\",\"url\":\"https:\/\/dinfante.com\/en\/\",\"logo\":{\"@type\":\"ImageObject\",\"inLanguage\":\"en-US\",\"@id\":\"https:\/\/dinfante.com\/en\/#\/schema\/logo\/image\/\",\"url\":\"https:\/\/dinfante.com\/wp-content\/uploads\/2021\/04\/cabecera_tienda.jpg\",\"contentUrl\":\"https:\/\/dinfante.com\/wp-content\/uploads\/2021\/04\/cabecera_tienda.jpg\",\"width\":600,\"height\":151,\"caption\":\"Bodegas Infante\"},\"image\":{\"@id\":\"https:\/\/dinfante.com\/en\/#\/schema\/logo\/image\/\"}}]}<\/script>\n<!-- \/ Yoast SEO plugin. -->","yoast_head_json":{"title":"Newsletter \u00b7 See You Soon - Bodegas Infante","robots":{"index":"index","follow":"follow","max-snippet":"max-snippet:-1","max-image-preview":"max-image-preview:large","max-video-preview":"max-video-preview:-1"},"canonical":"https:\/\/dinfante.com\/en\/newsletter-%c2%b7-see-you-soon\/","og_locale":"en_US","og_type":"article","og_title":"Newsletter \u00b7 See You Soon - Bodegas Infante","og_description":"[vc_row][vc_column width=&#8221;1\/6&#8243;][\/vc_column][vc_column width=&#8221;2\/3&#8243;][vc_single_image image=&#8221;1132&#8243; img_size=&#8221;100&#215;78&#8243; alignment=&#8221;center&#8221;][vc_column_text] See You, Infante Lovers! [\/vc_column_text][vc_column_text] We confirm that you have canceled your subscription and want to take a little break from our news. No problem! We understand that sometimes you need to take a breather. We want to thank you from the bottom of our hearts for joining our Read More","og_url":"https:\/\/dinfante.com\/en\/newsletter-%c2%b7-see-you-soon\/","og_site_name":"Bodegas Infante","article_modified_time":"2025-07-08T17:53:05+00:00","og_image":[{"width":1872,"height":1094,"url":"https:\/\/dinfante.com\/wp-content\/uploads\/2021\/01\/slider1_4.jpg","type":"image\/jpeg"}],"twitter_card":"summary_large_image","twitter_misc":{"Est. reading time":"1 minute"},"schema":{"@context":"https:\/\/schema.org","@graph":[{"@type":"WebPage","@id":"https:\/\/dinfante.com\/en\/newsletter-%c2%b7-see-you-soon\/","url":"https:\/\/dinfante.com\/en\/newsletter-%c2%b7-see-you-soon\/","name":"Newsletter \u00b7 See You Soon - Bodegas Infante","isPartOf":{"@id":"https:\/\/dinfante.com\/en\/#website"},"primaryImageOfPage":{"@id":"https:\/\/dinfante.com\/en\/newsletter-%c2%b7-see-you-soon\/#primaryimage"},"image":{"@id":"https:\/\/dinfante.com\/en\/newsletter-%c2%b7-see-you-soon\/#primaryimage"},"thumbnailUrl":"https:\/\/dinfante.com\/wp-content\/uploads\/2021\/01\/slider1_4.jpg","datePublished":"2024-02-06T13:32:25+00:00","dateModified":"2025-07-08T17:53:05+00:00","breadcrumb":{"@id":"https:\/\/dinfante.com\/en\/newsletter-%c2%b7-see-you-soon\/#breadcrumb"},"inLanguage":"en-US","potentialAction":[{"@type":"ReadAction","target":["https:\/\/dinfante.com\/en\/newsletter-%c2%b7-see-you-soon\/"]}]},{"@type":"ImageObject","inLanguage":"en-US","@id":"https:\/\/dinfante.com\/en\/newsletter-%c2%b7-see-you-soon\/#primaryimage","url":"https:\/\/dinfante.com\/wp-content\/uploads\/2021\/01\/slider1_4.jpg","contentUrl":"https:\/\/dinfante.com\/wp-content\/uploads\/2021\/01\/slider1_4.jpg","width":1872,"height":1094},{"@type":"BreadcrumbList","@id":"https:\/\/dinfante.com\/en\/newsletter-%c2%b7-see-you-soon\/#breadcrumb","itemListElement":[{"@type":"ListItem","position":1,"name":"Portada","item":"https:\/\/dinfante.com\/en\/"},{"@type":"ListItem","position":2,"name":"Newsletter \u00b7 See You Soon"}]},{"@type":"WebSite","@id":"https:\/\/dinfante.com\/en\/#website","url":"https:\/\/dinfante.com\/en\/","name":"Bodegas Infante","description":"Artesanos del Brandy y vinos","publisher":{"@id":"https:\/\/dinfante.com\/en\/#organization"},"potentialAction":[{"@type":"SearchAction","target":{"@type":"EntryPoint","urlTemplate":"https:\/\/dinfante.com\/en\/?s={search_term_string}"},"query-input":{"@type":"PropertyValueSpecification","valueRequired":true,"valueName":"search_term_string"}}],"inLanguage":"en-US"},{"@type":"Organization","@id":"https:\/\/dinfante.com\/en\/#organization","name":"Bodegas Infante","url":"https:\/\/dinfante.com\/en\/","logo":{"@type":"ImageObject","inLanguage":"en-US","@id":"https:\/\/dinfante.com\/en\/#\/schema\/logo\/image\/","url":"https:\/\/dinfante.com\/wp-content\/uploads\/2021\/04\/cabecera_tienda.jpg","contentUrl":"https:\/\/dinfante.com\/wp-content\/uploads\/2021\/04\/cabecera_tienda.jpg","width":600,"height":151,"caption":"Bodegas Infante"},"image":{"@id":"https:\/\/dinfante.com\/en\/#\/schema\/logo\/image\/"}}]}},"_links":{"self":[{"href":"https:\/\/dinfante.com\/en\/wp-json\/wp\/v2\/pages\/2987","targetHints":{"allow":["GET"]}}],"collection":[{"href":"https:\/\/dinfante.com\/en\/wp-json\/wp\/v2\/pages"}],"about":[{"href":"https:\/\/dinfante.com\/en\/wp-json\/wp\/v2\/types\/page"}],"author":[{"embeddable":true,"href":"https:\/\/dinfante.com\/en\/wp-json\/wp\/v2\/users\/1"}],"replies":[{"embeddable":true,"href":"https:\/\/dinfante.com\/en\/wp-json\/wp\/v2\/comments?post=2987"}],"version-history":[{"count":8,"href":"https:\/\/dinfante.com\/en\/wp-json\/wp\/v2\/pages\/2987\/revisions"}],"predecessor-version":[{"id":3004,"href":"https:\/\/dinfante.com\/en\/wp-json\/wp\/v2\/pages\/2987\/revisions\/3004"}],"wp:featuredmedia":[{"embeddable":true,"href":"https:\/\/dinfante.com\/en\/wp-json\/wp\/v2\/media\/2485"}],"wp:attachment":[{"href":"https:\/\/dinfante.com\/en\/wp-json\/wp\/v2\/media?parent=2987"}],"curies":[{"name":"wp","href":"https:\/\/api.w.org\/{rel}","templated":true}]}}