{"id":2745,"date":"2017-04-26T13:44:24","date_gmt":"2017-04-26T13:44:24","guid":{"rendered":"https:\/\/dinfante.com\/%e6%88%91%e4%bb%ac%e7%9a%84%e6%95%85%e4%ba%8b\/"},"modified":"2025-09-17T19:19:49","modified_gmt":"2025-09-17T19:19:49","slug":"%e6%88%91%e4%bb%ac%e7%9a%84%e6%95%85%e4%ba%8b","status":"publish","type":"page","link":"https:\/\/dinfante.com\/zh-hans\/%e6%88%91%e4%bb%ac%e7%9a%84%e6%95%85%e4%ba%8b\/","title":{"rendered":"\u6211\u4eec\u7684\u6545\u4e8b"},"content":{"rendered":"<p>[vc_row el_class=&#8221;gg-force-background-bottom&#8221;][vc_column][vc_single_image image=&#8221;1274&#8243; img_size=&#8221;full&#8221; alignment=&#8221;center&#8221; css=&#8221;.vc_custom_1610456419220{margin-right: 5px !important;margin-bottom: -5px !important;padding-top: 0px !important;padding-right: 35% !important;padding-bottom: 0px !important;padding-left: 35% !important;}&#8221;]<section id=\"cd-timeline\" class=\"cd-container horizontal\">\n\t<div class=\"cd-timeline-block\">\n\t\t<div class=\"cd-timeline-img\">\n\t\t<\/div>\n\t\t<div class=\"cd-timeline-content\">\n\t\t <img decoding=\"async\" class=\"wp-post-image \" src=\"https:\/\/dinfante.com\/wp-content\/uploads\/2021\/02\/historia-bodegas-infante-1870.jpg\" alt=\"\" \/> \n\t\t<div class=\"cd-timeline-content-wrapper\">\n\t\t<p class=\"cd-title\">Fundaci\u00f3n<\/p>\n\t\t<p>Nuestra historia comienza con Miguel de los Casares, cuando abre inicialmente una modesta bodega en la entonces calle Vista-Alegre (actual Av. 28 de febrero), en la salida hacia La Palma.<\/p>\n\t\t<h4 class=\"cd-date\">1870<\/h4>\n\t\t<\/div>\n\t\t<\/div>\n\t<\/div>\n\t<div class=\"cd-timeline-block\">\n\t\t<div class=\"cd-timeline-img\">\n\t\t<\/div>\n\t\t<div class=\"cd-timeline-content\">\n\t\t <img decoding=\"async\" class=\"wp-post-image \" src=\"https:\/\/dinfante.com\/wp-content\/uploads\/2021\/01\/historia-bodegas-infante-1877.jpg\" alt=\"\" \/> \n\t\t<div class=\"cd-timeline-content-wrapper\">\n\t\t<p class=\"cd-title\">Crecimiento<\/p>\n\t\t<p>Por entonces, Miguel forma parte de los doce bodegueros bollulleros que participaron en la primera Exposici\u00f3n Vin\u00edcola Nacional. Recibi\u00f3 dos premios: Medalla de Perfecci\u00f3n por su mosto, y Menci\u00f3n por su vinagre de yema. Construye la primera gran f\u00e1brica de alcohol de Bollullos, junto a su bodega. Al estilo que imperaba en aquella \u00e9poca, su torre-alambique se confeccion\u00f3 bajo una elegante factura neomud\u00e9jar. Actualmente sirve de sede del Consejo Regulador de la Denominaci\u00f3n de Origen \u201cCondado de Huelva\u201d.<\/p>\n\t\t<h4 class=\"cd-date\">1877<\/h4>\n\t\t<\/div>\n\t\t<\/div>\n\t<\/div>\n\t<div class=\"cd-timeline-block\">\n\t\t<div class=\"cd-timeline-img\">\n\t\t<\/div>\n\t\t<div class=\"cd-timeline-content\">\n\t\t <img decoding=\"async\" class=\"wp-post-image \" src=\"https:\/\/dinfante.com\/wp-content\/uploads\/2021\/01\/historia-bodegas-infante-1927_2.jpg\" alt=\"\" \/> \n\t\t<div class=\"cd-timeline-content-wrapper\">\n\t\t<p class=\"cd-title\">Gran prestigio<\/p>\n\t\t<p>En este a\u00f1o, regenta la bodega don Francisco Vallejo, (antiguo vicepresidente de la Diputaci\u00f3n de Huelva y alcalde de Bollulos) yerno del Ferm\u00edn de los Casares, hijo de Miguel. Seg\u00fan el diario madrile\u00f1o La \u00c9poca ``...Tiene el se\u00f1or Vallejo unas bodegas que pueden competir con las de mejor producci\u00f3n y m\u00e1s notoriedad. En ellas se elaboran vinos y vinagres de alta calidad... Prod\u00facense as\u00edmismo alcoholes, anisados y co\u00f1acs, que han alcanzado un justo renombre en toda Espa\u00f1a, mereciendo la predilecci\u00f3n de los bebedores, que ven en los licores de esta casa la mejor garant\u00eda de pureza y graduaci\u00f3n``.<\/p>\n\t\t<h4 class=\"cd-date\">1927<\/h4>\n\t\t<\/div>\n\t\t<\/div>\n\t<\/div>\n\t<div class=\"cd-timeline-block\">\n\t\t<div class=\"cd-timeline-img\">\n\t\t<\/div>\n\t\t<div class=\"cd-timeline-content\">\n\t\t <img decoding=\"async\" class=\"wp-post-image \" src=\"https:\/\/dinfante.com\/wp-content\/uploads\/2021\/01\/historia-bodegas-infante-1950.jpg\" alt=\"\" \/> \n\t\t<div class=\"cd-timeline-content-wrapper\">\n\t\t<p class=\"cd-title\">Nuevas generaciones<\/p>\n\t\t<p>Tras el fallecimiento de don Francisco, es su hijo mayor, Fernando Vallejo de los Casares, quien toma el testigo de nuestra historia.<\/p>\n\t\t<h4 class=\"cd-date\">1950<\/h4>\n\t\t<\/div>\n\t\t<\/div>\n\t<\/div>\n\t<div class=\"cd-timeline-block\">\n\t\t<div class=\"cd-timeline-img\">\n\t\t<\/div>\n\t\t<div class=\"cd-timeline-content\">\n\t\t <img decoding=\"async\" class=\"wp-post-image \" src=\"https:\/\/dinfante.com\/wp-content\/uploads\/2021\/01\/historia-bodegas-infante-1963_2.jpg\" alt=\"\" \/> \n\t\t<div class=\"cd-timeline-content-wrapper\">\n\t\t<p class=\"cd-title\">D.O. Condado de Huelva<\/p>\n\t\t<p>Nuestra bodega es la \u00faltima gran bodega industrial de Bollullos, que forma parte de la creaci\u00f3n de la D.O. \u201cCondado de Huelva\u201d.<\/p>\n\t\t<h4 class=\"cd-date\">1963<\/h4>\n\t\t<\/div>\n\t\t<\/div>\n\t<\/div>\n\t<div class=\"cd-timeline-block\">\n\t\t<div class=\"cd-timeline-img\">\n\t\t<\/div>\n\t\t<div class=\"cd-timeline-content\">\n\t\t <img decoding=\"async\" class=\"wp-post-image \" src=\"https:\/\/dinfante.com\/wp-content\/uploads\/2021\/01\/historia-bodegas-infante-1993.jpg\" alt=\"\" \/> \n\t\t<div class=\"cd-timeline-content-wrapper\">\n\t\t<p class=\"cd-title\">Renovaci\u00f3n<\/p>\n\t\t<p>Es entonces cuando la bodega se ve obligada a cerrar pero su esencia no terminar\u00eda ah\u00ed, ya que el destino quiso que las soleras de las Bodegas, las madres del vino oloroso viej\u00edsimo \u201cAbuelo Ferm\u00edn\u201d y ``vino-color viej\u00edsimo`` pasaran a manos de Jos\u00e9 Infante, que les dar\u00eda una nueva vida. Hoy aquellas botas de oloroso viej\u00edsimo contienen el brandy D. Infante Gran Reserva.<\/p>\n\t\t<h4 class=\"cd-date\">1993<\/h4>\n\t\t<\/div>\n\t\t<\/div>\n\t<\/div>\n\t<div class=\"cd-timeline-block\">\n\t\t<div class=\"cd-timeline-img\">\n\t\t<\/div>\n\t\t<div class=\"cd-timeline-content\">\n\t\t <img decoding=\"async\" class=\"wp-post-image \" src=\"https:\/\/dinfante.com\/wp-content\/uploads\/2021\/01\/historia-bodegas-infante-1998.jpg\" alt=\"\" \/> \n\t\t<div class=\"cd-timeline-content-wrapper\">\n\t\t<p class=\"cd-title\">Nuevos \u00e9xitos<\/p>\n\t\t<p>Desde ese momento, Bodegas Infante no deja de crecer y de cosechar \u00e9xitos. Muestra de ello y de la calidad de sus productos es lo que hizo que el 28 de octubre de 1998 se sirviera brandy D. Infante en la sonada boda de Eugenia Mart\u00ednez de Irujo, hija de la entonces Duquesa de Alba, y el diestro Fran Rivera Ord\u00f3\u00f1ez. Este evento dispar\u00f3 a\u00fan m\u00e1s su fama y sus ventas.<\/p>\n\t\t<h4 class=\"cd-date\">1998<\/h4>\n\t\t<\/div>\n\t\t<\/div>\n\t<\/div>\n\t<div class=\"cd-timeline-block\">\n\t\t<div class=\"cd-timeline-img\">\n\t\t<\/div>\n\t\t<div class=\"cd-timeline-content\">\n\t\t <img decoding=\"async\" class=\"wp-post-image \" src=\"https:\/\/dinfante.com\/wp-content\/uploads\/2021\/01\/historia-bodegas-infante-2003_2.jpg\" alt=\"\" \/> \n\t\t<div class=\"cd-timeline-content-wrapper\">\n\t\t<p class=\"cd-title\">Expansi\u00f3n comercial<\/p>\n\t\t<p>En este punto, comienza la expansi\u00f3n comercial definitiva de Bodegas Infante. La gama de productos es incrementada llegando a comercializar tres tipos de brandy: el Reserva, Reserva Especial y Gran Reserva, y una amplia gama de productos: licor de brandy, vino naranja, ponche, Pedro Xim\u00e9nez, vermut y un vinagre de extraordinaria calidad.<\/p>\n\t\t<h4 class=\"cd-date\">2003<\/h4>\n\t\t<\/div>\n\t\t<\/div>\n\t<\/div>\n\t<div class=\"cd-timeline-block\">\n\t\t<div class=\"cd-timeline-img\">\n\t\t<\/div>\n\t\t<div class=\"cd-timeline-content\">\n\t\t <img decoding=\"async\" class=\"wp-post-image \" src=\"https:\/\/dinfante.com\/wp-content\/uploads\/2021\/01\/historia-bodegas-infante-2007.jpg\" alt=\"\" \/> \n\t\t<div class=\"cd-timeline-content-wrapper\">\n\t\t<p class=\"cd-title\">Productos novedosos<\/p>\n\t\t<p>Adem\u00e1s de destacar por sus productos artesanales, Bodegas Infante tambi\u00e9n apost\u00f3 en sus a\u00f1os posteriores por productos m\u00e1s novedosos, como su primer espumoso comercializado en 2007, el Brut Nature, y posteriormente el Brut Rosado, el primer espumoso rosado de Andaluc\u00eda, ambos dos elaborados seg\u00fan el m\u00e9todo champenoise.<\/p>\n\t\t<h4 class=\"cd-date\">2007<\/h4>\n\t\t<\/div>\n\t\t<\/div>\n\t<\/div>\n\t<div class=\"cd-timeline-block\">\n\t\t<div class=\"cd-timeline-img\">\n\t\t<\/div>\n\t\t<div class=\"cd-timeline-content\">\n\t\t <img decoding=\"async\" class=\"wp-post-image \" src=\"https:\/\/dinfante.com\/wp-content\/uploads\/2021\/01\/historia-bodegas-infante-2012_2.jpg\" alt=\"\" \/> \n\t\t<div class=\"cd-timeline-content-wrapper\">\n\t\t<p class=\"cd-title\">Nueva l\u00ednea de espirituosos<\/p>\n\t\t<p>Y continuando con esta trayectoria de modernizaci\u00f3n e innovaci\u00f3n, Bodegas Infante lanza una nueva l\u00ednea de bebidas al mercado: ron, vodka, ginebra y anisados. La singularidad de estos nuevos productos viene de su elaboraci\u00f3n y envejecimiento, ense\u00f1a de la empresa.<\/p>\n\t\t<h4 class=\"cd-date\">2012<\/h4>\n\t\t<\/div>\n\t\t<\/div>\n\t<\/div>\n\t<div class=\"cd-timeline-block\">\n\t\t<div class=\"cd-timeline-img\">\n\t\t<\/div>\n\t\t<div class=\"cd-timeline-content\">\n\t\t <img decoding=\"async\" class=\"wp-post-image \" src=\"https:\/\/dinfante.com\/wp-content\/uploads\/2025\/09\/historia-bodegas-infante-2020-1.jpg\" alt=\"\" \/> \n\t\t<div class=\"cd-timeline-content-wrapper\">\n\t\t<p class=\"cd-title\">Nuevos horizontes<\/p>\n\t\t<p>Finalmente, tras 25 a\u00f1os de buen hacer Bodegas Infante es adquirida por el Grupo Ginole, fundado un a\u00f1o antes por tres amantes del vino y la cultura: el empresario y en\u00f3logo Manuel Astasio Mart\u00ednez y el compositor-director Iv\u00e1n Mac\u00edas Madero, fundadores de Bodegas M.A.M. Tras el \u00e9xito de los productos de Bodegas M.A.M., y animados por poner en valor de nuevo la gran historia y el buen saber hacer de los afamados vinos y destilados de La Palma, se proponen adquirir una bodega palmerina con solera, con historia y con tradici\u00f3n como la Bodega Infante. Tras varias reuniones, llegan a un acuerdo con su fundador y la bodega pasa a manos del Grupo Ginole.<\/p>\n\t\t<h4 class=\"cd-date\">2020<\/h4>\n\t\t<\/div>\n\t\t<\/div>\n\t<\/div><\/section>[\/vc_column][\/vc_row][vc_row full_width=&#8221;stretch_row&#8221; css=&#8221;.vc_custom_1610461385349{padding-top: 50px !important;background-image: url(http:\/\/dinfante.com\/wp-content\/uploads\/2021\/01\/homepage_black_leaves_verde4.png?id=1300) !important;background-position: center !important;background-repeat: no-repeat !important;background-size: cover !important;}&#8221;][vc_column width=&#8221;1\/6&#8243;][\/vc_column][vc_column width=&#8221;2\/3&#8243;]\n\t<div class=\"title-subtitle-box   \" style=\" text-align: center;\">\n\t\t<h1 style=\" color:#f1cd7f;  text-transform: uppercase; font-weight: 400; letter-spacing: 0px;\" >L\u00ednea Premium<\/h1>\n\t<\/div> [vc_column_text]<\/p>\n<p style=\"text-align: center;\">\u672a\u6765\u65b0\u7684\u5de5\u4f5c\u65b9\u5411\u5c06\u662f <a href=\"https:\/\/dinfante.com\/zh-hans\/bodegas-infante-%c2%b7-%e5%95%86%e5%ba%97\/\">Premium<\/a> \u4ea7\u54c1\u7684\u5546\u4e1a\u5316\u3002 \u4e3a\u6b64\uff0c\u4ed6\u4eec\u5c06\u4e0e\u6700\u597d\u7684\u8461\u8404\u9152\u5408\u4f5c\uff0c\u53ea\u9009\u62e9\u90a3\u4e9b\u8d85\u8fc7\u6700\u9ad8\u8d28\u91cf\u6807\u51c6\u7684\u8461\u8404\u9152\uff0c\u4e3a\u6b64\u4f7f\u7528\u65b0\u6280\u672f\uff0c\u4f46\u5728\u5236\u4f5c\u8fc7\u7a0b\u4e2d\u4e0d\u5931\u5176\u624b\u5de5\u65b9\u6cd5\u3002<\/p>\n<p>[\/vc_column_text][\/vc_column][vc_column width=&#8221;1\/6&#8243;][\/vc_column][\/vc_row][vc_row el_class=&#8221;cont_noresp&#8221; css=&#8221;.vc_custom_1686833440359{margin-bottom: 0px !important;padding-top: 70px !important;padding-bottom: 0px !important;}&#8221;][vc_column][vc_single_image image=&#8221;2036&#8243; img_size=&#8221;full&#8221; alignment=&#8221;center&#8221; css_animation=&#8221;none&#8221;]\n\t<div class=\"title-subtitle-box  wpb_animate_when_almost_visible wpb_fadeIn fadeIn vc_custom_1686832014268 \" style=\" text-align: center;\">\n\t\t<h4 style=\" font-size:21px; line-height: normal; color:#f1cd7f;  text-transform: uppercase; font-weight: 400; letter-spacing: 0px;\" >apoyamos la cultura de calidad<\/h4>\n\t<\/div> [vc_row_inner][vc_column_inner width=&#8221;1\/6&#8243;][\/vc_column_inner][vc_column_inner width=&#8221;2\/6&#8243;][vc_single_image image=&#8221;2042&#8243; img_size=&#8221;full&#8221; alignment=&#8221;center&#8221; onclick=&#8221;custom_link&#8221; img_link_target=&#8221;_blank&#8221; css_animation=&#8221;fadeInUp&#8221; link=&#8221;https:\/\/www.newurium.com&#8221;][\/vc_column_inner][vc_column_inner width=&#8221;2\/6&#8243;][vc_single_image image=&#8221;2043&#8243; img_size=&#8221;full&#8221; alignment=&#8221;center&#8221; css_animation=&#8221;fadeInUp&#8221;][\/vc_column_inner][vc_column_inner width=&#8221;1\/6&#8243;][\/vc_column_inner][\/vc_row_inner][vc_single_image image=&#8221;2037&#8243; img_size=&#8221;full&#8221; alignment=&#8221;center&#8221; css_animation=&#8221;none&#8221; css=&#8221;.vc_custom_1686832962313{margin-bottom: 0px !important;}&#8221;][\/vc_column][\/vc_row][vc_row el_class=&#8221;cont_resp&#8221; css=&#8221;.vc_custom_1686833449976{margin-bottom: 0px !important;padding-top: 70px !important;padding-bottom: 0px !important;}&#8221;][vc_column][vc_single_image image=&#8221;2046&#8243; img_size=&#8221;full&#8221; alignment=&#8221;center&#8221; css_animation=&#8221;none&#8221;]\n\t<div class=\"title-subtitle-box  wpb_animate_when_almost_visible wpb_fadeIn fadeIn vc_custom_1686832014268 \" style=\" text-align: center;\">\n\t\t<h4 style=\" font-size:21px; line-height: normal; color:#f1cd7f;  text-transform: uppercase; font-weight: 400; letter-spacing: 0px;\" >apoyamos la cultura de calidad<\/h4>\n\t<\/div> [vc_row_inner css=&#8221;.vc_custom_1686846556833{padding-right: 10% !important;padding-left: 10% !important;}&#8221;][vc_column_inner width=&#8221;1\/6&#8243;][\/vc_column_inner][vc_column_inner width=&#8221;2\/6&#8243;][vc_single_image image=&#8221;2042&#8243; img_size=&#8221;full&#8221; alignment=&#8221;center&#8221; onclick=&#8221;custom_link&#8221; img_link_target=&#8221;_blank&#8221; css_animation=&#8221;fadeInUp&#8221; link=&#8221;https:\/\/www.newurium.com&#8221;][\/vc_column_inner][vc_column_inner width=&#8221;2\/6&#8243;][vc_single_image image=&#8221;2043&#8243; img_size=&#8221;full&#8221; alignment=&#8221;center&#8221; css_animation=&#8221;fadeInUp&#8221;][\/vc_column_inner][vc_column_inner width=&#8221;1\/6&#8243;][\/vc_column_inner][\/vc_row_inner][vc_single_image image=&#8221;2047&#8243; img_size=&#8221;full&#8221; alignment=&#8221;center&#8221; css_animation=&#8221;none&#8221; css=&#8221;.vc_custom_1686832972067{margin-bottom: 0px !important;}&#8221;][\/vc_column][\/vc_row]<\/p>\n","protected":false},"excerpt":{"rendered":"<p>[vc_row el_class=&#8221;gg-force-background-bottom&#038;#822<br class=\"read-more-spacer\"> <a class=\"more-link\" href=\"https:\/\/dinfante.com\/zh-hans\/%e6%88%91%e4%bb%ac%e7%9a%84%e6%95%85%e4%ba%8b\/\">Read More<\/a><\/p>\n","protected":false},"author":1,"featured_media":2759,"parent":0,"menu_order":0,"comment_status":"closed","ping_status":"closed","template":"","meta":{"footnotes":""},"class_list":["post-2745","page","type-page","status-publish","has-post-thumbnail","hentry"],"acf":[],"yoast_head":"<!-- This site is optimized with the Yoast SEO plugin v27.1.1 - https:\/\/yoast.com\/product\/yoast-seo-wordpress\/ -->\n<title>\u6211\u4eec\u7684\u6545\u4e8b - Bodegas Infante<\/title>\n<meta name=\"description\" content=\"\u63a2\u7d22 Bodegas Infante \u7684\u5386\u53f2\uff0c\u5176\u6839\u6e90\u53ef\u8ffd\u6eaf\u5230 1870 \u5e74\u3002 \u4e86\u89e3\u6807\u5fd7\u6211\u4eec\u5386\u7a0b\u7684\u5173\u952e\u65f6\u523b\u3002\" \/>\n<meta name=\"robots\" content=\"index, follow, max-snippet:-1, max-image-preview:large, max-video-preview:-1\" \/>\n<link rel=\"canonical\" href=\"https:\/\/dinfante.com\/zh-hans\/%e6%88%91%e4%bb%ac%e7%9a%84%e6%95%85%e4%ba%8b\/\" \/>\n<meta property=\"og:locale\" content=\"zh_CN\" \/>\n<meta property=\"og:type\" content=\"article\" \/>\n<meta property=\"og:title\" content=\"\u6211\u4eec\u7684\u6545\u4e8b - Bodegas Infante\" \/>\n<meta property=\"og:description\" content=\"\u63a2\u7d22 Bodegas Infante \u7684\u5386\u53f2\uff0c\u5176\u6839\u6e90\u53ef\u8ffd\u6eaf\u5230 1870 \u5e74\u3002 \u4e86\u89e3\u6807\u5fd7\u6211\u4eec\u5386\u7a0b\u7684\u5173\u952e\u65f6\u523b\u3002\" \/>\n<meta property=\"og:url\" content=\"https:\/\/dinfante.com\/zh-hans\/%e6%88%91%e4%bb%ac%e7%9a%84%e6%95%85%e4%ba%8b\/\" \/>\n<meta property=\"og:site_name\" content=\"Bodegas Infante\" \/>\n<meta property=\"article:modified_time\" content=\"2025-09-17T19:19:49+00:00\" \/>\n<meta property=\"og:image\" content=\"https:\/\/dinfante.com\/wp-content\/uploads\/2021\/01\/cab_historia4.jpg\" \/>\n\t<meta property=\"og:image:width\" content=\"2141\" \/>\n\t<meta property=\"og:image:height\" content=\"573\" \/>\n\t<meta property=\"og:image:type\" content=\"image\/jpeg\" \/>\n<meta name=\"twitter:card\" content=\"summary_large_image\" \/>\n<meta name=\"twitter:label1\" content=\"\u9884\u8ba1\u9605\u8bfb\u65f6\u95f4\" \/>\n\t<meta name=\"twitter:data1\" content=\"6 \u5206\" \/>\n<script type=\"application\/ld+json\" class=\"yoast-schema-graph\">{\"@context\":\"https:\/\/schema.org\",\"@graph\":[{\"@type\":\"WebPage\",\"@id\":\"https:\/\/dinfante.com\/zh-hans\/%e6%88%91%e4%bb%ac%e7%9a%84%e6%95%85%e4%ba%8b\/\",\"url\":\"https:\/\/dinfante.com\/zh-hans\/%e6%88%91%e4%bb%ac%e7%9a%84%e6%95%85%e4%ba%8b\/\",\"name\":\"\u6211\u4eec\u7684\u6545\u4e8b - Bodegas Infante\",\"isPartOf\":{\"@id\":\"https:\/\/dinfante.com\/zh-hans\/#website\"},\"primaryImageOfPage\":{\"@id\":\"https:\/\/dinfante.com\/zh-hans\/%e6%88%91%e4%bb%ac%e7%9a%84%e6%95%85%e4%ba%8b\/#primaryimage\"},\"image\":{\"@id\":\"https:\/\/dinfante.com\/zh-hans\/%e6%88%91%e4%bb%ac%e7%9a%84%e6%95%85%e4%ba%8b\/#primaryimage\"},\"thumbnailUrl\":\"https:\/\/dinfante.com\/wp-content\/uploads\/2021\/01\/cab_historia4.jpg\",\"datePublished\":\"2017-04-26T13:44:24+00:00\",\"dateModified\":\"2025-09-17T19:19:49+00:00\",\"description\":\"\u63a2\u7d22 Bodegas Infante \u7684\u5386\u53f2\uff0c\u5176\u6839\u6e90\u53ef\u8ffd\u6eaf\u5230 1870 \u5e74\u3002 \u4e86\u89e3\u6807\u5fd7\u6211\u4eec\u5386\u7a0b\u7684\u5173\u952e\u65f6\u523b\u3002\",\"breadcrumb\":{\"@id\":\"https:\/\/dinfante.com\/zh-hans\/%e6%88%91%e4%bb%ac%e7%9a%84%e6%95%85%e4%ba%8b\/#breadcrumb\"},\"inLanguage\":\"zh-Hans\",\"potentialAction\":[{\"@type\":\"ReadAction\",\"target\":[\"https:\/\/dinfante.com\/zh-hans\/%e6%88%91%e4%bb%ac%e7%9a%84%e6%95%85%e4%ba%8b\/\"]}]},{\"@type\":\"ImageObject\",\"inLanguage\":\"zh-Hans\",\"@id\":\"https:\/\/dinfante.com\/zh-hans\/%e6%88%91%e4%bb%ac%e7%9a%84%e6%95%85%e4%ba%8b\/#primaryimage\",\"url\":\"https:\/\/dinfante.com\/wp-content\/uploads\/2021\/01\/cab_historia4.jpg\",\"contentUrl\":\"https:\/\/dinfante.com\/wp-content\/uploads\/2021\/01\/cab_historia4.jpg\",\"width\":2141,\"height\":573},{\"@type\":\"BreadcrumbList\",\"@id\":\"https:\/\/dinfante.com\/zh-hans\/%e6%88%91%e4%bb%ac%e7%9a%84%e6%95%85%e4%ba%8b\/#breadcrumb\",\"itemListElement\":[{\"@type\":\"ListItem\",\"position\":1,\"name\":\"Portada\",\"item\":\"https:\/\/dinfante.com\/zh-hans\/\"},{\"@type\":\"ListItem\",\"position\":2,\"name\":\"\u6211\u4eec\u7684\u6545\u4e8b\"}]},{\"@type\":\"WebSite\",\"@id\":\"https:\/\/dinfante.com\/zh-hans\/#website\",\"url\":\"https:\/\/dinfante.com\/zh-hans\/\",\"name\":\"Bodegas Infante\",\"description\":\"Artesanos del Brandy y vinos\",\"publisher\":{\"@id\":\"https:\/\/dinfante.com\/zh-hans\/#organization\"},\"potentialAction\":[{\"@type\":\"SearchAction\",\"target\":{\"@type\":\"EntryPoint\",\"urlTemplate\":\"https:\/\/dinfante.com\/zh-hans\/?s={search_term_string}\"},\"query-input\":{\"@type\":\"PropertyValueSpecification\",\"valueRequired\":true,\"valueName\":\"search_term_string\"}}],\"inLanguage\":\"zh-Hans\"},{\"@type\":\"Organization\",\"@id\":\"https:\/\/dinfante.com\/zh-hans\/#organization\",\"name\":\"Bodegas Infante\",\"url\":\"https:\/\/dinfante.com\/zh-hans\/\",\"logo\":{\"@type\":\"ImageObject\",\"inLanguage\":\"zh-Hans\",\"@id\":\"https:\/\/dinfante.com\/zh-hans\/#\/schema\/logo\/image\/\",\"url\":\"https:\/\/dinfante.com\/wp-content\/uploads\/2021\/04\/cabecera_tienda.jpg\",\"contentUrl\":\"https:\/\/dinfante.com\/wp-content\/uploads\/2021\/04\/cabecera_tienda.jpg\",\"width\":600,\"height\":151,\"caption\":\"Bodegas Infante\"},\"image\":{\"@id\":\"https:\/\/dinfante.com\/zh-hans\/#\/schema\/logo\/image\/\"}}]}<\/script>\n<!-- \/ Yoast SEO plugin. -->","yoast_head_json":{"title":"\u6211\u4eec\u7684\u6545\u4e8b - Bodegas Infante","description":"\u63a2\u7d22 Bodegas Infante \u7684\u5386\u53f2\uff0c\u5176\u6839\u6e90\u53ef\u8ffd\u6eaf\u5230 1870 \u5e74\u3002 \u4e86\u89e3\u6807\u5fd7\u6211\u4eec\u5386\u7a0b\u7684\u5173\u952e\u65f6\u523b\u3002","robots":{"index":"index","follow":"follow","max-snippet":"max-snippet:-1","max-image-preview":"max-image-preview:large","max-video-preview":"max-video-preview:-1"},"canonical":"https:\/\/dinfante.com\/zh-hans\/%e6%88%91%e4%bb%ac%e7%9a%84%e6%95%85%e4%ba%8b\/","og_locale":"zh_CN","og_type":"article","og_title":"\u6211\u4eec\u7684\u6545\u4e8b - Bodegas Infante","og_description":"\u63a2\u7d22 Bodegas Infante \u7684\u5386\u53f2\uff0c\u5176\u6839\u6e90\u53ef\u8ffd\u6eaf\u5230 1870 \u5e74\u3002 \u4e86\u89e3\u6807\u5fd7\u6211\u4eec\u5386\u7a0b\u7684\u5173\u952e\u65f6\u523b\u3002","og_url":"https:\/\/dinfante.com\/zh-hans\/%e6%88%91%e4%bb%ac%e7%9a%84%e6%95%85%e4%ba%8b\/","og_site_name":"Bodegas Infante","article_modified_time":"2025-09-17T19:19:49+00:00","og_image":[{"width":2141,"height":573,"url":"https:\/\/dinfante.com\/wp-content\/uploads\/2021\/01\/cab_historia4.jpg","type":"image\/jpeg"}],"twitter_card":"summary_large_image","twitter_misc":{"\u9884\u8ba1\u9605\u8bfb\u65f6\u95f4":"6 \u5206"},"schema":{"@context":"https:\/\/schema.org","@graph":[{"@type":"WebPage","@id":"https:\/\/dinfante.com\/zh-hans\/%e6%88%91%e4%bb%ac%e7%9a%84%e6%95%85%e4%ba%8b\/","url":"https:\/\/dinfante.com\/zh-hans\/%e6%88%91%e4%bb%ac%e7%9a%84%e6%95%85%e4%ba%8b\/","name":"\u6211\u4eec\u7684\u6545\u4e8b - Bodegas Infante","isPartOf":{"@id":"https:\/\/dinfante.com\/zh-hans\/#website"},"primaryImageOfPage":{"@id":"https:\/\/dinfante.com\/zh-hans\/%e6%88%91%e4%bb%ac%e7%9a%84%e6%95%85%e4%ba%8b\/#primaryimage"},"image":{"@id":"https:\/\/dinfante.com\/zh-hans\/%e6%88%91%e4%bb%ac%e7%9a%84%e6%95%85%e4%ba%8b\/#primaryimage"},"thumbnailUrl":"https:\/\/dinfante.com\/wp-content\/uploads\/2021\/01\/cab_historia4.jpg","datePublished":"2017-04-26T13:44:24+00:00","dateModified":"2025-09-17T19:19:49+00:00","description":"\u63a2\u7d22 Bodegas Infante \u7684\u5386\u53f2\uff0c\u5176\u6839\u6e90\u53ef\u8ffd\u6eaf\u5230 1870 \u5e74\u3002 \u4e86\u89e3\u6807\u5fd7\u6211\u4eec\u5386\u7a0b\u7684\u5173\u952e\u65f6\u523b\u3002","breadcrumb":{"@id":"https:\/\/dinfante.com\/zh-hans\/%e6%88%91%e4%bb%ac%e7%9a%84%e6%95%85%e4%ba%8b\/#breadcrumb"},"inLanguage":"zh-Hans","potentialAction":[{"@type":"ReadAction","target":["https:\/\/dinfante.com\/zh-hans\/%e6%88%91%e4%bb%ac%e7%9a%84%e6%95%85%e4%ba%8b\/"]}]},{"@type":"ImageObject","inLanguage":"zh-Hans","@id":"https:\/\/dinfante.com\/zh-hans\/%e6%88%91%e4%bb%ac%e7%9a%84%e6%95%85%e4%ba%8b\/#primaryimage","url":"https:\/\/dinfante.com\/wp-content\/uploads\/2021\/01\/cab_historia4.jpg","contentUrl":"https:\/\/dinfante.com\/wp-content\/uploads\/2021\/01\/cab_historia4.jpg","width":2141,"height":573},{"@type":"BreadcrumbList","@id":"https:\/\/dinfante.com\/zh-hans\/%e6%88%91%e4%bb%ac%e7%9a%84%e6%95%85%e4%ba%8b\/#breadcrumb","itemListElement":[{"@type":"ListItem","position":1,"name":"Portada","item":"https:\/\/dinfante.com\/zh-hans\/"},{"@type":"ListItem","position":2,"name":"\u6211\u4eec\u7684\u6545\u4e8b"}]},{"@type":"WebSite","@id":"https:\/\/dinfante.com\/zh-hans\/#website","url":"https:\/\/dinfante.com\/zh-hans\/","name":"Bodegas Infante","description":"Artesanos del Brandy y vinos","publisher":{"@id":"https:\/\/dinfante.com\/zh-hans\/#organization"},"potentialAction":[{"@type":"SearchAction","target":{"@type":"EntryPoint","urlTemplate":"https:\/\/dinfante.com\/zh-hans\/?s={search_term_string}"},"query-input":{"@type":"PropertyValueSpecification","valueRequired":true,"valueName":"search_term_string"}}],"inLanguage":"zh-Hans"},{"@type":"Organization","@id":"https:\/\/dinfante.com\/zh-hans\/#organization","name":"Bodegas Infante","url":"https:\/\/dinfante.com\/zh-hans\/","logo":{"@type":"ImageObject","inLanguage":"zh-Hans","@id":"https:\/\/dinfante.com\/zh-hans\/#\/schema\/logo\/image\/","url":"https:\/\/dinfante.com\/wp-content\/uploads\/2021\/04\/cabecera_tienda.jpg","contentUrl":"https:\/\/dinfante.com\/wp-content\/uploads\/2021\/04\/cabecera_tienda.jpg","width":600,"height":151,"caption":"Bodegas Infante"},"image":{"@id":"https:\/\/dinfante.com\/zh-hans\/#\/schema\/logo\/image\/"}}]}},"_links":{"self":[{"href":"https:\/\/dinfante.com\/zh-hans\/wp-json\/wp\/v2\/pages\/2745","targetHints":{"allow":["GET"]}}],"collection":[{"href":"https:\/\/dinfante.com\/zh-hans\/wp-json\/wp\/v2\/pages"}],"about":[{"href":"https:\/\/dinfante.com\/zh-hans\/wp-json\/wp\/v2\/types\/page"}],"author":[{"embeddable":true,"href":"https:\/\/dinfante.com\/zh-hans\/wp-json\/wp\/v2\/users\/1"}],"replies":[{"embeddable":true,"href":"https:\/\/dinfante.com\/zh-hans\/wp-json\/wp\/v2\/comments?post=2745"}],"version-history":[{"count":4,"href":"https:\/\/dinfante.com\/zh-hans\/wp-json\/wp\/v2\/pages\/2745\/revisions"}],"predecessor-version":[{"id":3508,"href":"https:\/\/dinfante.com\/zh-hans\/wp-json\/wp\/v2\/pages\/2745\/revisions\/3508"}],"wp:featuredmedia":[{"embeddable":true,"href":"https:\/\/dinfante.com\/zh-hans\/wp-json\/wp\/v2\/media\/2759"}],"wp:attachment":[{"href":"https:\/\/dinfante.com\/zh-hans\/wp-json\/wp\/v2\/media?parent=2745"}],"curies":[{"name":"wp","href":"https:\/\/api.w.org\/{rel}","templated":true}]}}