{"id":3022,"date":"2024-02-06T13:32:25","date_gmt":"2024-02-06T13:32:25","guid":{"rendered":"https:\/\/dinfante.com\/%e6%96%b0%e9%97%bb%e7%ae%80%e6%8a%a5-%c2%b7-%e6%9c%9f%e5%be%85%e4%b8%8e%e6%82%a8%e5%86%8d%e6%ac%a1%e7%9b%b8%e8%a7%81\/"},"modified":"2025-07-08T17:53:15","modified_gmt":"2025-07-08T17:53:15","slug":"%e6%96%b0%e9%97%bb%e7%ae%80%e6%8a%a5-%c2%b7-%e6%9c%9f%e5%be%85%e4%b8%8e%e6%82%a8%e5%86%8d%e6%ac%a1%e7%9b%b8%e8%a7%81","status":"publish","type":"page","link":"https:\/\/dinfante.com\/zh-hans\/%e6%96%b0%e9%97%bb%e7%ae%80%e6%8a%a5-%c2%b7-%e6%9c%9f%e5%be%85%e4%b8%8e%e6%82%a8%e5%86%8d%e6%ac%a1%e7%9b%b8%e8%a7%81\/","title":{"rendered":"\u65b0\u95fb\u7b80\u62a5 \u00b7 \u671f\u5f85\u4e0e\u60a8\u518d\u6b21\u76f8\u89c1"},"content":{"rendered":"<p>[vc_row][vc_column width=&#8221;1\/6&#8243;][\/vc_column][vc_column width=&#8221;2\/3&#8243;][vc_single_image image=&#8221;1132&#8243; img_size=&#8221;100&#215;78&#8243; alignment=&#8221;center&#8221;][vc_column_text]<\/p>\n<h2 style=\"text-align: center;\">\u518d\u89c1\uff0cInfante Lovers\uff01<\/h2>\n<p>[\/vc_column_text][vc_column_text]<\/p>\n<p style=\"text-align: center;\">\u6211\u4eec\u5df2\u786e\u8ba4\u60a8\u5df2\u53d6\u6d88\u8ba2\u9605\uff0c\u5e76\u4e14\u60f3\u8981\u6682\u65f6\u4f11\u606f\u4e00\u4e0b\uff0c\u4e0d\u518d\u63a5\u6536\u6211\u4eec\u7684\u6700\u65b0\u8d44\u8baf\u3002\u6ca1\u95ee\u9898\uff01\u6211\u4eec\u7406\u89e3\u6709\u65f6\u5019\u9700\u8981\u5598\u53e3\u6c14\u3002  <\/p>\n<p style=\"text-align: center;\">\u8877\u5fc3\u611f\u8c22\u60a8\u52a0\u5165\u6211\u4eec\u7684 Infante Lovers \u5927\u5bb6\u5ead\u3002\u5e0c\u671b\u6211\u4eec\u5173\u4e8e\u6700\u7f8e\u5999\u8461\u8404\u56ed\u548c\u9152\u7a96\u79d8\u5bc6\u7684\u6545\u4e8b\uff0c\u80fd\u4e3a\u60a8\u7684\u751f\u6d3b\u589e\u6dfb\u4e00\u4e1d\u4e50\u8da3\u3002 <\/p>\n<p style=\"text-align: center;\">\u5982\u679c\u60a8\u6709\u671d\u4e00\u65e5\u60f3\u5ff5\u6a61\u6728\u6876\u7684\u9999\u6c14\uff0c\u6216\u8461\u8404\u56ed\u6811\u53f6\u5728\u98ce\u4e2d\u6e29\u67d4\u7684\u6c99\u6c99\u58f0\uff0c\u8bf7\u8bb0\u4f4f\u60a8\u53ef\u4ee5<a href=\"https:\/\/dinfante.com\/#suscripcion\">\u5728\u6b64<\/a>\u91cd\u65b0\u8ba2\u9605\u3002\u6211\u4eec\u624b\u6301\u4e00\u676f\u60a8\u6700\u559c\u7231\u7684\u8461\u8404\u9152\uff0c\u968f\u65f6\u606d\u5019\u60a8\u7684\u5f52\u6765\uff0c\u5e76\u51c6\u5907\u597d\u5206\u4eab\u8bb8\u591a\u65b0\u7684\u6545\u4e8b\u3002 <\/p>\n<p>[\/vc_column_text]\n\t<div class=\"title-subtitle-box   \" style=\" text-align: center;\">\n\t\t<div class=\"subtitle\" style=\" color:#f1cd75; \"><p><strong>\u00a1Hasta pronto, Infante Lovers!<\/strong><\/p>\n<\/div>\n\t<\/div> [vc_empty_space][\/vc_column][vc_column width=&#8221;1\/6&#8243;][\/vc_column][\/vc_row][vc_row full_width=&#8221;stretch_row&#8221; el_class=&#8221;secc_subc&#8221; css=&#8221;.vc_custom_1707226235596{margin-top: 50px !important;border-top-width: 2px !important;padding-top: 70px !important;padding-bottom: 50px !important;background-color: #116f65 !important;border-top-color: #f1cd7f !important;border-top-style: solid !important;}&#8221; el_id=&#8221;\u8ba2\u9605&#8221;][vc_column]\n\t<div class=\"title-subtitle-box  vc_custom_1706883923142 \" style=\" text-align: center;\">\n\t\t<h1 style=\" color:#f1cd7f;  text-transform: uppercase; font-weight: 400; letter-spacing: 0px;\" >Suscr\u00edbete<\/h1>\n\t\t<div class=\"subtitle\" style=\" color:#ffffff; \"><p>\u00danete a nuestra newsletter y recibe noticias, eventos y mucho m\u00e1s en tu e-mail.<\/p>\n<\/div>\n\t<\/div> [vc_column_text]<i>\t\t\t\t\t<script type=\"text\/javascript\">\n\t\t\t\t\t\tvar gCaptchaSibWidget;\n                        var onloadSibCallbackInvisible = function () {\n\n                            var element = document.getElementsByClassName('sib-default-btn');\n                            var countInvisible = 0;\n                            var indexArray = [];\n                            jQuery('.sib-default-btn').each(function (index, el) {\n                                if ((jQuery(el).attr('id') == \"invisible\")) {\n                                    indexArray[countInvisible] = index;\n                                    countInvisible++\n                                }\n                            });\n\n                            jQuery('.invi-recaptcha').each(function (index, el) {\n                                grecaptcha.render(element[indexArray[index]], {\n                                    'sitekey': jQuery(el).attr('data-sitekey'),\n                                    'callback': sibVerifyCallback,\n                                });\n                            });\n                        };\n\t\t\t\t\t<\/script>\n\t\t\t\t\t                <script src=\"https:\/\/www.google.com\/recaptcha\/api.js?onload=onloadSibCallbackInvisible&render=explicit\" async defer><\/script>\n\t\t\t\t\n\t\t\t<form id=\"sib_signup_form_2\" method=\"post\" class=\"sib_signup_form\">\n\t\t\t\t<div class=\"sib_loader\" style=\"display:none;\"><img\n\t\t\t\t\t\t\tsrc=\"https:\/\/dinfante.com\/wp-includes\/images\/spinner.gif\" alt=\"loader\"><\/div>\n\t\t\t\t<input type=\"hidden\" name=\"sib_form_action\" value=\"subscribe_form_submit\">\n\t\t\t\t<input type=\"hidden\" name=\"sib_form_id\" value=\"2\">\n                <input type=\"hidden\" name=\"sib_form_alert_notice\" value=\"Por favor, rellene todos los campo.\">\n                <input type=\"hidden\" name=\"sib_form_invalid_email_notice\" value=\"Tu direcci\u00f3n de correo electr\u00f3nico no es v\u00e1lida.\">\n                <input type=\"hidden\" name=\"sib_security\" value=\"46ef70876b\">\n\t\t\t\t<div class=\"sib_signup_box_inside_2\">\n\t\t\t\t\t<div style=\"\/*display:none*\/\" class=\"sib_msg_disp\">\n\t\t\t\t\t<\/div>\n                                            <div id=\"sib_captcha_invisible\" class=\"invi-recaptcha\" data-sitekey=\"6LfWOmMpAAAAAJI4neuNH4-T0EbAl2-1_aUOD7uq\"><\/div>\n                    \t\t\t\t\t<p class=\"sib-email-area\">\r\n    Email*\r\n    <input type=\"email\" class=\"sib-email-area\" name=\"email\" required=\"required\">\r\n<\/p>\r\n<p class=\"sib-NAME-area\">\r\n    Nombre*\r\n    <input type=\"text\" class=\"sib-NAME-area\" name=\"NAME\" required=\"required\">\r\n<\/p>\r\n<p class=\"sib-term\"><input type=\"checkbox\" name=\"terms\" required=\"required\">Marque aqu\u00ed para indicar que ha le\u00eddo y est\u00e1 de acuerdo con los t\u00e9rminos de la <a class=\"a-term\" href=\"https:\/\/dinfante.com\/politica-privacidad\/\">Pol\u00edtica de Privacidad<\/a>.<\/p>\r\n<p>\r\n    <input type=\"submit\" id=\"invisible\" class=\"sib-default-btn\" value=\"Subscribe\">\r\n<\/p>\r\n\t\t\t\t<\/div>\n\t\t\t<\/form>\n\t\t\t<style>\n\t\t\t\tform#sib_signup_form_2 p.sib-alert-message {\n    padding: 6px 12px;\n    margin-bottom: 20px;\n    border: 1px solid transparent;\n    border-radius: 4px;\n    -webkit-box-sizing: border-box;\n    -moz-box-sizing: border-box;\n    box-sizing: border-box;\n}\nform#sib_signup_form_2 p.sib-alert-message-error {\n    background-color: #f2dede;\n    border-color: #ebccd1;\n    color: #a94442;\n}\nform#sib_signup_form_2 p.sib-alert-message-success {\n    background-color: #dff0d8;\n    border-color: #d6e9c6;\n    color: #3c763d;\n}\nform#sib_signup_form_2 p.sib-alert-message-warning {\n    background-color: #fcf8e3;\n    border-color: #faebcc;\n    color: #8a6d3b;\n}\n\t\t\t<\/style>\n\t\t\t<\/i>[\/vc_column_text][\/vc_column][\/vc_row]<\/p>\n","protected":false},"excerpt":{"rendered":"<p>[vc_row][vc_column width=&#8221;1\/6&#8243;][\/vc_column]<br class=\"read-more-spacer\"> <a class=\"more-link\" href=\"https:\/\/dinfante.com\/zh-hans\/%e6%96%b0%e9%97%bb%e7%ae%80%e6%8a%a5-%c2%b7-%e6%9c%9f%e5%be%85%e4%b8%8e%e6%82%a8%e5%86%8d%e6%ac%a1%e7%9b%b8%e8%a7%81\/\">Read More<\/a><\/p>\n","protected":false},"author":1,"featured_media":2830,"parent":0,"menu_order":0,"comment_status":"closed","ping_status":"closed","template":"","meta":{"footnotes":""},"class_list":["post-3022","page","type-page","status-publish","has-post-thumbnail","hentry"],"acf":[],"yoast_head":"<!-- This site is optimized with the Yoast SEO plugin v27.1.1 - https:\/\/yoast.com\/product\/yoast-seo-wordpress\/ -->\n<title>\u65b0\u95fb\u7b80\u62a5 \u00b7 \u671f\u5f85\u4e0e\u60a8\u518d\u6b21\u76f8\u89c1 - Bodegas Infante<\/title>\n<meta name=\"robots\" content=\"index, follow, max-snippet:-1, max-image-preview:large, max-video-preview:-1\" \/>\n<link rel=\"canonical\" href=\"https:\/\/dinfante.com\/zh-hans\/%e6%96%b0%e9%97%bb%e7%ae%80%e6%8a%a5-%c2%b7-%e6%9c%9f%e5%be%85%e4%b8%8e%e6%82%a8%e5%86%8d%e6%ac%a1%e7%9b%b8%e8%a7%81\/\" \/>\n<meta property=\"og:locale\" content=\"zh_CN\" \/>\n<meta property=\"og:type\" content=\"article\" \/>\n<meta property=\"og:title\" content=\"\u65b0\u95fb\u7b80\u62a5 \u00b7 \u671f\u5f85\u4e0e\u60a8\u518d\u6b21\u76f8\u89c1 - Bodegas Infante\" \/>\n<meta property=\"og:description\" content=\"[vc_row][vc_column width=&#8221;1\/6&#8243;][\/vc_column] Read More\" \/>\n<meta property=\"og:url\" content=\"https:\/\/dinfante.com\/zh-hans\/%e6%96%b0%e9%97%bb%e7%ae%80%e6%8a%a5-%c2%b7-%e6%9c%9f%e5%be%85%e4%b8%8e%e6%82%a8%e5%86%8d%e6%ac%a1%e7%9b%b8%e8%a7%81\/\" \/>\n<meta property=\"og:site_name\" content=\"Bodegas Infante\" \/>\n<meta property=\"article:modified_time\" content=\"2025-07-08T17:53:15+00:00\" \/>\n<meta property=\"og:image\" content=\"https:\/\/dinfante.com\/wp-content\/uploads\/2021\/01\/slider1_4.jpg\" \/>\n\t<meta property=\"og:image:width\" content=\"1872\" \/>\n\t<meta property=\"og:image:height\" content=\"1094\" \/>\n\t<meta property=\"og:image:type\" content=\"image\/jpeg\" \/>\n<meta name=\"twitter:card\" content=\"summary_large_image\" \/>\n<meta name=\"twitter:label1\" content=\"\u9884\u8ba1\u9605\u8bfb\u65f6\u95f4\" \/>\n\t<meta name=\"twitter:data1\" content=\"1 \u5206\" \/>\n<script type=\"application\/ld+json\" class=\"yoast-schema-graph\">{\"@context\":\"https:\/\/schema.org\",\"@graph\":[{\"@type\":\"WebPage\",\"@id\":\"https:\/\/dinfante.com\/zh-hans\/%e6%96%b0%e9%97%bb%e7%ae%80%e6%8a%a5-%c2%b7-%e6%9c%9f%e5%be%85%e4%b8%8e%e6%82%a8%e5%86%8d%e6%ac%a1%e7%9b%b8%e8%a7%81\/\",\"url\":\"https:\/\/dinfante.com\/zh-hans\/%e6%96%b0%e9%97%bb%e7%ae%80%e6%8a%a5-%c2%b7-%e6%9c%9f%e5%be%85%e4%b8%8e%e6%82%a8%e5%86%8d%e6%ac%a1%e7%9b%b8%e8%a7%81\/\",\"name\":\"\u65b0\u95fb\u7b80\u62a5 \u00b7 \u671f\u5f85\u4e0e\u60a8\u518d\u6b21\u76f8\u89c1 - Bodegas Infante\",\"isPartOf\":{\"@id\":\"https:\/\/dinfante.com\/zh-hans\/#website\"},\"primaryImageOfPage\":{\"@id\":\"https:\/\/dinfante.com\/zh-hans\/%e6%96%b0%e9%97%bb%e7%ae%80%e6%8a%a5-%c2%b7-%e6%9c%9f%e5%be%85%e4%b8%8e%e6%82%a8%e5%86%8d%e6%ac%a1%e7%9b%b8%e8%a7%81\/#primaryimage\"},\"image\":{\"@id\":\"https:\/\/dinfante.com\/zh-hans\/%e6%96%b0%e9%97%bb%e7%ae%80%e6%8a%a5-%c2%b7-%e6%9c%9f%e5%be%85%e4%b8%8e%e6%82%a8%e5%86%8d%e6%ac%a1%e7%9b%b8%e8%a7%81\/#primaryimage\"},\"thumbnailUrl\":\"https:\/\/dinfante.com\/wp-content\/uploads\/2021\/01\/slider1_4.jpg\",\"datePublished\":\"2024-02-06T13:32:25+00:00\",\"dateModified\":\"2025-07-08T17:53:15+00:00\",\"breadcrumb\":{\"@id\":\"https:\/\/dinfante.com\/zh-hans\/%e6%96%b0%e9%97%bb%e7%ae%80%e6%8a%a5-%c2%b7-%e6%9c%9f%e5%be%85%e4%b8%8e%e6%82%a8%e5%86%8d%e6%ac%a1%e7%9b%b8%e8%a7%81\/#breadcrumb\"},\"inLanguage\":\"zh-Hans\",\"potentialAction\":[{\"@type\":\"ReadAction\",\"target\":[\"https:\/\/dinfante.com\/zh-hans\/%e6%96%b0%e9%97%bb%e7%ae%80%e6%8a%a5-%c2%b7-%e6%9c%9f%e5%be%85%e4%b8%8e%e6%82%a8%e5%86%8d%e6%ac%a1%e7%9b%b8%e8%a7%81\/\"]}]},{\"@type\":\"ImageObject\",\"inLanguage\":\"zh-Hans\",\"@id\":\"https:\/\/dinfante.com\/zh-hans\/%e6%96%b0%e9%97%bb%e7%ae%80%e6%8a%a5-%c2%b7-%e6%9c%9f%e5%be%85%e4%b8%8e%e6%82%a8%e5%86%8d%e6%ac%a1%e7%9b%b8%e8%a7%81\/#primaryimage\",\"url\":\"https:\/\/dinfante.com\/wp-content\/uploads\/2021\/01\/slider1_4.jpg\",\"contentUrl\":\"https:\/\/dinfante.com\/wp-content\/uploads\/2021\/01\/slider1_4.jpg\",\"width\":1872,\"height\":1094},{\"@type\":\"BreadcrumbList\",\"@id\":\"https:\/\/dinfante.com\/zh-hans\/%e6%96%b0%e9%97%bb%e7%ae%80%e6%8a%a5-%c2%b7-%e6%9c%9f%e5%be%85%e4%b8%8e%e6%82%a8%e5%86%8d%e6%ac%a1%e7%9b%b8%e8%a7%81\/#breadcrumb\",\"itemListElement\":[{\"@type\":\"ListItem\",\"position\":1,\"name\":\"Portada\",\"item\":\"https:\/\/dinfante.com\/zh-hans\/\"},{\"@type\":\"ListItem\",\"position\":2,\"name\":\"\u65b0\u95fb\u7b80\u62a5 \u00b7 \u671f\u5f85\u4e0e\u60a8\u518d\u6b21\u76f8\u89c1\"}]},{\"@type\":\"WebSite\",\"@id\":\"https:\/\/dinfante.com\/zh-hans\/#website\",\"url\":\"https:\/\/dinfante.com\/zh-hans\/\",\"name\":\"Bodegas Infante\",\"description\":\"Artesanos del Brandy y vinos\",\"publisher\":{\"@id\":\"https:\/\/dinfante.com\/zh-hans\/#organization\"},\"potentialAction\":[{\"@type\":\"SearchAction\",\"target\":{\"@type\":\"EntryPoint\",\"urlTemplate\":\"https:\/\/dinfante.com\/zh-hans\/?s={search_term_string}\"},\"query-input\":{\"@type\":\"PropertyValueSpecification\",\"valueRequired\":true,\"valueName\":\"search_term_string\"}}],\"inLanguage\":\"zh-Hans\"},{\"@type\":\"Organization\",\"@id\":\"https:\/\/dinfante.com\/zh-hans\/#organization\",\"name\":\"Bodegas Infante\",\"url\":\"https:\/\/dinfante.com\/zh-hans\/\",\"logo\":{\"@type\":\"ImageObject\",\"inLanguage\":\"zh-Hans\",\"@id\":\"https:\/\/dinfante.com\/zh-hans\/#\/schema\/logo\/image\/\",\"url\":\"https:\/\/dinfante.com\/wp-content\/uploads\/2021\/04\/cabecera_tienda.jpg\",\"contentUrl\":\"https:\/\/dinfante.com\/wp-content\/uploads\/2021\/04\/cabecera_tienda.jpg\",\"width\":600,\"height\":151,\"caption\":\"Bodegas Infante\"},\"image\":{\"@id\":\"https:\/\/dinfante.com\/zh-hans\/#\/schema\/logo\/image\/\"}}]}<\/script>\n<!-- \/ Yoast SEO plugin. -->","yoast_head_json":{"title":"\u65b0\u95fb\u7b80\u62a5 \u00b7 \u671f\u5f85\u4e0e\u60a8\u518d\u6b21\u76f8\u89c1 - Bodegas Infante","robots":{"index":"index","follow":"follow","max-snippet":"max-snippet:-1","max-image-preview":"max-image-preview:large","max-video-preview":"max-video-preview:-1"},"canonical":"https:\/\/dinfante.com\/zh-hans\/%e6%96%b0%e9%97%bb%e7%ae%80%e6%8a%a5-%c2%b7-%e6%9c%9f%e5%be%85%e4%b8%8e%e6%82%a8%e5%86%8d%e6%ac%a1%e7%9b%b8%e8%a7%81\/","og_locale":"zh_CN","og_type":"article","og_title":"\u65b0\u95fb\u7b80\u62a5 \u00b7 \u671f\u5f85\u4e0e\u60a8\u518d\u6b21\u76f8\u89c1 - Bodegas Infante","og_description":"[vc_row][vc_column width=&#8221;1\/6&#8243;][\/vc_column] Read More","og_url":"https:\/\/dinfante.com\/zh-hans\/%e6%96%b0%e9%97%bb%e7%ae%80%e6%8a%a5-%c2%b7-%e6%9c%9f%e5%be%85%e4%b8%8e%e6%82%a8%e5%86%8d%e6%ac%a1%e7%9b%b8%e8%a7%81\/","og_site_name":"Bodegas Infante","article_modified_time":"2025-07-08T17:53:15+00:00","og_image":[{"width":1872,"height":1094,"url":"https:\/\/dinfante.com\/wp-content\/uploads\/2021\/01\/slider1_4.jpg","type":"image\/jpeg"}],"twitter_card":"summary_large_image","twitter_misc":{"\u9884\u8ba1\u9605\u8bfb\u65f6\u95f4":"1 \u5206"},"schema":{"@context":"https:\/\/schema.org","@graph":[{"@type":"WebPage","@id":"https:\/\/dinfante.com\/zh-hans\/%e6%96%b0%e9%97%bb%e7%ae%80%e6%8a%a5-%c2%b7-%e6%9c%9f%e5%be%85%e4%b8%8e%e6%82%a8%e5%86%8d%e6%ac%a1%e7%9b%b8%e8%a7%81\/","url":"https:\/\/dinfante.com\/zh-hans\/%e6%96%b0%e9%97%bb%e7%ae%80%e6%8a%a5-%c2%b7-%e6%9c%9f%e5%be%85%e4%b8%8e%e6%82%a8%e5%86%8d%e6%ac%a1%e7%9b%b8%e8%a7%81\/","name":"\u65b0\u95fb\u7b80\u62a5 \u00b7 \u671f\u5f85\u4e0e\u60a8\u518d\u6b21\u76f8\u89c1 - Bodegas Infante","isPartOf":{"@id":"https:\/\/dinfante.com\/zh-hans\/#website"},"primaryImageOfPage":{"@id":"https:\/\/dinfante.com\/zh-hans\/%e6%96%b0%e9%97%bb%e7%ae%80%e6%8a%a5-%c2%b7-%e6%9c%9f%e5%be%85%e4%b8%8e%e6%82%a8%e5%86%8d%e6%ac%a1%e7%9b%b8%e8%a7%81\/#primaryimage"},"image":{"@id":"https:\/\/dinfante.com\/zh-hans\/%e6%96%b0%e9%97%bb%e7%ae%80%e6%8a%a5-%c2%b7-%e6%9c%9f%e5%be%85%e4%b8%8e%e6%82%a8%e5%86%8d%e6%ac%a1%e7%9b%b8%e8%a7%81\/#primaryimage"},"thumbnailUrl":"https:\/\/dinfante.com\/wp-content\/uploads\/2021\/01\/slider1_4.jpg","datePublished":"2024-02-06T13:32:25+00:00","dateModified":"2025-07-08T17:53:15+00:00","breadcrumb":{"@id":"https:\/\/dinfante.com\/zh-hans\/%e6%96%b0%e9%97%bb%e7%ae%80%e6%8a%a5-%c2%b7-%e6%9c%9f%e5%be%85%e4%b8%8e%e6%82%a8%e5%86%8d%e6%ac%a1%e7%9b%b8%e8%a7%81\/#breadcrumb"},"inLanguage":"zh-Hans","potentialAction":[{"@type":"ReadAction","target":["https:\/\/dinfante.com\/zh-hans\/%e6%96%b0%e9%97%bb%e7%ae%80%e6%8a%a5-%c2%b7-%e6%9c%9f%e5%be%85%e4%b8%8e%e6%82%a8%e5%86%8d%e6%ac%a1%e7%9b%b8%e8%a7%81\/"]}]},{"@type":"ImageObject","inLanguage":"zh-Hans","@id":"https:\/\/dinfante.com\/zh-hans\/%e6%96%b0%e9%97%bb%e7%ae%80%e6%8a%a5-%c2%b7-%e6%9c%9f%e5%be%85%e4%b8%8e%e6%82%a8%e5%86%8d%e6%ac%a1%e7%9b%b8%e8%a7%81\/#primaryimage","url":"https:\/\/dinfante.com\/wp-content\/uploads\/2021\/01\/slider1_4.jpg","contentUrl":"https:\/\/dinfante.com\/wp-content\/uploads\/2021\/01\/slider1_4.jpg","width":1872,"height":1094},{"@type":"BreadcrumbList","@id":"https:\/\/dinfante.com\/zh-hans\/%e6%96%b0%e9%97%bb%e7%ae%80%e6%8a%a5-%c2%b7-%e6%9c%9f%e5%be%85%e4%b8%8e%e6%82%a8%e5%86%8d%e6%ac%a1%e7%9b%b8%e8%a7%81\/#breadcrumb","itemListElement":[{"@type":"ListItem","position":1,"name":"Portada","item":"https:\/\/dinfante.com\/zh-hans\/"},{"@type":"ListItem","position":2,"name":"\u65b0\u95fb\u7b80\u62a5 \u00b7 \u671f\u5f85\u4e0e\u60a8\u518d\u6b21\u76f8\u89c1"}]},{"@type":"WebSite","@id":"https:\/\/dinfante.com\/zh-hans\/#website","url":"https:\/\/dinfante.com\/zh-hans\/","name":"Bodegas Infante","description":"Artesanos del Brandy y vinos","publisher":{"@id":"https:\/\/dinfante.com\/zh-hans\/#organization"},"potentialAction":[{"@type":"SearchAction","target":{"@type":"EntryPoint","urlTemplate":"https:\/\/dinfante.com\/zh-hans\/?s={search_term_string}"},"query-input":{"@type":"PropertyValueSpecification","valueRequired":true,"valueName":"search_term_string"}}],"inLanguage":"zh-Hans"},{"@type":"Organization","@id":"https:\/\/dinfante.com\/zh-hans\/#organization","name":"Bodegas Infante","url":"https:\/\/dinfante.com\/zh-hans\/","logo":{"@type":"ImageObject","inLanguage":"zh-Hans","@id":"https:\/\/dinfante.com\/zh-hans\/#\/schema\/logo\/image\/","url":"https:\/\/dinfante.com\/wp-content\/uploads\/2021\/04\/cabecera_tienda.jpg","contentUrl":"https:\/\/dinfante.com\/wp-content\/uploads\/2021\/04\/cabecera_tienda.jpg","width":600,"height":151,"caption":"Bodegas Infante"},"image":{"@id":"https:\/\/dinfante.com\/zh-hans\/#\/schema\/logo\/image\/"}}]}},"_links":{"self":[{"href":"https:\/\/dinfante.com\/zh-hans\/wp-json\/wp\/v2\/pages\/3022","targetHints":{"allow":["GET"]}}],"collection":[{"href":"https:\/\/dinfante.com\/zh-hans\/wp-json\/wp\/v2\/pages"}],"about":[{"href":"https:\/\/dinfante.com\/zh-hans\/wp-json\/wp\/v2\/types\/page"}],"author":[{"embeddable":true,"href":"https:\/\/dinfante.com\/zh-hans\/wp-json\/wp\/v2\/users\/1"}],"replies":[{"embeddable":true,"href":"https:\/\/dinfante.com\/zh-hans\/wp-json\/wp\/v2\/comments?post=3022"}],"version-history":[{"count":1,"href":"https:\/\/dinfante.com\/zh-hans\/wp-json\/wp\/v2\/pages\/3022\/revisions"}],"predecessor-version":[{"id":3029,"href":"https:\/\/dinfante.com\/zh-hans\/wp-json\/wp\/v2\/pages\/3022\/revisions\/3029"}],"wp:featuredmedia":[{"embeddable":true,"href":"https:\/\/dinfante.com\/zh-hans\/wp-json\/wp\/v2\/media\/2830"}],"wp:attachment":[{"href":"https:\/\/dinfante.com\/zh-hans\/wp-json\/wp\/v2\/media?parent=3022"}],"curies":[{"name":"wp","href":"https:\/\/api.w.org\/{rel}","templated":true}]}}